{"id":2725,"date":"2026-03-13T13:08:20","date_gmt":"2026-03-13T12:08:20","guid":{"rendered":"https:\/\/biotechlerncenter.iph-multisite.berta-bewegt.ch\/?page_id=2725"},"modified":"2026-03-13T17:25:29","modified_gmt":"2026-03-13T16:25:29","slug":"liens","status":"publish","type":"page","link":"https:\/\/biotechlerncenter.interpharma.ch\/fr\/sujets\/genie-genetique\/liens\/","title":{"rendered":"Liens"},"content":{"rendered":"\n<p><a href=\"http:\/\/www.dnai.org\/\" target=\"_blank\" rel=\"noreferrer noopener\">DNA interactive<\/a>, pour enseignants et \u00e9l\u00e8ves (anglais)<br><a href=\"http:\/\/www.dnaftb.org\/\" target=\"_blank\" rel=\"noreferrer noopener\">DNA from the beginning<\/a>&nbsp;(anglais, fran\u00e7ais, italien, bient\u00f4t en allemand). Subdivisions : g\u00e9n\u00e9tique classique, biologie mol\u00e9culaire, organisation g\u00e9n\u00e9tique et contr\u00f4les<br><a href=\"https:\/\/www.simplyscience.ch\/geneabc-france.html\" target=\"_blank\" rel=\"noreferrer noopener\">G\u00e8ne-abc<\/a>&nbsp;(allemand, fran\u00e7ais, italien)<\/p>\n\n\n\n<p><a href=\"http:\/\/www.diezelle.ch\/fr\/index.php\" target=\"_blank\" rel=\"noreferrer noopener\" aria-label=\" (\u00f6ffnet in neuem Tab)\">La Cellule<\/a>, maquette d\u2019une cellule humaine agrandie 300 000 fois<\/p>\n\n\n\n<h2 class=\"wp-block-heading\"><strong>Informations relatives au g\u00e9nie g\u00e9n\u00e9tique et \u00e0 la politique (initiative&nbsp; pour la protection g\u00e9n\u00e9tique)<\/strong><\/h2>\n\n\n\n<p><a href=\"http:\/\/www.admin.ch\/ch\/f\/\/pore\/va\/19980607\/det440.html\" target=\"_blank\" rel=\"noreferrer noopener\">Votation relative \u00e0 l&rsquo;initiative pour la protection g\u00e9n\u00e9tique<\/a><br><a href=\"http:\/\/www.gfsbern.ch\/Portals\/0\/VOX-Analysen\/1998-06-07_VoxD.pdf\" target=\"_blank\" rel=\"noreferrer noopener\">Analyse VOX<\/a>&nbsp;de la votation au sujet de l&rsquo;initiative pour la protection g\u00e9n\u00e9tique (allemand)<\/p>\n\n\n\n<p>Les Suisses ont-ils clairement refus\u00e9 ou bien approuvent-ils enti\u00e8rement l&rsquo;apr\u00e8s rejet de l&rsquo;initiative de la \u00abprotection g\u00e9n\u00e9tique\u00bb? Sont-ils optimistes ou pessimistes en ce qui concerne l&rsquo;avenir de l&rsquo;application du g\u00e9nie g\u00e9n\u00e9tique ou bien ont-ils d&rsquo;autres crit\u00e8res de jugement? Toutes ces questions font partie d&rsquo;une enqu\u00eate englob\u00e9e dans le projet de recherche&nbsp;<a rel=\"noreferrer noopener\" href=\"http:\/\/www.gfsbern.ch\/Neuigkeiten\/tabid\/177\/itemid\/290\/amid\/1151\/klare-prferenzen-bei-der-anwendung.aspx\" target=\"_blank\">\u00abGentechnik-Monitor\u00bb<\/a>&nbsp;. <\/p>\n","protected":false},"excerpt":{"rendered":"<p>DNA interactive, pour enseignants et \u00e9l\u00e8ves (anglais)DNA from the beginning&nbsp;(anglais, fran\u00e7ais, italien, bient\u00f4t en allemand). Subdivisions : g\u00e9n\u00e9tique classique, biologie mol\u00e9culaire, organisation g\u00e9n\u00e9tique et contr\u00f4lesG\u00e8ne-abc&nbsp;(allemand, fran\u00e7ais, italien) La Cellule, maquette d\u2019une cellule humaine agrandie 300 000 fois Informations relatives au g\u00e9nie g\u00e9n\u00e9tique et \u00e0 la politique (initiative&nbsp; pour la protection g\u00e9n\u00e9tique) Votation relative \u00e0 l&rsquo;initiative [&hellip;]<\/p>\n","protected":false},"author":1,"featured_media":0,"parent":738,"menu_order":12,"comment_status":"closed","ping_status":"closed","template":"page-templates\/unterthema.php","meta":{"_acf_changed":false,"inline_featured_image":false,"footnotes":""},"class_list":["post-2725","page","type-page","status-publish","hentry"],"acf":[],"yoast_head":"<!-- This site is optimized with the Yoast SEO Premium plugin v27.2 (Yoast SEO v27.2) - https:\/\/yoast.com\/product\/yoast-seo-premium-wordpress\/ -->\n<title>Liens - biotechlerncenter<\/title>\n<meta name=\"robots\" content=\"index, follow, max-snippet:-1, max-image-preview:large, max-video-preview:-1\" \/>\n<link rel=\"canonical\" href=\"https:\/\/biotechlerncenter.interpharma.ch\/themen\/gentechnik\/links\/\" \/>\n<meta property=\"og:locale\" content=\"fr_FR\" \/>\n<meta property=\"og:type\" content=\"article\" \/>\n<meta property=\"og:title\" content=\"Liens\" \/>\n<meta property=\"og:description\" content=\"DNA interactive, pour enseignants et \u00e9l\u00e8ves (anglais)DNA from the beginning&nbsp;(anglais, fran\u00e7ais, italien, bient\u00f4t en allemand). Subdivisions : g\u00e9n\u00e9tique classique, biologie mol\u00e9culaire, organisation g\u00e9n\u00e9tique et contr\u00f4lesG\u00e8ne-abc&nbsp;(allemand, fran\u00e7ais, italien) La Cellule, maquette d\u2019une cellule humaine agrandie 300 000 fois Informations relatives au g\u00e9nie g\u00e9n\u00e9tique et \u00e0 la politique (initiative&nbsp; pour la protection g\u00e9n\u00e9tique) Votation relative \u00e0 l&rsquo;initiative [&hellip;]\" \/>\n<meta property=\"og:url\" content=\"https:\/\/biotechlerncenter.interpharma.ch\/themen\/gentechnik\/links\/\" \/>\n<meta property=\"og:site_name\" content=\"biotechlerncenter\" \/>\n<meta property=\"article:modified_time\" content=\"2026-03-13T16:25:29+00:00\" \/>\n<meta name=\"twitter:card\" content=\"summary_large_image\" \/>\n<meta name=\"twitter:label1\" content=\"Dur\u00e9e de lecture estim\u00e9e\" \/>\n\t<meta name=\"twitter:data1\" content=\"1 minute\" \/>\n<script type=\"application\/ld+json\" class=\"yoast-schema-graph\">{\"@context\":\"https:\/\/schema.org\",\"@graph\":[{\"@type\":\"WebPage\",\"@id\":\"https:\/\/biotechlerncenter.interpharma.ch\/themen\/gentechnik\/links\/\",\"url\":\"https:\/\/biotechlerncenter.interpharma.ch\/themen\/gentechnik\/links\/\",\"name\":\"Liens - biotechlerncenter\",\"isPartOf\":{\"@id\":\"https:\/\/biotechlerncenter.interpharma.ch\/#website\"},\"datePublished\":\"2026-03-13T12:08:20+00:00\",\"dateModified\":\"2026-03-13T16:25:29+00:00\",\"breadcrumb\":{\"@id\":\"https:\/\/biotechlerncenter.interpharma.ch\/themen\/gentechnik\/links\/#breadcrumb\"},\"inLanguage\":\"fr-FR\",\"potentialAction\":[{\"@type\":\"ReadAction\",\"target\":[\"https:\/\/biotechlerncenter.interpharma.ch\/themen\/gentechnik\/links\/\"]}]},{\"@type\":\"BreadcrumbList\",\"@id\":\"https:\/\/biotechlerncenter.interpharma.ch\/themen\/gentechnik\/links\/#breadcrumb\",\"itemListElement\":[{\"@type\":\"ListItem\",\"position\":1,\"name\":\"Start\",\"item\":\"https:\/\/biotechlerncenter.interpharma.ch\/fr\/\"},{\"@type\":\"ListItem\",\"position\":2,\"name\":\"Sujets\",\"item\":\"https:\/\/biotechlerncenter.interpharma.ch\/fr\/sujets\/\"},{\"@type\":\"ListItem\",\"position\":3,\"name\":\"G\u00e9nie g\u00e9n\u00e9tique\",\"item\":\"https:\/\/biotechlerncenter.interpharma.ch\/fr\/sujets\/genie-genetique\/\"},{\"@type\":\"ListItem\",\"position\":4,\"name\":\"Liens\"}]},{\"@type\":\"WebSite\",\"@id\":\"https:\/\/biotechlerncenter.interpharma.ch\/#website\",\"url\":\"https:\/\/biotechlerncenter.interpharma.ch\/\",\"name\":\"biotechlerncenter\",\"description\":\"\",\"potentialAction\":[{\"@type\":\"SearchAction\",\"target\":{\"@type\":\"EntryPoint\",\"urlTemplate\":\"https:\/\/biotechlerncenter.interpharma.ch\/?s={search_term_string}\"},\"query-input\":{\"@type\":\"PropertyValueSpecification\",\"valueRequired\":true,\"valueName\":\"search_term_string\"}}],\"inLanguage\":\"fr-FR\"}]}<\/script>\n<!-- \/ Yoast SEO Premium plugin. -->","yoast_head_json":{"title":"Liens - biotechlerncenter","robots":{"index":"index","follow":"follow","max-snippet":"max-snippet:-1","max-image-preview":"max-image-preview:large","max-video-preview":"max-video-preview:-1"},"canonical":"https:\/\/biotechlerncenter.interpharma.ch\/themen\/gentechnik\/links\/","og_locale":"fr_FR","og_type":"article","og_title":"Liens","og_description":"DNA interactive, pour enseignants et \u00e9l\u00e8ves (anglais)DNA from the beginning&nbsp;(anglais, fran\u00e7ais, italien, bient\u00f4t en allemand). Subdivisions : g\u00e9n\u00e9tique classique, biologie mol\u00e9culaire, organisation g\u00e9n\u00e9tique et contr\u00f4lesG\u00e8ne-abc&nbsp;(allemand, fran\u00e7ais, italien) La Cellule, maquette d\u2019une cellule humaine agrandie 300 000 fois Informations relatives au g\u00e9nie g\u00e9n\u00e9tique et \u00e0 la politique (initiative&nbsp; pour la protection g\u00e9n\u00e9tique) Votation relative \u00e0 l&rsquo;initiative [&hellip;]","og_url":"https:\/\/biotechlerncenter.interpharma.ch\/themen\/gentechnik\/links\/","og_site_name":"biotechlerncenter","article_modified_time":"2026-03-13T16:25:29+00:00","twitter_card":"summary_large_image","twitter_misc":{"Dur\u00e9e de lecture estim\u00e9e":"1 minute"},"schema":{"@context":"https:\/\/schema.org","@graph":[{"@type":"WebPage","@id":"https:\/\/biotechlerncenter.interpharma.ch\/themen\/gentechnik\/links\/","url":"https:\/\/biotechlerncenter.interpharma.ch\/themen\/gentechnik\/links\/","name":"Liens - biotechlerncenter","isPartOf":{"@id":"https:\/\/biotechlerncenter.interpharma.ch\/#website"},"datePublished":"2026-03-13T12:08:20+00:00","dateModified":"2026-03-13T16:25:29+00:00","breadcrumb":{"@id":"https:\/\/biotechlerncenter.interpharma.ch\/themen\/gentechnik\/links\/#breadcrumb"},"inLanguage":"fr-FR","potentialAction":[{"@type":"ReadAction","target":["https:\/\/biotechlerncenter.interpharma.ch\/themen\/gentechnik\/links\/"]}]},{"@type":"BreadcrumbList","@id":"https:\/\/biotechlerncenter.interpharma.ch\/themen\/gentechnik\/links\/#breadcrumb","itemListElement":[{"@type":"ListItem","position":1,"name":"Start","item":"https:\/\/biotechlerncenter.interpharma.ch\/fr\/"},{"@type":"ListItem","position":2,"name":"Sujets","item":"https:\/\/biotechlerncenter.interpharma.ch\/fr\/sujets\/"},{"@type":"ListItem","position":3,"name":"G\u00e9nie g\u00e9n\u00e9tique","item":"https:\/\/biotechlerncenter.interpharma.ch\/fr\/sujets\/genie-genetique\/"},{"@type":"ListItem","position":4,"name":"Liens"}]},{"@type":"WebSite","@id":"https:\/\/biotechlerncenter.interpharma.ch\/#website","url":"https:\/\/biotechlerncenter.interpharma.ch\/","name":"biotechlerncenter","description":"","potentialAction":[{"@type":"SearchAction","target":{"@type":"EntryPoint","urlTemplate":"https:\/\/biotechlerncenter.interpharma.ch\/?s={search_term_string}"},"query-input":{"@type":"PropertyValueSpecification","valueRequired":true,"valueName":"search_term_string"}}],"inLanguage":"fr-FR"}]}},"_links":{"self":[{"href":"https:\/\/biotechlerncenter.interpharma.ch\/fr\/wp-json\/wp\/v2\/pages\/2725","targetHints":{"allow":["GET"]}}],"collection":[{"href":"https:\/\/biotechlerncenter.interpharma.ch\/fr\/wp-json\/wp\/v2\/pages"}],"about":[{"href":"https:\/\/biotechlerncenter.interpharma.ch\/fr\/wp-json\/wp\/v2\/types\/page"}],"author":[{"embeddable":true,"href":"https:\/\/biotechlerncenter.interpharma.ch\/fr\/wp-json\/wp\/v2\/users\/1"}],"replies":[{"embeddable":true,"href":"https:\/\/biotechlerncenter.interpharma.ch\/fr\/wp-json\/wp\/v2\/comments?post=2725"}],"version-history":[{"count":2,"href":"https:\/\/biotechlerncenter.interpharma.ch\/fr\/wp-json\/wp\/v2\/pages\/2725\/revisions"}],"predecessor-version":[{"id":3130,"href":"https:\/\/biotechlerncenter.interpharma.ch\/fr\/wp-json\/wp\/v2\/pages\/2725\/revisions\/3130"}],"up":[{"embeddable":true,"href":"https:\/\/biotechlerncenter.interpharma.ch\/fr\/wp-json\/wp\/v2\/pages\/738"}],"wp:attachment":[{"href":"https:\/\/biotechlerncenter.interpharma.ch\/fr\/wp-json\/wp\/v2\/media?parent=2725"}],"curies":[{"name":"wp","href":"https:\/\/api.w.org\/{rel}","templated":true}]}}