{"id":2721,"date":"2026-03-13T13:07:31","date_gmt":"2026-03-13T12:07:31","guid":{"rendered":"https:\/\/biotechlerncenter.iph-multisite.berta-bewegt.ch\/?page_id=2721"},"modified":"2026-03-13T17:24:33","modified_gmt":"2026-03-13T16:24:33","slug":"documents","status":"publish","type":"page","link":"https:\/\/biotechlerncenter.interpharma.ch\/fr\/sujets\/genie-genetique\/documents\/","title":{"rendered":"Documents"},"content":{"rendered":"\n<h2 class=\"wp-block-heading\"><strong>Dates-cl\u00e9 et personnalit\u00e9s de la g\u00e9n\u00e9tique et du g\u00e9nie g\u00e9n\u00e9tique<\/strong><\/h2>\n\n\n\n<p><a href=\"https:\/\/biotechlerncenter.interpharma.ch\/wp-content\/uploads\/sites\/4\/2020\/02\/meilensteine_0.doc\" target=\"_blank\" rel=\"noreferrer noopener\">Meilensteile (Document Word, T\u00e9l\u00e9charger)<\/a><\/p>\n\n\n\n<h3 class=\"wp-block-heading\">Un coup gagnant une fois sur deux<\/h3>\n\n\n\n<p>Basler Zeitung du 29.12.2004<\/p>\n\n\n\n<p><a href=\"https:\/\/biotechlerncenter.interpharma.ch\/wp-content\/uploads\/sites\/4\/2020\/02\/dna_analysen_baer_baz_0.pdf\" target=\"_blank\" rel=\"noreferrer noopener\">DNA Analyse (Analyse ADN, Format PDF)<\/a><\/p>\n\n\n\n<h3 class=\"wp-block-heading\">Etre ou ne pas \u00eatre? Le test de paternit\u00e9 va le clarifier<\/h3>\n\n\n\n<p>Basler Zeitung du 11.03.2002<\/p>\n\n\n\n<p><a href=\"https:\/\/biotechlerncenter.interpharma.ch\/wp-content\/uploads\/sites\/4\/2020\/02\/vaterschaftstests.pdf\" target=\"_blank\" rel=\"noreferrer noopener\">Vaterschaftstest (teste de paternit\u00e9, Format PDF)<\/a><\/p>\n","protected":false},"excerpt":{"rendered":"<p>Dates-cl\u00e9 et personnalit\u00e9s de la g\u00e9n\u00e9tique et du g\u00e9nie g\u00e9n\u00e9tique Meilensteile (Document Word, T\u00e9l\u00e9charger) Un coup gagnant une fois sur deux Basler Zeitung du 29.12.2004 DNA Analyse (Analyse ADN, Format PDF) Etre ou ne pas \u00eatre? Le test de paternit\u00e9 va le clarifier Basler Zeitung du 11.03.2002 Vaterschaftstest (teste de paternit\u00e9, Format PDF)<\/p>\n","protected":false},"author":1,"featured_media":0,"parent":738,"menu_order":11,"comment_status":"closed","ping_status":"closed","template":"page-templates\/unterthema.php","meta":{"_acf_changed":false,"inline_featured_image":false,"footnotes":""},"class_list":["post-2721","page","type-page","status-publish","hentry"],"acf":[],"yoast_head":"<!-- This site is optimized with the Yoast SEO Premium plugin v27.2 (Yoast SEO v27.2) - https:\/\/yoast.com\/product\/yoast-seo-premium-wordpress\/ -->\n<title>Documents - biotechlerncenter<\/title>\n<meta name=\"robots\" content=\"index, follow, max-snippet:-1, max-image-preview:large, max-video-preview:-1\" \/>\n<link rel=\"canonical\" href=\"https:\/\/biotechlerncenter.interpharma.ch\/themen\/gentechnik\/dokumente\/\" \/>\n<meta property=\"og:locale\" content=\"fr_FR\" \/>\n<meta property=\"og:type\" content=\"article\" \/>\n<meta property=\"og:title\" content=\"Documents\" \/>\n<meta property=\"og:description\" content=\"Dates-cl\u00e9 et personnalit\u00e9s de la g\u00e9n\u00e9tique et du g\u00e9nie g\u00e9n\u00e9tique Meilensteile (Document Word, T\u00e9l\u00e9charger) Un coup gagnant une fois sur deux Basler Zeitung du 29.12.2004 DNA Analyse (Analyse ADN, Format PDF) Etre ou ne pas \u00eatre? Le test de paternit\u00e9 va le clarifier Basler Zeitung du 11.03.2002 Vaterschaftstest (teste de paternit\u00e9, Format PDF)\" \/>\n<meta property=\"og:url\" content=\"https:\/\/biotechlerncenter.interpharma.ch\/themen\/gentechnik\/dokumente\/\" \/>\n<meta property=\"og:site_name\" content=\"biotechlerncenter\" \/>\n<meta property=\"article:modified_time\" content=\"2026-03-13T16:24:33+00:00\" \/>\n<meta name=\"twitter:card\" content=\"summary_large_image\" \/>\n<meta name=\"twitter:label1\" content=\"Dur\u00e9e de lecture estim\u00e9e\" \/>\n\t<meta name=\"twitter:data1\" content=\"1 minute\" \/>\n<script type=\"application\/ld+json\" class=\"yoast-schema-graph\">{\"@context\":\"https:\/\/schema.org\",\"@graph\":[{\"@type\":\"WebPage\",\"@id\":\"https:\/\/biotechlerncenter.interpharma.ch\/themen\/gentechnik\/dokumente\/\",\"url\":\"https:\/\/biotechlerncenter.interpharma.ch\/themen\/gentechnik\/dokumente\/\",\"name\":\"Documents - biotechlerncenter\",\"isPartOf\":{\"@id\":\"https:\/\/biotechlerncenter.interpharma.ch\/#website\"},\"datePublished\":\"2026-03-13T12:07:31+00:00\",\"dateModified\":\"2026-03-13T16:24:33+00:00\",\"breadcrumb\":{\"@id\":\"https:\/\/biotechlerncenter.interpharma.ch\/themen\/gentechnik\/dokumente\/#breadcrumb\"},\"inLanguage\":\"fr-FR\",\"potentialAction\":[{\"@type\":\"ReadAction\",\"target\":[\"https:\/\/biotechlerncenter.interpharma.ch\/themen\/gentechnik\/dokumente\/\"]}]},{\"@type\":\"BreadcrumbList\",\"@id\":\"https:\/\/biotechlerncenter.interpharma.ch\/themen\/gentechnik\/dokumente\/#breadcrumb\",\"itemListElement\":[{\"@type\":\"ListItem\",\"position\":1,\"name\":\"Start\",\"item\":\"https:\/\/biotechlerncenter.interpharma.ch\/fr\/\"},{\"@type\":\"ListItem\",\"position\":2,\"name\":\"Sujets\",\"item\":\"https:\/\/biotechlerncenter.interpharma.ch\/fr\/sujets\/\"},{\"@type\":\"ListItem\",\"position\":3,\"name\":\"G\u00e9nie g\u00e9n\u00e9tique\",\"item\":\"https:\/\/biotechlerncenter.interpharma.ch\/fr\/sujets\/genie-genetique\/\"},{\"@type\":\"ListItem\",\"position\":4,\"name\":\"Documents\"}]},{\"@type\":\"WebSite\",\"@id\":\"https:\/\/biotechlerncenter.interpharma.ch\/#website\",\"url\":\"https:\/\/biotechlerncenter.interpharma.ch\/\",\"name\":\"biotechlerncenter\",\"description\":\"\",\"potentialAction\":[{\"@type\":\"SearchAction\",\"target\":{\"@type\":\"EntryPoint\",\"urlTemplate\":\"https:\/\/biotechlerncenter.interpharma.ch\/?s={search_term_string}\"},\"query-input\":{\"@type\":\"PropertyValueSpecification\",\"valueRequired\":true,\"valueName\":\"search_term_string\"}}],\"inLanguage\":\"fr-FR\"}]}<\/script>\n<!-- \/ Yoast SEO Premium plugin. -->","yoast_head_json":{"title":"Documents - biotechlerncenter","robots":{"index":"index","follow":"follow","max-snippet":"max-snippet:-1","max-image-preview":"max-image-preview:large","max-video-preview":"max-video-preview:-1"},"canonical":"https:\/\/biotechlerncenter.interpharma.ch\/themen\/gentechnik\/dokumente\/","og_locale":"fr_FR","og_type":"article","og_title":"Documents","og_description":"Dates-cl\u00e9 et personnalit\u00e9s de la g\u00e9n\u00e9tique et du g\u00e9nie g\u00e9n\u00e9tique Meilensteile (Document Word, T\u00e9l\u00e9charger) Un coup gagnant une fois sur deux Basler Zeitung du 29.12.2004 DNA Analyse (Analyse ADN, Format PDF) Etre ou ne pas \u00eatre? Le test de paternit\u00e9 va le clarifier Basler Zeitung du 11.03.2002 Vaterschaftstest (teste de paternit\u00e9, Format PDF)","og_url":"https:\/\/biotechlerncenter.interpharma.ch\/themen\/gentechnik\/dokumente\/","og_site_name":"biotechlerncenter","article_modified_time":"2026-03-13T16:24:33+00:00","twitter_card":"summary_large_image","twitter_misc":{"Dur\u00e9e de lecture estim\u00e9e":"1 minute"},"schema":{"@context":"https:\/\/schema.org","@graph":[{"@type":"WebPage","@id":"https:\/\/biotechlerncenter.interpharma.ch\/themen\/gentechnik\/dokumente\/","url":"https:\/\/biotechlerncenter.interpharma.ch\/themen\/gentechnik\/dokumente\/","name":"Documents - biotechlerncenter","isPartOf":{"@id":"https:\/\/biotechlerncenter.interpharma.ch\/#website"},"datePublished":"2026-03-13T12:07:31+00:00","dateModified":"2026-03-13T16:24:33+00:00","breadcrumb":{"@id":"https:\/\/biotechlerncenter.interpharma.ch\/themen\/gentechnik\/dokumente\/#breadcrumb"},"inLanguage":"fr-FR","potentialAction":[{"@type":"ReadAction","target":["https:\/\/biotechlerncenter.interpharma.ch\/themen\/gentechnik\/dokumente\/"]}]},{"@type":"BreadcrumbList","@id":"https:\/\/biotechlerncenter.interpharma.ch\/themen\/gentechnik\/dokumente\/#breadcrumb","itemListElement":[{"@type":"ListItem","position":1,"name":"Start","item":"https:\/\/biotechlerncenter.interpharma.ch\/fr\/"},{"@type":"ListItem","position":2,"name":"Sujets","item":"https:\/\/biotechlerncenter.interpharma.ch\/fr\/sujets\/"},{"@type":"ListItem","position":3,"name":"G\u00e9nie g\u00e9n\u00e9tique","item":"https:\/\/biotechlerncenter.interpharma.ch\/fr\/sujets\/genie-genetique\/"},{"@type":"ListItem","position":4,"name":"Documents"}]},{"@type":"WebSite","@id":"https:\/\/biotechlerncenter.interpharma.ch\/#website","url":"https:\/\/biotechlerncenter.interpharma.ch\/","name":"biotechlerncenter","description":"","potentialAction":[{"@type":"SearchAction","target":{"@type":"EntryPoint","urlTemplate":"https:\/\/biotechlerncenter.interpharma.ch\/?s={search_term_string}"},"query-input":{"@type":"PropertyValueSpecification","valueRequired":true,"valueName":"search_term_string"}}],"inLanguage":"fr-FR"}]}},"_links":{"self":[{"href":"https:\/\/biotechlerncenter.interpharma.ch\/fr\/wp-json\/wp\/v2\/pages\/2721","targetHints":{"allow":["GET"]}}],"collection":[{"href":"https:\/\/biotechlerncenter.interpharma.ch\/fr\/wp-json\/wp\/v2\/pages"}],"about":[{"href":"https:\/\/biotechlerncenter.interpharma.ch\/fr\/wp-json\/wp\/v2\/types\/page"}],"author":[{"embeddable":true,"href":"https:\/\/biotechlerncenter.interpharma.ch\/fr\/wp-json\/wp\/v2\/users\/1"}],"replies":[{"embeddable":true,"href":"https:\/\/biotechlerncenter.interpharma.ch\/fr\/wp-json\/wp\/v2\/comments?post=2721"}],"version-history":[{"count":2,"href":"https:\/\/biotechlerncenter.interpharma.ch\/fr\/wp-json\/wp\/v2\/pages\/2721\/revisions"}],"predecessor-version":[{"id":3129,"href":"https:\/\/biotechlerncenter.interpharma.ch\/fr\/wp-json\/wp\/v2\/pages\/2721\/revisions\/3129"}],"up":[{"embeddable":true,"href":"https:\/\/biotechlerncenter.interpharma.ch\/fr\/wp-json\/wp\/v2\/pages\/738"}],"wp:attachment":[{"href":"https:\/\/biotechlerncenter.interpharma.ch\/fr\/wp-json\/wp\/v2\/media?parent=2721"}],"curies":[{"name":"wp","href":"https:\/\/api.w.org\/{rel}","templated":true}]}}