{"id":1296,"date":"2026-03-12T17:27:03","date_gmt":"2026-03-12T16:27:03","guid":{"rendered":"https:\/\/biotechlerncenter.iph-multisite.berta-bewegt.ch\/?page_id=1296"},"modified":"2026-03-13T16:12:07","modified_gmt":"2026-03-13T15:12:07","slug":"1-introduction-2","status":"publish","type":"page","link":"https:\/\/biotechlerncenter.interpharma.ch\/fr\/sujets\/lintelligence-artificielle-en-medecine-et-pharmacie-utiliser-lia-pour-aboutir-a-de-nouveaux-medicaments\/1-introduction-2\/","title":{"rendered":"1. Introduction"},"content":{"rendered":"\n<p>Imaginons qu\u2019un nouveau coronavirus apparaisse subitement et qu\u2019\u00e9norm\u00e9ment de personnes arrivent \u00e0 nouveau aux urgences. L\u2019intelligence artificielle (IA) pourrait-elle alors nous venir en aide? En tout cas, les scientifiques essaieraient de l\u2019utiliser: elle pourrait par exemple aider \u00e0 d\u00e9terminer quelles mol\u00e9cules et quels m\u00e9canismes rendent le nouveau virus si dangereux. \u00c0 l\u2019aide de l\u2019IA, on pourrait rechercher des substances actives qui rendent le virus inoffensif et l\u2019IA pourrait contribuer \u00e0 produire rapidement et efficacement un nouveau vaccin.<\/p>\n\n\n\n<p>Lis l\u2019encadr\u00e9 ci-dessous pour savoir ce qu\u2019est l\u2019IA et comment elle fonctionne. Dans les paragraphes suivants, tu d\u00e9couvriras le potentiel que renferme l\u2019IA pour la m\u00e9decine et la pharmacie. \u00c0 la fin, tu pourras appliquer tes nouvelles connaissances dans des exercices pratiques.<\/p>\n\n\n\n<p class=\"has-medium-font-size\"><strong>Fonctionnement de l\u2019intelligence artificielle<\/strong><\/p>\n\n\n\n<p>Qu\u2019est-ce que l\u2019intelligence artificielle ou IA (en anglais \u00abAI\u00bb pour <em>artificial intelligence<\/em>)? L\u2019IA a pour but de faire agir des machines de mani\u00e8re intelligente, donc comme des \u00eatres humains. Il s\u2019agit que la machine soit capable de r\u00e9soudre de mani\u00e8re autonome des probl\u00e8mes qu\u2019elle n\u2019a jamais rencontr\u00e9s auparavant. Une machine intelligente apprend \u00e0 partir de ses exp\u00e9riences et s\u2019am\u00e9liore ainsi progressivement. Un logiciel qui travaille uniquement sur la base de r\u00e8gles pr\u00e9programm\u00e9es, toujours suivant le m\u00eame sch\u00e9ma, n\u2019est donc pas qualifi\u00e9 d\u2019intelligent.<\/p>\n\n\n\n<figure class=\"wp-block-image size-large\"><img decoding=\"async\" src=\"https:\/\/biotechlerncenter.interpharma.ch\/wp-content\/uploads\/sites\/4\/2024\/04\/Fr-KL-Figur1-Marz24-1024x614.jpeg\" alt=\"\" class=\"wp-image-7347\"\/><\/figure>\n\n\n\n<p>Il existe de nombreuses d\u00e9finitions de l\u2019IA. La premi\u00e8re est celle de Marvin Minsky, elle date de 1966 mais est toujours valable: \u00abscience qui consiste \u00e0 faire faire aux machines ce que l\u2019homme ferait moyennant une certaine intelligence.\u00bb<\/p>\n\n\n\n<p><strong>L\u2019apprentissage automatique<\/strong> (<em>machine learning<\/em>) est parfois confondu avec l\u2019IA, mais il n\u2019en est qu\u2019une partie. Cela veut dire qu\u2019une machine ou un syst\u00e8me artificiel apprend \u00e0 partir de ses exp\u00e9riences ou de ses donn\u00e9es. Le syst\u00e8me analyse des donn\u00e9es, p.&nbsp;ex. des \u00e9chantillons tissulaires, des images, des bribes de conversation, y reconna\u00eet des sch\u00e9mas et s\u2019am\u00e9liore ainsi continuellement de mani\u00e8re autonome. Des exemples typiques sont la reconnaissance vocale ou des processus de diagnostic qui permettent de reconna\u00eetre le cancer. L\u2019apprentissage automatique requiert d\u2019\u00e9normes quantit\u00e9s de donn\u00e9es.<\/p>\n\n\n\n<p><strong>L\u2019apprentissage profond <\/strong>(<em>deep learning<\/em>) est un sous-domaine de l\u2019apprentissage automatique dans lequel on emploie des r\u00e9seaux de neurones artificiels. Un tel r\u00e9seau est un syst\u00e8me d\u2019algorithmes. Il imite la mani\u00e8re dont le cerveau travaille et apprend \u00e0 l\u2019aide de nombreux synapses et connexions. L\u2019apprentissage profond signifie que la machine pond\u00e8re les connexions des synapses \u00e0 partir d\u2019exemples de donn\u00e9es et apprend ainsi, par exemple, \u00e0 reconna\u00eetre des visages sur des photos. Le probl\u00e8me est que l\u2019\u00eatre humain ne sait pas ce qui se passe dans les diff\u00e9rentes couches du r\u00e9seau neuronal (cf. probl\u00e9matique de la bo\u00eete noire au chapitre 4). <\/p>\n\n\n\n<p>On parle d\u2019<strong>IA g\u00e9n\u00e9rative<\/strong> ou d\u2019<strong>apprentissage profond g\u00e9n\u00e9ratif<\/strong> lorsqu\u2019un syst\u00e8me analyse non seulement des donn\u00e9es et \u00e9met des pr\u00e9visions, mais se sert aussi de son apprentissage pour d\u00e9velopper de nouvelles donn\u00e9es et de nouveaux contenus. ChatGPT est le plus c\u00e9l\u00e8bre exemple d\u2019IA g\u00e9n\u00e9rative. <\/p>\n\n\n\n<p>L\u2019<strong>intelligence artificielle g\u00e9n\u00e9rale<\/strong> (IAG) va encore plus loin: il s\u2019agit d\u2019une IA encore th\u00e9orique, disposant de toutes les capacit\u00e9s cognitives propres aux humains, par exemple la pens\u00e9e abstraite, la culture g\u00e9n\u00e9rale, le \u00abbon sens\u00bb, la compr\u00e9hension du lien de cause \u00e0 effet, et donc capable de comprendre diff\u00e9rentes situations, d\u2019en tirer des enseignements et d\u2019appliquer ces connaissances \u00e0 diff\u00e9rentes t\u00e2ches. Il existe diff\u00e9rentes d\u00e9finitions des capacit\u00e9s dont doit disposer une IAG.<\/p>\n","protected":false},"excerpt":{"rendered":"<p>Imaginons qu\u2019un nouveau coronavirus apparaisse subitement et qu\u2019\u00e9norm\u00e9ment de personnes arrivent \u00e0 nouveau aux urgences. L\u2019intelligence artificielle (IA) pourrait-elle alors nous venir en aide? En tout cas, les scientifiques essaieraient de l\u2019utiliser: elle pourrait par exemple aider \u00e0 d\u00e9terminer quelles mol\u00e9cules et quels m\u00e9canismes rendent le nouveau virus si dangereux. \u00c0 l\u2019aide de l\u2019IA, on [&hellip;]<\/p>\n","protected":false},"author":1,"featured_media":0,"parent":406,"menu_order":0,"comment_status":"closed","ping_status":"closed","template":"page-templates\/unterthema.php","meta":{"_acf_changed":false,"inline_featured_image":false,"footnotes":""},"class_list":["post-1296","page","type-page","status-publish","hentry"],"acf":[],"yoast_head":"<!-- This site is optimized with the Yoast SEO Premium plugin v27.2 (Yoast SEO v27.2) - https:\/\/yoast.com\/product\/yoast-seo-premium-wordpress\/ -->\n<title>1. Introduction - biotechlerncenter<\/title>\n<meta name=\"robots\" content=\"index, follow, max-snippet:-1, max-image-preview:large, max-video-preview:-1\" \/>\n<link rel=\"canonical\" href=\"https:\/\/biotechlerncenter.interpharma.ch\/fr\/sujets\/lintelligence-artificielle-en-medecine-et-pharmacie-utiliser-lia-pour-aboutir-a-de-nouveaux-medicaments\/1-introduction-2\/\" \/>\n<meta property=\"og:locale\" content=\"fr_FR\" \/>\n<meta property=\"og:type\" content=\"article\" \/>\n<meta property=\"og:title\" content=\"1. Introduction\" \/>\n<meta property=\"og:description\" content=\"Imaginons qu\u2019un nouveau coronavirus apparaisse subitement et qu\u2019\u00e9norm\u00e9ment de personnes arrivent \u00e0 nouveau aux urgences. L\u2019intelligence artificielle (IA) pourrait-elle alors nous venir en aide? En tout cas, les scientifiques essaieraient de l\u2019utiliser: elle pourrait par exemple aider \u00e0 d\u00e9terminer quelles mol\u00e9cules et quels m\u00e9canismes rendent le nouveau virus si dangereux. \u00c0 l\u2019aide de l\u2019IA, on [&hellip;]\" \/>\n<meta property=\"og:url\" content=\"https:\/\/biotechlerncenter.interpharma.ch\/fr\/sujets\/lintelligence-artificielle-en-medecine-et-pharmacie-utiliser-lia-pour-aboutir-a-de-nouveaux-medicaments\/1-introduction-2\/\" \/>\n<meta property=\"og:site_name\" content=\"biotechlerncenter\" \/>\n<meta property=\"article:modified_time\" content=\"2026-03-13T15:12:07+00:00\" \/>\n<meta property=\"og:image\" content=\"https:\/\/biotechlerncenter.interpharma.ch\/wp-content\/uploads\/sites\/4\/2024\/04\/Fr-KL-Figur1-Marz24-1024x614.jpeg\" \/>\n<meta name=\"twitter:card\" content=\"summary_large_image\" \/>\n<meta name=\"twitter:label1\" content=\"Dur\u00e9e de lecture estim\u00e9e\" \/>\n\t<meta name=\"twitter:data1\" content=\"4 minutes\" \/>\n<script type=\"application\/ld+json\" class=\"yoast-schema-graph\">{\"@context\":\"https:\/\/schema.org\",\"@graph\":[{\"@type\":\"WebPage\",\"@id\":\"https:\/\/biotechlerncenter.interpharma.ch\/fr\/sujets\/lintelligence-artificielle-en-medecine-et-pharmacie-utiliser-lia-pour-aboutir-a-de-nouveaux-medicaments\/1-introduction-2\/\",\"url\":\"https:\/\/biotechlerncenter.interpharma.ch\/fr\/sujets\/lintelligence-artificielle-en-medecine-et-pharmacie-utiliser-lia-pour-aboutir-a-de-nouveaux-medicaments\/1-introduction-2\/\",\"name\":\"1. Introduction - biotechlerncenter\",\"isPartOf\":{\"@id\":\"https:\/\/biotechlerncenter.interpharma.ch\/#website\"},\"primaryImageOfPage\":{\"@id\":\"https:\/\/biotechlerncenter.interpharma.ch\/fr\/sujets\/lintelligence-artificielle-en-medecine-et-pharmacie-utiliser-lia-pour-aboutir-a-de-nouveaux-medicaments\/1-introduction-2\/#primaryimage\"},\"image\":{\"@id\":\"https:\/\/biotechlerncenter.interpharma.ch\/fr\/sujets\/lintelligence-artificielle-en-medecine-et-pharmacie-utiliser-lia-pour-aboutir-a-de-nouveaux-medicaments\/1-introduction-2\/#primaryimage\"},\"thumbnailUrl\":\"https:\/\/biotechlerncenter.interpharma.ch\/wp-content\/uploads\/sites\/4\/2024\/04\/Fr-KL-Figur1-Marz24-1024x614.jpeg\",\"datePublished\":\"2026-03-12T16:27:03+00:00\",\"dateModified\":\"2026-03-13T15:12:07+00:00\",\"breadcrumb\":{\"@id\":\"https:\/\/biotechlerncenter.interpharma.ch\/fr\/sujets\/lintelligence-artificielle-en-medecine-et-pharmacie-utiliser-lia-pour-aboutir-a-de-nouveaux-medicaments\/1-introduction-2\/#breadcrumb\"},\"inLanguage\":\"fr-FR\",\"potentialAction\":[{\"@type\":\"ReadAction\",\"target\":[\"https:\/\/biotechlerncenter.interpharma.ch\/fr\/sujets\/lintelligence-artificielle-en-medecine-et-pharmacie-utiliser-lia-pour-aboutir-a-de-nouveaux-medicaments\/1-introduction-2\/\"]}]},{\"@type\":\"ImageObject\",\"inLanguage\":\"fr-FR\",\"@id\":\"https:\/\/biotechlerncenter.interpharma.ch\/fr\/sujets\/lintelligence-artificielle-en-medecine-et-pharmacie-utiliser-lia-pour-aboutir-a-de-nouveaux-medicaments\/1-introduction-2\/#primaryimage\",\"url\":\"https:\/\/biotechlerncenter.interpharma.ch\/wp-content\/uploads\/sites\/4\/2024\/04\/Fr-KL-Figur1-Marz24-1024x614.jpeg\",\"contentUrl\":\"https:\/\/biotechlerncenter.interpharma.ch\/wp-content\/uploads\/sites\/4\/2024\/04\/Fr-KL-Figur1-Marz24-1024x614.jpeg\"},{\"@type\":\"BreadcrumbList\",\"@id\":\"https:\/\/biotechlerncenter.interpharma.ch\/fr\/sujets\/lintelligence-artificielle-en-medecine-et-pharmacie-utiliser-lia-pour-aboutir-a-de-nouveaux-medicaments\/1-introduction-2\/#breadcrumb\",\"itemListElement\":[{\"@type\":\"ListItem\",\"position\":1,\"name\":\"Start\",\"item\":\"https:\/\/biotechlerncenter.interpharma.ch\/fr\/\"},{\"@type\":\"ListItem\",\"position\":2,\"name\":\"Sujets\",\"item\":\"https:\/\/biotechlerncenter.interpharma.ch\/fr\/sujets\/\"},{\"@type\":\"ListItem\",\"position\":3,\"name\":\"L\u2019intelligence artificielle en m\u00e9decine et pharmacie: utiliser l\u2019IA pour aboutir \u00e0 de nouveaux m\u00e9dicaments\",\"item\":\"https:\/\/biotechlerncenter.interpharma.ch\/fr\/sujets\/lintelligence-artificielle-en-medecine-et-pharmacie-utiliser-lia-pour-aboutir-a-de-nouveaux-medicaments\/\"},{\"@type\":\"ListItem\",\"position\":4,\"name\":\"1. Introduction\"}]},{\"@type\":\"WebSite\",\"@id\":\"https:\/\/biotechlerncenter.interpharma.ch\/#website\",\"url\":\"https:\/\/biotechlerncenter.interpharma.ch\/\",\"name\":\"biotechlerncenter\",\"description\":\"\",\"potentialAction\":[{\"@type\":\"SearchAction\",\"target\":{\"@type\":\"EntryPoint\",\"urlTemplate\":\"https:\/\/biotechlerncenter.interpharma.ch\/?s={search_term_string}\"},\"query-input\":{\"@type\":\"PropertyValueSpecification\",\"valueRequired\":true,\"valueName\":\"search_term_string\"}}],\"inLanguage\":\"fr-FR\"}]}<\/script>\n<!-- \/ Yoast SEO Premium plugin. -->","yoast_head_json":{"title":"1. Introduction - biotechlerncenter","robots":{"index":"index","follow":"follow","max-snippet":"max-snippet:-1","max-image-preview":"max-image-preview:large","max-video-preview":"max-video-preview:-1"},"canonical":"https:\/\/biotechlerncenter.interpharma.ch\/fr\/sujets\/lintelligence-artificielle-en-medecine-et-pharmacie-utiliser-lia-pour-aboutir-a-de-nouveaux-medicaments\/1-introduction-2\/","og_locale":"fr_FR","og_type":"article","og_title":"1. Introduction","og_description":"Imaginons qu\u2019un nouveau coronavirus apparaisse subitement et qu\u2019\u00e9norm\u00e9ment de personnes arrivent \u00e0 nouveau aux urgences. L\u2019intelligence artificielle (IA) pourrait-elle alors nous venir en aide? En tout cas, les scientifiques essaieraient de l\u2019utiliser: elle pourrait par exemple aider \u00e0 d\u00e9terminer quelles mol\u00e9cules et quels m\u00e9canismes rendent le nouveau virus si dangereux. \u00c0 l\u2019aide de l\u2019IA, on [&hellip;]","og_url":"https:\/\/biotechlerncenter.interpharma.ch\/fr\/sujets\/lintelligence-artificielle-en-medecine-et-pharmacie-utiliser-lia-pour-aboutir-a-de-nouveaux-medicaments\/1-introduction-2\/","og_site_name":"biotechlerncenter","article_modified_time":"2026-03-13T15:12:07+00:00","og_image":[{"url":"https:\/\/biotechlerncenter.interpharma.ch\/wp-content\/uploads\/sites\/4\/2024\/04\/Fr-KL-Figur1-Marz24-1024x614.jpeg","type":"","width":"","height":""}],"twitter_card":"summary_large_image","twitter_misc":{"Dur\u00e9e de lecture estim\u00e9e":"4 minutes"},"schema":{"@context":"https:\/\/schema.org","@graph":[{"@type":"WebPage","@id":"https:\/\/biotechlerncenter.interpharma.ch\/fr\/sujets\/lintelligence-artificielle-en-medecine-et-pharmacie-utiliser-lia-pour-aboutir-a-de-nouveaux-medicaments\/1-introduction-2\/","url":"https:\/\/biotechlerncenter.interpharma.ch\/fr\/sujets\/lintelligence-artificielle-en-medecine-et-pharmacie-utiliser-lia-pour-aboutir-a-de-nouveaux-medicaments\/1-introduction-2\/","name":"1. Introduction - biotechlerncenter","isPartOf":{"@id":"https:\/\/biotechlerncenter.interpharma.ch\/#website"},"primaryImageOfPage":{"@id":"https:\/\/biotechlerncenter.interpharma.ch\/fr\/sujets\/lintelligence-artificielle-en-medecine-et-pharmacie-utiliser-lia-pour-aboutir-a-de-nouveaux-medicaments\/1-introduction-2\/#primaryimage"},"image":{"@id":"https:\/\/biotechlerncenter.interpharma.ch\/fr\/sujets\/lintelligence-artificielle-en-medecine-et-pharmacie-utiliser-lia-pour-aboutir-a-de-nouveaux-medicaments\/1-introduction-2\/#primaryimage"},"thumbnailUrl":"https:\/\/biotechlerncenter.interpharma.ch\/wp-content\/uploads\/sites\/4\/2024\/04\/Fr-KL-Figur1-Marz24-1024x614.jpeg","datePublished":"2026-03-12T16:27:03+00:00","dateModified":"2026-03-13T15:12:07+00:00","breadcrumb":{"@id":"https:\/\/biotechlerncenter.interpharma.ch\/fr\/sujets\/lintelligence-artificielle-en-medecine-et-pharmacie-utiliser-lia-pour-aboutir-a-de-nouveaux-medicaments\/1-introduction-2\/#breadcrumb"},"inLanguage":"fr-FR","potentialAction":[{"@type":"ReadAction","target":["https:\/\/biotechlerncenter.interpharma.ch\/fr\/sujets\/lintelligence-artificielle-en-medecine-et-pharmacie-utiliser-lia-pour-aboutir-a-de-nouveaux-medicaments\/1-introduction-2\/"]}]},{"@type":"ImageObject","inLanguage":"fr-FR","@id":"https:\/\/biotechlerncenter.interpharma.ch\/fr\/sujets\/lintelligence-artificielle-en-medecine-et-pharmacie-utiliser-lia-pour-aboutir-a-de-nouveaux-medicaments\/1-introduction-2\/#primaryimage","url":"https:\/\/biotechlerncenter.interpharma.ch\/wp-content\/uploads\/sites\/4\/2024\/04\/Fr-KL-Figur1-Marz24-1024x614.jpeg","contentUrl":"https:\/\/biotechlerncenter.interpharma.ch\/wp-content\/uploads\/sites\/4\/2024\/04\/Fr-KL-Figur1-Marz24-1024x614.jpeg"},{"@type":"BreadcrumbList","@id":"https:\/\/biotechlerncenter.interpharma.ch\/fr\/sujets\/lintelligence-artificielle-en-medecine-et-pharmacie-utiliser-lia-pour-aboutir-a-de-nouveaux-medicaments\/1-introduction-2\/#breadcrumb","itemListElement":[{"@type":"ListItem","position":1,"name":"Start","item":"https:\/\/biotechlerncenter.interpharma.ch\/fr\/"},{"@type":"ListItem","position":2,"name":"Sujets","item":"https:\/\/biotechlerncenter.interpharma.ch\/fr\/sujets\/"},{"@type":"ListItem","position":3,"name":"L\u2019intelligence artificielle en m\u00e9decine et pharmacie: utiliser l\u2019IA pour aboutir \u00e0 de nouveaux m\u00e9dicaments","item":"https:\/\/biotechlerncenter.interpharma.ch\/fr\/sujets\/lintelligence-artificielle-en-medecine-et-pharmacie-utiliser-lia-pour-aboutir-a-de-nouveaux-medicaments\/"},{"@type":"ListItem","position":4,"name":"1. Introduction"}]},{"@type":"WebSite","@id":"https:\/\/biotechlerncenter.interpharma.ch\/#website","url":"https:\/\/biotechlerncenter.interpharma.ch\/","name":"biotechlerncenter","description":"","potentialAction":[{"@type":"SearchAction","target":{"@type":"EntryPoint","urlTemplate":"https:\/\/biotechlerncenter.interpharma.ch\/?s={search_term_string}"},"query-input":{"@type":"PropertyValueSpecification","valueRequired":true,"valueName":"search_term_string"}}],"inLanguage":"fr-FR"}]}},"_links":{"self":[{"href":"https:\/\/biotechlerncenter.interpharma.ch\/fr\/wp-json\/wp\/v2\/pages\/1296","targetHints":{"allow":["GET"]}}],"collection":[{"href":"https:\/\/biotechlerncenter.interpharma.ch\/fr\/wp-json\/wp\/v2\/pages"}],"about":[{"href":"https:\/\/biotechlerncenter.interpharma.ch\/fr\/wp-json\/wp\/v2\/types\/page"}],"author":[{"embeddable":true,"href":"https:\/\/biotechlerncenter.interpharma.ch\/fr\/wp-json\/wp\/v2\/users\/1"}],"replies":[{"embeddable":true,"href":"https:\/\/biotechlerncenter.interpharma.ch\/fr\/wp-json\/wp\/v2\/comments?post=1296"}],"version-history":[{"count":2,"href":"https:\/\/biotechlerncenter.interpharma.ch\/fr\/wp-json\/wp\/v2\/pages\/1296\/revisions"}],"predecessor-version":[{"id":3015,"href":"https:\/\/biotechlerncenter.interpharma.ch\/fr\/wp-json\/wp\/v2\/pages\/1296\/revisions\/3015"}],"up":[{"embeddable":true,"href":"https:\/\/biotechlerncenter.interpharma.ch\/fr\/wp-json\/wp\/v2\/pages\/406"}],"wp:attachment":[{"href":"https:\/\/biotechlerncenter.interpharma.ch\/fr\/wp-json\/wp\/v2\/media?parent=1296"}],"curies":[{"name":"wp","href":"https:\/\/api.w.org\/{rel}","templated":true}]}}