{"id":1288,"date":"2026-03-12T17:27:02","date_gmt":"2026-03-12T16:27:02","guid":{"rendered":"https:\/\/biotechlerncenter.iph-multisite.berta-bewegt.ch\/?page_id=1288"},"modified":"2026-03-13T16:15:41","modified_gmt":"2026-03-13T15:15:41","slug":"4-pas-de-revolution-sans-obstacles","status":"publish","type":"page","link":"https:\/\/biotechlerncenter.interpharma.ch\/fr\/sujets\/lintelligence-artificielle-en-medecine-et-pharmacie-utiliser-lia-pour-aboutir-a-de-nouveaux-medicaments\/4-pas-de-revolution-sans-obstacles\/","title":{"rendered":"4. Pas de r\u00e9volution sans obstacles"},"content":{"rendered":"\n<p>Aussi grand le potentiel de l\u2019IA en m\u00e9decine soit-il, les d\u00e9fis ne sont pas moindres. Pour pouvoir entra\u00eener un outil d\u2019IA et obtenir de \u00abbons\u00bb r\u00e9sultats, il faut avoir \u00e9norm\u00e9ment de donn\u00e9es de haute qualit\u00e9. Or, il n\u2019est pas toujours facile de les obtenir, par exemple:<\/p>\n\n\n\n<ul class=\"wp-block-list\">\n<li>parce que les donn\u00e9es des patient-e-s sont, \u00e0 juste titre, prot\u00e9g\u00e9es;<\/li>\n\n\n\n<li>parce qu\u2019il n\u2019y a pas beaucoup de donn\u00e9es sur certaines questions (maladies rares);<\/li>\n\n\n\n<li>parce que les donn\u00e9es ne sont ni saisies de mani\u00e8re standardis\u00e9e, ni sauvegard\u00e9es en un lieu centralis\u00e9.<\/li>\n<\/ul>\n\n\n\n<p class=\"has-my-white-background-color has-background\">Comme des donn\u00e9es fiables ne sont pas disponibles partout, on emploie aussi parfois des donn\u00e9es synth\u00e9tiques. Cela veut dire qu\u2019une IA produit des donn\u00e9es pour une autre IA. <\/p>\n\n\n\n<div class=\"wp-block-group has-my-white-color has-my-grey-background-color has-text-color has-background has-medium-font-size\"><div class=\"wp-block-group__inner-container is-layout-flow wp-block-group-is-layout-flow\">\n<p>\u00abM\u00eame un syst\u00e8me apprenant comme l\u2019intelligence artificielle doit disposer de bonnes donn\u00e9es pour fournir de bons r\u00e9sultats. Or, ces donn\u00e9es n\u2019existent justement pas encore comme nous le souhaitons en tant que scientifiques. Il n\u2019est donc pas possible d\u2019exploiter enti\u00e8rement le potentiel de cette technologie.\u00bb<\/p>\n\n\n\n<p><strong>Sylvia Thun<\/strong>, m\u00e9decin et ing\u00e9nieure en g\u00e9nie biom\u00e9dical,<br>Universit\u00e9 de Basse-Rh\u00e9nanie et Institut berlinois de recherche sur la sant\u00e9 (BIH)<br><br><\/p>\n<\/div><\/div>\n\n\n\n<p><strong>\u00c9valuation des r\u00e9sultats de l\u2019IA et validation des mod\u00e8les<\/strong><\/p>\n\n\n\n<p>Les outils d\u2019IA comme ChatGPT fournissent des r\u00e9sultats rapidement, mais c\u2019est toujours l\u2019\u00eatre humain qui doit \u00e9valuer la qualit\u00e9 de ces r\u00e9sultats et leur utilisation \u00e9ventuelle. Donc m\u00eame avec l\u2019IA, les chercheuses et chercheurs ne vont certainement pas manquer de travail. Un point d\u00e9licat est le fait que nous ne pouvons pratiquement pas comprendre comment une IA aboutit \u00e0 son r\u00e9sultat. Ce qui se passe dans un mod\u00e8le est une bo\u00eete noire. Mais pourquoi est-il probl\u00e9matique que nous ne puissions pas comprendre comment un outil d\u2019IA aboutit \u00e0 son r\u00e9sultat?<\/p>\n\n\n\n<p>1. Si nous ne pouvons pas suivre le processus de \u00abr\u00e9flexion\u00bb de l\u2019IA, nous ne pouvons pas bien \u00abr\u00e9parer\u00bb le syst\u00e8me s\u2019il fournit des r\u00e9sultats erron\u00e9s, car nous ne savons pas o\u00f9 le syst\u00e8me a pris la mauvaise piste.<\/p>\n\n\n\n<p>2. La bo\u00eete noire signifie aussi que nous ne savons pas dans quelle mesure notre IA est robuste: est-elle capable de g\u00e9rer toute situation possible et imaginable?<\/p>\n\n\n\n<p>3. Si nous ne savons pas exactement ce que fait l\u2019IA, nous avons aussi du mal \u00e0 voir si son optique est biais\u00e9e (cf. paragraphe suivant). La bo\u00eete noire cr\u00e9e donc aussi une probl\u00e9matique \u00e9thique. Nous ne pouvons jamais savoir si elle travaille de mani\u00e8re vraiment \u00ab\u00e9quitable\u00bb.<\/p>\n\n\n\n<p><strong>Le biais des syst\u00e8mes d\u2019IA<\/strong><\/p>\n\n\n\n<p>Ce probl\u00e8me na\u00eet de la combinaison entre le ph\u00e9nom\u00e8ne de bo\u00eete noire et le manque de bonnes donn\u00e9es: un biais, c\u2019est-\u00e0-dire une distorsion des r\u00e9sultats, est en fait toujours pr\u00e9sent, dit Sylvia Thun, experte en interop\u00e9rabilit\u00e9 et standardisation des TI. L\u2019important est de reconna\u00eetre ce biais et d\u2019ajuster le r\u00e9sultat en cons\u00e9quence. Ce qui pose probl\u00e8me, c\u2019est que les syst\u00e8mes auto-apprenants ne peuvent pas reconna\u00eetre de telles distorsions.<\/p>\n\n\n\n<p>Par exemple, si les donn\u00e9es d\u2019un essai clinique proviennent en majeure partie de participants hommes, l\u2019IA d\u00e9duit des r\u00e9sultats qui seront valables uniquement pour les hommes, mais pas pour les femmes. Au pire, du fait de diff\u00e9rences biologiques entre hommes et femmes, les r\u00e9sultats de l\u2019IA pourraient m\u00eame \u00eatre dangereux pour les femmes (cf. chapitre <a href=\"https:\/\/biotechlerncenter.interpharma.ch\/fr\/sujets\/medecine-et-genre-de-limportance-de-la-question-du-sexe\/\" target=\"_blank\" rel=\"noreferrer noopener\">\u00abM\u00e9decine et genre\u00bb<\/a>).<\/p>\n\n\n\n<p><strong>Ressources n\u00e9cessaires<\/strong><\/p>\n\n\n\n<p>Nous ne pouvons actuellement pas chiffrer les besoins en \u00e9nergie de l\u2019IA, mais nous savons que ces syst\u00e8mes en consomment beaucoup et de plus en plus. L\u2019entreprise de conseil Gartner estime que d\u2019ici la fin de cette d\u00e9cennie, les syst\u00e8mes d\u2019IA consommeront 3,5% de l\u2019\u00e9lectricit\u00e9 du monde entier.<\/p>\n\n\n\n<p><strong>Protection des donn\u00e9es<\/strong><\/p>\n\n\n\n<p>O\u00f9 l\u2019IA puise-t-elle ses donn\u00e9es, o\u00f9 sont-elles rassembl\u00e9es, sauvegard\u00e9es et analys\u00e9es? Autant de questions importantes et souvent sans r\u00e9ponse d\u00e9finitive. Il faut r\u00e8glementer qui a le droit de collecter quelles donn\u00e9es pour en faire quoi et comment.<\/p>\n","protected":false},"excerpt":{"rendered":"<p>Aussi grand le potentiel de l\u2019IA en m\u00e9decine soit-il, les d\u00e9fis ne sont pas moindres. Pour pouvoir entra\u00eener un outil d\u2019IA et obtenir de \u00abbons\u00bb r\u00e9sultats, il faut avoir \u00e9norm\u00e9ment de donn\u00e9es de haute qualit\u00e9. Or, il n\u2019est pas toujours facile de les obtenir, par exemple: Comme des donn\u00e9es fiables ne sont pas disponibles partout, [&hellip;]<\/p>\n","protected":false},"author":1,"featured_media":0,"parent":406,"menu_order":3,"comment_status":"closed","ping_status":"closed","template":"page-templates\/unterthema.php","meta":{"_acf_changed":false,"inline_featured_image":false,"footnotes":""},"class_list":["post-1288","page","type-page","status-publish","hentry"],"acf":[],"yoast_head":"<!-- This site is optimized with the Yoast SEO Premium plugin v27.2 (Yoast SEO v27.2) - https:\/\/yoast.com\/product\/yoast-seo-premium-wordpress\/ -->\n<title>4. Pas de r\u00e9volution sans obstacles - biotechlerncenter<\/title>\n<meta name=\"robots\" content=\"index, follow, max-snippet:-1, max-image-preview:large, max-video-preview:-1\" \/>\n<link rel=\"canonical\" href=\"https:\/\/biotechlerncenter.interpharma.ch\/themen\/kunstliche-intelligenz-in-medizin-und-pharmazie\/4-keine-revolution-ohne-huerden\/\" \/>\n<meta property=\"og:locale\" content=\"fr_FR\" \/>\n<meta property=\"og:type\" content=\"article\" \/>\n<meta property=\"og:title\" content=\"4. Pas de r\u00e9volution sans obstacles\" \/>\n<meta property=\"og:description\" content=\"Aussi grand le potentiel de l\u2019IA en m\u00e9decine soit-il, les d\u00e9fis ne sont pas moindres. Pour pouvoir entra\u00eener un outil d\u2019IA et obtenir de \u00abbons\u00bb r\u00e9sultats, il faut avoir \u00e9norm\u00e9ment de donn\u00e9es de haute qualit\u00e9. Or, il n\u2019est pas toujours facile de les obtenir, par exemple: Comme des donn\u00e9es fiables ne sont pas disponibles partout, [&hellip;]\" \/>\n<meta property=\"og:url\" content=\"https:\/\/biotechlerncenter.interpharma.ch\/themen\/kunstliche-intelligenz-in-medizin-und-pharmazie\/4-keine-revolution-ohne-huerden\/\" \/>\n<meta property=\"og:site_name\" content=\"biotechlerncenter\" \/>\n<meta property=\"article:modified_time\" content=\"2026-03-13T15:15:41+00:00\" \/>\n<meta name=\"twitter:card\" content=\"summary_large_image\" \/>\n<meta name=\"twitter:label1\" content=\"Dur\u00e9e de lecture estim\u00e9e\" \/>\n\t<meta name=\"twitter:data1\" content=\"4 minutes\" \/>\n<script type=\"application\/ld+json\" class=\"yoast-schema-graph\">{\"@context\":\"https:\/\/schema.org\",\"@graph\":[{\"@type\":\"WebPage\",\"@id\":\"https:\/\/biotechlerncenter.interpharma.ch\/themen\/kunstliche-intelligenz-in-medizin-und-pharmazie\/4-keine-revolution-ohne-huerden\/\",\"url\":\"https:\/\/biotechlerncenter.interpharma.ch\/themen\/kunstliche-intelligenz-in-medizin-und-pharmazie\/4-keine-revolution-ohne-huerden\/\",\"name\":\"4. Pas de r\u00e9volution sans obstacles - biotechlerncenter\",\"isPartOf\":{\"@id\":\"https:\/\/biotechlerncenter.interpharma.ch\/#website\"},\"datePublished\":\"2026-03-12T16:27:02+00:00\",\"dateModified\":\"2026-03-13T15:15:41+00:00\",\"breadcrumb\":{\"@id\":\"https:\/\/biotechlerncenter.interpharma.ch\/themen\/kunstliche-intelligenz-in-medizin-und-pharmazie\/4-keine-revolution-ohne-huerden\/#breadcrumb\"},\"inLanguage\":\"fr-FR\",\"potentialAction\":[{\"@type\":\"ReadAction\",\"target\":[\"https:\/\/biotechlerncenter.interpharma.ch\/themen\/kunstliche-intelligenz-in-medizin-und-pharmazie\/4-keine-revolution-ohne-huerden\/\"]}]},{\"@type\":\"BreadcrumbList\",\"@id\":\"https:\/\/biotechlerncenter.interpharma.ch\/themen\/kunstliche-intelligenz-in-medizin-und-pharmazie\/4-keine-revolution-ohne-huerden\/#breadcrumb\",\"itemListElement\":[{\"@type\":\"ListItem\",\"position\":1,\"name\":\"Start\",\"item\":\"https:\/\/biotechlerncenter.interpharma.ch\/fr\/\"},{\"@type\":\"ListItem\",\"position\":2,\"name\":\"Sujets\",\"item\":\"https:\/\/biotechlerncenter.interpharma.ch\/fr\/sujets\/\"},{\"@type\":\"ListItem\",\"position\":3,\"name\":\"L\u2019intelligence artificielle en m\u00e9decine et pharmacie: utiliser l\u2019IA pour aboutir \u00e0 de nouveaux m\u00e9dicaments\",\"item\":\"https:\/\/biotechlerncenter.interpharma.ch\/fr\/sujets\/lintelligence-artificielle-en-medecine-et-pharmacie-utiliser-lia-pour-aboutir-a-de-nouveaux-medicaments\/\"},{\"@type\":\"ListItem\",\"position\":4,\"name\":\"4. Pas de r\u00e9volution sans obstacles\"}]},{\"@type\":\"WebSite\",\"@id\":\"https:\/\/biotechlerncenter.interpharma.ch\/#website\",\"url\":\"https:\/\/biotechlerncenter.interpharma.ch\/\",\"name\":\"biotechlerncenter\",\"description\":\"\",\"potentialAction\":[{\"@type\":\"SearchAction\",\"target\":{\"@type\":\"EntryPoint\",\"urlTemplate\":\"https:\/\/biotechlerncenter.interpharma.ch\/?s={search_term_string}\"},\"query-input\":{\"@type\":\"PropertyValueSpecification\",\"valueRequired\":true,\"valueName\":\"search_term_string\"}}],\"inLanguage\":\"fr-FR\"}]}<\/script>\n<!-- \/ Yoast SEO Premium plugin. -->","yoast_head_json":{"title":"4. Pas de r\u00e9volution sans obstacles - biotechlerncenter","robots":{"index":"index","follow":"follow","max-snippet":"max-snippet:-1","max-image-preview":"max-image-preview:large","max-video-preview":"max-video-preview:-1"},"canonical":"https:\/\/biotechlerncenter.interpharma.ch\/themen\/kunstliche-intelligenz-in-medizin-und-pharmazie\/4-keine-revolution-ohne-huerden\/","og_locale":"fr_FR","og_type":"article","og_title":"4. Pas de r\u00e9volution sans obstacles","og_description":"Aussi grand le potentiel de l\u2019IA en m\u00e9decine soit-il, les d\u00e9fis ne sont pas moindres. Pour pouvoir entra\u00eener un outil d\u2019IA et obtenir de \u00abbons\u00bb r\u00e9sultats, il faut avoir \u00e9norm\u00e9ment de donn\u00e9es de haute qualit\u00e9. Or, il n\u2019est pas toujours facile de les obtenir, par exemple: Comme des donn\u00e9es fiables ne sont pas disponibles partout, [&hellip;]","og_url":"https:\/\/biotechlerncenter.interpharma.ch\/themen\/kunstliche-intelligenz-in-medizin-und-pharmazie\/4-keine-revolution-ohne-huerden\/","og_site_name":"biotechlerncenter","article_modified_time":"2026-03-13T15:15:41+00:00","twitter_card":"summary_large_image","twitter_misc":{"Dur\u00e9e de lecture estim\u00e9e":"4 minutes"},"schema":{"@context":"https:\/\/schema.org","@graph":[{"@type":"WebPage","@id":"https:\/\/biotechlerncenter.interpharma.ch\/themen\/kunstliche-intelligenz-in-medizin-und-pharmazie\/4-keine-revolution-ohne-huerden\/","url":"https:\/\/biotechlerncenter.interpharma.ch\/themen\/kunstliche-intelligenz-in-medizin-und-pharmazie\/4-keine-revolution-ohne-huerden\/","name":"4. Pas de r\u00e9volution sans obstacles - biotechlerncenter","isPartOf":{"@id":"https:\/\/biotechlerncenter.interpharma.ch\/#website"},"datePublished":"2026-03-12T16:27:02+00:00","dateModified":"2026-03-13T15:15:41+00:00","breadcrumb":{"@id":"https:\/\/biotechlerncenter.interpharma.ch\/themen\/kunstliche-intelligenz-in-medizin-und-pharmazie\/4-keine-revolution-ohne-huerden\/#breadcrumb"},"inLanguage":"fr-FR","potentialAction":[{"@type":"ReadAction","target":["https:\/\/biotechlerncenter.interpharma.ch\/themen\/kunstliche-intelligenz-in-medizin-und-pharmazie\/4-keine-revolution-ohne-huerden\/"]}]},{"@type":"BreadcrumbList","@id":"https:\/\/biotechlerncenter.interpharma.ch\/themen\/kunstliche-intelligenz-in-medizin-und-pharmazie\/4-keine-revolution-ohne-huerden\/#breadcrumb","itemListElement":[{"@type":"ListItem","position":1,"name":"Start","item":"https:\/\/biotechlerncenter.interpharma.ch\/fr\/"},{"@type":"ListItem","position":2,"name":"Sujets","item":"https:\/\/biotechlerncenter.interpharma.ch\/fr\/sujets\/"},{"@type":"ListItem","position":3,"name":"L\u2019intelligence artificielle en m\u00e9decine et pharmacie: utiliser l\u2019IA pour aboutir \u00e0 de nouveaux m\u00e9dicaments","item":"https:\/\/biotechlerncenter.interpharma.ch\/fr\/sujets\/lintelligence-artificielle-en-medecine-et-pharmacie-utiliser-lia-pour-aboutir-a-de-nouveaux-medicaments\/"},{"@type":"ListItem","position":4,"name":"4. Pas de r\u00e9volution sans obstacles"}]},{"@type":"WebSite","@id":"https:\/\/biotechlerncenter.interpharma.ch\/#website","url":"https:\/\/biotechlerncenter.interpharma.ch\/","name":"biotechlerncenter","description":"","potentialAction":[{"@type":"SearchAction","target":{"@type":"EntryPoint","urlTemplate":"https:\/\/biotechlerncenter.interpharma.ch\/?s={search_term_string}"},"query-input":{"@type":"PropertyValueSpecification","valueRequired":true,"valueName":"search_term_string"}}],"inLanguage":"fr-FR"}]}},"_links":{"self":[{"href":"https:\/\/biotechlerncenter.interpharma.ch\/fr\/wp-json\/wp\/v2\/pages\/1288","targetHints":{"allow":["GET"]}}],"collection":[{"href":"https:\/\/biotechlerncenter.interpharma.ch\/fr\/wp-json\/wp\/v2\/pages"}],"about":[{"href":"https:\/\/biotechlerncenter.interpharma.ch\/fr\/wp-json\/wp\/v2\/types\/page"}],"author":[{"embeddable":true,"href":"https:\/\/biotechlerncenter.interpharma.ch\/fr\/wp-json\/wp\/v2\/users\/1"}],"replies":[{"embeddable":true,"href":"https:\/\/biotechlerncenter.interpharma.ch\/fr\/wp-json\/wp\/v2\/comments?post=1288"}],"version-history":[{"count":2,"href":"https:\/\/biotechlerncenter.interpharma.ch\/fr\/wp-json\/wp\/v2\/pages\/1288\/revisions"}],"predecessor-version":[{"id":3021,"href":"https:\/\/biotechlerncenter.interpharma.ch\/fr\/wp-json\/wp\/v2\/pages\/1288\/revisions\/3021"}],"up":[{"embeddable":true,"href":"https:\/\/biotechlerncenter.interpharma.ch\/fr\/wp-json\/wp\/v2\/pages\/406"}],"wp:attachment":[{"href":"https:\/\/biotechlerncenter.interpharma.ch\/fr\/wp-json\/wp\/v2\/media?parent=1288"}],"curies":[{"name":"wp","href":"https:\/\/api.w.org\/{rel}","templated":true}]}}