{"id":1284,"date":"2026-03-12T17:27:02","date_gmt":"2026-03-12T16:27:02","guid":{"rendered":"https:\/\/biotechlerncenter.iph-multisite.berta-bewegt.ch\/?page_id=1284"},"modified":"2026-03-12T17:27:02","modified_gmt":"2026-03-12T16:27:02","slug":"5-aspects-ethiques-et-juridiques-de-lutilisation-de-lia","status":"publish","type":"page","link":"https:\/\/biotechlerncenter.interpharma.ch\/fr\/sujets\/lintelligence-artificielle-en-medecine-et-pharmacie-utiliser-lia-pour-aboutir-a-de-nouveaux-medicaments\/5-aspects-ethiques-et-juridiques-de-lutilisation-de-lia\/","title":{"rendered":"5. Aspects \u00e9thiques et juridiques de l\u2019utilisation de l\u2019IA"},"content":{"rendered":"\n<p>Travailler avec l\u2019IA implique donc non seulement des d\u00e9fis techniques, mais soul\u00e8ve aussi des questions \u00e9thiques, juridiques et de soci\u00e9t\u00e9. Et ce n\u2019est pas ChatGPT qui va pouvoir nous fournir les r\u00e9ponses \u00e0 ces questions.<\/p>\n\n\n\n<ul class=\"wp-block-list\">\n<li>Que va-t-il se passer si l\u2019IA se trompe de diagnostic, par exemple ne reconna\u00eet pas une tumeur, ou propose un traitement qui aggrave la maladie, voire entra\u00eene la mort? Qui est responsable?<\/li>\n\n\n\n<li>Dans quelle mesure voulons-nous faire confiance aux r\u00e9sultats d\u2019une IA si nous ne savons pas exactement comment elle y aboutit (probl\u00e8me de la bo\u00eete noire)?<\/li>\n\n\n\n<li>Qu\u2019en est-il si nous devons divulguer beaucoup de donn\u00e9es personnelles pour pouvoir b\u00e9n\u00e9ficier de syst\u00e8mes d\u2019IA? Et qui contr\u00f4le nos donn\u00e9es? Dans quels buts sont-elles vraiment utilis\u00e9es?<\/li>\n\n\n\n<li>Dans quelles conditions des m\u00e9dicaments et traitements bas\u00e9s sur des syst\u00e8mes d\u2019IA peuvent-ils \u00eatre autoris\u00e9s?<\/li>\n\n\n\n<li>Les personnes ont-elles suffisamment confiance en un traitement qui se base fortement sur l\u2019IA?<\/li>\n<\/ul>\n","protected":false},"excerpt":{"rendered":"<p>Travailler avec l\u2019IA implique donc non seulement des d\u00e9fis techniques, mais soul\u00e8ve aussi des questions \u00e9thiques, juridiques et de soci\u00e9t\u00e9. Et ce n\u2019est pas ChatGPT qui va pouvoir nous fournir les r\u00e9ponses \u00e0 ces questions.<\/p>\n","protected":false},"author":1,"featured_media":0,"parent":406,"menu_order":4,"comment_status":"closed","ping_status":"closed","template":"page-templates\/unterthema.php","meta":{"_acf_changed":false,"inline_featured_image":false,"footnotes":""},"class_list":["post-1284","page","type-page","status-publish","hentry"],"acf":[],"yoast_head":"<!-- This site is optimized with the Yoast SEO Premium plugin v27.2 (Yoast SEO v27.2) - https:\/\/yoast.com\/product\/yoast-seo-premium-wordpress\/ -->\n<title>5. Aspects \u00e9thiques et juridiques de l\u2019utilisation de l\u2019IA - biotechlerncenter<\/title>\n<meta name=\"robots\" content=\"index, follow, max-snippet:-1, max-image-preview:large, max-video-preview:-1\" \/>\n<link rel=\"canonical\" href=\"https:\/\/biotechlerncenter.interpharma.ch\/themen\/kunstliche-intelligenz-in-medizin-und-pharmazie\/5-ethische-und-juristische-aspekte-vom-ki-einsatz\/\" \/>\n<meta property=\"og:locale\" content=\"fr_FR\" \/>\n<meta property=\"og:type\" content=\"article\" \/>\n<meta property=\"og:title\" content=\"5. Aspects \u00e9thiques et juridiques de l\u2019utilisation de l\u2019IA\" \/>\n<meta property=\"og:description\" content=\"Travailler avec l\u2019IA implique donc non seulement des d\u00e9fis techniques, mais soul\u00e8ve aussi des questions \u00e9thiques, juridiques et de soci\u00e9t\u00e9. Et ce n\u2019est pas ChatGPT qui va pouvoir nous fournir les r\u00e9ponses \u00e0 ces questions.\" \/>\n<meta property=\"og:url\" content=\"https:\/\/biotechlerncenter.interpharma.ch\/themen\/kunstliche-intelligenz-in-medizin-und-pharmazie\/5-ethische-und-juristische-aspekte-vom-ki-einsatz\/\" \/>\n<meta property=\"og:site_name\" content=\"biotechlerncenter\" \/>\n<meta name=\"twitter:card\" content=\"summary_large_image\" \/>\n<meta name=\"twitter:label1\" content=\"Dur\u00e9e de lecture estim\u00e9e\" \/>\n\t<meta name=\"twitter:data1\" content=\"1 minute\" \/>\n<script type=\"application\/ld+json\" class=\"yoast-schema-graph\">{\"@context\":\"https:\/\/schema.org\",\"@graph\":[{\"@type\":\"WebPage\",\"@id\":\"https:\/\/biotechlerncenter.interpharma.ch\/themen\/kunstliche-intelligenz-in-medizin-und-pharmazie\/5-ethische-und-juristische-aspekte-vom-ki-einsatz\/\",\"url\":\"https:\/\/biotechlerncenter.interpharma.ch\/themen\/kunstliche-intelligenz-in-medizin-und-pharmazie\/5-ethische-und-juristische-aspekte-vom-ki-einsatz\/\",\"name\":\"5. Aspects \u00e9thiques et juridiques de l\u2019utilisation de l\u2019IA - biotechlerncenter\",\"isPartOf\":{\"@id\":\"https:\/\/biotechlerncenter.interpharma.ch\/#website\"},\"datePublished\":\"2026-03-12T16:27:02+00:00\",\"breadcrumb\":{\"@id\":\"https:\/\/biotechlerncenter.interpharma.ch\/themen\/kunstliche-intelligenz-in-medizin-und-pharmazie\/5-ethische-und-juristische-aspekte-vom-ki-einsatz\/#breadcrumb\"},\"inLanguage\":\"fr-FR\",\"potentialAction\":[{\"@type\":\"ReadAction\",\"target\":[\"https:\/\/biotechlerncenter.interpharma.ch\/themen\/kunstliche-intelligenz-in-medizin-und-pharmazie\/5-ethische-und-juristische-aspekte-vom-ki-einsatz\/\"]}]},{\"@type\":\"BreadcrumbList\",\"@id\":\"https:\/\/biotechlerncenter.interpharma.ch\/themen\/kunstliche-intelligenz-in-medizin-und-pharmazie\/5-ethische-und-juristische-aspekte-vom-ki-einsatz\/#breadcrumb\",\"itemListElement\":[{\"@type\":\"ListItem\",\"position\":1,\"name\":\"Start\",\"item\":\"https:\/\/biotechlerncenter.interpharma.ch\/fr\/\"},{\"@type\":\"ListItem\",\"position\":2,\"name\":\"Sujets\",\"item\":\"https:\/\/biotechlerncenter.interpharma.ch\/fr\/sujets\/\"},{\"@type\":\"ListItem\",\"position\":3,\"name\":\"L\u2019intelligence artificielle en m\u00e9decine et pharmacie: utiliser l\u2019IA pour aboutir \u00e0 de nouveaux m\u00e9dicaments\",\"item\":\"https:\/\/biotechlerncenter.interpharma.ch\/fr\/sujets\/lintelligence-artificielle-en-medecine-et-pharmacie-utiliser-lia-pour-aboutir-a-de-nouveaux-medicaments\/\"},{\"@type\":\"ListItem\",\"position\":4,\"name\":\"5. Aspects \u00e9thiques et juridiques de l\u2019utilisation de l\u2019IA\"}]},{\"@type\":\"WebSite\",\"@id\":\"https:\/\/biotechlerncenter.interpharma.ch\/#website\",\"url\":\"https:\/\/biotechlerncenter.interpharma.ch\/\",\"name\":\"biotechlerncenter\",\"description\":\"\",\"potentialAction\":[{\"@type\":\"SearchAction\",\"target\":{\"@type\":\"EntryPoint\",\"urlTemplate\":\"https:\/\/biotechlerncenter.interpharma.ch\/?s={search_term_string}\"},\"query-input\":{\"@type\":\"PropertyValueSpecification\",\"valueRequired\":true,\"valueName\":\"search_term_string\"}}],\"inLanguage\":\"fr-FR\"}]}<\/script>\n<!-- \/ Yoast SEO Premium plugin. -->","yoast_head_json":{"title":"5. Aspects \u00e9thiques et juridiques de l\u2019utilisation de l\u2019IA - biotechlerncenter","robots":{"index":"index","follow":"follow","max-snippet":"max-snippet:-1","max-image-preview":"max-image-preview:large","max-video-preview":"max-video-preview:-1"},"canonical":"https:\/\/biotechlerncenter.interpharma.ch\/themen\/kunstliche-intelligenz-in-medizin-und-pharmazie\/5-ethische-und-juristische-aspekte-vom-ki-einsatz\/","og_locale":"fr_FR","og_type":"article","og_title":"5. Aspects \u00e9thiques et juridiques de l\u2019utilisation de l\u2019IA","og_description":"Travailler avec l\u2019IA implique donc non seulement des d\u00e9fis techniques, mais soul\u00e8ve aussi des questions \u00e9thiques, juridiques et de soci\u00e9t\u00e9. Et ce n\u2019est pas ChatGPT qui va pouvoir nous fournir les r\u00e9ponses \u00e0 ces questions.","og_url":"https:\/\/biotechlerncenter.interpharma.ch\/themen\/kunstliche-intelligenz-in-medizin-und-pharmazie\/5-ethische-und-juristische-aspekte-vom-ki-einsatz\/","og_site_name":"biotechlerncenter","twitter_card":"summary_large_image","twitter_misc":{"Dur\u00e9e de lecture estim\u00e9e":"1 minute"},"schema":{"@context":"https:\/\/schema.org","@graph":[{"@type":"WebPage","@id":"https:\/\/biotechlerncenter.interpharma.ch\/themen\/kunstliche-intelligenz-in-medizin-und-pharmazie\/5-ethische-und-juristische-aspekte-vom-ki-einsatz\/","url":"https:\/\/biotechlerncenter.interpharma.ch\/themen\/kunstliche-intelligenz-in-medizin-und-pharmazie\/5-ethische-und-juristische-aspekte-vom-ki-einsatz\/","name":"5. Aspects \u00e9thiques et juridiques de l\u2019utilisation de l\u2019IA - biotechlerncenter","isPartOf":{"@id":"https:\/\/biotechlerncenter.interpharma.ch\/#website"},"datePublished":"2026-03-12T16:27:02+00:00","breadcrumb":{"@id":"https:\/\/biotechlerncenter.interpharma.ch\/themen\/kunstliche-intelligenz-in-medizin-und-pharmazie\/5-ethische-und-juristische-aspekte-vom-ki-einsatz\/#breadcrumb"},"inLanguage":"fr-FR","potentialAction":[{"@type":"ReadAction","target":["https:\/\/biotechlerncenter.interpharma.ch\/themen\/kunstliche-intelligenz-in-medizin-und-pharmazie\/5-ethische-und-juristische-aspekte-vom-ki-einsatz\/"]}]},{"@type":"BreadcrumbList","@id":"https:\/\/biotechlerncenter.interpharma.ch\/themen\/kunstliche-intelligenz-in-medizin-und-pharmazie\/5-ethische-und-juristische-aspekte-vom-ki-einsatz\/#breadcrumb","itemListElement":[{"@type":"ListItem","position":1,"name":"Start","item":"https:\/\/biotechlerncenter.interpharma.ch\/fr\/"},{"@type":"ListItem","position":2,"name":"Sujets","item":"https:\/\/biotechlerncenter.interpharma.ch\/fr\/sujets\/"},{"@type":"ListItem","position":3,"name":"L\u2019intelligence artificielle en m\u00e9decine et pharmacie: utiliser l\u2019IA pour aboutir \u00e0 de nouveaux m\u00e9dicaments","item":"https:\/\/biotechlerncenter.interpharma.ch\/fr\/sujets\/lintelligence-artificielle-en-medecine-et-pharmacie-utiliser-lia-pour-aboutir-a-de-nouveaux-medicaments\/"},{"@type":"ListItem","position":4,"name":"5. Aspects \u00e9thiques et juridiques de l\u2019utilisation de l\u2019IA"}]},{"@type":"WebSite","@id":"https:\/\/biotechlerncenter.interpharma.ch\/#website","url":"https:\/\/biotechlerncenter.interpharma.ch\/","name":"biotechlerncenter","description":"","potentialAction":[{"@type":"SearchAction","target":{"@type":"EntryPoint","urlTemplate":"https:\/\/biotechlerncenter.interpharma.ch\/?s={search_term_string}"},"query-input":{"@type":"PropertyValueSpecification","valueRequired":true,"valueName":"search_term_string"}}],"inLanguage":"fr-FR"}]}},"_links":{"self":[{"href":"https:\/\/biotechlerncenter.interpharma.ch\/fr\/wp-json\/wp\/v2\/pages\/1284","targetHints":{"allow":["GET"]}}],"collection":[{"href":"https:\/\/biotechlerncenter.interpharma.ch\/fr\/wp-json\/wp\/v2\/pages"}],"about":[{"href":"https:\/\/biotechlerncenter.interpharma.ch\/fr\/wp-json\/wp\/v2\/types\/page"}],"author":[{"embeddable":true,"href":"https:\/\/biotechlerncenter.interpharma.ch\/fr\/wp-json\/wp\/v2\/users\/1"}],"replies":[{"embeddable":true,"href":"https:\/\/biotechlerncenter.interpharma.ch\/fr\/wp-json\/wp\/v2\/comments?post=1284"}],"version-history":[{"count":1,"href":"https:\/\/biotechlerncenter.interpharma.ch\/fr\/wp-json\/wp\/v2\/pages\/1284\/revisions"}],"predecessor-version":[{"id":1285,"href":"https:\/\/biotechlerncenter.interpharma.ch\/fr\/wp-json\/wp\/v2\/pages\/1284\/revisions\/1285"}],"up":[{"embeddable":true,"href":"https:\/\/biotechlerncenter.interpharma.ch\/fr\/wp-json\/wp\/v2\/pages\/406"}],"wp:attachment":[{"href":"https:\/\/biotechlerncenter.interpharma.ch\/fr\/wp-json\/wp\/v2\/media?parent=1284"}],"curies":[{"name":"wp","href":"https:\/\/api.w.org\/{rel}","templated":true}]}}