{"id":1280,"date":"2026-03-12T17:27:26","date_gmt":"2026-03-12T16:27:26","guid":{"rendered":"https:\/\/biotechlerncenter.iph-multisite.berta-bewegt.ch\/?page_id=1280"},"modified":"2026-03-13T16:23:58","modified_gmt":"2026-03-13T15:23:58","slug":"liens","status":"publish","type":"page","link":"https:\/\/biotechlerncenter.interpharma.ch\/fr\/sujets\/lintelligence-artificielle-en-medecine-et-pharmacie-utiliser-lia-pour-aboutir-a-de-nouveaux-medicaments\/liens\/","title":{"rendered":"8. Liens"},"content":{"rendered":"\n<ul class=\"wp-block-list\">\n<li><a href=\"https:\/\/www.zeitfuerdieschule.de\/materialien\/artikel\/ki-anwendungen-in-der-medizin-aktiv-und-spielerisch-erkunden\/\" target=\"_blank\" rel=\"noreferrer noopener\">Zeit f\u00fcr die Schule<\/a>: D\u00e9couvrir les applications m\u00e9dicales de l\u2019IA de mani\u00e8re active et ludique<\/li>\n\n\n\n<li><a href=\"https:\/\/algorithmwatch.org\/de\/\" target=\"_blank\" rel=\"noreferrer noopener\">AlgorithmWatch<\/a>: Organisation de d\u00e9fense des droits humains qui si\u00e8ge \u00e0 Berlin et Zurich et s\u2019engage pour que les algorithmes et l\u2019IA n\u2019affaiblissent pas la justice, la d\u00e9mocratie et la durabilit\u00e9, mais au contraire les renforcent.<\/li>\n\n\n\n<li><a href=\"https:\/\/www.sbfi.admin.ch\/sbfi\/fr\/home\/politique-fri\/fri-2021-2024\/themes-transversaux\/numerisation-fri\/intelligence-artificielle.html\" target=\"_blank\" rel=\"noreferrer noopener\">Num\u00e9risation dans le domaine FRI<\/a> (Secr\u00e9tariat d\u2019\u00c9tat \u00e0 la formation, \u00e0 la recherche et \u00e0 l\u2019innovation SEFRI)<\/li>\n\n\n\n<li><a href=\"https:\/\/digital.swiss\/fr\/\" target=\"_blank\" rel=\"noreferrer noopener\">Strat\u00e9gie et plan d\u2019action Suisse num\u00e9rique<\/a><\/li>\n\n\n\n<li><a href=\"\/\/www.sairop.swiss\/\" target=\"_blank\" rel=\"noreferrer noopener\">Plateforme Sairop de recherche suisse dans le domaine de l\u2019IA<\/a><\/li>\n\n\n\n<li> <a href=\"https:\/\/www.satw.ch\/fr\/l-academie\/plateformes-thematiques\/intelligence-artificielle\" target=\"_blank\" rel=\"noreferrer noopener\">Plateforme th\u00e9matique Intelligence artificielle<\/a> de la SATW<\/li>\n\n\n\n<li><a href=\"https:\/\/www.swiss-ai.org\/\" target=\"_blank\" rel=\"noreferrer noopener\">Swiss AI<\/a> \u2013 A research initiative to build capacities for advanced and large-scale AI systems for the benefit of society, initiative de l\u2019EPF de Zurich et de l\u2019EPFL.<\/li>\n<\/ul>\n","protected":false},"excerpt":{"rendered":"","protected":false},"author":1,"featured_media":0,"parent":406,"menu_order":7,"comment_status":"closed","ping_status":"closed","template":"page-templates\/unterthema.php","meta":{"_acf_changed":false,"inline_featured_image":false,"footnotes":""},"class_list":["post-1280","page","type-page","status-publish","hentry"],"acf":[],"yoast_head":"<!-- This site is optimized with the Yoast SEO Premium plugin v27.2 (Yoast SEO v27.2) - https:\/\/yoast.com\/product\/yoast-seo-premium-wordpress\/ -->\n<title>8. Liens - biotechlerncenter<\/title>\n<meta name=\"robots\" content=\"index, follow, max-snippet:-1, max-image-preview:large, max-video-preview:-1\" \/>\n<link rel=\"canonical\" href=\"https:\/\/biotechlerncenter.interpharma.ch\/themen\/kunstliche-intelligenz-in-medizin-und-pharmazie\/links\/\" \/>\n<meta property=\"og:locale\" content=\"fr_FR\" \/>\n<meta property=\"og:type\" content=\"article\" \/>\n<meta property=\"og:title\" content=\"8. Liens\" \/>\n<meta property=\"og:url\" content=\"https:\/\/biotechlerncenter.interpharma.ch\/themen\/kunstliche-intelligenz-in-medizin-und-pharmazie\/links\/\" \/>\n<meta property=\"og:site_name\" content=\"biotechlerncenter\" \/>\n<meta property=\"article:modified_time\" content=\"2026-03-13T15:23:58+00:00\" \/>\n<meta name=\"twitter:card\" content=\"summary_large_image\" \/>\n<meta name=\"twitter:label1\" content=\"Dur\u00e9e de lecture estim\u00e9e\" \/>\n\t<meta name=\"twitter:data1\" content=\"1 minute\" \/>\n<script type=\"application\/ld+json\" class=\"yoast-schema-graph\">{\"@context\":\"https:\/\/schema.org\",\"@graph\":[{\"@type\":\"WebPage\",\"@id\":\"https:\/\/biotechlerncenter.interpharma.ch\/themen\/kunstliche-intelligenz-in-medizin-und-pharmazie\/links\/\",\"url\":\"https:\/\/biotechlerncenter.interpharma.ch\/themen\/kunstliche-intelligenz-in-medizin-und-pharmazie\/links\/\",\"name\":\"8. Liens - biotechlerncenter\",\"isPartOf\":{\"@id\":\"https:\/\/biotechlerncenter.interpharma.ch\/#website\"},\"datePublished\":\"2026-03-12T16:27:26+00:00\",\"dateModified\":\"2026-03-13T15:23:58+00:00\",\"breadcrumb\":{\"@id\":\"https:\/\/biotechlerncenter.interpharma.ch\/themen\/kunstliche-intelligenz-in-medizin-und-pharmazie\/links\/#breadcrumb\"},\"inLanguage\":\"fr-FR\",\"potentialAction\":[{\"@type\":\"ReadAction\",\"target\":[\"https:\/\/biotechlerncenter.interpharma.ch\/themen\/kunstliche-intelligenz-in-medizin-und-pharmazie\/links\/\"]}]},{\"@type\":\"BreadcrumbList\",\"@id\":\"https:\/\/biotechlerncenter.interpharma.ch\/themen\/kunstliche-intelligenz-in-medizin-und-pharmazie\/links\/#breadcrumb\",\"itemListElement\":[{\"@type\":\"ListItem\",\"position\":1,\"name\":\"Start\",\"item\":\"https:\/\/biotechlerncenter.interpharma.ch\/fr\/\"},{\"@type\":\"ListItem\",\"position\":2,\"name\":\"Sujets\",\"item\":\"https:\/\/biotechlerncenter.interpharma.ch\/fr\/sujets\/\"},{\"@type\":\"ListItem\",\"position\":3,\"name\":\"L\u2019intelligence artificielle en m\u00e9decine et pharmacie: utiliser l\u2019IA pour aboutir \u00e0 de nouveaux m\u00e9dicaments\",\"item\":\"https:\/\/biotechlerncenter.interpharma.ch\/fr\/sujets\/lintelligence-artificielle-en-medecine-et-pharmacie-utiliser-lia-pour-aboutir-a-de-nouveaux-medicaments\/\"},{\"@type\":\"ListItem\",\"position\":4,\"name\":\"8. Liens\"}]},{\"@type\":\"WebSite\",\"@id\":\"https:\/\/biotechlerncenter.interpharma.ch\/#website\",\"url\":\"https:\/\/biotechlerncenter.interpharma.ch\/\",\"name\":\"biotechlerncenter\",\"description\":\"\",\"potentialAction\":[{\"@type\":\"SearchAction\",\"target\":{\"@type\":\"EntryPoint\",\"urlTemplate\":\"https:\/\/biotechlerncenter.interpharma.ch\/?s={search_term_string}\"},\"query-input\":{\"@type\":\"PropertyValueSpecification\",\"valueRequired\":true,\"valueName\":\"search_term_string\"}}],\"inLanguage\":\"fr-FR\"}]}<\/script>\n<!-- \/ Yoast SEO Premium plugin. -->","yoast_head_json":{"title":"8. Liens - biotechlerncenter","robots":{"index":"index","follow":"follow","max-snippet":"max-snippet:-1","max-image-preview":"max-image-preview:large","max-video-preview":"max-video-preview:-1"},"canonical":"https:\/\/biotechlerncenter.interpharma.ch\/themen\/kunstliche-intelligenz-in-medizin-und-pharmazie\/links\/","og_locale":"fr_FR","og_type":"article","og_title":"8. Liens","og_url":"https:\/\/biotechlerncenter.interpharma.ch\/themen\/kunstliche-intelligenz-in-medizin-und-pharmazie\/links\/","og_site_name":"biotechlerncenter","article_modified_time":"2026-03-13T15:23:58+00:00","twitter_card":"summary_large_image","twitter_misc":{"Dur\u00e9e de lecture estim\u00e9e":"1 minute"},"schema":{"@context":"https:\/\/schema.org","@graph":[{"@type":"WebPage","@id":"https:\/\/biotechlerncenter.interpharma.ch\/themen\/kunstliche-intelligenz-in-medizin-und-pharmazie\/links\/","url":"https:\/\/biotechlerncenter.interpharma.ch\/themen\/kunstliche-intelligenz-in-medizin-und-pharmazie\/links\/","name":"8. Liens - biotechlerncenter","isPartOf":{"@id":"https:\/\/biotechlerncenter.interpharma.ch\/#website"},"datePublished":"2026-03-12T16:27:26+00:00","dateModified":"2026-03-13T15:23:58+00:00","breadcrumb":{"@id":"https:\/\/biotechlerncenter.interpharma.ch\/themen\/kunstliche-intelligenz-in-medizin-und-pharmazie\/links\/#breadcrumb"},"inLanguage":"fr-FR","potentialAction":[{"@type":"ReadAction","target":["https:\/\/biotechlerncenter.interpharma.ch\/themen\/kunstliche-intelligenz-in-medizin-und-pharmazie\/links\/"]}]},{"@type":"BreadcrumbList","@id":"https:\/\/biotechlerncenter.interpharma.ch\/themen\/kunstliche-intelligenz-in-medizin-und-pharmazie\/links\/#breadcrumb","itemListElement":[{"@type":"ListItem","position":1,"name":"Start","item":"https:\/\/biotechlerncenter.interpharma.ch\/fr\/"},{"@type":"ListItem","position":2,"name":"Sujets","item":"https:\/\/biotechlerncenter.interpharma.ch\/fr\/sujets\/"},{"@type":"ListItem","position":3,"name":"L\u2019intelligence artificielle en m\u00e9decine et pharmacie: utiliser l\u2019IA pour aboutir \u00e0 de nouveaux m\u00e9dicaments","item":"https:\/\/biotechlerncenter.interpharma.ch\/fr\/sujets\/lintelligence-artificielle-en-medecine-et-pharmacie-utiliser-lia-pour-aboutir-a-de-nouveaux-medicaments\/"},{"@type":"ListItem","position":4,"name":"8. Liens"}]},{"@type":"WebSite","@id":"https:\/\/biotechlerncenter.interpharma.ch\/#website","url":"https:\/\/biotechlerncenter.interpharma.ch\/","name":"biotechlerncenter","description":"","potentialAction":[{"@type":"SearchAction","target":{"@type":"EntryPoint","urlTemplate":"https:\/\/biotechlerncenter.interpharma.ch\/?s={search_term_string}"},"query-input":{"@type":"PropertyValueSpecification","valueRequired":true,"valueName":"search_term_string"}}],"inLanguage":"fr-FR"}]}},"_links":{"self":[{"href":"https:\/\/biotechlerncenter.interpharma.ch\/fr\/wp-json\/wp\/v2\/pages\/1280","targetHints":{"allow":["GET"]}}],"collection":[{"href":"https:\/\/biotechlerncenter.interpharma.ch\/fr\/wp-json\/wp\/v2\/pages"}],"about":[{"href":"https:\/\/biotechlerncenter.interpharma.ch\/fr\/wp-json\/wp\/v2\/types\/page"}],"author":[{"embeddable":true,"href":"https:\/\/biotechlerncenter.interpharma.ch\/fr\/wp-json\/wp\/v2\/users\/1"}],"replies":[{"embeddable":true,"href":"https:\/\/biotechlerncenter.interpharma.ch\/fr\/wp-json\/wp\/v2\/comments?post=1280"}],"version-history":[{"count":1,"href":"https:\/\/biotechlerncenter.interpharma.ch\/fr\/wp-json\/wp\/v2\/pages\/1280\/revisions"}],"predecessor-version":[{"id":1281,"href":"https:\/\/biotechlerncenter.interpharma.ch\/fr\/wp-json\/wp\/v2\/pages\/1280\/revisions\/1281"}],"up":[{"embeddable":true,"href":"https:\/\/biotechlerncenter.interpharma.ch\/fr\/wp-json\/wp\/v2\/pages\/406"}],"wp:attachment":[{"href":"https:\/\/biotechlerncenter.interpharma.ch\/fr\/wp-json\/wp\/v2\/media?parent=1280"}],"curies":[{"name":"wp","href":"https:\/\/api.w.org\/{rel}","templated":true}]}}