{"id":1272,"date":"2026-03-12T17:27:26","date_gmt":"2026-03-12T16:27:26","guid":{"rendered":"https:\/\/biotechlerncenter.iph-multisite.berta-bewegt.ch\/?page_id=1272"},"modified":"2026-03-13T16:21:33","modified_gmt":"2026-03-13T15:21:33","slug":"document-de-travail","status":"publish","type":"page","link":"https:\/\/biotechlerncenter.interpharma.ch\/fr\/sujets\/lintelligence-artificielle-en-medecine-et-pharmacie-utiliser-lia-pour-aboutir-a-de-nouveaux-medicaments\/document-de-travail\/","title":{"rendered":"6. Document de travail"},"content":{"rendered":"\n<p><strong>Exercice 1: D\u00e9bat: l\u2019IA en pharmacie et m\u00e9decine: bienfait ou mal\u00e9diction?<\/strong><\/p>\n\n\n\n<ol class=\"wp-block-list\">\n<li>Penchez-vous sur les aspects \u00e9thiques de l\u2019IA. Peu importe que ce soit \u00e0 l\u2019aide d\u2019une bande dessin\u00e9e, d\u2019une \u00e9mission de t\u00e9l\u00e9 ou de l\u2019avis du Comit\u00e9 consultatif national d\u2019\u00e9thique fran\u00e7ais. Allez chercher les arguments dont vous aurez besoin pour la discussion!\n<ul class=\"wp-block-list\">\n<li>Bande dessin\u00e9e sur l\u2019utilisation de l\u2019IA: <a href=\"https:\/\/www.i-am.ai\/de\/we-need-to-talk-ai.html\" target=\"_blank\" rel=\"noreferrer noopener\">\u00abKI, wir m\u00fcssen reden\u00bb<\/a> (en ligne en anglais et en allemand, imprim\u00e9 disponible sur commande en allemand)<\/li>\n\n\n\n<li>Discussion sur l\u2019IA dans l\u2019\u00e9mission <a href=\"https:\/\/www.srf.ch\/play\/tv\/club\/video\/eine-neue-aera-chancen-und-risiken-der-kuenstlichen-intelligenz?urn=urn:srf:video:af72d64e-22e3-4853-a9f2-8e96a8221358\" target=\"_blank\" rel=\"noreferrer noopener\">\u00abDer Club\u00bb de SRF<\/a>: Eine neue \u00c4ra? Chancen und Risiken der K\u00fcnstlichen Intelligenz (09.05.2023)<\/li>\n\n\n\n<li><a href=\"https:\/\/www.ccne-ethique.fr\/sites\/default\/files\/2023-01\/Avis%20141%20du%20CCNE%20et%204%20du%20CNPEN%20Diagnostic%20M%C3%A9dical%20et%20Intelligence%20Artificielle%20%20Enjeux%20Ethiques.pdf\" target=\"_blank\" rel=\"noreferrer noopener\">Avis du Comit\u00e9 consultatif national d\u2019\u00e9thique fran\u00e7ais<\/a> sur les enjeux \u00e9thiques de l\u2019IA dans le diagnostic m\u00e9dical (2023)<\/li>\n\n\n\n<li> <a href=\"https:\/\/www.nzz.ch\/zuerich\/die-zuercher-ethikprofessorin-nikola-biller-andorno-erforscht-den-nutzen-kuenstlicher-intelligenz-fuer-die-medizin-sie-sagt-wir-sind-wahrscheinlich-sehr-viel-vorhersehbarer-als-wir-denken-ld.1669553\" target=\"_blank\" rel=\"noreferrer noopener\">Interview de la professeure d\u2019\u00e9thique Nikola Biller-Andorno<\/a> (NZZ, 16.02.2022)<\/li>\n\n\n\n<li>Article de Simon Hehli dans la NZZ: <a href=\"https:\/\/www.nzz.ch\/schweiz\/die-kuenstliche-intelligenz-macht-die-medizin-besser-und-guenstiger-aber-es-gibt-erhebliche-risiken-ld.1740151\" target=\"_blank\" rel=\"noreferrer noopener\">Die k\u00fcnstliche Intelligenz macht die Medizin besser und g\u00fcnstiger \u2013 aber es gibt erhebliche Risiken<\/a>, Simon Hehli, 31.05.2023<\/li>\n\n\n\n<li>Une \u00e9tude indique que les m\u00e9decins se posent des questions: <a href=\"https:\/\/www.medinside.ch\/ki-arzte-brauchen-klarheit-ueber-die-haftung-20230630\" target=\"_blank\" rel=\"noreferrer noopener\">https:\/\/www.medinside.ch\/ki-arzte-brauchen-klarheit-ueber-die-haftung-20230630<\/a><\/li>\n<\/ul>\n<\/li>\n\n\n\n<li>Pr\u00e9parez-vous \u00e0 la discussion en trois \u00e9quipes et d\u00e9signez un-e mod\u00e9rateur\/-trice (cela peut aussi \u00eatre l\u2019enseignant-e qui joue ce r\u00f4le). Chaque \u00e9quipe joue un r\u00f4le diff\u00e9rent: 1. Opposant-e-s \u00e0 l\u2019IA. 2. Partisan-e-s de l\u2019IA. 3. M\u00e9diateur\/-trices (essayent de trouver des compromis). Rassemblez des arguments et de bons exemples. Pr\u00e9parez-vous aux arguments qui s\u2019opposent aux v\u00f4tres, recherchez des possibilit\u00e9s de trouver des compromis entre les deux bords.<\/li>\n\n\n\n<li>Discussion: discutez pendant 20 \u00e0 30 minutes la question: l\u2019IA en pharmacie et m\u00e9decine est-elle un bienfait ou une mal\u00e9diction? La mod\u00e9ration veille \u00e0 un temps de parole \u00e9quilibr\u00e9.<\/li>\n\n\n\n<li>Le public peut faire des remarques, poser des questions et voter quel groupe s\u2019est montr\u00e9 le plus convaincant.<br><\/li>\n<\/ol>\n\n\n\n<p><strong>Exercice 2: Comment am\u00e9liorer notre IA du point de vue \u00e9thique?<\/strong><\/p>\n\n\n\n<ol class=\"wp-block-list\">\n<li>Lisez les textes ci-dessous pour en savoir plus sur le probl\u00e8me du biais et comment y rem\u00e9dier.\n<ul class=\"wp-block-list\">\n<li><a href=\"https:\/\/www.roche.de\/innovation\/blog\/kuenstliche-intelligenz-in-der-medizin-keine-macht-dem-gender-bias\" target=\"_blank\" rel=\"noreferrer noopener\">\u00abK\u00fcnstliche Intelligenz in der Medizin: Keine Macht dem Gender Bias\u00bb<\/a> (Roche)<\/li>\n\n\n\n<li><a href=\"https:\/\/umdearborn.edu\/news\/can-we-make-artificial-intelligence-more-ethical\" target=\"_blank\" rel=\"noreferrer noopener\">\u00abCan we make artificial intelligence more ethical?\u00bb<\/a> (University of Michigan-Dearborn)<\/li>\n\n\n\n<li><a href=\"https:\/\/lamarr-institute.org\/de\/blog\/ki-fairness\/\" target=\"_blank\" rel=\"noreferrer noopener\">Die mathematischen und ethischen Herausforderungen fairer KI<\/a> (Astrid Schom\u00e4cker, tribune sur le site du Lamarr Institute for Machine Learning and Artificial Intelligence, 01.12.2021)<\/li>\n<\/ul>\n<\/li>\n\n\n\n<li>\u00c9laborez des propositions pour am\u00e9liorer une IA du point de vue \u00e9thique et montrez o\u00f9 sont les pi\u00e8ges, y compris en fonction des diff\u00e9rentes formes d\u2019IA (p.\u00a0ex. IA g\u00e9n\u00e9rative ou intelligence artificielle g\u00e9n\u00e9rale). Ou demandez \u00e0 un groupe d\u2019autres \u00e9l\u00e8ves de vous d\u00e9fier.<br><\/li>\n<\/ol>\n\n\n\n<div class=\"wp-block-group has-my-white-color has-my-grey-background-color has-text-color has-background\"><div class=\"wp-block-group__inner-container is-layout-constrained wp-block-group-is-layout-constrained\">\n<p><strong>L\u2019IA \u00e0 faire soi-m\u00eame: \u00e0 toi de jouer!<\/strong><br><br>As-tu envie de cr\u00e9er toi-m\u00eame un mod\u00e8le d\u2019apprentissage automatique?<strong> <\/strong><a href=\"https:\/\/teachablemachine.withgoogle.com\/\" target=\"_blank\" rel=\"noreferrer noopener\"><strong>\u00abTeachable Machine\u00bb<\/strong><\/a> te permet d\u2019apprendre \u00e0 un ordinateur \u00e0 reconna\u00eetre des images, des sons ou des postures, puis tu peux exporter ton mod\u00e8le.<br><br>Ou pr\u00e9f\u00e8res-tu l\u2019analogique? Pour reproduire une<strong> <\/strong><a href=\"https:\/\/www.i-am.ai\/de\/build-your-own-ai.html\" target=\"_blank\" rel=\"noreferrer noopener\"><strong>IA simple, il te faut juste des gobelets, des crayons et du papier.<\/strong><\/a><\/p>\n<\/div><\/div>\n","protected":false},"excerpt":{"rendered":"<p>Exercice 1: D\u00e9bat: l\u2019IA en pharmacie et m\u00e9decine: bienfait ou mal\u00e9diction? Exercice 2: Comment am\u00e9liorer notre IA du point de vue \u00e9thique? L\u2019IA \u00e0 faire soi-m\u00eame: \u00e0 toi de jouer! As-tu envie de cr\u00e9er toi-m\u00eame un mod\u00e8le d\u2019apprentissage automatique? \u00abTeachable Machine\u00bb te permet d\u2019apprendre \u00e0 un ordinateur \u00e0 reconna\u00eetre des images, des sons ou des [&hellip;]<\/p>\n","protected":false},"author":1,"featured_media":0,"parent":406,"menu_order":5,"comment_status":"closed","ping_status":"closed","template":"page-templates\/unterthema.php","meta":{"_acf_changed":false,"inline_featured_image":false,"footnotes":""},"class_list":["post-1272","page","type-page","status-publish","hentry"],"acf":[],"yoast_head":"<!-- This site is optimized with the Yoast SEO Premium plugin v27.2 (Yoast SEO v27.2) - https:\/\/yoast.com\/product\/yoast-seo-premium-wordpress\/ -->\n<title>6. Document de travail - biotechlerncenter<\/title>\n<meta name=\"robots\" content=\"index, follow, max-snippet:-1, max-image-preview:large, max-video-preview:-1\" \/>\n<link rel=\"canonical\" href=\"https:\/\/biotechlerncenter.interpharma.ch\/fr\/sujets\/lintelligence-artificielle-en-medecine-et-pharmacie-utiliser-lia-pour-aboutir-a-de-nouveaux-medicaments\/document-de-travail\/\" \/>\n<meta property=\"og:locale\" content=\"fr_FR\" \/>\n<meta property=\"og:type\" content=\"article\" \/>\n<meta property=\"og:title\" content=\"6. Document de travail\" \/>\n<meta property=\"og:description\" content=\"Exercice 1: D\u00e9bat: l\u2019IA en pharmacie et m\u00e9decine: bienfait ou mal\u00e9diction? Exercice 2: Comment am\u00e9liorer notre IA du point de vue \u00e9thique? L\u2019IA \u00e0 faire soi-m\u00eame: \u00e0 toi de jouer! As-tu envie de cr\u00e9er toi-m\u00eame un mod\u00e8le d\u2019apprentissage automatique? \u00abTeachable Machine\u00bb te permet d\u2019apprendre \u00e0 un ordinateur \u00e0 reconna\u00eetre des images, des sons ou des [&hellip;]\" \/>\n<meta property=\"og:url\" content=\"https:\/\/biotechlerncenter.interpharma.ch\/fr\/sujets\/lintelligence-artificielle-en-medecine-et-pharmacie-utiliser-lia-pour-aboutir-a-de-nouveaux-medicaments\/document-de-travail\/\" \/>\n<meta property=\"og:site_name\" content=\"biotechlerncenter\" \/>\n<meta property=\"article:modified_time\" content=\"2026-03-13T15:21:33+00:00\" \/>\n<meta name=\"twitter:card\" content=\"summary_large_image\" \/>\n<meta name=\"twitter:label1\" content=\"Dur\u00e9e de lecture estim\u00e9e\" \/>\n\t<meta name=\"twitter:data1\" content=\"3 minutes\" \/>\n<script type=\"application\/ld+json\" class=\"yoast-schema-graph\">{\"@context\":\"https:\/\/schema.org\",\"@graph\":[{\"@type\":\"WebPage\",\"@id\":\"https:\/\/biotechlerncenter.interpharma.ch\/fr\/sujets\/lintelligence-artificielle-en-medecine-et-pharmacie-utiliser-lia-pour-aboutir-a-de-nouveaux-medicaments\/document-de-travail\/\",\"url\":\"https:\/\/biotechlerncenter.interpharma.ch\/fr\/sujets\/lintelligence-artificielle-en-medecine-et-pharmacie-utiliser-lia-pour-aboutir-a-de-nouveaux-medicaments\/document-de-travail\/\",\"name\":\"6. Document de travail - biotechlerncenter\",\"isPartOf\":{\"@id\":\"https:\/\/biotechlerncenter.interpharma.ch\/#website\"},\"datePublished\":\"2026-03-12T16:27:26+00:00\",\"dateModified\":\"2026-03-13T15:21:33+00:00\",\"breadcrumb\":{\"@id\":\"https:\/\/biotechlerncenter.interpharma.ch\/fr\/sujets\/lintelligence-artificielle-en-medecine-et-pharmacie-utiliser-lia-pour-aboutir-a-de-nouveaux-medicaments\/document-de-travail\/#breadcrumb\"},\"inLanguage\":\"fr-FR\",\"potentialAction\":[{\"@type\":\"ReadAction\",\"target\":[\"https:\/\/biotechlerncenter.interpharma.ch\/fr\/sujets\/lintelligence-artificielle-en-medecine-et-pharmacie-utiliser-lia-pour-aboutir-a-de-nouveaux-medicaments\/document-de-travail\/\"]}]},{\"@type\":\"BreadcrumbList\",\"@id\":\"https:\/\/biotechlerncenter.interpharma.ch\/fr\/sujets\/lintelligence-artificielle-en-medecine-et-pharmacie-utiliser-lia-pour-aboutir-a-de-nouveaux-medicaments\/document-de-travail\/#breadcrumb\",\"itemListElement\":[{\"@type\":\"ListItem\",\"position\":1,\"name\":\"Start\",\"item\":\"https:\/\/biotechlerncenter.interpharma.ch\/fr\/\"},{\"@type\":\"ListItem\",\"position\":2,\"name\":\"Sujets\",\"item\":\"https:\/\/biotechlerncenter.interpharma.ch\/fr\/sujets\/\"},{\"@type\":\"ListItem\",\"position\":3,\"name\":\"L\u2019intelligence artificielle en m\u00e9decine et pharmacie: utiliser l\u2019IA pour aboutir \u00e0 de nouveaux m\u00e9dicaments\",\"item\":\"https:\/\/biotechlerncenter.interpharma.ch\/fr\/sujets\/lintelligence-artificielle-en-medecine-et-pharmacie-utiliser-lia-pour-aboutir-a-de-nouveaux-medicaments\/\"},{\"@type\":\"ListItem\",\"position\":4,\"name\":\"6. Document de travail\"}]},{\"@type\":\"WebSite\",\"@id\":\"https:\/\/biotechlerncenter.interpharma.ch\/#website\",\"url\":\"https:\/\/biotechlerncenter.interpharma.ch\/\",\"name\":\"biotechlerncenter\",\"description\":\"\",\"potentialAction\":[{\"@type\":\"SearchAction\",\"target\":{\"@type\":\"EntryPoint\",\"urlTemplate\":\"https:\/\/biotechlerncenter.interpharma.ch\/?s={search_term_string}\"},\"query-input\":{\"@type\":\"PropertyValueSpecification\",\"valueRequired\":true,\"valueName\":\"search_term_string\"}}],\"inLanguage\":\"fr-FR\"}]}<\/script>\n<!-- \/ Yoast SEO Premium plugin. -->","yoast_head_json":{"title":"6. Document de travail - biotechlerncenter","robots":{"index":"index","follow":"follow","max-snippet":"max-snippet:-1","max-image-preview":"max-image-preview:large","max-video-preview":"max-video-preview:-1"},"canonical":"https:\/\/biotechlerncenter.interpharma.ch\/fr\/sujets\/lintelligence-artificielle-en-medecine-et-pharmacie-utiliser-lia-pour-aboutir-a-de-nouveaux-medicaments\/document-de-travail\/","og_locale":"fr_FR","og_type":"article","og_title":"6. Document de travail","og_description":"Exercice 1: D\u00e9bat: l\u2019IA en pharmacie et m\u00e9decine: bienfait ou mal\u00e9diction? Exercice 2: Comment am\u00e9liorer notre IA du point de vue \u00e9thique? L\u2019IA \u00e0 faire soi-m\u00eame: \u00e0 toi de jouer! As-tu envie de cr\u00e9er toi-m\u00eame un mod\u00e8le d\u2019apprentissage automatique? \u00abTeachable Machine\u00bb te permet d\u2019apprendre \u00e0 un ordinateur \u00e0 reconna\u00eetre des images, des sons ou des [&hellip;]","og_url":"https:\/\/biotechlerncenter.interpharma.ch\/fr\/sujets\/lintelligence-artificielle-en-medecine-et-pharmacie-utiliser-lia-pour-aboutir-a-de-nouveaux-medicaments\/document-de-travail\/","og_site_name":"biotechlerncenter","article_modified_time":"2026-03-13T15:21:33+00:00","twitter_card":"summary_large_image","twitter_misc":{"Dur\u00e9e de lecture estim\u00e9e":"3 minutes"},"schema":{"@context":"https:\/\/schema.org","@graph":[{"@type":"WebPage","@id":"https:\/\/biotechlerncenter.interpharma.ch\/fr\/sujets\/lintelligence-artificielle-en-medecine-et-pharmacie-utiliser-lia-pour-aboutir-a-de-nouveaux-medicaments\/document-de-travail\/","url":"https:\/\/biotechlerncenter.interpharma.ch\/fr\/sujets\/lintelligence-artificielle-en-medecine-et-pharmacie-utiliser-lia-pour-aboutir-a-de-nouveaux-medicaments\/document-de-travail\/","name":"6. Document de travail - biotechlerncenter","isPartOf":{"@id":"https:\/\/biotechlerncenter.interpharma.ch\/#website"},"datePublished":"2026-03-12T16:27:26+00:00","dateModified":"2026-03-13T15:21:33+00:00","breadcrumb":{"@id":"https:\/\/biotechlerncenter.interpharma.ch\/fr\/sujets\/lintelligence-artificielle-en-medecine-et-pharmacie-utiliser-lia-pour-aboutir-a-de-nouveaux-medicaments\/document-de-travail\/#breadcrumb"},"inLanguage":"fr-FR","potentialAction":[{"@type":"ReadAction","target":["https:\/\/biotechlerncenter.interpharma.ch\/fr\/sujets\/lintelligence-artificielle-en-medecine-et-pharmacie-utiliser-lia-pour-aboutir-a-de-nouveaux-medicaments\/document-de-travail\/"]}]},{"@type":"BreadcrumbList","@id":"https:\/\/biotechlerncenter.interpharma.ch\/fr\/sujets\/lintelligence-artificielle-en-medecine-et-pharmacie-utiliser-lia-pour-aboutir-a-de-nouveaux-medicaments\/document-de-travail\/#breadcrumb","itemListElement":[{"@type":"ListItem","position":1,"name":"Start","item":"https:\/\/biotechlerncenter.interpharma.ch\/fr\/"},{"@type":"ListItem","position":2,"name":"Sujets","item":"https:\/\/biotechlerncenter.interpharma.ch\/fr\/sujets\/"},{"@type":"ListItem","position":3,"name":"L\u2019intelligence artificielle en m\u00e9decine et pharmacie: utiliser l\u2019IA pour aboutir \u00e0 de nouveaux m\u00e9dicaments","item":"https:\/\/biotechlerncenter.interpharma.ch\/fr\/sujets\/lintelligence-artificielle-en-medecine-et-pharmacie-utiliser-lia-pour-aboutir-a-de-nouveaux-medicaments\/"},{"@type":"ListItem","position":4,"name":"6. Document de travail"}]},{"@type":"WebSite","@id":"https:\/\/biotechlerncenter.interpharma.ch\/#website","url":"https:\/\/biotechlerncenter.interpharma.ch\/","name":"biotechlerncenter","description":"","potentialAction":[{"@type":"SearchAction","target":{"@type":"EntryPoint","urlTemplate":"https:\/\/biotechlerncenter.interpharma.ch\/?s={search_term_string}"},"query-input":{"@type":"PropertyValueSpecification","valueRequired":true,"valueName":"search_term_string"}}],"inLanguage":"fr-FR"}]}},"_links":{"self":[{"href":"https:\/\/biotechlerncenter.interpharma.ch\/fr\/wp-json\/wp\/v2\/pages\/1272","targetHints":{"allow":["GET"]}}],"collection":[{"href":"https:\/\/biotechlerncenter.interpharma.ch\/fr\/wp-json\/wp\/v2\/pages"}],"about":[{"href":"https:\/\/biotechlerncenter.interpharma.ch\/fr\/wp-json\/wp\/v2\/types\/page"}],"author":[{"embeddable":true,"href":"https:\/\/biotechlerncenter.interpharma.ch\/fr\/wp-json\/wp\/v2\/users\/1"}],"replies":[{"embeddable":true,"href":"https:\/\/biotechlerncenter.interpharma.ch\/fr\/wp-json\/wp\/v2\/comments?post=1272"}],"version-history":[{"count":3,"href":"https:\/\/biotechlerncenter.interpharma.ch\/fr\/wp-json\/wp\/v2\/pages\/1272\/revisions"}],"predecessor-version":[{"id":3025,"href":"https:\/\/biotechlerncenter.interpharma.ch\/fr\/wp-json\/wp\/v2\/pages\/1272\/revisions\/3025"}],"up":[{"embeddable":true,"href":"https:\/\/biotechlerncenter.interpharma.ch\/fr\/wp-json\/wp\/v2\/pages\/406"}],"wp:attachment":[{"href":"https:\/\/biotechlerncenter.interpharma.ch\/fr\/wp-json\/wp\/v2\/media?parent=1272"}],"curies":[{"name":"wp","href":"https:\/\/api.w.org\/{rel}","templated":true}]}}