{"id":1262,"date":"2026-03-12T17:27:01","date_gmt":"2026-03-12T16:27:01","guid":{"rendered":"https:\/\/biotechlerncenter.iph-multisite.berta-bewegt.ch\/?page_id=1262"},"modified":"2026-03-13T16:52:24","modified_gmt":"2026-03-13T15:52:24","slug":"documents-de-travail-2","status":"publish","type":"page","link":"https:\/\/biotechlerncenter.interpharma.ch\/fr\/sujets\/hepatite-lorsque-le-foie-souffre-dune-inflammation\/documents-de-travail-2\/","title":{"rendered":"Documents de travail"},"content":{"rendered":"\n<p><a href=\"https:\/\/biotechlerncenter.interpharma.ch\/wp-content\/uploads\/sites\/4\/2020\/02\/470.pdf\" target=\"_blank\" rel=\"noreferrer noopener\">Dominos de l\u2019h\u00e9patite (en allemand) Herunterladen<\/a><\/p>\n\n\n\n<p>Exemples: \u00e0 l\u2019aide de diverses situations, les \u00e9l\u00e8ves apprennent \u00e0 reconna\u00eetre les voies de transmission du virus de l\u2019h\u00e9patite C et comment s\u2019en prot\u00e9ger.<\/p>\n\n\n\n<p>D\u00e9bat sur le rationnement des m\u00e9dicaments<br>Dirige une discussion sur le rationnement des m\u00e9dicaments. Prends l\u2019exemple des m\u00e9dicaments contre l\u2019h\u00e9patite C. Invit\u00e9s: patients, m\u00e9decins, fabricants, autorit\u00e9s, caisse-maladie.<\/p>\n","protected":false},"excerpt":{"rendered":"<p>Dominos de l\u2019h\u00e9patite (en allemand) Herunterladen Exemples: \u00e0 l\u2019aide de diverses situations, les \u00e9l\u00e8ves apprennent \u00e0 reconna\u00eetre les voies de transmission du virus de l\u2019h\u00e9patite C et comment s\u2019en prot\u00e9ger. D\u00e9bat sur le rationnement des m\u00e9dicamentsDirige une discussion sur le rationnement des m\u00e9dicaments. Prends l\u2019exemple des m\u00e9dicaments contre l\u2019h\u00e9patite C. Invit\u00e9s: patients, m\u00e9decins, fabricants, autorit\u00e9s, [&hellip;]<\/p>\n","protected":false},"author":1,"featured_media":0,"parent":548,"menu_order":7,"comment_status":"closed","ping_status":"closed","template":"page-templates\/unterthema.php","meta":{"_acf_changed":false,"inline_featured_image":false,"footnotes":""},"class_list":["post-1262","page","type-page","status-publish","hentry"],"acf":[],"yoast_head":"<!-- This site is optimized with the Yoast SEO Premium plugin v27.2 (Yoast SEO v27.2) - https:\/\/yoast.com\/product\/yoast-seo-premium-wordpress\/ -->\n<title>Documents de travail - biotechlerncenter<\/title>\n<meta name=\"robots\" content=\"index, follow, max-snippet:-1, max-image-preview:large, max-video-preview:-1\" \/>\n<link rel=\"canonical\" href=\"https:\/\/biotechlerncenter.interpharma.ch\/themen\/hepatitis-wenn-sich-die-leber-entzuendet\/arbeitsblaetter\/\" \/>\n<meta property=\"og:locale\" content=\"fr_FR\" \/>\n<meta property=\"og:type\" content=\"article\" \/>\n<meta property=\"og:title\" content=\"Documents de travail\" \/>\n<meta property=\"og:description\" content=\"Dominos de l\u2019h\u00e9patite (en allemand) Herunterladen Exemples: \u00e0 l\u2019aide de diverses situations, les \u00e9l\u00e8ves apprennent \u00e0 reconna\u00eetre les voies de transmission du virus de l\u2019h\u00e9patite C et comment s\u2019en prot\u00e9ger. D\u00e9bat sur le rationnement des m\u00e9dicamentsDirige une discussion sur le rationnement des m\u00e9dicaments. Prends l\u2019exemple des m\u00e9dicaments contre l\u2019h\u00e9patite C. Invit\u00e9s: patients, m\u00e9decins, fabricants, autorit\u00e9s, [&hellip;]\" \/>\n<meta property=\"og:url\" content=\"https:\/\/biotechlerncenter.interpharma.ch\/themen\/hepatitis-wenn-sich-die-leber-entzuendet\/arbeitsblaetter\/\" \/>\n<meta property=\"og:site_name\" content=\"biotechlerncenter\" \/>\n<meta property=\"article:modified_time\" content=\"2026-03-13T15:52:24+00:00\" \/>\n<meta name=\"twitter:card\" content=\"summary_large_image\" \/>\n<meta name=\"twitter:label1\" content=\"Dur\u00e9e de lecture estim\u00e9e\" \/>\n\t<meta name=\"twitter:data1\" content=\"1 minute\" \/>\n<script type=\"application\/ld+json\" class=\"yoast-schema-graph\">{\"@context\":\"https:\/\/schema.org\",\"@graph\":[{\"@type\":\"WebPage\",\"@id\":\"https:\/\/biotechlerncenter.interpharma.ch\/themen\/hepatitis-wenn-sich-die-leber-entzuendet\/arbeitsblaetter\/\",\"url\":\"https:\/\/biotechlerncenter.interpharma.ch\/themen\/hepatitis-wenn-sich-die-leber-entzuendet\/arbeitsblaetter\/\",\"name\":\"Documents de travail - biotechlerncenter\",\"isPartOf\":{\"@id\":\"https:\/\/biotechlerncenter.interpharma.ch\/#website\"},\"datePublished\":\"2026-03-12T16:27:01+00:00\",\"dateModified\":\"2026-03-13T15:52:24+00:00\",\"breadcrumb\":{\"@id\":\"https:\/\/biotechlerncenter.interpharma.ch\/themen\/hepatitis-wenn-sich-die-leber-entzuendet\/arbeitsblaetter\/#breadcrumb\"},\"inLanguage\":\"fr-FR\",\"potentialAction\":[{\"@type\":\"ReadAction\",\"target\":[\"https:\/\/biotechlerncenter.interpharma.ch\/themen\/hepatitis-wenn-sich-die-leber-entzuendet\/arbeitsblaetter\/\"]}]},{\"@type\":\"BreadcrumbList\",\"@id\":\"https:\/\/biotechlerncenter.interpharma.ch\/themen\/hepatitis-wenn-sich-die-leber-entzuendet\/arbeitsblaetter\/#breadcrumb\",\"itemListElement\":[{\"@type\":\"ListItem\",\"position\":1,\"name\":\"Start\",\"item\":\"https:\/\/biotechlerncenter.interpharma.ch\/fr\/\"},{\"@type\":\"ListItem\",\"position\":2,\"name\":\"Sujets\",\"item\":\"https:\/\/biotechlerncenter.interpharma.ch\/fr\/sujets\/\"},{\"@type\":\"ListItem\",\"position\":3,\"name\":\"H\u00e9patite: lorsque le foie souffre d\u2019une inflammation\",\"item\":\"https:\/\/biotechlerncenter.interpharma.ch\/fr\/sujets\/hepatite-lorsque-le-foie-souffre-dune-inflammation\/\"},{\"@type\":\"ListItem\",\"position\":4,\"name\":\"Documents de travail\"}]},{\"@type\":\"WebSite\",\"@id\":\"https:\/\/biotechlerncenter.interpharma.ch\/#website\",\"url\":\"https:\/\/biotechlerncenter.interpharma.ch\/\",\"name\":\"biotechlerncenter\",\"description\":\"\",\"potentialAction\":[{\"@type\":\"SearchAction\",\"target\":{\"@type\":\"EntryPoint\",\"urlTemplate\":\"https:\/\/biotechlerncenter.interpharma.ch\/?s={search_term_string}\"},\"query-input\":{\"@type\":\"PropertyValueSpecification\",\"valueRequired\":true,\"valueName\":\"search_term_string\"}}],\"inLanguage\":\"fr-FR\"}]}<\/script>\n<!-- \/ Yoast SEO Premium plugin. -->","yoast_head_json":{"title":"Documents de travail - biotechlerncenter","robots":{"index":"index","follow":"follow","max-snippet":"max-snippet:-1","max-image-preview":"max-image-preview:large","max-video-preview":"max-video-preview:-1"},"canonical":"https:\/\/biotechlerncenter.interpharma.ch\/themen\/hepatitis-wenn-sich-die-leber-entzuendet\/arbeitsblaetter\/","og_locale":"fr_FR","og_type":"article","og_title":"Documents de travail","og_description":"Dominos de l\u2019h\u00e9patite (en allemand) Herunterladen Exemples: \u00e0 l\u2019aide de diverses situations, les \u00e9l\u00e8ves apprennent \u00e0 reconna\u00eetre les voies de transmission du virus de l\u2019h\u00e9patite C et comment s\u2019en prot\u00e9ger. D\u00e9bat sur le rationnement des m\u00e9dicamentsDirige une discussion sur le rationnement des m\u00e9dicaments. Prends l\u2019exemple des m\u00e9dicaments contre l\u2019h\u00e9patite C. Invit\u00e9s: patients, m\u00e9decins, fabricants, autorit\u00e9s, [&hellip;]","og_url":"https:\/\/biotechlerncenter.interpharma.ch\/themen\/hepatitis-wenn-sich-die-leber-entzuendet\/arbeitsblaetter\/","og_site_name":"biotechlerncenter","article_modified_time":"2026-03-13T15:52:24+00:00","twitter_card":"summary_large_image","twitter_misc":{"Dur\u00e9e de lecture estim\u00e9e":"1 minute"},"schema":{"@context":"https:\/\/schema.org","@graph":[{"@type":"WebPage","@id":"https:\/\/biotechlerncenter.interpharma.ch\/themen\/hepatitis-wenn-sich-die-leber-entzuendet\/arbeitsblaetter\/","url":"https:\/\/biotechlerncenter.interpharma.ch\/themen\/hepatitis-wenn-sich-die-leber-entzuendet\/arbeitsblaetter\/","name":"Documents de travail - biotechlerncenter","isPartOf":{"@id":"https:\/\/biotechlerncenter.interpharma.ch\/#website"},"datePublished":"2026-03-12T16:27:01+00:00","dateModified":"2026-03-13T15:52:24+00:00","breadcrumb":{"@id":"https:\/\/biotechlerncenter.interpharma.ch\/themen\/hepatitis-wenn-sich-die-leber-entzuendet\/arbeitsblaetter\/#breadcrumb"},"inLanguage":"fr-FR","potentialAction":[{"@type":"ReadAction","target":["https:\/\/biotechlerncenter.interpharma.ch\/themen\/hepatitis-wenn-sich-die-leber-entzuendet\/arbeitsblaetter\/"]}]},{"@type":"BreadcrumbList","@id":"https:\/\/biotechlerncenter.interpharma.ch\/themen\/hepatitis-wenn-sich-die-leber-entzuendet\/arbeitsblaetter\/#breadcrumb","itemListElement":[{"@type":"ListItem","position":1,"name":"Start","item":"https:\/\/biotechlerncenter.interpharma.ch\/fr\/"},{"@type":"ListItem","position":2,"name":"Sujets","item":"https:\/\/biotechlerncenter.interpharma.ch\/fr\/sujets\/"},{"@type":"ListItem","position":3,"name":"H\u00e9patite: lorsque le foie souffre d\u2019une inflammation","item":"https:\/\/biotechlerncenter.interpharma.ch\/fr\/sujets\/hepatite-lorsque-le-foie-souffre-dune-inflammation\/"},{"@type":"ListItem","position":4,"name":"Documents de travail"}]},{"@type":"WebSite","@id":"https:\/\/biotechlerncenter.interpharma.ch\/#website","url":"https:\/\/biotechlerncenter.interpharma.ch\/","name":"biotechlerncenter","description":"","potentialAction":[{"@type":"SearchAction","target":{"@type":"EntryPoint","urlTemplate":"https:\/\/biotechlerncenter.interpharma.ch\/?s={search_term_string}"},"query-input":{"@type":"PropertyValueSpecification","valueRequired":true,"valueName":"search_term_string"}}],"inLanguage":"fr-FR"}]}},"_links":{"self":[{"href":"https:\/\/biotechlerncenter.interpharma.ch\/fr\/wp-json\/wp\/v2\/pages\/1262","targetHints":{"allow":["GET"]}}],"collection":[{"href":"https:\/\/biotechlerncenter.interpharma.ch\/fr\/wp-json\/wp\/v2\/pages"}],"about":[{"href":"https:\/\/biotechlerncenter.interpharma.ch\/fr\/wp-json\/wp\/v2\/types\/page"}],"author":[{"embeddable":true,"href":"https:\/\/biotechlerncenter.interpharma.ch\/fr\/wp-json\/wp\/v2\/users\/1"}],"replies":[{"embeddable":true,"href":"https:\/\/biotechlerncenter.interpharma.ch\/fr\/wp-json\/wp\/v2\/comments?post=1262"}],"version-history":[{"count":3,"href":"https:\/\/biotechlerncenter.interpharma.ch\/fr\/wp-json\/wp\/v2\/pages\/1262\/revisions"}],"predecessor-version":[{"id":3066,"href":"https:\/\/biotechlerncenter.interpharma.ch\/fr\/wp-json\/wp\/v2\/pages\/1262\/revisions\/3066"}],"up":[{"embeddable":true,"href":"https:\/\/biotechlerncenter.interpharma.ch\/fr\/wp-json\/wp\/v2\/pages\/548"}],"wp:attachment":[{"href":"https:\/\/biotechlerncenter.interpharma.ch\/fr\/wp-json\/wp\/v2\/media?parent=1262"}],"curies":[{"name":"wp","href":"https:\/\/api.w.org\/{rel}","templated":true}]}}