{"id":1234,"date":"2026-03-12T17:26:59","date_gmt":"2026-03-12T16:26:59","guid":{"rendered":"https:\/\/biotechlerncenter.iph-multisite.berta-bewegt.ch\/?page_id=1234"},"modified":"2026-03-12T17:26:59","modified_gmt":"2026-03-12T16:26:59","slug":"8-grandes-etapes-de-limmunotherapie","status":"publish","type":"page","link":"https:\/\/biotechlerncenter.interpharma.ch\/fr\/sujets\/immuno-oncologie\/8-grandes-etapes-de-limmunotherapie\/","title":{"rendered":"8. Grandes \u00e9tapes de l\u2019immunoth\u00e9rapie"},"content":{"rendered":"\n<p>L\u2019id\u00e9e d\u2019utiliser le syst\u00e8me immunitaire pour lutter contre le cancer n\u2019est pas nouvelle. William Coley r\u00e9alisa de premi\u00e8res exp\u00e9riences au Memorial Sloan-Kettering Cancer Center \u00e0 New York. Il d\u00e9veloppa un traitement bas\u00e9 sur l\u2019administration de bact\u00e9ries de l\u2019\u00e9rysip\u00e8le (streptocoques). Visiblement, ces bact\u00e9ries activaient le syst\u00e8me immunitaire, permettant de vaincre le cancer dans environ 10% des cas. La mixture est entr\u00e9e dans l\u2019histoire de la m\u00e9decine sous le nom de toxine de Coley. L\u2019effet est encore inconnu \u00e0 ce jour.<\/p>\n","protected":false},"excerpt":{"rendered":"<p>L\u2019id\u00e9e d\u2019utiliser le syst\u00e8me immunitaire pour lutter contre le cancer n\u2019est pas nouvelle. William Coley r\u00e9alisa de premi\u00e8res exp\u00e9riences au Memorial Sloan-Kettering Cancer Center \u00e0 New York. Il d\u00e9veloppa un traitement bas\u00e9 sur l\u2019administration de bact\u00e9ries de l\u2019\u00e9rysip\u00e8le (streptocoques). Visiblement, ces bact\u00e9ries activaient le syst\u00e8me immunitaire, permettant de vaincre le cancer dans environ 10% des [&hellip;]<\/p>\n","protected":false},"author":1,"featured_media":0,"parent":544,"menu_order":7,"comment_status":"closed","ping_status":"closed","template":"page-templates\/unterthema.php","meta":{"_acf_changed":false,"inline_featured_image":false,"footnotes":""},"class_list":["post-1234","page","type-page","status-publish","hentry"],"acf":[],"yoast_head":"<!-- This site is optimized with the Yoast SEO Premium plugin v27.2 (Yoast SEO v27.2) - https:\/\/yoast.com\/product\/yoast-seo-premium-wordpress\/ -->\n<title>8. Grandes \u00e9tapes de l\u2019immunoth\u00e9rapie - biotechlerncenter<\/title>\n<meta name=\"robots\" content=\"index, follow, max-snippet:-1, max-image-preview:large, max-video-preview:-1\" \/>\n<link rel=\"canonical\" href=\"https:\/\/biotechlerncenter.interpharma.ch\/themen\/immun-onkologie\/8-meilensteine-der-immuntherapie\/\" \/>\n<meta property=\"og:locale\" content=\"fr_FR\" \/>\n<meta property=\"og:type\" content=\"article\" \/>\n<meta property=\"og:title\" content=\"8. Grandes \u00e9tapes de l\u2019immunoth\u00e9rapie\" \/>\n<meta property=\"og:description\" content=\"L\u2019id\u00e9e d\u2019utiliser le syst\u00e8me immunitaire pour lutter contre le cancer n\u2019est pas nouvelle. William Coley r\u00e9alisa de premi\u00e8res exp\u00e9riences au Memorial Sloan-Kettering Cancer Center \u00e0 New York. Il d\u00e9veloppa un traitement bas\u00e9 sur l\u2019administration de bact\u00e9ries de l\u2019\u00e9rysip\u00e8le (streptocoques). Visiblement, ces bact\u00e9ries activaient le syst\u00e8me immunitaire, permettant de vaincre le cancer dans environ 10% des [&hellip;]\" \/>\n<meta property=\"og:url\" content=\"https:\/\/biotechlerncenter.interpharma.ch\/themen\/immun-onkologie\/8-meilensteine-der-immuntherapie\/\" \/>\n<meta property=\"og:site_name\" content=\"biotechlerncenter\" \/>\n<meta name=\"twitter:card\" content=\"summary_large_image\" \/>\n<script type=\"application\/ld+json\" class=\"yoast-schema-graph\">{\"@context\":\"https:\/\/schema.org\",\"@graph\":[{\"@type\":\"WebPage\",\"@id\":\"https:\/\/biotechlerncenter.interpharma.ch\/themen\/immun-onkologie\/8-meilensteine-der-immuntherapie\/\",\"url\":\"https:\/\/biotechlerncenter.interpharma.ch\/themen\/immun-onkologie\/8-meilensteine-der-immuntherapie\/\",\"name\":\"8. Grandes \u00e9tapes de l\u2019immunoth\u00e9rapie - biotechlerncenter\",\"isPartOf\":{\"@id\":\"https:\/\/biotechlerncenter.interpharma.ch\/#website\"},\"datePublished\":\"2026-03-12T16:26:59+00:00\",\"breadcrumb\":{\"@id\":\"https:\/\/biotechlerncenter.interpharma.ch\/themen\/immun-onkologie\/8-meilensteine-der-immuntherapie\/#breadcrumb\"},\"inLanguage\":\"fr-FR\",\"potentialAction\":[{\"@type\":\"ReadAction\",\"target\":[\"https:\/\/biotechlerncenter.interpharma.ch\/themen\/immun-onkologie\/8-meilensteine-der-immuntherapie\/\"]}]},{\"@type\":\"BreadcrumbList\",\"@id\":\"https:\/\/biotechlerncenter.interpharma.ch\/themen\/immun-onkologie\/8-meilensteine-der-immuntherapie\/#breadcrumb\",\"itemListElement\":[{\"@type\":\"ListItem\",\"position\":1,\"name\":\"Start\",\"item\":\"https:\/\/biotechlerncenter.interpharma.ch\/fr\/\"},{\"@type\":\"ListItem\",\"position\":2,\"name\":\"Sujets\",\"item\":\"https:\/\/biotechlerncenter.interpharma.ch\/fr\/sujets\/\"},{\"@type\":\"ListItem\",\"position\":3,\"name\":\"Immuno-oncologie\",\"item\":\"https:\/\/biotechlerncenter.interpharma.ch\/fr\/sujets\/immuno-oncologie\/\"},{\"@type\":\"ListItem\",\"position\":4,\"name\":\"8. Grandes \u00e9tapes de l\u2019immunoth\u00e9rapie\"}]},{\"@type\":\"WebSite\",\"@id\":\"https:\/\/biotechlerncenter.interpharma.ch\/#website\",\"url\":\"https:\/\/biotechlerncenter.interpharma.ch\/\",\"name\":\"biotechlerncenter\",\"description\":\"\",\"potentialAction\":[{\"@type\":\"SearchAction\",\"target\":{\"@type\":\"EntryPoint\",\"urlTemplate\":\"https:\/\/biotechlerncenter.interpharma.ch\/?s={search_term_string}\"},\"query-input\":{\"@type\":\"PropertyValueSpecification\",\"valueRequired\":true,\"valueName\":\"search_term_string\"}}],\"inLanguage\":\"fr-FR\"}]}<\/script>\n<!-- \/ Yoast SEO Premium plugin. -->","yoast_head_json":{"title":"8. Grandes \u00e9tapes de l\u2019immunoth\u00e9rapie - biotechlerncenter","robots":{"index":"index","follow":"follow","max-snippet":"max-snippet:-1","max-image-preview":"max-image-preview:large","max-video-preview":"max-video-preview:-1"},"canonical":"https:\/\/biotechlerncenter.interpharma.ch\/themen\/immun-onkologie\/8-meilensteine-der-immuntherapie\/","og_locale":"fr_FR","og_type":"article","og_title":"8. Grandes \u00e9tapes de l\u2019immunoth\u00e9rapie","og_description":"L\u2019id\u00e9e d\u2019utiliser le syst\u00e8me immunitaire pour lutter contre le cancer n\u2019est pas nouvelle. William Coley r\u00e9alisa de premi\u00e8res exp\u00e9riences au Memorial Sloan-Kettering Cancer Center \u00e0 New York. Il d\u00e9veloppa un traitement bas\u00e9 sur l\u2019administration de bact\u00e9ries de l\u2019\u00e9rysip\u00e8le (streptocoques). Visiblement, ces bact\u00e9ries activaient le syst\u00e8me immunitaire, permettant de vaincre le cancer dans environ 10% des [&hellip;]","og_url":"https:\/\/biotechlerncenter.interpharma.ch\/themen\/immun-onkologie\/8-meilensteine-der-immuntherapie\/","og_site_name":"biotechlerncenter","twitter_card":"summary_large_image","schema":{"@context":"https:\/\/schema.org","@graph":[{"@type":"WebPage","@id":"https:\/\/biotechlerncenter.interpharma.ch\/themen\/immun-onkologie\/8-meilensteine-der-immuntherapie\/","url":"https:\/\/biotechlerncenter.interpharma.ch\/themen\/immun-onkologie\/8-meilensteine-der-immuntherapie\/","name":"8. Grandes \u00e9tapes de l\u2019immunoth\u00e9rapie - biotechlerncenter","isPartOf":{"@id":"https:\/\/biotechlerncenter.interpharma.ch\/#website"},"datePublished":"2026-03-12T16:26:59+00:00","breadcrumb":{"@id":"https:\/\/biotechlerncenter.interpharma.ch\/themen\/immun-onkologie\/8-meilensteine-der-immuntherapie\/#breadcrumb"},"inLanguage":"fr-FR","potentialAction":[{"@type":"ReadAction","target":["https:\/\/biotechlerncenter.interpharma.ch\/themen\/immun-onkologie\/8-meilensteine-der-immuntherapie\/"]}]},{"@type":"BreadcrumbList","@id":"https:\/\/biotechlerncenter.interpharma.ch\/themen\/immun-onkologie\/8-meilensteine-der-immuntherapie\/#breadcrumb","itemListElement":[{"@type":"ListItem","position":1,"name":"Start","item":"https:\/\/biotechlerncenter.interpharma.ch\/fr\/"},{"@type":"ListItem","position":2,"name":"Sujets","item":"https:\/\/biotechlerncenter.interpharma.ch\/fr\/sujets\/"},{"@type":"ListItem","position":3,"name":"Immuno-oncologie","item":"https:\/\/biotechlerncenter.interpharma.ch\/fr\/sujets\/immuno-oncologie\/"},{"@type":"ListItem","position":4,"name":"8. Grandes \u00e9tapes de l\u2019immunoth\u00e9rapie"}]},{"@type":"WebSite","@id":"https:\/\/biotechlerncenter.interpharma.ch\/#website","url":"https:\/\/biotechlerncenter.interpharma.ch\/","name":"biotechlerncenter","description":"","potentialAction":[{"@type":"SearchAction","target":{"@type":"EntryPoint","urlTemplate":"https:\/\/biotechlerncenter.interpharma.ch\/?s={search_term_string}"},"query-input":{"@type":"PropertyValueSpecification","valueRequired":true,"valueName":"search_term_string"}}],"inLanguage":"fr-FR"}]}},"_links":{"self":[{"href":"https:\/\/biotechlerncenter.interpharma.ch\/fr\/wp-json\/wp\/v2\/pages\/1234","targetHints":{"allow":["GET"]}}],"collection":[{"href":"https:\/\/biotechlerncenter.interpharma.ch\/fr\/wp-json\/wp\/v2\/pages"}],"about":[{"href":"https:\/\/biotechlerncenter.interpharma.ch\/fr\/wp-json\/wp\/v2\/types\/page"}],"author":[{"embeddable":true,"href":"https:\/\/biotechlerncenter.interpharma.ch\/fr\/wp-json\/wp\/v2\/users\/1"}],"replies":[{"embeddable":true,"href":"https:\/\/biotechlerncenter.interpharma.ch\/fr\/wp-json\/wp\/v2\/comments?post=1234"}],"version-history":[{"count":1,"href":"https:\/\/biotechlerncenter.interpharma.ch\/fr\/wp-json\/wp\/v2\/pages\/1234\/revisions"}],"predecessor-version":[{"id":1235,"href":"https:\/\/biotechlerncenter.interpharma.ch\/fr\/wp-json\/wp\/v2\/pages\/1234\/revisions\/1235"}],"up":[{"embeddable":true,"href":"https:\/\/biotechlerncenter.interpharma.ch\/fr\/wp-json\/wp\/v2\/pages\/544"}],"wp:attachment":[{"href":"https:\/\/biotechlerncenter.interpharma.ch\/fr\/wp-json\/wp\/v2\/media?parent=1234"}],"curies":[{"name":"wp","href":"https:\/\/api.w.org\/{rel}","templated":true}]}}