{"id":1222,"date":"2026-03-12T17:26:59","date_gmt":"2026-03-12T16:26:59","guid":{"rendered":"https:\/\/biotechlerncenter.iph-multisite.berta-bewegt.ch\/?page_id=1222"},"modified":"2026-03-12T17:26:59","modified_gmt":"2026-03-12T16:26:59","slug":"5-die-kontrolle-behalten","status":"publish","type":"page","link":"https:\/\/biotechlerncenter.interpharma.ch\/fr\/sujets\/immuno-oncologie\/5-die-kontrolle-behalten\/","title":{"rendered":"5. Garder le contr\u00f4le"},"content":{"rendered":"\n<p>Il existe encore un autre obstacle au d\u00e9veloppement des immunoth\u00e9rapies: la difficult\u00e9 \u00e0 activer le syst\u00e8me immunitaire tout en le gardant sous contr\u00f4le. En effet, on veut d\u2019un c\u00f4t\u00e9 booster le syst\u00e8me immunitaire pour qu\u2019il s\u2019attaque aux cellules canc\u00e9reuses, mais de l\u2019autre c\u00f4t\u00e9, il risque alors de se d\u00e9cha\u00eener de mani\u00e8re incontr\u00f4l\u00e9e, d\u2019attaquer les propres organes et de d\u00e9clencher des effets secondaires tr\u00e8s graves. On a encore besoin de beaucoup de recherches pour arriver \u00e0 g\u00e9rer ces probl\u00e8mes.<\/p>\n","protected":false},"excerpt":{"rendered":"<p>Il existe encore un autre obstacle au d\u00e9veloppement des immunoth\u00e9rapies: la difficult\u00e9 \u00e0 activer le syst\u00e8me immunitaire tout en le gardant sous contr\u00f4le. En effet, on veut d\u2019un c\u00f4t\u00e9 booster le syst\u00e8me immunitaire pour qu\u2019il s\u2019attaque aux cellules canc\u00e9reuses, mais de l\u2019autre c\u00f4t\u00e9, il risque alors de se d\u00e9cha\u00eener de mani\u00e8re incontr\u00f4l\u00e9e, d\u2019attaquer les propres [&hellip;]<\/p>\n","protected":false},"author":1,"featured_media":0,"parent":544,"menu_order":4,"comment_status":"closed","ping_status":"closed","template":"page-templates\/unterthema.php","meta":{"_acf_changed":false,"inline_featured_image":false,"footnotes":""},"class_list":["post-1222","page","type-page","status-publish","hentry"],"acf":[],"yoast_head":"<!-- This site is optimized with the Yoast SEO Premium plugin v27.2 (Yoast SEO v27.2) - https:\/\/yoast.com\/product\/yoast-seo-premium-wordpress\/ -->\n<title>5. Garder le contr\u00f4le - biotechlerncenter<\/title>\n<meta name=\"robots\" content=\"index, follow, max-snippet:-1, max-image-preview:large, max-video-preview:-1\" \/>\n<link rel=\"canonical\" href=\"https:\/\/biotechlerncenter.interpharma.ch\/themen\/immun-onkologie\/5-die-kontrolle-behalten\/\" \/>\n<meta property=\"og:locale\" content=\"fr_FR\" \/>\n<meta property=\"og:type\" content=\"article\" \/>\n<meta property=\"og:title\" content=\"5. Garder le contr\u00f4le\" \/>\n<meta property=\"og:description\" content=\"Il existe encore un autre obstacle au d\u00e9veloppement des immunoth\u00e9rapies: la difficult\u00e9 \u00e0 activer le syst\u00e8me immunitaire tout en le gardant sous contr\u00f4le. En effet, on veut d\u2019un c\u00f4t\u00e9 booster le syst\u00e8me immunitaire pour qu\u2019il s\u2019attaque aux cellules canc\u00e9reuses, mais de l\u2019autre c\u00f4t\u00e9, il risque alors de se d\u00e9cha\u00eener de mani\u00e8re incontr\u00f4l\u00e9e, d\u2019attaquer les propres [&hellip;]\" \/>\n<meta property=\"og:url\" content=\"https:\/\/biotechlerncenter.interpharma.ch\/themen\/immun-onkologie\/5-die-kontrolle-behalten\/\" \/>\n<meta property=\"og:site_name\" content=\"biotechlerncenter\" \/>\n<meta name=\"twitter:card\" content=\"summary_large_image\" \/>\n<script type=\"application\/ld+json\" class=\"yoast-schema-graph\">{\"@context\":\"https:\/\/schema.org\",\"@graph\":[{\"@type\":\"WebPage\",\"@id\":\"https:\/\/biotechlerncenter.interpharma.ch\/themen\/immun-onkologie\/5-die-kontrolle-behalten\/\",\"url\":\"https:\/\/biotechlerncenter.interpharma.ch\/themen\/immun-onkologie\/5-die-kontrolle-behalten\/\",\"name\":\"5. Garder le contr\u00f4le - biotechlerncenter\",\"isPartOf\":{\"@id\":\"https:\/\/biotechlerncenter.interpharma.ch\/#website\"},\"datePublished\":\"2026-03-12T16:26:59+00:00\",\"breadcrumb\":{\"@id\":\"https:\/\/biotechlerncenter.interpharma.ch\/themen\/immun-onkologie\/5-die-kontrolle-behalten\/#breadcrumb\"},\"inLanguage\":\"fr-FR\",\"potentialAction\":[{\"@type\":\"ReadAction\",\"target\":[\"https:\/\/biotechlerncenter.interpharma.ch\/themen\/immun-onkologie\/5-die-kontrolle-behalten\/\"]}]},{\"@type\":\"BreadcrumbList\",\"@id\":\"https:\/\/biotechlerncenter.interpharma.ch\/themen\/immun-onkologie\/5-die-kontrolle-behalten\/#breadcrumb\",\"itemListElement\":[{\"@type\":\"ListItem\",\"position\":1,\"name\":\"Start\",\"item\":\"https:\/\/biotechlerncenter.interpharma.ch\/fr\/\"},{\"@type\":\"ListItem\",\"position\":2,\"name\":\"Sujets\",\"item\":\"https:\/\/biotechlerncenter.interpharma.ch\/fr\/sujets\/\"},{\"@type\":\"ListItem\",\"position\":3,\"name\":\"Immuno-oncologie\",\"item\":\"https:\/\/biotechlerncenter.interpharma.ch\/fr\/sujets\/immuno-oncologie\/\"},{\"@type\":\"ListItem\",\"position\":4,\"name\":\"5. Garder le contr\u00f4le\"}]},{\"@type\":\"WebSite\",\"@id\":\"https:\/\/biotechlerncenter.interpharma.ch\/#website\",\"url\":\"https:\/\/biotechlerncenter.interpharma.ch\/\",\"name\":\"biotechlerncenter\",\"description\":\"\",\"potentialAction\":[{\"@type\":\"SearchAction\",\"target\":{\"@type\":\"EntryPoint\",\"urlTemplate\":\"https:\/\/biotechlerncenter.interpharma.ch\/?s={search_term_string}\"},\"query-input\":{\"@type\":\"PropertyValueSpecification\",\"valueRequired\":true,\"valueName\":\"search_term_string\"}}],\"inLanguage\":\"fr-FR\"}]}<\/script>\n<!-- \/ Yoast SEO Premium plugin. -->","yoast_head_json":{"title":"5. Garder le contr\u00f4le - biotechlerncenter","robots":{"index":"index","follow":"follow","max-snippet":"max-snippet:-1","max-image-preview":"max-image-preview:large","max-video-preview":"max-video-preview:-1"},"canonical":"https:\/\/biotechlerncenter.interpharma.ch\/themen\/immun-onkologie\/5-die-kontrolle-behalten\/","og_locale":"fr_FR","og_type":"article","og_title":"5. Garder le contr\u00f4le","og_description":"Il existe encore un autre obstacle au d\u00e9veloppement des immunoth\u00e9rapies: la difficult\u00e9 \u00e0 activer le syst\u00e8me immunitaire tout en le gardant sous contr\u00f4le. En effet, on veut d\u2019un c\u00f4t\u00e9 booster le syst\u00e8me immunitaire pour qu\u2019il s\u2019attaque aux cellules canc\u00e9reuses, mais de l\u2019autre c\u00f4t\u00e9, il risque alors de se d\u00e9cha\u00eener de mani\u00e8re incontr\u00f4l\u00e9e, d\u2019attaquer les propres [&hellip;]","og_url":"https:\/\/biotechlerncenter.interpharma.ch\/themen\/immun-onkologie\/5-die-kontrolle-behalten\/","og_site_name":"biotechlerncenter","twitter_card":"summary_large_image","schema":{"@context":"https:\/\/schema.org","@graph":[{"@type":"WebPage","@id":"https:\/\/biotechlerncenter.interpharma.ch\/themen\/immun-onkologie\/5-die-kontrolle-behalten\/","url":"https:\/\/biotechlerncenter.interpharma.ch\/themen\/immun-onkologie\/5-die-kontrolle-behalten\/","name":"5. Garder le contr\u00f4le - biotechlerncenter","isPartOf":{"@id":"https:\/\/biotechlerncenter.interpharma.ch\/#website"},"datePublished":"2026-03-12T16:26:59+00:00","breadcrumb":{"@id":"https:\/\/biotechlerncenter.interpharma.ch\/themen\/immun-onkologie\/5-die-kontrolle-behalten\/#breadcrumb"},"inLanguage":"fr-FR","potentialAction":[{"@type":"ReadAction","target":["https:\/\/biotechlerncenter.interpharma.ch\/themen\/immun-onkologie\/5-die-kontrolle-behalten\/"]}]},{"@type":"BreadcrumbList","@id":"https:\/\/biotechlerncenter.interpharma.ch\/themen\/immun-onkologie\/5-die-kontrolle-behalten\/#breadcrumb","itemListElement":[{"@type":"ListItem","position":1,"name":"Start","item":"https:\/\/biotechlerncenter.interpharma.ch\/fr\/"},{"@type":"ListItem","position":2,"name":"Sujets","item":"https:\/\/biotechlerncenter.interpharma.ch\/fr\/sujets\/"},{"@type":"ListItem","position":3,"name":"Immuno-oncologie","item":"https:\/\/biotechlerncenter.interpharma.ch\/fr\/sujets\/immuno-oncologie\/"},{"@type":"ListItem","position":4,"name":"5. Garder le contr\u00f4le"}]},{"@type":"WebSite","@id":"https:\/\/biotechlerncenter.interpharma.ch\/#website","url":"https:\/\/biotechlerncenter.interpharma.ch\/","name":"biotechlerncenter","description":"","potentialAction":[{"@type":"SearchAction","target":{"@type":"EntryPoint","urlTemplate":"https:\/\/biotechlerncenter.interpharma.ch\/?s={search_term_string}"},"query-input":{"@type":"PropertyValueSpecification","valueRequired":true,"valueName":"search_term_string"}}],"inLanguage":"fr-FR"}]}},"_links":{"self":[{"href":"https:\/\/biotechlerncenter.interpharma.ch\/fr\/wp-json\/wp\/v2\/pages\/1222","targetHints":{"allow":["GET"]}}],"collection":[{"href":"https:\/\/biotechlerncenter.interpharma.ch\/fr\/wp-json\/wp\/v2\/pages"}],"about":[{"href":"https:\/\/biotechlerncenter.interpharma.ch\/fr\/wp-json\/wp\/v2\/types\/page"}],"author":[{"embeddable":true,"href":"https:\/\/biotechlerncenter.interpharma.ch\/fr\/wp-json\/wp\/v2\/users\/1"}],"replies":[{"embeddable":true,"href":"https:\/\/biotechlerncenter.interpharma.ch\/fr\/wp-json\/wp\/v2\/comments?post=1222"}],"version-history":[{"count":1,"href":"https:\/\/biotechlerncenter.interpharma.ch\/fr\/wp-json\/wp\/v2\/pages\/1222\/revisions"}],"predecessor-version":[{"id":1223,"href":"https:\/\/biotechlerncenter.interpharma.ch\/fr\/wp-json\/wp\/v2\/pages\/1222\/revisions\/1223"}],"up":[{"embeddable":true,"href":"https:\/\/biotechlerncenter.interpharma.ch\/fr\/wp-json\/wp\/v2\/pages\/544"}],"wp:attachment":[{"href":"https:\/\/biotechlerncenter.interpharma.ch\/fr\/wp-json\/wp\/v2\/media?parent=1222"}],"curies":[{"name":"wp","href":"https:\/\/api.w.org\/{rel}","templated":true}]}}