{"id":1218,"date":"2026-03-12T17:26:59","date_gmt":"2026-03-12T16:26:59","guid":{"rendered":"https:\/\/biotechlerncenter.iph-multisite.berta-bewegt.ch\/?page_id=1218"},"modified":"2026-03-12T17:26:59","modified_gmt":"2026-03-12T16:26:59","slug":"4-rendre-les-cellules-cancereuses-visibles","status":"publish","type":"page","link":"https:\/\/biotechlerncenter.interpharma.ch\/fr\/sujets\/immuno-oncologie\/4-rendre-les-cellules-cancereuses-visibles\/","title":{"rendered":"4. Rendre les cellules canc\u00e9reuses visibles"},"content":{"rendered":"\n<p>Le but de l\u2019immunoth\u00e9rapie contre le cancer est de rendre les cellules canc\u00e9reuses visibles pour le syst\u00e8me immunitaire et de renforcer celui-ci. Soit en activant et en renfor\u00e7ant le syst\u00e8me immunitaire dans son ensemble. Soit en marquant les cellules canc\u00e9reuses, par exemple \u00e0 l\u2019aide d\u2019anticorps monoclonaux, une approche int\u00e9ressante, d\u00e9j\u00e0 introduite avec succ\u00e8s (voir \u00e0 ce sujet le chapitre \u00abAnticorps\u00bb). Les anticorps monoclonaux se fixent sp\u00e9cifiquement \u00e0 la cellule canc\u00e9reuse et la marquent, un peu comme s\u2019ils y plantaient un petit drapeau, pour donner au syst\u00e8me immunitaire le signal de la d\u00e9truire.<\/p>\n\n\n\n<p>Pour pouvoir planter le drapeau, il faut ce que l\u2019on appelle un antig\u00e8ne tumoral. L\u2019antig\u00e8ne tumoral id\u00e9al est une mol\u00e9cule qui existe uniquement \u00e0 la surface des cellules canc\u00e9reuses, mais pas \u00e0 la surface des cellules saines, en quelque sorte une caract\u00e9ristique dont les cellules canc\u00e9reuses ont l\u2019exclusivit\u00e9. On pourrait alors fabriquer en laboratoire l\u2019anticorps monoclonal correspondant, qui se fixe sur cet antig\u00e8ne et marque la cellule canc\u00e9reuse. Le syst\u00e8me immunitaire d\u00e9truirait toutes les cellules canc\u00e9reuses sans toucher aux cellules saines. Effets secondaires: quasiment aucun.<\/p>\n\n\n\n<p>Le probl\u00e8me est que l\u2019antig\u00e8ne tumoral parfait n\u2019existe pas. On conna\u00eet aujourd\u2019hui environ 2000 antig\u00e8nes tumoraux diff\u00e9rents (p. ex. CD19, voir le tableau), mais aucun d\u2019eux n\u2019est pr\u00e9sent exclusivement sur les cellules canc\u00e9reuses, ils apparaissent toujours aussi sur des cellules saines. C\u2019est une question de fr\u00e9quence: les antig\u00e8nes tumoraux sont plus fr\u00e9quents sur les cellules canc\u00e9reuses que sur les cellules saines. Malgr\u00e9 tout, cela veut dire que des cellules saines sont aussi attaqu\u00e9es, d\u2019o\u00f9 des effets secondaires. C\u2019est la raison pour laquelle les essais cliniques portant sur les immunoth\u00e9rapies \u00e9chouent souvent<\/p>\n","protected":false},"excerpt":{"rendered":"<p>Le but de l\u2019immunoth\u00e9rapie contre le cancer est de rendre les cellules canc\u00e9reuses visibles pour le syst\u00e8me immunitaire et de renforcer celui-ci. Soit en activant et en renfor\u00e7ant le syst\u00e8me immunitaire dans son ensemble. Soit en marquant les cellules canc\u00e9reuses, par exemple \u00e0 l\u2019aide d\u2019anticorps monoclonaux, une approche int\u00e9ressante, d\u00e9j\u00e0 introduite avec succ\u00e8s (voir \u00e0 [&hellip;]<\/p>\n","protected":false},"author":1,"featured_media":0,"parent":544,"menu_order":3,"comment_status":"closed","ping_status":"closed","template":"page-templates\/unterthema.php","meta":{"_acf_changed":false,"inline_featured_image":false,"footnotes":""},"class_list":["post-1218","page","type-page","status-publish","hentry"],"acf":[],"yoast_head":"<!-- This site is optimized with the Yoast SEO Premium plugin v27.2 (Yoast SEO v27.2) - https:\/\/yoast.com\/product\/yoast-seo-premium-wordpress\/ -->\n<title>4. Rendre les cellules canc\u00e9reuses visibles - biotechlerncenter<\/title>\n<meta name=\"robots\" content=\"index, follow, max-snippet:-1, max-image-preview:large, max-video-preview:-1\" \/>\n<link rel=\"canonical\" href=\"https:\/\/biotechlerncenter.interpharma.ch\/themen\/immun-onkologie\/4-die-krebszellen-sichtbar-machen\/\" \/>\n<meta property=\"og:locale\" content=\"fr_FR\" \/>\n<meta property=\"og:type\" content=\"article\" \/>\n<meta property=\"og:title\" content=\"4. Rendre les cellules canc\u00e9reuses visibles\" \/>\n<meta property=\"og:description\" content=\"Le but de l\u2019immunoth\u00e9rapie contre le cancer est de rendre les cellules canc\u00e9reuses visibles pour le syst\u00e8me immunitaire et de renforcer celui-ci. Soit en activant et en renfor\u00e7ant le syst\u00e8me immunitaire dans son ensemble. Soit en marquant les cellules canc\u00e9reuses, par exemple \u00e0 l\u2019aide d\u2019anticorps monoclonaux, une approche int\u00e9ressante, d\u00e9j\u00e0 introduite avec succ\u00e8s (voir \u00e0 [&hellip;]\" \/>\n<meta property=\"og:url\" content=\"https:\/\/biotechlerncenter.interpharma.ch\/themen\/immun-onkologie\/4-die-krebszellen-sichtbar-machen\/\" \/>\n<meta property=\"og:site_name\" content=\"biotechlerncenter\" \/>\n<meta name=\"twitter:card\" content=\"summary_large_image\" \/>\n<meta name=\"twitter:label1\" content=\"Dur\u00e9e de lecture estim\u00e9e\" \/>\n\t<meta name=\"twitter:data1\" content=\"2 minutes\" \/>\n<script type=\"application\/ld+json\" class=\"yoast-schema-graph\">{\"@context\":\"https:\/\/schema.org\",\"@graph\":[{\"@type\":\"WebPage\",\"@id\":\"https:\/\/biotechlerncenter.interpharma.ch\/themen\/immun-onkologie\/4-die-krebszellen-sichtbar-machen\/\",\"url\":\"https:\/\/biotechlerncenter.interpharma.ch\/themen\/immun-onkologie\/4-die-krebszellen-sichtbar-machen\/\",\"name\":\"4. Rendre les cellules canc\u00e9reuses visibles - biotechlerncenter\",\"isPartOf\":{\"@id\":\"https:\/\/biotechlerncenter.interpharma.ch\/#website\"},\"datePublished\":\"2026-03-12T16:26:59+00:00\",\"breadcrumb\":{\"@id\":\"https:\/\/biotechlerncenter.interpharma.ch\/themen\/immun-onkologie\/4-die-krebszellen-sichtbar-machen\/#breadcrumb\"},\"inLanguage\":\"fr-FR\",\"potentialAction\":[{\"@type\":\"ReadAction\",\"target\":[\"https:\/\/biotechlerncenter.interpharma.ch\/themen\/immun-onkologie\/4-die-krebszellen-sichtbar-machen\/\"]}]},{\"@type\":\"BreadcrumbList\",\"@id\":\"https:\/\/biotechlerncenter.interpharma.ch\/themen\/immun-onkologie\/4-die-krebszellen-sichtbar-machen\/#breadcrumb\",\"itemListElement\":[{\"@type\":\"ListItem\",\"position\":1,\"name\":\"Start\",\"item\":\"https:\/\/biotechlerncenter.interpharma.ch\/fr\/\"},{\"@type\":\"ListItem\",\"position\":2,\"name\":\"Sujets\",\"item\":\"https:\/\/biotechlerncenter.interpharma.ch\/fr\/sujets\/\"},{\"@type\":\"ListItem\",\"position\":3,\"name\":\"Immuno-oncologie\",\"item\":\"https:\/\/biotechlerncenter.interpharma.ch\/fr\/sujets\/immuno-oncologie\/\"},{\"@type\":\"ListItem\",\"position\":4,\"name\":\"4. Rendre les cellules canc\u00e9reuses visibles\"}]},{\"@type\":\"WebSite\",\"@id\":\"https:\/\/biotechlerncenter.interpharma.ch\/#website\",\"url\":\"https:\/\/biotechlerncenter.interpharma.ch\/\",\"name\":\"biotechlerncenter\",\"description\":\"\",\"potentialAction\":[{\"@type\":\"SearchAction\",\"target\":{\"@type\":\"EntryPoint\",\"urlTemplate\":\"https:\/\/biotechlerncenter.interpharma.ch\/?s={search_term_string}\"},\"query-input\":{\"@type\":\"PropertyValueSpecification\",\"valueRequired\":true,\"valueName\":\"search_term_string\"}}],\"inLanguage\":\"fr-FR\"}]}<\/script>\n<!-- \/ Yoast SEO Premium plugin. -->","yoast_head_json":{"title":"4. Rendre les cellules canc\u00e9reuses visibles - biotechlerncenter","robots":{"index":"index","follow":"follow","max-snippet":"max-snippet:-1","max-image-preview":"max-image-preview:large","max-video-preview":"max-video-preview:-1"},"canonical":"https:\/\/biotechlerncenter.interpharma.ch\/themen\/immun-onkologie\/4-die-krebszellen-sichtbar-machen\/","og_locale":"fr_FR","og_type":"article","og_title":"4. Rendre les cellules canc\u00e9reuses visibles","og_description":"Le but de l\u2019immunoth\u00e9rapie contre le cancer est de rendre les cellules canc\u00e9reuses visibles pour le syst\u00e8me immunitaire et de renforcer celui-ci. Soit en activant et en renfor\u00e7ant le syst\u00e8me immunitaire dans son ensemble. Soit en marquant les cellules canc\u00e9reuses, par exemple \u00e0 l\u2019aide d\u2019anticorps monoclonaux, une approche int\u00e9ressante, d\u00e9j\u00e0 introduite avec succ\u00e8s (voir \u00e0 [&hellip;]","og_url":"https:\/\/biotechlerncenter.interpharma.ch\/themen\/immun-onkologie\/4-die-krebszellen-sichtbar-machen\/","og_site_name":"biotechlerncenter","twitter_card":"summary_large_image","twitter_misc":{"Dur\u00e9e de lecture estim\u00e9e":"2 minutes"},"schema":{"@context":"https:\/\/schema.org","@graph":[{"@type":"WebPage","@id":"https:\/\/biotechlerncenter.interpharma.ch\/themen\/immun-onkologie\/4-die-krebszellen-sichtbar-machen\/","url":"https:\/\/biotechlerncenter.interpharma.ch\/themen\/immun-onkologie\/4-die-krebszellen-sichtbar-machen\/","name":"4. Rendre les cellules canc\u00e9reuses visibles - biotechlerncenter","isPartOf":{"@id":"https:\/\/biotechlerncenter.interpharma.ch\/#website"},"datePublished":"2026-03-12T16:26:59+00:00","breadcrumb":{"@id":"https:\/\/biotechlerncenter.interpharma.ch\/themen\/immun-onkologie\/4-die-krebszellen-sichtbar-machen\/#breadcrumb"},"inLanguage":"fr-FR","potentialAction":[{"@type":"ReadAction","target":["https:\/\/biotechlerncenter.interpharma.ch\/themen\/immun-onkologie\/4-die-krebszellen-sichtbar-machen\/"]}]},{"@type":"BreadcrumbList","@id":"https:\/\/biotechlerncenter.interpharma.ch\/themen\/immun-onkologie\/4-die-krebszellen-sichtbar-machen\/#breadcrumb","itemListElement":[{"@type":"ListItem","position":1,"name":"Start","item":"https:\/\/biotechlerncenter.interpharma.ch\/fr\/"},{"@type":"ListItem","position":2,"name":"Sujets","item":"https:\/\/biotechlerncenter.interpharma.ch\/fr\/sujets\/"},{"@type":"ListItem","position":3,"name":"Immuno-oncologie","item":"https:\/\/biotechlerncenter.interpharma.ch\/fr\/sujets\/immuno-oncologie\/"},{"@type":"ListItem","position":4,"name":"4. Rendre les cellules canc\u00e9reuses visibles"}]},{"@type":"WebSite","@id":"https:\/\/biotechlerncenter.interpharma.ch\/#website","url":"https:\/\/biotechlerncenter.interpharma.ch\/","name":"biotechlerncenter","description":"","potentialAction":[{"@type":"SearchAction","target":{"@type":"EntryPoint","urlTemplate":"https:\/\/biotechlerncenter.interpharma.ch\/?s={search_term_string}"},"query-input":{"@type":"PropertyValueSpecification","valueRequired":true,"valueName":"search_term_string"}}],"inLanguage":"fr-FR"}]}},"_links":{"self":[{"href":"https:\/\/biotechlerncenter.interpharma.ch\/fr\/wp-json\/wp\/v2\/pages\/1218","targetHints":{"allow":["GET"]}}],"collection":[{"href":"https:\/\/biotechlerncenter.interpharma.ch\/fr\/wp-json\/wp\/v2\/pages"}],"about":[{"href":"https:\/\/biotechlerncenter.interpharma.ch\/fr\/wp-json\/wp\/v2\/types\/page"}],"author":[{"embeddable":true,"href":"https:\/\/biotechlerncenter.interpharma.ch\/fr\/wp-json\/wp\/v2\/users\/1"}],"replies":[{"embeddable":true,"href":"https:\/\/biotechlerncenter.interpharma.ch\/fr\/wp-json\/wp\/v2\/comments?post=1218"}],"version-history":[{"count":1,"href":"https:\/\/biotechlerncenter.interpharma.ch\/fr\/wp-json\/wp\/v2\/pages\/1218\/revisions"}],"predecessor-version":[{"id":1219,"href":"https:\/\/biotechlerncenter.interpharma.ch\/fr\/wp-json\/wp\/v2\/pages\/1218\/revisions\/1219"}],"up":[{"embeddable":true,"href":"https:\/\/biotechlerncenter.interpharma.ch\/fr\/wp-json\/wp\/v2\/pages\/544"}],"wp:attachment":[{"href":"https:\/\/biotechlerncenter.interpharma.ch\/fr\/wp-json\/wp\/v2\/media?parent=1218"}],"curies":[{"name":"wp","href":"https:\/\/api.w.org\/{rel}","templated":true}]}}