{"id":1214,"date":"2026-03-12T17:26:59","date_gmt":"2026-03-12T16:26:59","guid":{"rendered":"https:\/\/biotechlerncenter.iph-multisite.berta-bewegt.ch\/?page_id=1214"},"modified":"2026-03-12T17:26:59","modified_gmt":"2026-03-12T16:26:59","slug":"3-comment-fonctionne-limmunotherapie-contre-le-cancer","status":"publish","type":"page","link":"https:\/\/biotechlerncenter.interpharma.ch\/fr\/sujets\/immuno-oncologie\/3-comment-fonctionne-limmunotherapie-contre-le-cancer\/","title":{"rendered":"3. Comment fonctionne l\u2019immunoth\u00e9rapie contre le cancer?"},"content":{"rendered":"\n<p>Des cellules canc\u00e9reuses se forment en permanence dans le corps humain. Mais dans la plupart des cas, le syst\u00e8me immunitaire les reconna\u00eet et les d\u00e9truit avant qu\u2019elles ne puissent faire de mal. Cependant, il arrive parfois que le syst\u00e8me immunitaire, m\u00eame sans qu\u2019il soit affaibli, ne d\u00e9tecte pas les cellules canc\u00e9reuses. Des personnes dont le syst\u00e8me immunitaire est en parfaite sant\u00e9 peuvent contracter un cancer.<\/p>\n\n\n\n<p>Mais comment les cellules canc\u00e9reuses s\u2019y prennent-elles pour que le syst\u00e8me immunitaire ne les reconnaisse pas? Elles ont une caract\u00e9ristique particuli\u00e8re qui leur permet parfois de se \u00abdissimuler\u00bb pour que le syst\u00e8me immunitaire de l\u2019organisme ne les rep\u00e8re pas. Elles sont anormales, malades, et devraient donc \u00eatre rep\u00e9r\u00e9es et d\u00e9truites par le syst\u00e8me immunitaire. Mais les cellules canc\u00e9reuses naissent de cellules appartenant \u00e0 l\u2019organisme. Elles ne sont pas \u00e9trang\u00e8res comme les bact\u00e9ries qui p\u00e9n\u00e8trent dans l\u2019organisme de l\u2019ext\u00e9rieur. Les cellules canc\u00e9reuses sont des cellules du corps qui se divisent de mani\u00e8re incontr\u00f4l\u00e9e. Cela leur sert \u00e0 se dissimuler: elles se font passer pour des cellules de l\u2019organisme et d\u00e9gagent des substances qui perturbent le syst\u00e8me immunitaire et lui font croire, \u00e0 tort, que ces cellules sont parfaitement normales.<\/p>\n","protected":false},"excerpt":{"rendered":"<p>Des cellules canc\u00e9reuses se forment en permanence dans le corps humain. Mais dans la plupart des cas, le syst\u00e8me immunitaire les reconna\u00eet et les d\u00e9truit avant qu\u2019elles ne puissent faire de mal. Cependant, il arrive parfois que le syst\u00e8me immunitaire, m\u00eame sans qu\u2019il soit affaibli, ne d\u00e9tecte pas les cellules canc\u00e9reuses. Des personnes dont le [&hellip;]<\/p>\n","protected":false},"author":1,"featured_media":0,"parent":544,"menu_order":2,"comment_status":"closed","ping_status":"closed","template":"page-templates\/unterthema.php","meta":{"_acf_changed":false,"inline_featured_image":false,"footnotes":""},"class_list":["post-1214","page","type-page","status-publish","hentry"],"acf":[],"yoast_head":"<!-- This site is optimized with the Yoast SEO Premium plugin v27.2 (Yoast SEO v27.2) - https:\/\/yoast.com\/product\/yoast-seo-premium-wordpress\/ -->\n<title>3. Comment fonctionne l\u2019immunoth\u00e9rapie contre le cancer? - biotechlerncenter<\/title>\n<meta name=\"robots\" content=\"index, follow, max-snippet:-1, max-image-preview:large, max-video-preview:-1\" \/>\n<link rel=\"canonical\" href=\"https:\/\/biotechlerncenter.interpharma.ch\/fr\/sujets\/immuno-oncologie\/3-comment-fonctionne-limmunotherapie-contre-le-cancer\/\" \/>\n<meta property=\"og:locale\" content=\"fr_FR\" \/>\n<meta property=\"og:type\" content=\"article\" \/>\n<meta property=\"og:title\" content=\"3. Comment fonctionne l\u2019immunoth\u00e9rapie contre le cancer?\" \/>\n<meta property=\"og:description\" content=\"Des cellules canc\u00e9reuses se forment en permanence dans le corps humain. Mais dans la plupart des cas, le syst\u00e8me immunitaire les reconna\u00eet et les d\u00e9truit avant qu\u2019elles ne puissent faire de mal. Cependant, il arrive parfois que le syst\u00e8me immunitaire, m\u00eame sans qu\u2019il soit affaibli, ne d\u00e9tecte pas les cellules canc\u00e9reuses. Des personnes dont le [&hellip;]\" \/>\n<meta property=\"og:url\" content=\"https:\/\/biotechlerncenter.interpharma.ch\/fr\/sujets\/immuno-oncologie\/3-comment-fonctionne-limmunotherapie-contre-le-cancer\/\" \/>\n<meta property=\"og:site_name\" content=\"biotechlerncenter\" \/>\n<meta name=\"twitter:card\" content=\"summary_large_image\" \/>\n<meta name=\"twitter:label1\" content=\"Dur\u00e9e de lecture estim\u00e9e\" \/>\n\t<meta name=\"twitter:data1\" content=\"1 minute\" \/>\n<script type=\"application\/ld+json\" class=\"yoast-schema-graph\">{\"@context\":\"https:\/\/schema.org\",\"@graph\":[{\"@type\":\"WebPage\",\"@id\":\"https:\/\/biotechlerncenter.interpharma.ch\/fr\/sujets\/immuno-oncologie\/3-comment-fonctionne-limmunotherapie-contre-le-cancer\/\",\"url\":\"https:\/\/biotechlerncenter.interpharma.ch\/fr\/sujets\/immuno-oncologie\/3-comment-fonctionne-limmunotherapie-contre-le-cancer\/\",\"name\":\"3. Comment fonctionne l\u2019immunoth\u00e9rapie contre le cancer? - biotechlerncenter\",\"isPartOf\":{\"@id\":\"https:\/\/biotechlerncenter.interpharma.ch\/#website\"},\"datePublished\":\"2026-03-12T16:26:59+00:00\",\"breadcrumb\":{\"@id\":\"https:\/\/biotechlerncenter.interpharma.ch\/fr\/sujets\/immuno-oncologie\/3-comment-fonctionne-limmunotherapie-contre-le-cancer\/#breadcrumb\"},\"inLanguage\":\"fr-FR\",\"potentialAction\":[{\"@type\":\"ReadAction\",\"target\":[\"https:\/\/biotechlerncenter.interpharma.ch\/fr\/sujets\/immuno-oncologie\/3-comment-fonctionne-limmunotherapie-contre-le-cancer\/\"]}]},{\"@type\":\"BreadcrumbList\",\"@id\":\"https:\/\/biotechlerncenter.interpharma.ch\/fr\/sujets\/immuno-oncologie\/3-comment-fonctionne-limmunotherapie-contre-le-cancer\/#breadcrumb\",\"itemListElement\":[{\"@type\":\"ListItem\",\"position\":1,\"name\":\"Start\",\"item\":\"https:\/\/biotechlerncenter.interpharma.ch\/fr\/\"},{\"@type\":\"ListItem\",\"position\":2,\"name\":\"Sujets\",\"item\":\"https:\/\/biotechlerncenter.interpharma.ch\/fr\/sujets\/\"},{\"@type\":\"ListItem\",\"position\":3,\"name\":\"Immuno-oncologie\",\"item\":\"https:\/\/biotechlerncenter.interpharma.ch\/fr\/sujets\/immuno-oncologie\/\"},{\"@type\":\"ListItem\",\"position\":4,\"name\":\"3. Comment fonctionne l\u2019immunoth\u00e9rapie contre le cancer?\"}]},{\"@type\":\"WebSite\",\"@id\":\"https:\/\/biotechlerncenter.interpharma.ch\/#website\",\"url\":\"https:\/\/biotechlerncenter.interpharma.ch\/\",\"name\":\"biotechlerncenter\",\"description\":\"\",\"potentialAction\":[{\"@type\":\"SearchAction\",\"target\":{\"@type\":\"EntryPoint\",\"urlTemplate\":\"https:\/\/biotechlerncenter.interpharma.ch\/?s={search_term_string}\"},\"query-input\":{\"@type\":\"PropertyValueSpecification\",\"valueRequired\":true,\"valueName\":\"search_term_string\"}}],\"inLanguage\":\"fr-FR\"}]}<\/script>\n<!-- \/ Yoast SEO Premium plugin. -->","yoast_head_json":{"title":"3. Comment fonctionne l\u2019immunoth\u00e9rapie contre le cancer? - biotechlerncenter","robots":{"index":"index","follow":"follow","max-snippet":"max-snippet:-1","max-image-preview":"max-image-preview:large","max-video-preview":"max-video-preview:-1"},"canonical":"https:\/\/biotechlerncenter.interpharma.ch\/fr\/sujets\/immuno-oncologie\/3-comment-fonctionne-limmunotherapie-contre-le-cancer\/","og_locale":"fr_FR","og_type":"article","og_title":"3. Comment fonctionne l\u2019immunoth\u00e9rapie contre le cancer?","og_description":"Des cellules canc\u00e9reuses se forment en permanence dans le corps humain. Mais dans la plupart des cas, le syst\u00e8me immunitaire les reconna\u00eet et les d\u00e9truit avant qu\u2019elles ne puissent faire de mal. Cependant, il arrive parfois que le syst\u00e8me immunitaire, m\u00eame sans qu\u2019il soit affaibli, ne d\u00e9tecte pas les cellules canc\u00e9reuses. Des personnes dont le [&hellip;]","og_url":"https:\/\/biotechlerncenter.interpharma.ch\/fr\/sujets\/immuno-oncologie\/3-comment-fonctionne-limmunotherapie-contre-le-cancer\/","og_site_name":"biotechlerncenter","twitter_card":"summary_large_image","twitter_misc":{"Dur\u00e9e de lecture estim\u00e9e":"1 minute"},"schema":{"@context":"https:\/\/schema.org","@graph":[{"@type":"WebPage","@id":"https:\/\/biotechlerncenter.interpharma.ch\/fr\/sujets\/immuno-oncologie\/3-comment-fonctionne-limmunotherapie-contre-le-cancer\/","url":"https:\/\/biotechlerncenter.interpharma.ch\/fr\/sujets\/immuno-oncologie\/3-comment-fonctionne-limmunotherapie-contre-le-cancer\/","name":"3. Comment fonctionne l\u2019immunoth\u00e9rapie contre le cancer? - biotechlerncenter","isPartOf":{"@id":"https:\/\/biotechlerncenter.interpharma.ch\/#website"},"datePublished":"2026-03-12T16:26:59+00:00","breadcrumb":{"@id":"https:\/\/biotechlerncenter.interpharma.ch\/fr\/sujets\/immuno-oncologie\/3-comment-fonctionne-limmunotherapie-contre-le-cancer\/#breadcrumb"},"inLanguage":"fr-FR","potentialAction":[{"@type":"ReadAction","target":["https:\/\/biotechlerncenter.interpharma.ch\/fr\/sujets\/immuno-oncologie\/3-comment-fonctionne-limmunotherapie-contre-le-cancer\/"]}]},{"@type":"BreadcrumbList","@id":"https:\/\/biotechlerncenter.interpharma.ch\/fr\/sujets\/immuno-oncologie\/3-comment-fonctionne-limmunotherapie-contre-le-cancer\/#breadcrumb","itemListElement":[{"@type":"ListItem","position":1,"name":"Start","item":"https:\/\/biotechlerncenter.interpharma.ch\/fr\/"},{"@type":"ListItem","position":2,"name":"Sujets","item":"https:\/\/biotechlerncenter.interpharma.ch\/fr\/sujets\/"},{"@type":"ListItem","position":3,"name":"Immuno-oncologie","item":"https:\/\/biotechlerncenter.interpharma.ch\/fr\/sujets\/immuno-oncologie\/"},{"@type":"ListItem","position":4,"name":"3. Comment fonctionne l\u2019immunoth\u00e9rapie contre le cancer?"}]},{"@type":"WebSite","@id":"https:\/\/biotechlerncenter.interpharma.ch\/#website","url":"https:\/\/biotechlerncenter.interpharma.ch\/","name":"biotechlerncenter","description":"","potentialAction":[{"@type":"SearchAction","target":{"@type":"EntryPoint","urlTemplate":"https:\/\/biotechlerncenter.interpharma.ch\/?s={search_term_string}"},"query-input":{"@type":"PropertyValueSpecification","valueRequired":true,"valueName":"search_term_string"}}],"inLanguage":"fr-FR"}]}},"_links":{"self":[{"href":"https:\/\/biotechlerncenter.interpharma.ch\/fr\/wp-json\/wp\/v2\/pages\/1214","targetHints":{"allow":["GET"]}}],"collection":[{"href":"https:\/\/biotechlerncenter.interpharma.ch\/fr\/wp-json\/wp\/v2\/pages"}],"about":[{"href":"https:\/\/biotechlerncenter.interpharma.ch\/fr\/wp-json\/wp\/v2\/types\/page"}],"author":[{"embeddable":true,"href":"https:\/\/biotechlerncenter.interpharma.ch\/fr\/wp-json\/wp\/v2\/users\/1"}],"replies":[{"embeddable":true,"href":"https:\/\/biotechlerncenter.interpharma.ch\/fr\/wp-json\/wp\/v2\/comments?post=1214"}],"version-history":[{"count":1,"href":"https:\/\/biotechlerncenter.interpharma.ch\/fr\/wp-json\/wp\/v2\/pages\/1214\/revisions"}],"predecessor-version":[{"id":1215,"href":"https:\/\/biotechlerncenter.interpharma.ch\/fr\/wp-json\/wp\/v2\/pages\/1214\/revisions\/1215"}],"up":[{"embeddable":true,"href":"https:\/\/biotechlerncenter.interpharma.ch\/fr\/wp-json\/wp\/v2\/pages\/544"}],"wp:attachment":[{"href":"https:\/\/biotechlerncenter.interpharma.ch\/fr\/wp-json\/wp\/v2\/media?parent=1214"}],"curies":[{"name":"wp","href":"https:\/\/api.w.org\/{rel}","templated":true}]}}