{"id":1202,"date":"2026-03-12T17:26:58","date_gmt":"2026-03-12T16:26:58","guid":{"rendered":"https:\/\/biotechlerncenter.iph-multisite.berta-bewegt.ch\/?page_id=1202"},"modified":"2026-03-12T17:26:58","modified_gmt":"2026-03-12T16:26:58","slug":"8-vaccinations-obligatoires","status":"publish","type":"page","link":"https:\/\/biotechlerncenter.interpharma.ch\/fr\/sujets\/vaccination\/8-vaccinations-obligatoires\/","title":{"rendered":"8. Vaccinations obligatoires?"},"content":{"rendered":"\n<p>Il existe dans certains pays l&rsquo;obligation de vacciner; tel est le cas aux Etats-Unis et en Autriche pour certaines vaccinations. Par contre, les Suisses doivent d\u00e9cider eux-m\u00eames s&rsquo;ils veulent vacciner leurs enfants ou non.<br>Doit-on introduire les vaccinations obligatoires en Suisse? Pourquoi? Pourquoi pas?<\/p>\n\n\n\n<p>Un maximum d&rsquo;individus doit \u00eatre vaccin\u00e9 pour endiguer une maladie infectieuse. Dans le cas des vaccinations contre la rougeole par exemple, un pourcentage de vaccination de 95% est n\u00e9cessaire pour \u00e9viter une \u00e9pid\u00e9mie.<\/p>\n\n\n\n<p>Un individu qui refuse de vacciner son enfant a-t-il un comportement non-solidaire vis-\u00e0-vis de la soci\u00e9t\u00e9 en provoquant une irruption de la maladie sur d&rsquo;autres individus? Les individus potentiellement mis en danger sont peut-\u00eatre<\/p>\n\n\n\n<ul class=\"wp-block-list\"><li>des individus qui ne savent pas qu&rsquo;ils ne sont pas vaccin\u00e9s,<\/li><li>des individus qui ne se sont pas vaccin\u00e9s \u00e0 cause d&rsquo;une maladie et\/ou d&rsquo;un syst\u00e8me immunitaire affaibli,<\/li><li>ou des enfants en bas \u00e2ge sans protection suffisante?<\/li><\/ul>\n\n\n\n<p>La vaccination n&rsquo;est pas obligatoire dans notre pays. La d\u00e9cision d&rsquo;un individu de ne pas vacciner son enfant n&rsquo;est-elle pas acceptable? N&rsquo;en a-t-il pas le droit? Qu&rsquo;est-ce qui est le plus important dans ce contexte: le droit de chacun de d\u00e9cider librement ou la solidarit\u00e9 vis-\u00e0-vis de ses concitoyens?<br>Doit-on vacciner contre la polio et doit-on laisser la libert\u00e9 de vacciner contre la rougeole?<\/p>\n","protected":false},"excerpt":{"rendered":"<p>Il existe dans certains pays l&rsquo;obligation de vacciner; tel est le cas aux Etats-Unis et en Autriche pour certaines vaccinations. Par contre, les Suisses doivent d\u00e9cider eux-m\u00eames s&rsquo;ils veulent vacciner leurs enfants ou non.Doit-on introduire les vaccinations obligatoires en Suisse? Pourquoi? Pourquoi pas? Un maximum d&rsquo;individus doit \u00eatre vaccin\u00e9 pour endiguer une maladie infectieuse. Dans [&hellip;]<\/p>\n","protected":false},"author":1,"featured_media":0,"parent":1206,"menu_order":7,"comment_status":"closed","ping_status":"closed","template":"page-templates\/unterthema.php","meta":{"_acf_changed":false,"inline_featured_image":false,"footnotes":""},"class_list":["post-1202","page","type-page","status-publish","hentry"],"acf":[],"yoast_head":"<!-- This site is optimized with the Yoast SEO Premium plugin v27.2 (Yoast SEO v27.2) - https:\/\/yoast.com\/product\/yoast-seo-premium-wordpress\/ -->\n<title>8. Vaccinations obligatoires? - biotechlerncenter<\/title>\n<meta name=\"robots\" content=\"index, follow, max-snippet:-1, max-image-preview:large, max-video-preview:-1\" \/>\n<link rel=\"canonical\" href=\"https:\/\/biotechlerncenter.interpharma.ch\/themen\/impfen-selbstverteidigung-fuer-das-immunsystem\/8-impfobligatorium\/\" \/>\n<meta property=\"og:locale\" content=\"fr_FR\" \/>\n<meta property=\"og:type\" content=\"article\" \/>\n<meta property=\"og:title\" content=\"8. Vaccinations obligatoires?\" \/>\n<meta property=\"og:description\" content=\"Il existe dans certains pays l&rsquo;obligation de vacciner; tel est le cas aux Etats-Unis et en Autriche pour certaines vaccinations. Par contre, les Suisses doivent d\u00e9cider eux-m\u00eames s&rsquo;ils veulent vacciner leurs enfants ou non.Doit-on introduire les vaccinations obligatoires en Suisse? Pourquoi? Pourquoi pas? Un maximum d&rsquo;individus doit \u00eatre vaccin\u00e9 pour endiguer une maladie infectieuse. Dans [&hellip;]\" \/>\n<meta property=\"og:url\" content=\"https:\/\/biotechlerncenter.interpharma.ch\/themen\/impfen-selbstverteidigung-fuer-das-immunsystem\/8-impfobligatorium\/\" \/>\n<meta property=\"og:site_name\" content=\"biotechlerncenter\" \/>\n<meta name=\"twitter:card\" content=\"summary_large_image\" \/>\n<meta name=\"twitter:label1\" content=\"Dur\u00e9e de lecture estim\u00e9e\" \/>\n\t<meta name=\"twitter:data1\" content=\"1 minute\" \/>\n<script type=\"application\/ld+json\" class=\"yoast-schema-graph\">{\"@context\":\"https:\/\/schema.org\",\"@graph\":[{\"@type\":\"WebPage\",\"@id\":\"https:\/\/biotechlerncenter.interpharma.ch\/themen\/impfen-selbstverteidigung-fuer-das-immunsystem\/8-impfobligatorium\/\",\"url\":\"https:\/\/biotechlerncenter.interpharma.ch\/themen\/impfen-selbstverteidigung-fuer-das-immunsystem\/8-impfobligatorium\/\",\"name\":\"8. Vaccinations obligatoires? - biotechlerncenter\",\"isPartOf\":{\"@id\":\"https:\/\/biotechlerncenter.interpharma.ch\/#website\"},\"datePublished\":\"2026-03-12T16:26:58+00:00\",\"breadcrumb\":{\"@id\":\"https:\/\/biotechlerncenter.interpharma.ch\/themen\/impfen-selbstverteidigung-fuer-das-immunsystem\/8-impfobligatorium\/#breadcrumb\"},\"inLanguage\":\"fr-FR\",\"potentialAction\":[{\"@type\":\"ReadAction\",\"target\":[\"https:\/\/biotechlerncenter.interpharma.ch\/themen\/impfen-selbstverteidigung-fuer-das-immunsystem\/8-impfobligatorium\/\"]}]},{\"@type\":\"BreadcrumbList\",\"@id\":\"https:\/\/biotechlerncenter.interpharma.ch\/themen\/impfen-selbstverteidigung-fuer-das-immunsystem\/8-impfobligatorium\/#breadcrumb\",\"itemListElement\":[{\"@type\":\"ListItem\",\"position\":1,\"name\":\"Start\",\"item\":\"https:\/\/biotechlerncenter.interpharma.ch\/fr\/\"},{\"@type\":\"ListItem\",\"position\":2,\"name\":\"Sujets\",\"item\":\"https:\/\/biotechlerncenter.interpharma.ch\/fr\/sujets\/\"},{\"@type\":\"ListItem\",\"position\":3,\"name\":\"Vaccination\",\"item\":\"https:\/\/biotechlerncenter.interpharma.ch\/fr\/sujets\/vaccination\/\"},{\"@type\":\"ListItem\",\"position\":4,\"name\":\"8. Vaccinations obligatoires?\"}]},{\"@type\":\"WebSite\",\"@id\":\"https:\/\/biotechlerncenter.interpharma.ch\/#website\",\"url\":\"https:\/\/biotechlerncenter.interpharma.ch\/\",\"name\":\"biotechlerncenter\",\"description\":\"\",\"potentialAction\":[{\"@type\":\"SearchAction\",\"target\":{\"@type\":\"EntryPoint\",\"urlTemplate\":\"https:\/\/biotechlerncenter.interpharma.ch\/?s={search_term_string}\"},\"query-input\":{\"@type\":\"PropertyValueSpecification\",\"valueRequired\":true,\"valueName\":\"search_term_string\"}}],\"inLanguage\":\"fr-FR\"}]}<\/script>\n<!-- \/ Yoast SEO Premium plugin. -->","yoast_head_json":{"title":"8. Vaccinations obligatoires? - biotechlerncenter","robots":{"index":"index","follow":"follow","max-snippet":"max-snippet:-1","max-image-preview":"max-image-preview:large","max-video-preview":"max-video-preview:-1"},"canonical":"https:\/\/biotechlerncenter.interpharma.ch\/themen\/impfen-selbstverteidigung-fuer-das-immunsystem\/8-impfobligatorium\/","og_locale":"fr_FR","og_type":"article","og_title":"8. Vaccinations obligatoires?","og_description":"Il existe dans certains pays l&rsquo;obligation de vacciner; tel est le cas aux Etats-Unis et en Autriche pour certaines vaccinations. Par contre, les Suisses doivent d\u00e9cider eux-m\u00eames s&rsquo;ils veulent vacciner leurs enfants ou non.Doit-on introduire les vaccinations obligatoires en Suisse? Pourquoi? Pourquoi pas? Un maximum d&rsquo;individus doit \u00eatre vaccin\u00e9 pour endiguer une maladie infectieuse. Dans [&hellip;]","og_url":"https:\/\/biotechlerncenter.interpharma.ch\/themen\/impfen-selbstverteidigung-fuer-das-immunsystem\/8-impfobligatorium\/","og_site_name":"biotechlerncenter","twitter_card":"summary_large_image","twitter_misc":{"Dur\u00e9e de lecture estim\u00e9e":"1 minute"},"schema":{"@context":"https:\/\/schema.org","@graph":[{"@type":"WebPage","@id":"https:\/\/biotechlerncenter.interpharma.ch\/themen\/impfen-selbstverteidigung-fuer-das-immunsystem\/8-impfobligatorium\/","url":"https:\/\/biotechlerncenter.interpharma.ch\/themen\/impfen-selbstverteidigung-fuer-das-immunsystem\/8-impfobligatorium\/","name":"8. Vaccinations obligatoires? - biotechlerncenter","isPartOf":{"@id":"https:\/\/biotechlerncenter.interpharma.ch\/#website"},"datePublished":"2026-03-12T16:26:58+00:00","breadcrumb":{"@id":"https:\/\/biotechlerncenter.interpharma.ch\/themen\/impfen-selbstverteidigung-fuer-das-immunsystem\/8-impfobligatorium\/#breadcrumb"},"inLanguage":"fr-FR","potentialAction":[{"@type":"ReadAction","target":["https:\/\/biotechlerncenter.interpharma.ch\/themen\/impfen-selbstverteidigung-fuer-das-immunsystem\/8-impfobligatorium\/"]}]},{"@type":"BreadcrumbList","@id":"https:\/\/biotechlerncenter.interpharma.ch\/themen\/impfen-selbstverteidigung-fuer-das-immunsystem\/8-impfobligatorium\/#breadcrumb","itemListElement":[{"@type":"ListItem","position":1,"name":"Start","item":"https:\/\/biotechlerncenter.interpharma.ch\/fr\/"},{"@type":"ListItem","position":2,"name":"Sujets","item":"https:\/\/biotechlerncenter.interpharma.ch\/fr\/sujets\/"},{"@type":"ListItem","position":3,"name":"Vaccination","item":"https:\/\/biotechlerncenter.interpharma.ch\/fr\/sujets\/vaccination\/"},{"@type":"ListItem","position":4,"name":"8. Vaccinations obligatoires?"}]},{"@type":"WebSite","@id":"https:\/\/biotechlerncenter.interpharma.ch\/#website","url":"https:\/\/biotechlerncenter.interpharma.ch\/","name":"biotechlerncenter","description":"","potentialAction":[{"@type":"SearchAction","target":{"@type":"EntryPoint","urlTemplate":"https:\/\/biotechlerncenter.interpharma.ch\/?s={search_term_string}"},"query-input":{"@type":"PropertyValueSpecification","valueRequired":true,"valueName":"search_term_string"}}],"inLanguage":"fr-FR"}]}},"_links":{"self":[{"href":"https:\/\/biotechlerncenter.interpharma.ch\/fr\/wp-json\/wp\/v2\/pages\/1202","targetHints":{"allow":["GET"]}}],"collection":[{"href":"https:\/\/biotechlerncenter.interpharma.ch\/fr\/wp-json\/wp\/v2\/pages"}],"about":[{"href":"https:\/\/biotechlerncenter.interpharma.ch\/fr\/wp-json\/wp\/v2\/types\/page"}],"author":[{"embeddable":true,"href":"https:\/\/biotechlerncenter.interpharma.ch\/fr\/wp-json\/wp\/v2\/users\/1"}],"replies":[{"embeddable":true,"href":"https:\/\/biotechlerncenter.interpharma.ch\/fr\/wp-json\/wp\/v2\/comments?post=1202"}],"version-history":[{"count":1,"href":"https:\/\/biotechlerncenter.interpharma.ch\/fr\/wp-json\/wp\/v2\/pages\/1202\/revisions"}],"predecessor-version":[{"id":1203,"href":"https:\/\/biotechlerncenter.interpharma.ch\/fr\/wp-json\/wp\/v2\/pages\/1202\/revisions\/1203"}],"up":[{"embeddable":true,"href":"https:\/\/biotechlerncenter.interpharma.ch\/fr\/wp-json\/wp\/v2\/pages\/1206"}],"wp:attachment":[{"href":"https:\/\/biotechlerncenter.interpharma.ch\/fr\/wp-json\/wp\/v2\/media?parent=1202"}],"curies":[{"name":"wp","href":"https:\/\/api.w.org\/{rel}","templated":true}]}}