{"id":1190,"date":"2026-03-12T17:26:57","date_gmt":"2026-03-12T16:26:57","guid":{"rendered":"https:\/\/biotechlerncenter.iph-multisite.berta-bewegt.ch\/?page_id=1190"},"modified":"2026-03-13T19:13:37","modified_gmt":"2026-03-13T18:13:37","slug":"5-quelques-vaccinations-lessentiel-en-bref","status":"publish","type":"page","link":"https:\/\/biotechlerncenter.interpharma.ch\/fr\/sujets\/vaccination\/5-quelques-vaccinations-lessentiel-en-bref\/","title":{"rendered":"5. Quelques vaccinations &#8211; l&rsquo;essentiel en bref"},"content":{"rendered":"\n<h2 class=\"wp-block-heading\"><strong>Vaccination contre la polio<\/strong><\/h2>\n\n\n\n<p>La poliomy\u00e9lite (en abr\u00e9g\u00e9: polio) peut conduire \u00e0 des paralysies musculaires chez les enfants. Si la musculature respiratoire de l&rsquo;enfant est affect\u00e9e, il faut instaurer la respiration artificielle. Parfois, les membres peuvent \u00e9galement \u00eatre affect\u00e9s et seront en cons\u00e9quence affaiblis ou paralys\u00e9s. Le premier vaccin contre la polio fut admis en 1955 et depuis, les cas de polio diminuent de fa\u00e7on continue. En Suisse, le dernier cas remonte \u00e0 1982. En 2002, l&rsquo;Organisation Mondiale de la Sant\u00e9 OMS d\u00e9clara l&rsquo;Europe exempte du virus de la polio. Par contre, en Afrique et en Asie, des cas de poliomy\u00e9lite apparaissent encore.<br>En Suisse, le vaccin contre la polio se trouve au sein d&rsquo;un vaccin pentavalent et est inocul\u00e9 en m\u00eame temps que les autres (dipht\u00e9rie, t\u00e9tanos, coqueluche et Haemophilus influenzae)<\/p>\n\n\n\n<figure class=\"wp-block-image size-large\"><img decoding=\"async\" src=\"http:\/\/biotechlerncenter.interpharma.ch\/wp-content\/uploads\/sites\/4\/2020\/01\/polio_briefmarke_900.jpg\" alt=\"\" class=\"wp-image-3055\"\/><figcaption>US-amerikanische Briefmarke aus dem Jahr 1957, \u00abHonoring those who helped fight polio\u00bb<\/figcaption><\/figure>\n\n\n\n<h2 class=\"wp-block-heading\"><strong>Rougeole<\/strong><\/h2>\n\n\n\n<p>La rougeole est transmise par un virus. La maladie est tr\u00e8s contagieuse et elle est tr\u00e8s souvent accompagn\u00e9e de forte fi\u00e8vre. La maladie se d\u00e9roule souvent sans complications ult\u00e9rieures. Mais pas toujours: 1 personne sur 1&rsquo;000 \u00e0 2&rsquo;000 peut \u00eatre affect\u00e9e d&rsquo;une inflammation du cerveau. Celle-ci peut conduire \u00e0 des l\u00e9sions irr\u00e9versibles (s\u00e9quelles &#8211; d\u00e9veloppement mental diminu\u00e9) et m\u00eame souvent \u00e0 la mort.<br>En Suisse, la derni\u00e8re \u00e9ruption de rougeole eut lieu en 2007-2008. 187 personnes sur les 2&rsquo;500 personnes ayant d\u00e9velopp\u00e9 la rougeole durent \u00eatre hospitalis\u00e9es. 109 personnes furent victimes de pneumonie et 6 d&rsquo;inflammation du cerveau (situation en avril 2008).<br>&nbsp;<\/p>\n\n\n\n<h2 class=\"wp-block-heading\"><strong>VIH<\/strong><\/h2>\n\n\n\n<p>Depuis des d\u00e9cennies, des chercheurs essaient de d\u00e9velopper un vaccin contre le virus VIH, l&rsquo;agent pathog\u00e8ne du sida, jusqu&rsquo;\u00e0 ce jour sans succ\u00e8s. Le virus se montre tr\u00e8s habile. Il modifie constamment les prot\u00e9ines importantes sises \u00e0 sa surface, l&rsquo;\u00abavis de recherche\u00bb du syst\u00e8me immunitaire s&rsquo;av\u00e8re d\u00e8s lors inefficace. En outre, il existe deux sortes d&rsquo;agent pathog\u00e8ne (VIH-1 et VIH-2) ainsi qu&rsquo;au moins 10 sous-groupes du VIH-1. Une telle diversit\u00e9 dans ce virus pose d&rsquo;importants probl\u00e8mes \u00e0 la science et le d\u00e9veloppement d&rsquo;un vaccin devient tr\u00e8s difficile. Existera-t-il un jour un vaccin tr\u00e8s efficace, la r\u00e9ponse est bien incertaine. Une action protectrice de 60% satisferait d\u00e9j\u00e0 les chercheurs.<\/p>\n\n\n\n<figure class=\"wp-block-image size-large\"><img decoding=\"async\" src=\"http:\/\/biotechlerncenter.interpharma.ch\/wp-content\/uploads\/sites\/4\/2020\/01\/bsa_24_9_heuss_01jul08.jpg\" alt=\"\" class=\"wp-image-3052\"\/><figcaption>Kuhpockenimpfung im Jahre 1794<br>\u00a9 Medizinhistorisches Museum Universit\u00e4t Z\u00fcrich<\/figcaption><\/figure>\n\n\n\n<div class=\"wp-block-group has-my-grey-background-color has-background\"><div class=\"wp-block-group__inner-container is-layout-flow wp-block-group-is-layout-flow\">\n<h2 class=\"wp-block-heading\">Positions pour ou contre les vaccinations<\/h2>\n\n\n\n<p><strong>Pour<\/strong><\/p>\n\n\n\n<ul class=\"wp-block-list\"><li>Depuis des d\u00e9cennies, les vaccinations ont \u00e9t\u00e9 utilis\u00e9es par millions et avec succ\u00e8s clinique; elles comptent ainsi parmi les moyens les plus efficaces de la m\u00e9decine.<\/li><li>La majeure partie des professionnels est unanime \u00e0 ce sujet.<\/li><li>Gr\u00e2ce aux vaccinations, la plupart des maladies infantiles n&rsquo;apparaissent pratiquement plus en Suisse. Diverses statistiques apportent la preuve que l&rsquo;introduction des vaccinations a permis de r\u00e9duire massivement certaines maladies infectieuses. La variole, la plupart du temps mortelle, a m\u00eame pu \u00eatre \u00e9radiqu\u00e9e \u00e0 l&rsquo;\u00e9chelle mondiale.<\/li><li>Les vaccinations peuvent \u00e9galement avoir des effets secondaires; pourtant, des effets secondaires graves ne se manifestent que tr\u00e8s rarement, soit dans environ 1 cas sur 100&rsquo;000. Le b\u00e9n\u00e9fice attendu est donc nettement sup\u00e9rieur aux pr\u00e9judices potentiels.<\/li><li>Les vaccins actuellement&nbsp; conseill\u00e9s pour les vaccinations de routine ne contiennent ni mercure ni aluminium.<\/li><li>Quelques arguments contre la vaccination sont d\u00e9pass\u00e9s depuis longtemps &#8211; comme par exemple le fait que la vaccination contre la rougeole pourrait induire l&rsquo;autisme ou la scl\u00e9rose en plaques. Ces relations \u00e9ventuelles de cause \u00e0 effet ont \u00e9t\u00e9 r\u00e9fut\u00e9es \u00e0 maintes reprises.<\/li><\/ul>\n\n\n\n<p><strong>Contre<\/strong><\/p>\n\n\n\n<ul class=\"wp-block-list\"><li>Il existe trop peu de donn\u00e9es concernant les r\u00e9percussions \u00e0 long terme des vaccinations.<\/li><li>Les vaccinations peuvent conduire, dans des cas isol\u00e9s, \u00e0 de graves effets secondaires. On est en train d&rsquo;exp\u00e9rimenter s&rsquo;il existe par exemple un rapport de cause \u00e0 effet entre la vaccination de l&rsquo;h\u00e9patite B et le syndrome de Guillain-Barr\u00e9, les inflammations nerveuses (n\u00e9vrites) ou la scl\u00e9rose en plaques.<\/li><li>Les vaccins contiennent occasionnellement des traces d&rsquo;aluminium ou de mercure, utilis\u00e9s en tant qu&rsquo;additifs. Le mercure a une action toxique potentielle sur les cellules nerveuses, l&rsquo;aluminium conduit occasionnellement \u00e0 des irritations cutan\u00e9es au site d&rsquo;injection.<\/li><li>Il vaut mieux que l&rsquo;enfant ait fait la rougeole pour en \u00eatre prot\u00e9g\u00e9 sa vie durant. L&rsquo;exp\u00e9rience de la maladie va renforcer l&rsquo;assurance de l&rsquo;enfant et pour le sceptique des vaccinations, elle est un processus naturel. Certains m\u00e9decins pr\u00e9tendent m\u00eame pouvoir traiter la rougeole par hom\u00e9opathie.<\/li><li>La s\u00e9curit\u00e9 des vaccins \u00e0 100% ne peut \u00eatre garantie par personne. Dans le pass\u00e9, il y eut des erreurs dans la production des vaccins ainsi que de fausses estimations dans le cadre de leur admission.<\/li><\/ul>\n\n\n\n<p>Avant de prendre parti pour ou contre les vaccinations, il faudrait tout d&rsquo;abord se concentrer sur les faits. Par exemple: dans la controverse g\u00e9n\u00e9rale impliquant les vaccinations, on oublie g\u00e9n\u00e9ralement que pour la plupart des Suisses, ce sujet ne porte pas vraiment \u00e0 discussion comme on le pr\u00e9tend souvent. La majeure partie des experts de la vaccination ainsi que les m\u00e9decins suisses conseillent aux parents de vacciner leurs enfants. Plus de 90% des parents suivent les conseils des experts de la m\u00e9decine ou de l&rsquo;administration de la sant\u00e9.<\/p>\n<\/div><\/div>\n\n\n\n<p><\/p>\n","protected":false},"excerpt":{"rendered":"<p>Vaccination contre la polio La poliomy\u00e9lite (en abr\u00e9g\u00e9: polio) peut conduire \u00e0 des paralysies musculaires chez les enfants. Si la musculature respiratoire de l&rsquo;enfant est affect\u00e9e, il faut instaurer la respiration artificielle. Parfois, les membres peuvent \u00e9galement \u00eatre affect\u00e9s et seront en cons\u00e9quence affaiblis ou paralys\u00e9s. Le premier vaccin contre la polio fut admis en [&hellip;]<\/p>\n","protected":false},"author":1,"featured_media":0,"parent":1206,"menu_order":4,"comment_status":"closed","ping_status":"closed","template":"page-templates\/unterthema.php","meta":{"_acf_changed":false,"inline_featured_image":false,"footnotes":""},"class_list":["post-1190","page","type-page","status-publish","hentry"],"acf":[],"yoast_head":"<!-- This site is optimized with the Yoast SEO Premium plugin v27.2 (Yoast SEO v27.2) - https:\/\/yoast.com\/product\/yoast-seo-premium-wordpress\/ -->\n<title>5. Quelques vaccinations - l&#039;essentiel en bref - biotechlerncenter<\/title>\n<meta name=\"robots\" content=\"index, follow, max-snippet:-1, max-image-preview:large, max-video-preview:-1\" \/>\n<link rel=\"canonical\" href=\"https:\/\/biotechlerncenter.interpharma.ch\/themen\/impfen-selbstverteidigung-fuer-das-immunsystem\/5-einige-impfungen-das-wichtigste-in-kuerze\/\" \/>\n<meta property=\"og:locale\" content=\"fr_FR\" \/>\n<meta property=\"og:type\" content=\"article\" \/>\n<meta property=\"og:title\" content=\"5. Quelques vaccinations - l&#039;essentiel en bref\" \/>\n<meta property=\"og:description\" content=\"Vaccination contre la polio La poliomy\u00e9lite (en abr\u00e9g\u00e9: polio) peut conduire \u00e0 des paralysies musculaires chez les enfants. Si la musculature respiratoire de l&rsquo;enfant est affect\u00e9e, il faut instaurer la respiration artificielle. Parfois, les membres peuvent \u00e9galement \u00eatre affect\u00e9s et seront en cons\u00e9quence affaiblis ou paralys\u00e9s. Le premier vaccin contre la polio fut admis en [&hellip;]\" \/>\n<meta property=\"og:url\" content=\"https:\/\/biotechlerncenter.interpharma.ch\/themen\/impfen-selbstverteidigung-fuer-das-immunsystem\/5-einige-impfungen-das-wichtigste-in-kuerze\/\" \/>\n<meta property=\"og:site_name\" content=\"biotechlerncenter\" \/>\n<meta property=\"article:modified_time\" content=\"2026-03-13T18:13:37+00:00\" \/>\n<meta property=\"og:image\" content=\"http:\/\/biotechlerncenter.interpharma.ch\/wp-content\/uploads\/sites\/4\/2020\/01\/polio_briefmarke_900.jpg\" \/>\n<meta name=\"twitter:card\" content=\"summary_large_image\" \/>\n<meta name=\"twitter:label1\" content=\"Dur\u00e9e de lecture estim\u00e9e\" \/>\n\t<meta name=\"twitter:data1\" content=\"5 minutes\" \/>\n<script type=\"application\/ld+json\" class=\"yoast-schema-graph\">{\"@context\":\"https:\/\/schema.org\",\"@graph\":[{\"@type\":\"WebPage\",\"@id\":\"https:\/\/biotechlerncenter.interpharma.ch\/themen\/impfen-selbstverteidigung-fuer-das-immunsystem\/5-einige-impfungen-das-wichtigste-in-kuerze\/\",\"url\":\"https:\/\/biotechlerncenter.interpharma.ch\/themen\/impfen-selbstverteidigung-fuer-das-immunsystem\/5-einige-impfungen-das-wichtigste-in-kuerze\/\",\"name\":\"5. Quelques vaccinations - l'essentiel en bref - biotechlerncenter\",\"isPartOf\":{\"@id\":\"https:\/\/biotechlerncenter.interpharma.ch\/#website\"},\"primaryImageOfPage\":{\"@id\":\"https:\/\/biotechlerncenter.interpharma.ch\/themen\/impfen-selbstverteidigung-fuer-das-immunsystem\/5-einige-impfungen-das-wichtigste-in-kuerze\/#primaryimage\"},\"image\":{\"@id\":\"https:\/\/biotechlerncenter.interpharma.ch\/themen\/impfen-selbstverteidigung-fuer-das-immunsystem\/5-einige-impfungen-das-wichtigste-in-kuerze\/#primaryimage\"},\"thumbnailUrl\":\"http:\/\/biotechlerncenter.interpharma.ch\/wp-content\/uploads\/sites\/4\/2020\/01\/polio_briefmarke_900.jpg\",\"datePublished\":\"2026-03-12T16:26:57+00:00\",\"dateModified\":\"2026-03-13T18:13:37+00:00\",\"breadcrumb\":{\"@id\":\"https:\/\/biotechlerncenter.interpharma.ch\/themen\/impfen-selbstverteidigung-fuer-das-immunsystem\/5-einige-impfungen-das-wichtigste-in-kuerze\/#breadcrumb\"},\"inLanguage\":\"fr-FR\",\"potentialAction\":[{\"@type\":\"ReadAction\",\"target\":[\"https:\/\/biotechlerncenter.interpharma.ch\/themen\/impfen-selbstverteidigung-fuer-das-immunsystem\/5-einige-impfungen-das-wichtigste-in-kuerze\/\"]}]},{\"@type\":\"ImageObject\",\"inLanguage\":\"fr-FR\",\"@id\":\"https:\/\/biotechlerncenter.interpharma.ch\/themen\/impfen-selbstverteidigung-fuer-das-immunsystem\/5-einige-impfungen-das-wichtigste-in-kuerze\/#primaryimage\",\"url\":\"http:\/\/biotechlerncenter.interpharma.ch\/wp-content\/uploads\/sites\/4\/2020\/01\/polio_briefmarke_900.jpg\",\"contentUrl\":\"http:\/\/biotechlerncenter.interpharma.ch\/wp-content\/uploads\/sites\/4\/2020\/01\/polio_briefmarke_900.jpg\"},{\"@type\":\"BreadcrumbList\",\"@id\":\"https:\/\/biotechlerncenter.interpharma.ch\/themen\/impfen-selbstverteidigung-fuer-das-immunsystem\/5-einige-impfungen-das-wichtigste-in-kuerze\/#breadcrumb\",\"itemListElement\":[{\"@type\":\"ListItem\",\"position\":1,\"name\":\"Start\",\"item\":\"https:\/\/biotechlerncenter.interpharma.ch\/fr\/\"},{\"@type\":\"ListItem\",\"position\":2,\"name\":\"Sujets\",\"item\":\"https:\/\/biotechlerncenter.interpharma.ch\/fr\/sujets\/\"},{\"@type\":\"ListItem\",\"position\":3,\"name\":\"Vaccination\",\"item\":\"https:\/\/biotechlerncenter.interpharma.ch\/fr\/sujets\/vaccination\/\"},{\"@type\":\"ListItem\",\"position\":4,\"name\":\"5. Quelques vaccinations &#8211; l&#8217;essentiel en bref\"}]},{\"@type\":\"WebSite\",\"@id\":\"https:\/\/biotechlerncenter.interpharma.ch\/#website\",\"url\":\"https:\/\/biotechlerncenter.interpharma.ch\/\",\"name\":\"biotechlerncenter\",\"description\":\"\",\"potentialAction\":[{\"@type\":\"SearchAction\",\"target\":{\"@type\":\"EntryPoint\",\"urlTemplate\":\"https:\/\/biotechlerncenter.interpharma.ch\/?s={search_term_string}\"},\"query-input\":{\"@type\":\"PropertyValueSpecification\",\"valueRequired\":true,\"valueName\":\"search_term_string\"}}],\"inLanguage\":\"fr-FR\"}]}<\/script>\n<!-- \/ Yoast SEO Premium plugin. -->","yoast_head_json":{"title":"5. Quelques vaccinations - l'essentiel en bref - biotechlerncenter","robots":{"index":"index","follow":"follow","max-snippet":"max-snippet:-1","max-image-preview":"max-image-preview:large","max-video-preview":"max-video-preview:-1"},"canonical":"https:\/\/biotechlerncenter.interpharma.ch\/themen\/impfen-selbstverteidigung-fuer-das-immunsystem\/5-einige-impfungen-das-wichtigste-in-kuerze\/","og_locale":"fr_FR","og_type":"article","og_title":"5. Quelques vaccinations - l'essentiel en bref","og_description":"Vaccination contre la polio La poliomy\u00e9lite (en abr\u00e9g\u00e9: polio) peut conduire \u00e0 des paralysies musculaires chez les enfants. Si la musculature respiratoire de l&rsquo;enfant est affect\u00e9e, il faut instaurer la respiration artificielle. Parfois, les membres peuvent \u00e9galement \u00eatre affect\u00e9s et seront en cons\u00e9quence affaiblis ou paralys\u00e9s. Le premier vaccin contre la polio fut admis en [&hellip;]","og_url":"https:\/\/biotechlerncenter.interpharma.ch\/themen\/impfen-selbstverteidigung-fuer-das-immunsystem\/5-einige-impfungen-das-wichtigste-in-kuerze\/","og_site_name":"biotechlerncenter","article_modified_time":"2026-03-13T18:13:37+00:00","og_image":[{"url":"http:\/\/biotechlerncenter.interpharma.ch\/wp-content\/uploads\/sites\/4\/2020\/01\/polio_briefmarke_900.jpg","type":"","width":"","height":""}],"twitter_card":"summary_large_image","twitter_misc":{"Dur\u00e9e de lecture estim\u00e9e":"5 minutes"},"schema":{"@context":"https:\/\/schema.org","@graph":[{"@type":"WebPage","@id":"https:\/\/biotechlerncenter.interpharma.ch\/themen\/impfen-selbstverteidigung-fuer-das-immunsystem\/5-einige-impfungen-das-wichtigste-in-kuerze\/","url":"https:\/\/biotechlerncenter.interpharma.ch\/themen\/impfen-selbstverteidigung-fuer-das-immunsystem\/5-einige-impfungen-das-wichtigste-in-kuerze\/","name":"5. Quelques vaccinations - l'essentiel en bref - biotechlerncenter","isPartOf":{"@id":"https:\/\/biotechlerncenter.interpharma.ch\/#website"},"primaryImageOfPage":{"@id":"https:\/\/biotechlerncenter.interpharma.ch\/themen\/impfen-selbstverteidigung-fuer-das-immunsystem\/5-einige-impfungen-das-wichtigste-in-kuerze\/#primaryimage"},"image":{"@id":"https:\/\/biotechlerncenter.interpharma.ch\/themen\/impfen-selbstverteidigung-fuer-das-immunsystem\/5-einige-impfungen-das-wichtigste-in-kuerze\/#primaryimage"},"thumbnailUrl":"http:\/\/biotechlerncenter.interpharma.ch\/wp-content\/uploads\/sites\/4\/2020\/01\/polio_briefmarke_900.jpg","datePublished":"2026-03-12T16:26:57+00:00","dateModified":"2026-03-13T18:13:37+00:00","breadcrumb":{"@id":"https:\/\/biotechlerncenter.interpharma.ch\/themen\/impfen-selbstverteidigung-fuer-das-immunsystem\/5-einige-impfungen-das-wichtigste-in-kuerze\/#breadcrumb"},"inLanguage":"fr-FR","potentialAction":[{"@type":"ReadAction","target":["https:\/\/biotechlerncenter.interpharma.ch\/themen\/impfen-selbstverteidigung-fuer-das-immunsystem\/5-einige-impfungen-das-wichtigste-in-kuerze\/"]}]},{"@type":"ImageObject","inLanguage":"fr-FR","@id":"https:\/\/biotechlerncenter.interpharma.ch\/themen\/impfen-selbstverteidigung-fuer-das-immunsystem\/5-einige-impfungen-das-wichtigste-in-kuerze\/#primaryimage","url":"http:\/\/biotechlerncenter.interpharma.ch\/wp-content\/uploads\/sites\/4\/2020\/01\/polio_briefmarke_900.jpg","contentUrl":"http:\/\/biotechlerncenter.interpharma.ch\/wp-content\/uploads\/sites\/4\/2020\/01\/polio_briefmarke_900.jpg"},{"@type":"BreadcrumbList","@id":"https:\/\/biotechlerncenter.interpharma.ch\/themen\/impfen-selbstverteidigung-fuer-das-immunsystem\/5-einige-impfungen-das-wichtigste-in-kuerze\/#breadcrumb","itemListElement":[{"@type":"ListItem","position":1,"name":"Start","item":"https:\/\/biotechlerncenter.interpharma.ch\/fr\/"},{"@type":"ListItem","position":2,"name":"Sujets","item":"https:\/\/biotechlerncenter.interpharma.ch\/fr\/sujets\/"},{"@type":"ListItem","position":3,"name":"Vaccination","item":"https:\/\/biotechlerncenter.interpharma.ch\/fr\/sujets\/vaccination\/"},{"@type":"ListItem","position":4,"name":"5. Quelques vaccinations &#8211; l&#8217;essentiel en bref"}]},{"@type":"WebSite","@id":"https:\/\/biotechlerncenter.interpharma.ch\/#website","url":"https:\/\/biotechlerncenter.interpharma.ch\/","name":"biotechlerncenter","description":"","potentialAction":[{"@type":"SearchAction","target":{"@type":"EntryPoint","urlTemplate":"https:\/\/biotechlerncenter.interpharma.ch\/?s={search_term_string}"},"query-input":{"@type":"PropertyValueSpecification","valueRequired":true,"valueName":"search_term_string"}}],"inLanguage":"fr-FR"}]}},"_links":{"self":[{"href":"https:\/\/biotechlerncenter.interpharma.ch\/fr\/wp-json\/wp\/v2\/pages\/1190","targetHints":{"allow":["GET"]}}],"collection":[{"href":"https:\/\/biotechlerncenter.interpharma.ch\/fr\/wp-json\/wp\/v2\/pages"}],"about":[{"href":"https:\/\/biotechlerncenter.interpharma.ch\/fr\/wp-json\/wp\/v2\/types\/page"}],"author":[{"embeddable":true,"href":"https:\/\/biotechlerncenter.interpharma.ch\/fr\/wp-json\/wp\/v2\/users\/1"}],"replies":[{"embeddable":true,"href":"https:\/\/biotechlerncenter.interpharma.ch\/fr\/wp-json\/wp\/v2\/comments?post=1190"}],"version-history":[{"count":3,"href":"https:\/\/biotechlerncenter.interpharma.ch\/fr\/wp-json\/wp\/v2\/pages\/1190\/revisions"}],"predecessor-version":[{"id":3331,"href":"https:\/\/biotechlerncenter.interpharma.ch\/fr\/wp-json\/wp\/v2\/pages\/1190\/revisions\/3331"}],"up":[{"embeddable":true,"href":"https:\/\/biotechlerncenter.interpharma.ch\/fr\/wp-json\/wp\/v2\/pages\/1206"}],"wp:attachment":[{"href":"https:\/\/biotechlerncenter.interpharma.ch\/fr\/wp-json\/wp\/v2\/media?parent=1190"}],"curies":[{"name":"wp","href":"https:\/\/api.w.org\/{rel}","templated":true}]}}