{"id":1178,"date":"2026-03-12T17:26:56","date_gmt":"2026-03-12T16:26:56","guid":{"rendered":"https:\/\/biotechlerncenter.iph-multisite.berta-bewegt.ch\/?page_id=1178"},"modified":"2026-03-12T17:26:56","modified_gmt":"2026-03-12T16:26:56","slug":"2-systeme-immunitaire-inne-ou-acquis","status":"publish","type":"page","link":"https:\/\/biotechlerncenter.interpharma.ch\/fr\/sujets\/vaccination\/2-systeme-immunitaire-inne-ou-acquis\/","title":{"rendered":"2. Syst\u00e8me immunitaire inn\u00e9 ou acquis"},"content":{"rendered":"\n<p>De mani\u00e8re g\u00e9n\u00e9rale, on distingue une part inn\u00e9e et une part acquise du syst\u00e8me immunitaire.<\/p>\n\n\n\n<p>Les phagocytes par exemple op\u00e8rent de fa\u00e7on non-sp\u00e9cifique et attaquent tout ce qui leur para\u00eet \u00e9tranger. Cette part non-sp\u00e9cifique du syst\u00e8me immunitaire est en majeure partie inn\u00e9e et prot\u00e8ge donc le nourrisson d\u00e8s la naissance et les premi\u00e8res semaines d&rsquo;existence.<\/p>\n\n\n\n<p>Toutefois, les phagocytes ne peuvent pas neutraliser tous les corps \u00e9trangers et\/ou intrus. C&rsquo;est pourquoi, des sp\u00e9cialistes sont n\u00e9cessaires. Les cellules T par exemple r\u00e9agissent de fa\u00e7on tr\u00e8s cibl\u00e9e au moment o\u00f9 elles d\u00e9tectent une structure \u00e9trang\u00e8re d\u00e9finie. Certaines de ces cellules, les cellules T m\u00e9moire, restent dans l&rsquo;organisme apr\u00e8s le contact et peuvent ainsi se \u00absouvenir\u00bb de certains antig\u00e8nes. Une sorte d&rsquo;\u00abavis de recherche\u00bb de l&rsquo;agent infectieux ou du corps \u00e9tranger sera ainsi dress\u00e9. Lorsqu&rsquo; un agent pathog\u00e8ne ou une structure \u00e9trang\u00e8re vont \u00e0 nouveau s&rsquo;introduire dans l&rsquo;organisme, celui-ci va pouvoir r\u00e9agir bien plus rapidement et de fa\u00e7on plus cibl\u00e9e. Cette capacit\u00e9 acquise du syst\u00e8me immunitaire est appel\u00e9e&nbsp;<strong>immunit\u00e9<\/strong>.<\/p>\n\n\n\n<p>La vaccination fonctionne de fa\u00e7on analogue. Par la vaccination, l&rsquo;agent pathog\u00e8ne (son antig\u00e8ne inclus) va \u00eatre confront\u00e9 \u00e0 l&rsquo;organisme: exemple de la rougeole. Cependant, l&rsquo;agent pathog\u00e8ne va \u00eatre modifi\u00e9 de telle sorte qu&rsquo;il ne va pas induire de maladie: il va \u00eatre affaibli, d\u00e9truit ou seules certaines structures isol\u00e9es fonctionnant comme antig\u00e8nes vont \u00eatre utilis\u00e9es. Apr\u00e8s la vaccination, des cellules T m\u00e9moire s&rsquo;attarderont dans l&rsquo;organisme comme lors d&rsquo;une infection: l&rsquo;organisme sera donc pr\u00eat \u00e0 soutenir une v\u00e9ritable attaque de l&rsquo;agent pathog\u00e8ne. La vaccination ne se diff\u00e9rencie de l&rsquo;infection normale et naturelle que par le fait que des structures \u00e9trang\u00e8res transform\u00e9es sont confront\u00e9es au syst\u00e8me immunitaire; leur caract\u00e8re inoffensif ayant \u00e9t\u00e9 auparavant test\u00e9.<br><\/p>\n","protected":false},"excerpt":{"rendered":"<p>De mani\u00e8re g\u00e9n\u00e9rale, on distingue une part inn\u00e9e et une part acquise du syst\u00e8me immunitaire. Les phagocytes par exemple op\u00e8rent de fa\u00e7on non-sp\u00e9cifique et attaquent tout ce qui leur para\u00eet \u00e9tranger. Cette part non-sp\u00e9cifique du syst\u00e8me immunitaire est en majeure partie inn\u00e9e et prot\u00e8ge donc le nourrisson d\u00e8s la naissance et les premi\u00e8res semaines d&rsquo;existence. [&hellip;]<\/p>\n","protected":false},"author":1,"featured_media":0,"parent":1206,"menu_order":1,"comment_status":"closed","ping_status":"closed","template":"page-templates\/unterthema.php","meta":{"_acf_changed":false,"inline_featured_image":false,"footnotes":""},"class_list":["post-1178","page","type-page","status-publish","hentry"],"acf":[],"yoast_head":"<!-- This site is optimized with the Yoast SEO Premium plugin v27.2 (Yoast SEO v27.2) - https:\/\/yoast.com\/product\/yoast-seo-premium-wordpress\/ -->\n<title>2. Syst\u00e8me immunitaire inn\u00e9 ou acquis - biotechlerncenter<\/title>\n<meta name=\"robots\" content=\"index, follow, max-snippet:-1, max-image-preview:large, max-video-preview:-1\" \/>\n<link rel=\"canonical\" href=\"https:\/\/biotechlerncenter.interpharma.ch\/fr\/sujets\/vaccination\/2-systeme-immunitaire-inne-ou-acquis\/\" \/>\n<meta property=\"og:locale\" content=\"fr_FR\" \/>\n<meta property=\"og:type\" content=\"article\" \/>\n<meta property=\"og:title\" content=\"2. Syst\u00e8me immunitaire inn\u00e9 ou acquis\" \/>\n<meta property=\"og:description\" content=\"De mani\u00e8re g\u00e9n\u00e9rale, on distingue une part inn\u00e9e et une part acquise du syst\u00e8me immunitaire. Les phagocytes par exemple op\u00e8rent de fa\u00e7on non-sp\u00e9cifique et attaquent tout ce qui leur para\u00eet \u00e9tranger. Cette part non-sp\u00e9cifique du syst\u00e8me immunitaire est en majeure partie inn\u00e9e et prot\u00e8ge donc le nourrisson d\u00e8s la naissance et les premi\u00e8res semaines d&rsquo;existence. [&hellip;]\" \/>\n<meta property=\"og:url\" content=\"https:\/\/biotechlerncenter.interpharma.ch\/fr\/sujets\/vaccination\/2-systeme-immunitaire-inne-ou-acquis\/\" \/>\n<meta property=\"og:site_name\" content=\"biotechlerncenter\" \/>\n<meta name=\"twitter:card\" content=\"summary_large_image\" \/>\n<meta name=\"twitter:label1\" content=\"Dur\u00e9e de lecture estim\u00e9e\" \/>\n\t<meta name=\"twitter:data1\" content=\"2 minutes\" \/>\n<script type=\"application\/ld+json\" class=\"yoast-schema-graph\">{\"@context\":\"https:\/\/schema.org\",\"@graph\":[{\"@type\":\"WebPage\",\"@id\":\"https:\/\/biotechlerncenter.interpharma.ch\/fr\/sujets\/vaccination\/2-systeme-immunitaire-inne-ou-acquis\/\",\"url\":\"https:\/\/biotechlerncenter.interpharma.ch\/fr\/sujets\/vaccination\/2-systeme-immunitaire-inne-ou-acquis\/\",\"name\":\"2. Syst\u00e8me immunitaire inn\u00e9 ou acquis - biotechlerncenter\",\"isPartOf\":{\"@id\":\"https:\/\/biotechlerncenter.interpharma.ch\/#website\"},\"datePublished\":\"2026-03-12T16:26:56+00:00\",\"breadcrumb\":{\"@id\":\"https:\/\/biotechlerncenter.interpharma.ch\/fr\/sujets\/vaccination\/2-systeme-immunitaire-inne-ou-acquis\/#breadcrumb\"},\"inLanguage\":\"fr-FR\",\"potentialAction\":[{\"@type\":\"ReadAction\",\"target\":[\"https:\/\/biotechlerncenter.interpharma.ch\/fr\/sujets\/vaccination\/2-systeme-immunitaire-inne-ou-acquis\/\"]}]},{\"@type\":\"BreadcrumbList\",\"@id\":\"https:\/\/biotechlerncenter.interpharma.ch\/fr\/sujets\/vaccination\/2-systeme-immunitaire-inne-ou-acquis\/#breadcrumb\",\"itemListElement\":[{\"@type\":\"ListItem\",\"position\":1,\"name\":\"Start\",\"item\":\"https:\/\/biotechlerncenter.interpharma.ch\/fr\/\"},{\"@type\":\"ListItem\",\"position\":2,\"name\":\"Sujets\",\"item\":\"https:\/\/biotechlerncenter.interpharma.ch\/fr\/sujets\/\"},{\"@type\":\"ListItem\",\"position\":3,\"name\":\"Vaccination\",\"item\":\"https:\/\/biotechlerncenter.interpharma.ch\/fr\/sujets\/vaccination\/\"},{\"@type\":\"ListItem\",\"position\":4,\"name\":\"2. Syst\u00e8me immunitaire inn\u00e9 ou acquis\"}]},{\"@type\":\"WebSite\",\"@id\":\"https:\/\/biotechlerncenter.interpharma.ch\/#website\",\"url\":\"https:\/\/biotechlerncenter.interpharma.ch\/\",\"name\":\"biotechlerncenter\",\"description\":\"\",\"potentialAction\":[{\"@type\":\"SearchAction\",\"target\":{\"@type\":\"EntryPoint\",\"urlTemplate\":\"https:\/\/biotechlerncenter.interpharma.ch\/?s={search_term_string}\"},\"query-input\":{\"@type\":\"PropertyValueSpecification\",\"valueRequired\":true,\"valueName\":\"search_term_string\"}}],\"inLanguage\":\"fr-FR\"}]}<\/script>\n<!-- \/ Yoast SEO Premium plugin. -->","yoast_head_json":{"title":"2. Syst\u00e8me immunitaire inn\u00e9 ou acquis - biotechlerncenter","robots":{"index":"index","follow":"follow","max-snippet":"max-snippet:-1","max-image-preview":"max-image-preview:large","max-video-preview":"max-video-preview:-1"},"canonical":"https:\/\/biotechlerncenter.interpharma.ch\/fr\/sujets\/vaccination\/2-systeme-immunitaire-inne-ou-acquis\/","og_locale":"fr_FR","og_type":"article","og_title":"2. Syst\u00e8me immunitaire inn\u00e9 ou acquis","og_description":"De mani\u00e8re g\u00e9n\u00e9rale, on distingue une part inn\u00e9e et une part acquise du syst\u00e8me immunitaire. Les phagocytes par exemple op\u00e8rent de fa\u00e7on non-sp\u00e9cifique et attaquent tout ce qui leur para\u00eet \u00e9tranger. Cette part non-sp\u00e9cifique du syst\u00e8me immunitaire est en majeure partie inn\u00e9e et prot\u00e8ge donc le nourrisson d\u00e8s la naissance et les premi\u00e8res semaines d&rsquo;existence. [&hellip;]","og_url":"https:\/\/biotechlerncenter.interpharma.ch\/fr\/sujets\/vaccination\/2-systeme-immunitaire-inne-ou-acquis\/","og_site_name":"biotechlerncenter","twitter_card":"summary_large_image","twitter_misc":{"Dur\u00e9e de lecture estim\u00e9e":"2 minutes"},"schema":{"@context":"https:\/\/schema.org","@graph":[{"@type":"WebPage","@id":"https:\/\/biotechlerncenter.interpharma.ch\/fr\/sujets\/vaccination\/2-systeme-immunitaire-inne-ou-acquis\/","url":"https:\/\/biotechlerncenter.interpharma.ch\/fr\/sujets\/vaccination\/2-systeme-immunitaire-inne-ou-acquis\/","name":"2. Syst\u00e8me immunitaire inn\u00e9 ou acquis - biotechlerncenter","isPartOf":{"@id":"https:\/\/biotechlerncenter.interpharma.ch\/#website"},"datePublished":"2026-03-12T16:26:56+00:00","breadcrumb":{"@id":"https:\/\/biotechlerncenter.interpharma.ch\/fr\/sujets\/vaccination\/2-systeme-immunitaire-inne-ou-acquis\/#breadcrumb"},"inLanguage":"fr-FR","potentialAction":[{"@type":"ReadAction","target":["https:\/\/biotechlerncenter.interpharma.ch\/fr\/sujets\/vaccination\/2-systeme-immunitaire-inne-ou-acquis\/"]}]},{"@type":"BreadcrumbList","@id":"https:\/\/biotechlerncenter.interpharma.ch\/fr\/sujets\/vaccination\/2-systeme-immunitaire-inne-ou-acquis\/#breadcrumb","itemListElement":[{"@type":"ListItem","position":1,"name":"Start","item":"https:\/\/biotechlerncenter.interpharma.ch\/fr\/"},{"@type":"ListItem","position":2,"name":"Sujets","item":"https:\/\/biotechlerncenter.interpharma.ch\/fr\/sujets\/"},{"@type":"ListItem","position":3,"name":"Vaccination","item":"https:\/\/biotechlerncenter.interpharma.ch\/fr\/sujets\/vaccination\/"},{"@type":"ListItem","position":4,"name":"2. Syst\u00e8me immunitaire inn\u00e9 ou acquis"}]},{"@type":"WebSite","@id":"https:\/\/biotechlerncenter.interpharma.ch\/#website","url":"https:\/\/biotechlerncenter.interpharma.ch\/","name":"biotechlerncenter","description":"","potentialAction":[{"@type":"SearchAction","target":{"@type":"EntryPoint","urlTemplate":"https:\/\/biotechlerncenter.interpharma.ch\/?s={search_term_string}"},"query-input":{"@type":"PropertyValueSpecification","valueRequired":true,"valueName":"search_term_string"}}],"inLanguage":"fr-FR"}]}},"_links":{"self":[{"href":"https:\/\/biotechlerncenter.interpharma.ch\/fr\/wp-json\/wp\/v2\/pages\/1178","targetHints":{"allow":["GET"]}}],"collection":[{"href":"https:\/\/biotechlerncenter.interpharma.ch\/fr\/wp-json\/wp\/v2\/pages"}],"about":[{"href":"https:\/\/biotechlerncenter.interpharma.ch\/fr\/wp-json\/wp\/v2\/types\/page"}],"author":[{"embeddable":true,"href":"https:\/\/biotechlerncenter.interpharma.ch\/fr\/wp-json\/wp\/v2\/users\/1"}],"replies":[{"embeddable":true,"href":"https:\/\/biotechlerncenter.interpharma.ch\/fr\/wp-json\/wp\/v2\/comments?post=1178"}],"version-history":[{"count":1,"href":"https:\/\/biotechlerncenter.interpharma.ch\/fr\/wp-json\/wp\/v2\/pages\/1178\/revisions"}],"predecessor-version":[{"id":1179,"href":"https:\/\/biotechlerncenter.interpharma.ch\/fr\/wp-json\/wp\/v2\/pages\/1178\/revisions\/1179"}],"up":[{"embeddable":true,"href":"https:\/\/biotechlerncenter.interpharma.ch\/fr\/wp-json\/wp\/v2\/pages\/1206"}],"wp:attachment":[{"href":"https:\/\/biotechlerncenter.interpharma.ch\/fr\/wp-json\/wp\/v2\/media?parent=1178"}],"curies":[{"name":"wp","href":"https:\/\/api.w.org\/{rel}","templated":true}]}}