{"id":1174,"date":"2026-03-12T17:26:56","date_gmt":"2026-03-12T16:26:56","guid":{"rendered":"https:\/\/biotechlerncenter.iph-multisite.berta-bewegt.ch\/?page_id=1174"},"modified":"2026-03-13T19:11:44","modified_gmt":"2026-03-13T18:11:44","slug":"1-quest-ce-quun-vaccin","status":"publish","type":"page","link":"https:\/\/biotechlerncenter.interpharma.ch\/fr\/sujets\/vaccination\/1-quest-ce-quun-vaccin\/","title":{"rendered":"1. Qu&rsquo;est-ce qu&rsquo;un vaccin?"},"content":{"rendered":"\n<p>Depuis leur d\u00e9couverte \u00e0 la fin du XVIII<sup>e<\/sup>\u00a0si\u00e8cle, les vaccins ont toujours \u00e9t\u00e9 l&rsquo;objet de violentes controverses. C&rsquo;est de fa\u00e7on pragmatique que ce chapitre va tenter d&rsquo;\u00e9clairer un sujet fort controvers\u00e9. Il va se conformer aux faits prouv\u00e9s par les m\u00e9thodes et les principes des sciences naturelles modernes.<\/p>\n\n\n\n<h2 class=\"wp-block-heading\"><strong>Qu&rsquo;est-ce qu&rsquo;un vaccin?<\/strong><\/h2>\n\n\n\n<p>Le principe de la vaccination est simple et clair. Un vaccin procure un soutien au syst\u00e8me immunitaire humain en le pr\u00e9parant au mieux contre les attaques de certains agents pathog\u00e8nes tels que virus, bact\u00e9ries ou autres micro-organismes. Son action pourrait \u00eatre comparable \u00e0 celle d&rsquo;un cours d&rsquo;autod\u00e9fense: tout individu pr\u00e9par\u00e9 et entra\u00een\u00e9 de fa\u00e7on conforme ne sera pas surpris par une \u00e9ventuelle attaque et r\u00e9agira de fa\u00e7on correcte.<\/p>\n\n\n\n<p>Notre syst\u00e8me immunitaire est quotidiennement expos\u00e9 \u00e0 d&rsquo;innombrables agents pathog\u00e8nes. De minuscules germes nous guettent partout, aux poign\u00e9es de porte, sur le clavier de l&rsquo;ordinateur, dans l&rsquo;alimentation et lors des poign\u00e9es de main. Sans m\u00e9canismes de protection, ces micro-organismes pourraient rapidement p\u00e9n\u00e9trer dans notre organisme et \u00e9ventuellement d\u00e9clencher des maladies.<\/p>\n\n\n\n<p>Mais, chez les individus sains, la plupart de ces intrus sont bloqu\u00e9s car l&rsquo;organisme humain comporte divers m\u00e9canismes de protection. La premi\u00e8re barri\u00e8re est constitu\u00e9e par la peau et les muqueuses. Le nez et les poumons par exemple sont tapiss\u00e9s de muqueuses sur lesquelles les micro-organismes vont s&rsquo;agripper. Ceux-ci seront ensuite rendus inoffensifs et expector\u00e9s.<\/p>\n\n\n\n<p>Malgr\u00e9 tout, les agents infectieux auront la possibilit\u00e9 de franchir cette paroi protectrice comme dans le cas de plaies ou lorsque l&rsquo;individu concern\u00e9 est affaibli (par exemple, \u00e0 la suite d&rsquo;une transplantation d&rsquo;organe ou d&rsquo;un traitement anti-canc\u00e9reux sp\u00e9cial). C&rsquo;est \u00e0 ce moment-l\u00e0 que le syst\u00e8me immunitaire se met en mouvement. Le syst\u00e8me immunitaire n&rsquo;est pas un organe en tant que tel, dans le sens classique du terme, il s&rsquo;agit plut\u00f4t d&rsquo;un r\u00e9seau \u00e0 interactions complexes.Y participent les vaisseaux et les ganglions lymphatiques, la moelle osseuse, le sang circulant, la rate et le thymus.<\/p>\n\n\n\n<p>Le syst\u00e8me immunitaire a une propri\u00e9t\u00e9 importante: il reconna\u00eet les mol\u00e9cules de son propre organisme et celles qui lui sont \u00e9trang\u00e8res. Cette possibilit\u00e9 est due&nbsp; au fait que les cellules de l&rsquo;organisme poss\u00e8dent \u00e0 leur surface une prot\u00e9ine d\u00e9nomm\u00e9e MHC (MHC signifie major histocompatibility complex). La prot\u00e9ine MHC est comparable \u00e0 une \u00abcarte de membre\u00bb: le syst\u00e8me immunitaire reconna\u00eet la cellule de son propre organisme et la laisse tranquille.<\/p>\n\n\n\n<p>Divers acteurs font partie du syst\u00e8me immunitaire; il s&rsquo;agit essentiellement des cellules sanguines ou de facteurs qui en d\u00e9coulent (illustration 11.1):<\/p>\n\n\n\n<p><\/p>\n\n\n\n<ul class=\"wp-block-list\"><li><strong>Makrophagen<\/strong>&nbsp;sind Fresszellen. Sie heften sich an den Erreger, schliessen ihn in sich ein und verdauen ihn (dieser Vorgang heisst Phagozytose). Sie sind \u00fcberall im K\u00f6rper und reagieren umgehend, wenn sie einen Eindringling aufsp\u00fcren k\u00f6nnen. \u00c4hnlich funktionieren auch Granulozyten, eine bestimmte Gruppe der weissen Blutzellen. Auch sie sind darauf spezialisiert, Erreger zu entdecken und zu verdauen. T\u00e4glich produziert der K\u00f6rper rund 100 Millionen&nbsp;<strong>Granulozyten<\/strong>.<\/li><\/ul>\n\n\n\n<figure class=\"wp-block-embed-youtube wp-block-embed is-type-video is-provider-youtube wp-embed-aspect-4-3 wp-has-aspect-ratio\"><div class=\"wp-block-embed__wrapper\">\n<iframe loading=\"lazy\" title=\"Makrophagen - Interpharma\" width=\"500\" height=\"375\" src=\"https:\/\/www.youtube.com\/embed\/V2s8E7nlTlQ?feature=oembed\" frameborder=\"0\" allow=\"accelerometer; autoplay; clipboard-write; encrypted-media; gyroscope; picture-in-picture; web-share\" referrerpolicy=\"strict-origin-when-cross-origin\" allowfullscreen><\/iframe>\n<\/div><figcaption>Film montrant la fa\u00e7on dont les macrophages absorbent les bact\u00e9ries<\/figcaption><\/figure>\n\n\n\n<ul class=\"wp-block-list\"><li><strong>T-Zellen<\/strong>&nbsp;heissen so, weil sie, nachdem sie im Knochenmark entstanden sind, in der Thymusdr\u00fcse definitiv ausgebildet werden. Sie sind ein wichtiger Bestandteil des Immunsystems und k\u00f6nnen nur jeweils einen Krankheitserreger anhand einer bestimmten Oberfl\u00e4chenstruktur (Antigen) erkennen. Nach einer erfolgreichen Abwehrreaktion bleiben einige spezialisierte T-Zellen als Erinnerungszellen \u00fcber l\u00e4ngere Zeit erhalten (immunologisches Ged\u00e4chtnis).<\/li><li><strong>B-Zellen<\/strong>&nbsp;sind unter anderem f\u00fcr die Produktion von isolierten Antik\u00f6rpern zust\u00e4ndig.&nbsp;<strong>Antik\u00f6rper<\/strong>&nbsp;k\u00f6nnen sich sehr genau und spezifisch an ein Antigen auf der Oberfl\u00e4che eines Erregers heften. Dadurch ist dieser Erreger markiert und wird in der Folge von anderen Abwehrzellen, zum Beispiel von Fresszellen, erkannt und zerst\u00f6rt.<\/li><\/ul>\n\n\n\n<figure class=\"wp-block-image size-large\"><img decoding=\"async\" src=\"http:\/\/biotechlerncenter.interpharma.ch\/wp-content\/uploads\/sites\/4\/2020\/01\/immunsystem_neu_d-1.jpg\" alt=\"\" class=\"wp-image-3080\"\/><figcaption>Illustration 11.1: Le syst\u00e8me immunitaire cellulaire &#8211; macrophages, cellules T et anticorps<\/figcaption><\/figure>\n","protected":false},"excerpt":{"rendered":"<p>Depuis leur d\u00e9couverte \u00e0 la fin du XVIIIe\u00a0si\u00e8cle, les vaccins ont toujours \u00e9t\u00e9 l&rsquo;objet de violentes controverses. C&rsquo;est de fa\u00e7on pragmatique que ce chapitre va tenter d&rsquo;\u00e9clairer un sujet fort controvers\u00e9. Il va se conformer aux faits prouv\u00e9s par les m\u00e9thodes et les principes des sciences naturelles modernes. Qu&rsquo;est-ce qu&rsquo;un vaccin? Le principe de la [&hellip;]<\/p>\n","protected":false},"author":1,"featured_media":0,"parent":1206,"menu_order":0,"comment_status":"closed","ping_status":"closed","template":"page-templates\/unterthema.php","meta":{"_acf_changed":false,"inline_featured_image":false,"footnotes":""},"class_list":["post-1174","page","type-page","status-publish","hentry"],"acf":[],"yoast_head":"<!-- This site is optimized with the Yoast SEO Premium plugin v27.2 (Yoast SEO v27.2) - https:\/\/yoast.com\/product\/yoast-seo-premium-wordpress\/ -->\n<title>1. Qu&#039;est-ce qu&#039;un vaccin? - biotechlerncenter<\/title>\n<meta name=\"robots\" content=\"index, follow, max-snippet:-1, max-image-preview:large, max-video-preview:-1\" \/>\n<link rel=\"canonical\" href=\"https:\/\/biotechlerncenter.interpharma.ch\/fr\/sujets\/vaccination\/1-quest-ce-quun-vaccin\/\" \/>\n<meta property=\"og:locale\" content=\"fr_FR\" \/>\n<meta property=\"og:type\" content=\"article\" \/>\n<meta property=\"og:title\" content=\"1. Qu&#039;est-ce qu&#039;un vaccin?\" \/>\n<meta property=\"og:description\" content=\"Depuis leur d\u00e9couverte \u00e0 la fin du XVIIIe\u00a0si\u00e8cle, les vaccins ont toujours \u00e9t\u00e9 l&rsquo;objet de violentes controverses. C&rsquo;est de fa\u00e7on pragmatique que ce chapitre va tenter d&rsquo;\u00e9clairer un sujet fort controvers\u00e9. Il va se conformer aux faits prouv\u00e9s par les m\u00e9thodes et les principes des sciences naturelles modernes. Qu&rsquo;est-ce qu&rsquo;un vaccin? Le principe de la [&hellip;]\" \/>\n<meta property=\"og:url\" content=\"https:\/\/biotechlerncenter.interpharma.ch\/fr\/sujets\/vaccination\/1-quest-ce-quun-vaccin\/\" \/>\n<meta property=\"og:site_name\" content=\"biotechlerncenter\" \/>\n<meta property=\"article:modified_time\" content=\"2026-03-13T18:11:44+00:00\" \/>\n<meta property=\"og:image\" content=\"http:\/\/biotechlerncenter.interpharma.ch\/wp-content\/uploads\/sites\/4\/2020\/01\/immunsystem_neu_d-1.jpg\" \/>\n<meta name=\"twitter:card\" content=\"summary_large_image\" \/>\n<meta name=\"twitter:label1\" content=\"Dur\u00e9e de lecture estim\u00e9e\" \/>\n\t<meta name=\"twitter:data1\" content=\"4 minutes\" \/>\n<script type=\"application\/ld+json\" class=\"yoast-schema-graph\">{\"@context\":\"https:\/\/schema.org\",\"@graph\":[{\"@type\":\"WebPage\",\"@id\":\"https:\/\/biotechlerncenter.interpharma.ch\/fr\/sujets\/vaccination\/1-quest-ce-quun-vaccin\/\",\"url\":\"https:\/\/biotechlerncenter.interpharma.ch\/fr\/sujets\/vaccination\/1-quest-ce-quun-vaccin\/\",\"name\":\"1. Qu'est-ce qu'un vaccin? - biotechlerncenter\",\"isPartOf\":{\"@id\":\"https:\/\/biotechlerncenter.interpharma.ch\/#website\"},\"primaryImageOfPage\":{\"@id\":\"https:\/\/biotechlerncenter.interpharma.ch\/fr\/sujets\/vaccination\/1-quest-ce-quun-vaccin\/#primaryimage\"},\"image\":{\"@id\":\"https:\/\/biotechlerncenter.interpharma.ch\/fr\/sujets\/vaccination\/1-quest-ce-quun-vaccin\/#primaryimage\"},\"thumbnailUrl\":\"http:\/\/biotechlerncenter.interpharma.ch\/wp-content\/uploads\/sites\/4\/2020\/01\/immunsystem_neu_d-1.jpg\",\"datePublished\":\"2026-03-12T16:26:56+00:00\",\"dateModified\":\"2026-03-13T18:11:44+00:00\",\"breadcrumb\":{\"@id\":\"https:\/\/biotechlerncenter.interpharma.ch\/fr\/sujets\/vaccination\/1-quest-ce-quun-vaccin\/#breadcrumb\"},\"inLanguage\":\"fr-FR\",\"potentialAction\":[{\"@type\":\"ReadAction\",\"target\":[\"https:\/\/biotechlerncenter.interpharma.ch\/fr\/sujets\/vaccination\/1-quest-ce-quun-vaccin\/\"]}]},{\"@type\":\"ImageObject\",\"inLanguage\":\"fr-FR\",\"@id\":\"https:\/\/biotechlerncenter.interpharma.ch\/fr\/sujets\/vaccination\/1-quest-ce-quun-vaccin\/#primaryimage\",\"url\":\"http:\/\/biotechlerncenter.interpharma.ch\/wp-content\/uploads\/sites\/4\/2020\/01\/immunsystem_neu_d-1.jpg\",\"contentUrl\":\"http:\/\/biotechlerncenter.interpharma.ch\/wp-content\/uploads\/sites\/4\/2020\/01\/immunsystem_neu_d-1.jpg\"},{\"@type\":\"BreadcrumbList\",\"@id\":\"https:\/\/biotechlerncenter.interpharma.ch\/fr\/sujets\/vaccination\/1-quest-ce-quun-vaccin\/#breadcrumb\",\"itemListElement\":[{\"@type\":\"ListItem\",\"position\":1,\"name\":\"Start\",\"item\":\"https:\/\/biotechlerncenter.interpharma.ch\/fr\/\"},{\"@type\":\"ListItem\",\"position\":2,\"name\":\"Sujets\",\"item\":\"https:\/\/biotechlerncenter.interpharma.ch\/fr\/sujets\/\"},{\"@type\":\"ListItem\",\"position\":3,\"name\":\"Vaccination\",\"item\":\"https:\/\/biotechlerncenter.interpharma.ch\/fr\/sujets\/vaccination\/\"},{\"@type\":\"ListItem\",\"position\":4,\"name\":\"1. Qu&rsquo;est-ce qu&rsquo;un vaccin?\"}]},{\"@type\":\"WebSite\",\"@id\":\"https:\/\/biotechlerncenter.interpharma.ch\/#website\",\"url\":\"https:\/\/biotechlerncenter.interpharma.ch\/\",\"name\":\"biotechlerncenter\",\"description\":\"\",\"potentialAction\":[{\"@type\":\"SearchAction\",\"target\":{\"@type\":\"EntryPoint\",\"urlTemplate\":\"https:\/\/biotechlerncenter.interpharma.ch\/?s={search_term_string}\"},\"query-input\":{\"@type\":\"PropertyValueSpecification\",\"valueRequired\":true,\"valueName\":\"search_term_string\"}}],\"inLanguage\":\"fr-FR\"}]}<\/script>\n<!-- \/ Yoast SEO Premium plugin. -->","yoast_head_json":{"title":"1. Qu'est-ce qu'un vaccin? - biotechlerncenter","robots":{"index":"index","follow":"follow","max-snippet":"max-snippet:-1","max-image-preview":"max-image-preview:large","max-video-preview":"max-video-preview:-1"},"canonical":"https:\/\/biotechlerncenter.interpharma.ch\/fr\/sujets\/vaccination\/1-quest-ce-quun-vaccin\/","og_locale":"fr_FR","og_type":"article","og_title":"1. Qu'est-ce qu'un vaccin?","og_description":"Depuis leur d\u00e9couverte \u00e0 la fin du XVIIIe\u00a0si\u00e8cle, les vaccins ont toujours \u00e9t\u00e9 l&rsquo;objet de violentes controverses. C&rsquo;est de fa\u00e7on pragmatique que ce chapitre va tenter d&rsquo;\u00e9clairer un sujet fort controvers\u00e9. Il va se conformer aux faits prouv\u00e9s par les m\u00e9thodes et les principes des sciences naturelles modernes. Qu&rsquo;est-ce qu&rsquo;un vaccin? Le principe de la [&hellip;]","og_url":"https:\/\/biotechlerncenter.interpharma.ch\/fr\/sujets\/vaccination\/1-quest-ce-quun-vaccin\/","og_site_name":"biotechlerncenter","article_modified_time":"2026-03-13T18:11:44+00:00","og_image":[{"url":"http:\/\/biotechlerncenter.interpharma.ch\/wp-content\/uploads\/sites\/4\/2020\/01\/immunsystem_neu_d-1.jpg","type":"","width":"","height":""}],"twitter_card":"summary_large_image","twitter_misc":{"Dur\u00e9e de lecture estim\u00e9e":"4 minutes"},"schema":{"@context":"https:\/\/schema.org","@graph":[{"@type":"WebPage","@id":"https:\/\/biotechlerncenter.interpharma.ch\/fr\/sujets\/vaccination\/1-quest-ce-quun-vaccin\/","url":"https:\/\/biotechlerncenter.interpharma.ch\/fr\/sujets\/vaccination\/1-quest-ce-quun-vaccin\/","name":"1. Qu'est-ce qu'un vaccin? - biotechlerncenter","isPartOf":{"@id":"https:\/\/biotechlerncenter.interpharma.ch\/#website"},"primaryImageOfPage":{"@id":"https:\/\/biotechlerncenter.interpharma.ch\/fr\/sujets\/vaccination\/1-quest-ce-quun-vaccin\/#primaryimage"},"image":{"@id":"https:\/\/biotechlerncenter.interpharma.ch\/fr\/sujets\/vaccination\/1-quest-ce-quun-vaccin\/#primaryimage"},"thumbnailUrl":"http:\/\/biotechlerncenter.interpharma.ch\/wp-content\/uploads\/sites\/4\/2020\/01\/immunsystem_neu_d-1.jpg","datePublished":"2026-03-12T16:26:56+00:00","dateModified":"2026-03-13T18:11:44+00:00","breadcrumb":{"@id":"https:\/\/biotechlerncenter.interpharma.ch\/fr\/sujets\/vaccination\/1-quest-ce-quun-vaccin\/#breadcrumb"},"inLanguage":"fr-FR","potentialAction":[{"@type":"ReadAction","target":["https:\/\/biotechlerncenter.interpharma.ch\/fr\/sujets\/vaccination\/1-quest-ce-quun-vaccin\/"]}]},{"@type":"ImageObject","inLanguage":"fr-FR","@id":"https:\/\/biotechlerncenter.interpharma.ch\/fr\/sujets\/vaccination\/1-quest-ce-quun-vaccin\/#primaryimage","url":"http:\/\/biotechlerncenter.interpharma.ch\/wp-content\/uploads\/sites\/4\/2020\/01\/immunsystem_neu_d-1.jpg","contentUrl":"http:\/\/biotechlerncenter.interpharma.ch\/wp-content\/uploads\/sites\/4\/2020\/01\/immunsystem_neu_d-1.jpg"},{"@type":"BreadcrumbList","@id":"https:\/\/biotechlerncenter.interpharma.ch\/fr\/sujets\/vaccination\/1-quest-ce-quun-vaccin\/#breadcrumb","itemListElement":[{"@type":"ListItem","position":1,"name":"Start","item":"https:\/\/biotechlerncenter.interpharma.ch\/fr\/"},{"@type":"ListItem","position":2,"name":"Sujets","item":"https:\/\/biotechlerncenter.interpharma.ch\/fr\/sujets\/"},{"@type":"ListItem","position":3,"name":"Vaccination","item":"https:\/\/biotechlerncenter.interpharma.ch\/fr\/sujets\/vaccination\/"},{"@type":"ListItem","position":4,"name":"1. Qu&rsquo;est-ce qu&rsquo;un vaccin?"}]},{"@type":"WebSite","@id":"https:\/\/biotechlerncenter.interpharma.ch\/#website","url":"https:\/\/biotechlerncenter.interpharma.ch\/","name":"biotechlerncenter","description":"","potentialAction":[{"@type":"SearchAction","target":{"@type":"EntryPoint","urlTemplate":"https:\/\/biotechlerncenter.interpharma.ch\/?s={search_term_string}"},"query-input":{"@type":"PropertyValueSpecification","valueRequired":true,"valueName":"search_term_string"}}],"inLanguage":"fr-FR"}]}},"_links":{"self":[{"href":"https:\/\/biotechlerncenter.interpharma.ch\/fr\/wp-json\/wp\/v2\/pages\/1174","targetHints":{"allow":["GET"]}}],"collection":[{"href":"https:\/\/biotechlerncenter.interpharma.ch\/fr\/wp-json\/wp\/v2\/pages"}],"about":[{"href":"https:\/\/biotechlerncenter.interpharma.ch\/fr\/wp-json\/wp\/v2\/types\/page"}],"author":[{"embeddable":true,"href":"https:\/\/biotechlerncenter.interpharma.ch\/fr\/wp-json\/wp\/v2\/users\/1"}],"replies":[{"embeddable":true,"href":"https:\/\/biotechlerncenter.interpharma.ch\/fr\/wp-json\/wp\/v2\/comments?post=1174"}],"version-history":[{"count":3,"href":"https:\/\/biotechlerncenter.interpharma.ch\/fr\/wp-json\/wp\/v2\/pages\/1174\/revisions"}],"predecessor-version":[{"id":3321,"href":"https:\/\/biotechlerncenter.interpharma.ch\/fr\/wp-json\/wp\/v2\/pages\/1174\/revisions\/3321"}],"up":[{"embeddable":true,"href":"https:\/\/biotechlerncenter.interpharma.ch\/fr\/wp-json\/wp\/v2\/pages\/1206"}],"wp:attachment":[{"href":"https:\/\/biotechlerncenter.interpharma.ch\/fr\/wp-json\/wp\/v2\/media?parent=1174"}],"curies":[{"name":"wp","href":"https:\/\/api.w.org\/{rel}","templated":true}]}}