{"id":1138,"date":"2026-03-12T17:26:53","date_gmt":"2026-03-12T16:26:53","guid":{"rendered":"https:\/\/biotechlerncenter.iph-multisite.berta-bewegt.ch\/?page_id=1138"},"modified":"2026-03-13T19:07:40","modified_gmt":"2026-03-13T18:07:40","slug":"5-des-souris-knock-out-pour-comprendre-les-genes","status":"publish","type":"page","link":"https:\/\/biotechlerncenter.interpharma.ch\/fr\/sujets\/animaux-genetiquement-modifies\/5-des-souris-knock-out-pour-comprendre-les-genes\/","title":{"rendered":"5. Des souris knock-out pour comprendre les g\u00e8nes"},"content":{"rendered":"\n<p>Les animaux knock-out permettent non seulement d&rsquo;\u00e9tudier une maladie concr\u00e8te mais \u00e9galement de r\u00e9pondre \u00e0 la question fondamentale suivante: \u00e0 quoi sert le g\u00e8ne dans l&rsquo;organisme? L&rsquo;id\u00e9e est simple: si un g\u00e8ne est d\u00e9ficient \u00e0 l&rsquo;int\u00e9rieur d&rsquo;un organisme&nbsp; (entra\u00eenant ainsi la prot\u00e9ine correspondante), cela signifie qu&rsquo;il y a un certain dysfonctionnement. Lorsque par exemple le g\u00e8ne de l\u2019insuline est d\u00e9fectueux, le m\u00e9tabolisme du glucose n&rsquo;est plus correctement contr\u00f4lable dans l&rsquo;organisme. Lorsque le g\u00e8ne de croissance est inactiv\u00e9 dans une mouche, il y aura alors formation de mini-mouches. En d&rsquo;autres termes: en inactivant des g\u00e8nes de fa\u00e7on cibl\u00e9e, on peut conclure \u00e0 la fonction normale du g\u00e8ne. L&rsquo;avantage des souris knock-out r\u00e9side dans le fait que l&rsquo;incidence du g\u00e8ne peut \u00eatre observ\u00e9e sur un animal vivant.<\/p>\n\n\n\n<p>Contrairement aux animaux knock-out, le but est diff\u00e9rent lors de la production d&rsquo;animaux&nbsp; \u00e0 s\u00e9quence h\u00e9r\u00e9ditaire \u00e9trang\u00e8re additionnelle (animaux knock-in). L&rsquo;animal a re\u00e7u des aptitudes suppl\u00e9mentaires. La premi\u00e8re souris qui fut connue mondialement est celle dans laquelle fut introduit un g\u00e8ne humain du cancer dans les laboratoires de la \u00abHarvard Medical School\u00bb (institution de recherche r\u00e9put\u00e9e de Boston) et elle a ainsi permis d&rsquo;analyser l&rsquo;\u00e9volution du cancer ainsi que les traitements \u00e9ventuels sur des animaux mod\u00e8les. Depuis, de nouvelles g\u00e9n\u00e9rations de souris atteintes de cancer sont \u00e0 la disposition de la recherche en tant que mod\u00e8le de maladie.<\/p>\n\n\n\n<p>Selon la loi sur la protection des animaux en vigueur en Suisse, une autorisation est n\u00e9cessaire lors de modification sur les vert\u00e9br\u00e9s par g\u00e9nie g\u00e9n\u00e9tique ou de leur utilisation dans l&rsquo;exp\u00e9rimentation animale. Une autorisation est donc n\u00e9cessaire pour les poissons et les souris, animaux mod\u00e8les mentionn\u00e9s plus haut. Par contre, elle n&rsquo;est pas n\u00e9cessaire pour le n\u00e9matode et la drosophile puisqu&rsquo;ils n&rsquo;appartiennent pas aux vert\u00e9br\u00e9s. Le nombre d&rsquo;exp\u00e9rimentation animale sur des animaux transg\u00e9niques ne cesse de cro\u00eetre depuis 1992. En 2004, on a compt\u00e9 466 exp\u00e9riences de ce genre. Parall\u00e8lement, le nombre d&rsquo;animaux utilis\u00e9s dans de tels projets a augment\u00e9 durant ces derni\u00e8res ann\u00e9es. En 2004, on a compt\u00e9 81&rsquo;000 animaux,&nbsp; des souris pour la plupart mais \u00e9galement des rats. Entre 1997 et 2004, on d\u00e9tenait 4&rsquo;200 lign\u00e9es diff\u00e9rentes de souris g\u00e9n\u00e9tiquement modifi\u00e9es ainsi que quelques lign\u00e9es de rats, de lapins et de poissons. Les exp\u00e9rimentations animales effectu\u00e9es sur des animaux transg\u00e9niques sont en augmentation ces derni\u00e8res ann\u00e9es et cette \u00e9volution souligne leur importance pour la recherche.<\/p>\n\n\n\n<figure class=\"wp-block-image size-large\"><img decoding=\"async\" src=\"http:\/\/biotechlerncenter.interpharma.ch\/wp-content\/uploads\/sites\/4\/2020\/01\/zebrafische_studiophotopro_fotolia.jpg\" alt=\"\" class=\"wp-image-3176\"\/><figcaption>Le poisson z\u00e8bre (lat: danio rerio) est originaire d\u2019Inde.<br>\u00a9 Studiophotopro, fotolia.com<\/figcaption><\/figure>\n\n\n\n<div class=\"wp-block-group has-my-grey-background-color has-background\"><div class=\"wp-block-group__inner-container is-layout-flow wp-block-group-is-layout-flow\">\n<h2 class=\"wp-block-heading\">Animaux g\u00e9n\u00e9tiquement modifi\u00e9s pour une utilisation m\u00e9dicale<\/h2>\n\n\n\n<p>Les animaux g\u00e9n\u00e9tiquement modifi\u00e9s ne sont pas \u00e9lev\u00e9s uniquement pour la recherche fondamentale. Il y a toute une s\u00e9rie d&rsquo;applications qui sont actuellement en cours de d\u00e9veloppement ou qui ont d\u00e9j\u00e0 \u00e9t\u00e9 test\u00e9es, la plupart du temps du reste avec des r\u00e9sultats mitig\u00e9s. Voici quelques exemples \u00e9minents:<\/p>\n\n\n\n<h2 class=\"wp-block-heading\"><strong>X\u00e9no-transplantation<\/strong><\/h2>\n\n\n\n<p>De nombreux individus doivent attendre tr\u00e8s longtemps le nouvel organe dont ils ont besoin, d&rsquo;autres meurent parce que l&rsquo;on n&rsquo;a pas pu trouver \u00e0 temps l&rsquo;organe appropri\u00e9. La recherche est en qu\u00eate d&rsquo;alternatives. L&rsquo;utilisation d&rsquo;organes animaux, \u00e9galement appel\u00e9e x\u00e9no-transplantation, en est une parmi d&rsquo;autres. Normalement, les organes animaux sont imm\u00e9diatement rejet\u00e9s par l&rsquo;organisme humain et de ce fait ne peuvent pas \u00eatre transplant\u00e9s. Si l&rsquo;on r\u00e9ussissait \u00e0 modifier la g\u00e9n\u00e9tique des animaux de telle sorte que l\u2019organisme humain ne consid\u00e8re plus ces organes comme \u00e9trangers, on pourrait \u00e9viter ces r\u00e9actions de rejet ou du moins les contr\u00f4ler. Au centre de ce projet se trouve le porc car le rein de cet animal est, de par sa grandeur et sa structure, id\u00e9al pour une transplantation sur l&rsquo;individu. Jusqu&rsquo;\u00e0 pr\u00e9sent, l\u2019\u00e9levage de tels animaux n&rsquo;a pas r\u00e9ussi. Mais les recherches actuelles vont permettre d&rsquo;exp\u00e9rimenter des organes de porcs g\u00e9n\u00e9tiquement modifi\u00e9s sur des singes. La possibilit\u00e9 de produire un jour des organes pour l&rsquo;\u00eatre humain \u00e0 l&rsquo;aide de la x\u00e9no-transplantation para\u00eet actuellement incertaine.<\/p>\n\n\n\n<h2 class=\"wp-block-heading\"><strong>Gene Pharming<\/strong><\/h2>\n\n\n\n<p>Le fait que l&rsquo;on puisse traire des souris n&rsquo;est pas une plaisanterie pour bien des chercheurs. En effet, pour la premi\u00e8re fois en 1987, des souris produisirent le facteur de croissance humain t-PA contenu en concentrations \u00e9lev\u00e9es dans leur lait. Ce processus a pu \u00eatre engag\u00e9 par le fait qu&rsquo;une sorte d&rsquo;interrupteur (promoteur) de la prot\u00e9ine lactos\u00e9rique a \u00e9t\u00e9 plac\u00e9 devant le g\u00e8ne correspondant. Ce promoteur va permettre au g\u00e8ne de n&rsquo;\u00eatre actif que dans les glandes lactiques et non dans tout autre endroit de l&rsquo;organisme. Ce mode de production de m\u00e9dicaments est appel\u00e9 gene pharming. En \u00e9t\u00e9 2006, une substance active provenant d&rsquo;une ch\u00e8vre transg\u00e9nique a \u00e9t\u00e9 admise pour la premi\u00e8re fois en Europe. Il s&rsquo;agit de l&rsquo;antithrombine humaine qui est appliqu\u00e9e lors de d\u00e9ficience h\u00e9r\u00e9ditaire en antithrombine. La substance active emp\u00eache la formation de caillots.<\/p>\n<\/div><\/div>\n","protected":false},"excerpt":{"rendered":"<p>Les animaux knock-out permettent non seulement d&rsquo;\u00e9tudier une maladie concr\u00e8te mais \u00e9galement de r\u00e9pondre \u00e0 la question fondamentale suivante: \u00e0 quoi sert le g\u00e8ne dans l&rsquo;organisme? L&rsquo;id\u00e9e est simple: si un g\u00e8ne est d\u00e9ficient \u00e0 l&rsquo;int\u00e9rieur d&rsquo;un organisme&nbsp; (entra\u00eenant ainsi la prot\u00e9ine correspondante), cela signifie qu&rsquo;il y a un certain dysfonctionnement. Lorsque par exemple le [&hellip;]<\/p>\n","protected":false},"author":1,"featured_media":0,"parent":512,"menu_order":4,"comment_status":"closed","ping_status":"closed","template":"page-templates\/unterthema.php","meta":{"_acf_changed":false,"inline_featured_image":false,"footnotes":""},"class_list":["post-1138","page","type-page","status-publish","hentry"],"acf":[],"yoast_head":"<!-- This site is optimized with the Yoast SEO Premium plugin v27.2 (Yoast SEO v27.2) - https:\/\/yoast.com\/product\/yoast-seo-premium-wordpress\/ -->\n<title>5. Des souris knock-out pour comprendre les g\u00e8nes - biotechlerncenter<\/title>\n<meta name=\"robots\" content=\"index, follow, max-snippet:-1, max-image-preview:large, max-video-preview:-1\" \/>\n<link rel=\"canonical\" href=\"https:\/\/biotechlerncenter.interpharma.ch\/themen\/genetisch-veraenderte-tiere-2\/5-mit-knock-out-maeusen-gene-verstehen\/\" \/>\n<meta property=\"og:locale\" content=\"fr_FR\" \/>\n<meta property=\"og:type\" content=\"article\" \/>\n<meta property=\"og:title\" content=\"5. Des souris knock-out pour comprendre les g\u00e8nes\" \/>\n<meta property=\"og:description\" content=\"Les animaux knock-out permettent non seulement d&rsquo;\u00e9tudier une maladie concr\u00e8te mais \u00e9galement de r\u00e9pondre \u00e0 la question fondamentale suivante: \u00e0 quoi sert le g\u00e8ne dans l&rsquo;organisme? L&rsquo;id\u00e9e est simple: si un g\u00e8ne est d\u00e9ficient \u00e0 l&rsquo;int\u00e9rieur d&rsquo;un organisme&nbsp; (entra\u00eenant ainsi la prot\u00e9ine correspondante), cela signifie qu&rsquo;il y a un certain dysfonctionnement. Lorsque par exemple le [&hellip;]\" \/>\n<meta property=\"og:url\" content=\"https:\/\/biotechlerncenter.interpharma.ch\/themen\/genetisch-veraenderte-tiere-2\/5-mit-knock-out-maeusen-gene-verstehen\/\" \/>\n<meta property=\"og:site_name\" content=\"biotechlerncenter\" \/>\n<meta property=\"article:modified_time\" content=\"2026-03-13T18:07:40+00:00\" \/>\n<meta property=\"og:image\" content=\"http:\/\/biotechlerncenter.interpharma.ch\/wp-content\/uploads\/sites\/4\/2020\/01\/zebrafische_studiophotopro_fotolia.jpg\" \/>\n<meta name=\"twitter:card\" content=\"summary_large_image\" \/>\n<meta name=\"twitter:label1\" content=\"Dur\u00e9e de lecture estim\u00e9e\" \/>\n\t<meta name=\"twitter:data1\" content=\"5 minutes\" \/>\n<script type=\"application\/ld+json\" class=\"yoast-schema-graph\">{\"@context\":\"https:\/\/schema.org\",\"@graph\":[{\"@type\":\"WebPage\",\"@id\":\"https:\/\/biotechlerncenter.interpharma.ch\/themen\/genetisch-veraenderte-tiere-2\/5-mit-knock-out-maeusen-gene-verstehen\/\",\"url\":\"https:\/\/biotechlerncenter.interpharma.ch\/themen\/genetisch-veraenderte-tiere-2\/5-mit-knock-out-maeusen-gene-verstehen\/\",\"name\":\"5. Des souris knock-out pour comprendre les g\u00e8nes - biotechlerncenter\",\"isPartOf\":{\"@id\":\"https:\/\/biotechlerncenter.interpharma.ch\/#website\"},\"primaryImageOfPage\":{\"@id\":\"https:\/\/biotechlerncenter.interpharma.ch\/themen\/genetisch-veraenderte-tiere-2\/5-mit-knock-out-maeusen-gene-verstehen\/#primaryimage\"},\"image\":{\"@id\":\"https:\/\/biotechlerncenter.interpharma.ch\/themen\/genetisch-veraenderte-tiere-2\/5-mit-knock-out-maeusen-gene-verstehen\/#primaryimage\"},\"thumbnailUrl\":\"http:\/\/biotechlerncenter.interpharma.ch\/wp-content\/uploads\/sites\/4\/2020\/01\/zebrafische_studiophotopro_fotolia.jpg\",\"datePublished\":\"2026-03-12T16:26:53+00:00\",\"dateModified\":\"2026-03-13T18:07:40+00:00\",\"breadcrumb\":{\"@id\":\"https:\/\/biotechlerncenter.interpharma.ch\/themen\/genetisch-veraenderte-tiere-2\/5-mit-knock-out-maeusen-gene-verstehen\/#breadcrumb\"},\"inLanguage\":\"fr-FR\",\"potentialAction\":[{\"@type\":\"ReadAction\",\"target\":[\"https:\/\/biotechlerncenter.interpharma.ch\/themen\/genetisch-veraenderte-tiere-2\/5-mit-knock-out-maeusen-gene-verstehen\/\"]}]},{\"@type\":\"ImageObject\",\"inLanguage\":\"fr-FR\",\"@id\":\"https:\/\/biotechlerncenter.interpharma.ch\/themen\/genetisch-veraenderte-tiere-2\/5-mit-knock-out-maeusen-gene-verstehen\/#primaryimage\",\"url\":\"http:\/\/biotechlerncenter.interpharma.ch\/wp-content\/uploads\/sites\/4\/2020\/01\/zebrafische_studiophotopro_fotolia.jpg\",\"contentUrl\":\"http:\/\/biotechlerncenter.interpharma.ch\/wp-content\/uploads\/sites\/4\/2020\/01\/zebrafische_studiophotopro_fotolia.jpg\"},{\"@type\":\"BreadcrumbList\",\"@id\":\"https:\/\/biotechlerncenter.interpharma.ch\/themen\/genetisch-veraenderte-tiere-2\/5-mit-knock-out-maeusen-gene-verstehen\/#breadcrumb\",\"itemListElement\":[{\"@type\":\"ListItem\",\"position\":1,\"name\":\"Start\",\"item\":\"https:\/\/biotechlerncenter.interpharma.ch\/fr\/\"},{\"@type\":\"ListItem\",\"position\":2,\"name\":\"Sujets\",\"item\":\"https:\/\/biotechlerncenter.interpharma.ch\/fr\/sujets\/\"},{\"@type\":\"ListItem\",\"position\":3,\"name\":\"Animaux g\u00e9n\u00e9tiquement modifi\u00e9s\",\"item\":\"https:\/\/biotechlerncenter.interpharma.ch\/fr\/sujets\/animaux-genetiquement-modifies\/\"},{\"@type\":\"ListItem\",\"position\":4,\"name\":\"5. Des souris knock-out pour comprendre les g\u00e8nes\"}]},{\"@type\":\"WebSite\",\"@id\":\"https:\/\/biotechlerncenter.interpharma.ch\/#website\",\"url\":\"https:\/\/biotechlerncenter.interpharma.ch\/\",\"name\":\"biotechlerncenter\",\"description\":\"\",\"potentialAction\":[{\"@type\":\"SearchAction\",\"target\":{\"@type\":\"EntryPoint\",\"urlTemplate\":\"https:\/\/biotechlerncenter.interpharma.ch\/?s={search_term_string}\"},\"query-input\":{\"@type\":\"PropertyValueSpecification\",\"valueRequired\":true,\"valueName\":\"search_term_string\"}}],\"inLanguage\":\"fr-FR\"}]}<\/script>\n<!-- \/ Yoast SEO Premium plugin. -->","yoast_head_json":{"title":"5. Des souris knock-out pour comprendre les g\u00e8nes - biotechlerncenter","robots":{"index":"index","follow":"follow","max-snippet":"max-snippet:-1","max-image-preview":"max-image-preview:large","max-video-preview":"max-video-preview:-1"},"canonical":"https:\/\/biotechlerncenter.interpharma.ch\/themen\/genetisch-veraenderte-tiere-2\/5-mit-knock-out-maeusen-gene-verstehen\/","og_locale":"fr_FR","og_type":"article","og_title":"5. Des souris knock-out pour comprendre les g\u00e8nes","og_description":"Les animaux knock-out permettent non seulement d&rsquo;\u00e9tudier une maladie concr\u00e8te mais \u00e9galement de r\u00e9pondre \u00e0 la question fondamentale suivante: \u00e0 quoi sert le g\u00e8ne dans l&rsquo;organisme? L&rsquo;id\u00e9e est simple: si un g\u00e8ne est d\u00e9ficient \u00e0 l&rsquo;int\u00e9rieur d&rsquo;un organisme&nbsp; (entra\u00eenant ainsi la prot\u00e9ine correspondante), cela signifie qu&rsquo;il y a un certain dysfonctionnement. Lorsque par exemple le [&hellip;]","og_url":"https:\/\/biotechlerncenter.interpharma.ch\/themen\/genetisch-veraenderte-tiere-2\/5-mit-knock-out-maeusen-gene-verstehen\/","og_site_name":"biotechlerncenter","article_modified_time":"2026-03-13T18:07:40+00:00","og_image":[{"url":"http:\/\/biotechlerncenter.interpharma.ch\/wp-content\/uploads\/sites\/4\/2020\/01\/zebrafische_studiophotopro_fotolia.jpg","type":"","width":"","height":""}],"twitter_card":"summary_large_image","twitter_misc":{"Dur\u00e9e de lecture estim\u00e9e":"5 minutes"},"schema":{"@context":"https:\/\/schema.org","@graph":[{"@type":"WebPage","@id":"https:\/\/biotechlerncenter.interpharma.ch\/themen\/genetisch-veraenderte-tiere-2\/5-mit-knock-out-maeusen-gene-verstehen\/","url":"https:\/\/biotechlerncenter.interpharma.ch\/themen\/genetisch-veraenderte-tiere-2\/5-mit-knock-out-maeusen-gene-verstehen\/","name":"5. Des souris knock-out pour comprendre les g\u00e8nes - biotechlerncenter","isPartOf":{"@id":"https:\/\/biotechlerncenter.interpharma.ch\/#website"},"primaryImageOfPage":{"@id":"https:\/\/biotechlerncenter.interpharma.ch\/themen\/genetisch-veraenderte-tiere-2\/5-mit-knock-out-maeusen-gene-verstehen\/#primaryimage"},"image":{"@id":"https:\/\/biotechlerncenter.interpharma.ch\/themen\/genetisch-veraenderte-tiere-2\/5-mit-knock-out-maeusen-gene-verstehen\/#primaryimage"},"thumbnailUrl":"http:\/\/biotechlerncenter.interpharma.ch\/wp-content\/uploads\/sites\/4\/2020\/01\/zebrafische_studiophotopro_fotolia.jpg","datePublished":"2026-03-12T16:26:53+00:00","dateModified":"2026-03-13T18:07:40+00:00","breadcrumb":{"@id":"https:\/\/biotechlerncenter.interpharma.ch\/themen\/genetisch-veraenderte-tiere-2\/5-mit-knock-out-maeusen-gene-verstehen\/#breadcrumb"},"inLanguage":"fr-FR","potentialAction":[{"@type":"ReadAction","target":["https:\/\/biotechlerncenter.interpharma.ch\/themen\/genetisch-veraenderte-tiere-2\/5-mit-knock-out-maeusen-gene-verstehen\/"]}]},{"@type":"ImageObject","inLanguage":"fr-FR","@id":"https:\/\/biotechlerncenter.interpharma.ch\/themen\/genetisch-veraenderte-tiere-2\/5-mit-knock-out-maeusen-gene-verstehen\/#primaryimage","url":"http:\/\/biotechlerncenter.interpharma.ch\/wp-content\/uploads\/sites\/4\/2020\/01\/zebrafische_studiophotopro_fotolia.jpg","contentUrl":"http:\/\/biotechlerncenter.interpharma.ch\/wp-content\/uploads\/sites\/4\/2020\/01\/zebrafische_studiophotopro_fotolia.jpg"},{"@type":"BreadcrumbList","@id":"https:\/\/biotechlerncenter.interpharma.ch\/themen\/genetisch-veraenderte-tiere-2\/5-mit-knock-out-maeusen-gene-verstehen\/#breadcrumb","itemListElement":[{"@type":"ListItem","position":1,"name":"Start","item":"https:\/\/biotechlerncenter.interpharma.ch\/fr\/"},{"@type":"ListItem","position":2,"name":"Sujets","item":"https:\/\/biotechlerncenter.interpharma.ch\/fr\/sujets\/"},{"@type":"ListItem","position":3,"name":"Animaux g\u00e9n\u00e9tiquement modifi\u00e9s","item":"https:\/\/biotechlerncenter.interpharma.ch\/fr\/sujets\/animaux-genetiquement-modifies\/"},{"@type":"ListItem","position":4,"name":"5. Des souris knock-out pour comprendre les g\u00e8nes"}]},{"@type":"WebSite","@id":"https:\/\/biotechlerncenter.interpharma.ch\/#website","url":"https:\/\/biotechlerncenter.interpharma.ch\/","name":"biotechlerncenter","description":"","potentialAction":[{"@type":"SearchAction","target":{"@type":"EntryPoint","urlTemplate":"https:\/\/biotechlerncenter.interpharma.ch\/?s={search_term_string}"},"query-input":{"@type":"PropertyValueSpecification","valueRequired":true,"valueName":"search_term_string"}}],"inLanguage":"fr-FR"}]}},"_links":{"self":[{"href":"https:\/\/biotechlerncenter.interpharma.ch\/fr\/wp-json\/wp\/v2\/pages\/1138","targetHints":{"allow":["GET"]}}],"collection":[{"href":"https:\/\/biotechlerncenter.interpharma.ch\/fr\/wp-json\/wp\/v2\/pages"}],"about":[{"href":"https:\/\/biotechlerncenter.interpharma.ch\/fr\/wp-json\/wp\/v2\/types\/page"}],"author":[{"embeddable":true,"href":"https:\/\/biotechlerncenter.interpharma.ch\/fr\/wp-json\/wp\/v2\/users\/1"}],"replies":[{"embeddable":true,"href":"https:\/\/biotechlerncenter.interpharma.ch\/fr\/wp-json\/wp\/v2\/comments?post=1138"}],"version-history":[{"count":3,"href":"https:\/\/biotechlerncenter.interpharma.ch\/fr\/wp-json\/wp\/v2\/pages\/1138\/revisions"}],"predecessor-version":[{"id":3313,"href":"https:\/\/biotechlerncenter.interpharma.ch\/fr\/wp-json\/wp\/v2\/pages\/1138\/revisions\/3313"}],"up":[{"embeddable":true,"href":"https:\/\/biotechlerncenter.interpharma.ch\/fr\/wp-json\/wp\/v2\/pages\/512"}],"wp:attachment":[{"href":"https:\/\/biotechlerncenter.interpharma.ch\/fr\/wp-json\/wp\/v2\/media?parent=1138"}],"curies":[{"name":"wp","href":"https:\/\/api.w.org\/{rel}","templated":true}]}}