{"id":1126,"date":"2026-03-12T17:26:52","date_gmt":"2026-03-12T16:26:52","guid":{"rendered":"https:\/\/biotechlerncenter.iph-multisite.berta-bewegt.ch\/?page_id=1126"},"modified":"2026-03-13T19:06:18","modified_gmt":"2026-03-13T18:06:18","slug":"2-quest-ce-qui-distingue-un-animal-pour-etre-choisi-comme-organisme-modele","status":"publish","type":"page","link":"https:\/\/biotechlerncenter.interpharma.ch\/fr\/sujets\/animaux-genetiquement-modifies\/2-quest-ce-qui-distingue-un-animal-pour-etre-choisi-comme-organisme-modele\/","title":{"rendered":"2. Qu&rsquo;est-ce qui distingue un animal pour \u00eatre choisi comme organisme mod\u00e8le?"},"content":{"rendered":"\n<h2 class=\"wp-block-heading\">Qu&rsquo;est-ce qui distingue un animal pour \u00eatre choisi comme organisme mod\u00e8le?<\/h2>\n\n\n\n<ol class=\"wp-block-list\"><li>Il doit pouvoir bien vivre en laboratoire et se reproduire. Il doit pouvoir le faire dans un cadre restreint et ne doit pas \u00eatre trop exigeant en ce qui concerne la nourriture et les influences ext\u00e9rieures.<\/li><li>La recherche doit avoir fait sur cet animal des exp\u00e9riences autres que par g\u00e9nie g\u00e9n\u00e9tique.<\/li><li>Il doit pouvoir se reproduire rapidement et en grand nombre afin de r\u00e9duire la dur\u00e9e de l&rsquo;exp\u00e9rience.<\/li><li>Il doit pouvoir \u00eatre bien modifi\u00e9 par le g\u00e9nie g\u00e9n\u00e9tique.<\/li><\/ol>\n\n\n\n<p>Il est alors bien clair que l&rsquo;\u00e9l\u00e9phant ne remplit pas les conditions requises: 5 tonnes, des besoins alimentaires se montant \u00e0 100 kg par jour, une gestation de 22 mois rendraient difficile toute exp\u00e9rience. Il en est tout autre de la souris. Elle a une gestation de 3 semaines et ne p\u00e8se que 35 grammes. Il est donc logique que les chercheurs aient choisi des \u00eatres vivants petits. Les animaux mod\u00e8les les plus importants pour la recherche biologique moderne sont les suivants:<\/p>\n\n\n\n<h2 class=\"wp-block-heading\"><strong>Le&nbsp;<em>Caenorrhabditis elegans<\/em>&nbsp;[1 mm]<\/strong><\/h2>\n\n\n\n<p>Ce ver n\u00e9matode, Caenorrhabditis elegans, vivant dans la terre mesure un millim\u00e8tre et a une dur\u00e9e de vie de 20 jours. La dur\u00e9e de son d\u00e9veloppement \u00e9tant courte et le nombre de ses cellules \u00e9tant faible (le ver est constitu\u00e9 de 959 cellules) font de lui un organisme mod\u00e8le tr\u00e8s appr\u00e9ci\u00e9. De plus, ce ver est transparent ce qui permet une observation microscopique facilit\u00e9e des cellules isol\u00e9es et des organes de l&rsquo;animal vivant.<\/p>\n\n\n\n<h2 class=\"wp-block-heading\"><strong>La mouche du vinaigre&nbsp;(Drosophila melanogaster, drosophile) [3 mm]<\/strong><\/h2>\n\n\n\n<p>La mouche du vinaigre ou drosophile est depuis bient\u00f4t 100 ans un animal de laboratoire appr\u00e9ci\u00e9 des g\u00e9n\u00e9ticiens: les drosophiles sont petites, faciles \u00e0 cultiver, elles passent d&rsquo;oeuf \u00e0 mouche en 10 jours et se&nbsp; reproduisent rapidement. Initialement, elles furent utilis\u00e9es dans la d\u00e9couverte des lois de l&rsquo;h\u00e9r\u00e9dit\u00e9 et durant les 40 derni\u00e8res ann\u00e9es, elles furent avant tout au service de l&rsquo;\u00e9tude d&rsquo;une des questions pr\u00e9dominantes en biologie: \u00abComment un organisme complet peut-il \u00eatre issu d&rsquo;une cellule unique?\u00bb Les d\u00e9fauts g\u00e9n\u00e9tiques induisant des troubles dans le d\u00e9veloppement ont permis de rep\u00e9rer les g\u00e8nes qui contr\u00f4lent ces proc\u00e9d\u00e9s. Gr\u00e2ce au d\u00e9cryptage du patrimoine g\u00e9n\u00e9tique de la drosophile et de l&rsquo;\u00eatre humain, on d\u00e9couvrit que le d\u00e9veloppement de la drosophile et de l&rsquo;\u00eatre humain sont dirig\u00e9s par des g\u00e8nes tr\u00e8s similaires.<\/p>\n\n\n\n<figure class=\"wp-block-image size-large is-resized\"><img loading=\"lazy\" decoding=\"async\" src=\"http:\/\/biotechlerncenter.interpharma.ch\/wp-content\/uploads\/sites\/4\/2020\/01\/drosophila_900.jpg\" alt=\"\" class=\"wp-image-3199\" width=\"455\" height=\"354\"\/><figcaption>Clich\u00e9 de la drosophile effectu\u00e9 par un microscope \u00e9lectronique<\/figcaption><\/figure>\n\n\n\n<p><strong>Le poisson z\u00e8bre<\/strong><strong>&nbsp;(Danio rerio) [4 cm]<\/strong><br>Pourquoi les chercheurs ont-ils opt\u00e9 pour les poissons z\u00e8bres? Ils sont l\u00e9gers, on peut les garder en grand nombre et ils se reproduisent rapidement. Leur d\u00e9veloppement rapide va permettre de signaler les modifications de leur patrimoine g\u00e9n\u00e9tique en l&rsquo;espace de peu de temps. Un jour apr\u00e8s la f\u00e9condation, tous les organes essentiels sont d\u00e9j\u00e0 mis en place et la larve sort deux jours plus tard. En outre, les descendants sont transparents \u00e0 quelques d\u00e9tails pr\u00e8s de telle sorte que les diff\u00e9rentes \u00e9tapes de leur d\u00e9veloppement peuvent \u00eatre observ\u00e9es sans grand investissement. Tous les vert\u00e9br\u00e9s, l&rsquo;\u00eatre humain inclus, ont de nombreux points communs et les connaissances acquises gr\u00e2ce au poisson z\u00e8bre peuvent souvent \u00eatre transf\u00e9r\u00e9es \u00e0 l&rsquo;\u00eatre humain.<\/p>\n\n\n\n<p><strong>La souris commune<\/strong><strong>&nbsp;(Mus musculus) [10 cm]<\/strong><br>Les souris blanches typiques \u00e9galement appel\u00e9es souris de laboratoire sont apparent\u00e9es aux souris domestiques. Leur corps est long de 7 \u00e0 11 cm auquel vient s&rsquo;ajouter une queue de 7 \u00e0 10 cm. Les souris de laboratoire p\u00e8sent de 30 \u00e0 45 grammes. Elles ont jusqu&rsquo;\u00e0 huit port\u00e9es par ann\u00e9e de 3 \u00e0 8 petits. Elles atteignent leur maturit\u00e9 sexuelle apr\u00e8s 4 \u00e0 6 semaines et elles peuvent vivre deux ans. Une souris peut donc avoir 150 descendants. Les souris sont donc des animaux de laboratoire id\u00e9aux. La souris commune fut \u00e9lev\u00e9e \u00e0 des fins exp\u00e9rimentales dans diverses lign\u00e9es ayant chaque fois des caract\u00e9ristiques diff\u00e9rentes. C&rsquo;est ainsi que la lign\u00e9e \u00abNMRI\u00bb se pr\u00eate particuli\u00e8rement bien aux analyses biologiques de comportement, d&rsquo;autres le sont pour la formation particuli\u00e8rement pr\u00e9coce des tumeurs et seront donc utilis\u00e9es dans la recherche contre le cancer, et d&rsquo;autres encore pour tester des m\u00e9dicaments comme par exemple contre les crises d\u2019\u00e9pilepsie.<\/p>\n\n\n\n<p>Naturellement, chaque organisme mod\u00e8le permet d&rsquo;\u00e9tudier un d\u00e9tail particulier.<br>Et plus un \u00eatre vivant est proche d&rsquo;un autre, mieux les r\u00e9sultats des exp\u00e9riences pourront \u00eatre transf\u00e9r\u00e9s. C&rsquo;est ainsi que les nouvelles connaissances r\u00e9sultant d&rsquo;exp\u00e9riences faites sur des souris seront plus facilement transf\u00e9rables sur l&rsquo;\u00eatre humain que celles faites sur les mouches. Finalement, l&rsquo;\u00eatre humain et la souris sont tous deux des mammif\u00e8res et 99% de l&rsquo;ensemble des g\u00e8nes de la souris se retrouvent sous une forme identique chez l&rsquo;\u00eatre humain.<\/p>\n\n\n\n<p>Mais les animaux mod\u00e8les les plus pr\u00e9cieux sont ceux qui servent \u00e0 l&rsquo;exploration des maladies de l&rsquo;individu. Le tableau suivant montre que, pour diverses maladies graves, on dispose de mod\u00e8les animaux dans diff\u00e9rents organismes mod\u00e8les parce que les organismes mod\u00e8les et les individus ont souvent les m\u00eames g\u00e8nes.<\/p>\n\n\n\n<figure class=\"wp-block-image size-large\"><img decoding=\"async\" src=\"https:\/\/biotechlerncenter.interpharma.ch\/wp-content\/uploads\/sites\/4\/2020\/01\/tableau_10.2.gif\" alt=\"\" class=\"wp-image-4009\"\/><figcaption>Tableau 10.2: Types de maladie dans les organismes mod\u00e8les<br>Source : Science (2004) 287, 2204-2215 et OMIM<\/figcaption><\/figure>\n","protected":false},"excerpt":{"rendered":"<p>Qu&rsquo;est-ce qui distingue un animal pour \u00eatre choisi comme organisme mod\u00e8le? Il doit pouvoir bien vivre en laboratoire et se reproduire. Il doit pouvoir le faire dans un cadre restreint et ne doit pas \u00eatre trop exigeant en ce qui concerne la nourriture et les influences ext\u00e9rieures. La recherche doit avoir fait sur cet animal [&hellip;]<\/p>\n","protected":false},"author":1,"featured_media":0,"parent":512,"menu_order":1,"comment_status":"closed","ping_status":"closed","template":"page-templates\/unterthema.php","meta":{"_acf_changed":false,"inline_featured_image":false,"footnotes":""},"class_list":["post-1126","page","type-page","status-publish","hentry"],"acf":[],"yoast_head":"<!-- This site is optimized with the Yoast SEO Premium plugin v27.2 (Yoast SEO v27.2) - https:\/\/yoast.com\/product\/yoast-seo-premium-wordpress\/ -->\n<title>2. Qu&#039;est-ce qui distingue un animal pour \u00eatre choisi comme organisme mod\u00e8le? - biotechlerncenter<\/title>\n<meta name=\"robots\" content=\"index, follow, max-snippet:-1, max-image-preview:large, max-video-preview:-1\" \/>\n<link rel=\"canonical\" href=\"https:\/\/biotechlerncenter.interpharma.ch\/themen\/genetisch-veraenderte-tiere-2\/2-was-zeichnet-ein-tier-aus-damit-es-zum-modellorganismus-erkoren-wird\/\" \/>\n<meta property=\"og:locale\" content=\"fr_FR\" \/>\n<meta property=\"og:type\" content=\"article\" \/>\n<meta property=\"og:title\" content=\"2. Qu&#039;est-ce qui distingue un animal pour \u00eatre choisi comme organisme mod\u00e8le?\" \/>\n<meta property=\"og:description\" content=\"Qu&rsquo;est-ce qui distingue un animal pour \u00eatre choisi comme organisme mod\u00e8le? Il doit pouvoir bien vivre en laboratoire et se reproduire. Il doit pouvoir le faire dans un cadre restreint et ne doit pas \u00eatre trop exigeant en ce qui concerne la nourriture et les influences ext\u00e9rieures. La recherche doit avoir fait sur cet animal [&hellip;]\" \/>\n<meta property=\"og:url\" content=\"https:\/\/biotechlerncenter.interpharma.ch\/themen\/genetisch-veraenderte-tiere-2\/2-was-zeichnet-ein-tier-aus-damit-es-zum-modellorganismus-erkoren-wird\/\" \/>\n<meta property=\"og:site_name\" content=\"biotechlerncenter\" \/>\n<meta property=\"article:modified_time\" content=\"2026-03-13T18:06:18+00:00\" \/>\n<meta property=\"og:image\" content=\"http:\/\/biotechlerncenter.interpharma.ch\/wp-content\/uploads\/sites\/4\/2020\/01\/drosophila_900.jpg\" \/>\n<meta name=\"twitter:card\" content=\"summary_large_image\" \/>\n<meta name=\"twitter:label1\" content=\"Dur\u00e9e de lecture estim\u00e9e\" \/>\n\t<meta name=\"twitter:data1\" content=\"6 minutes\" \/>\n<script type=\"application\/ld+json\" class=\"yoast-schema-graph\">{\"@context\":\"https:\/\/schema.org\",\"@graph\":[{\"@type\":\"WebPage\",\"@id\":\"https:\/\/biotechlerncenter.interpharma.ch\/themen\/genetisch-veraenderte-tiere-2\/2-was-zeichnet-ein-tier-aus-damit-es-zum-modellorganismus-erkoren-wird\/\",\"url\":\"https:\/\/biotechlerncenter.interpharma.ch\/themen\/genetisch-veraenderte-tiere-2\/2-was-zeichnet-ein-tier-aus-damit-es-zum-modellorganismus-erkoren-wird\/\",\"name\":\"2. Qu'est-ce qui distingue un animal pour \u00eatre choisi comme organisme mod\u00e8le? - biotechlerncenter\",\"isPartOf\":{\"@id\":\"https:\/\/biotechlerncenter.interpharma.ch\/#website\"},\"primaryImageOfPage\":{\"@id\":\"https:\/\/biotechlerncenter.interpharma.ch\/themen\/genetisch-veraenderte-tiere-2\/2-was-zeichnet-ein-tier-aus-damit-es-zum-modellorganismus-erkoren-wird\/#primaryimage\"},\"image\":{\"@id\":\"https:\/\/biotechlerncenter.interpharma.ch\/themen\/genetisch-veraenderte-tiere-2\/2-was-zeichnet-ein-tier-aus-damit-es-zum-modellorganismus-erkoren-wird\/#primaryimage\"},\"thumbnailUrl\":\"http:\/\/biotechlerncenter.interpharma.ch\/wp-content\/uploads\/sites\/4\/2020\/01\/drosophila_900.jpg\",\"datePublished\":\"2026-03-12T16:26:52+00:00\",\"dateModified\":\"2026-03-13T18:06:18+00:00\",\"breadcrumb\":{\"@id\":\"https:\/\/biotechlerncenter.interpharma.ch\/themen\/genetisch-veraenderte-tiere-2\/2-was-zeichnet-ein-tier-aus-damit-es-zum-modellorganismus-erkoren-wird\/#breadcrumb\"},\"inLanguage\":\"fr-FR\",\"potentialAction\":[{\"@type\":\"ReadAction\",\"target\":[\"https:\/\/biotechlerncenter.interpharma.ch\/themen\/genetisch-veraenderte-tiere-2\/2-was-zeichnet-ein-tier-aus-damit-es-zum-modellorganismus-erkoren-wird\/\"]}]},{\"@type\":\"ImageObject\",\"inLanguage\":\"fr-FR\",\"@id\":\"https:\/\/biotechlerncenter.interpharma.ch\/themen\/genetisch-veraenderte-tiere-2\/2-was-zeichnet-ein-tier-aus-damit-es-zum-modellorganismus-erkoren-wird\/#primaryimage\",\"url\":\"http:\/\/biotechlerncenter.interpharma.ch\/wp-content\/uploads\/sites\/4\/2020\/01\/drosophila_900.jpg\",\"contentUrl\":\"http:\/\/biotechlerncenter.interpharma.ch\/wp-content\/uploads\/sites\/4\/2020\/01\/drosophila_900.jpg\"},{\"@type\":\"BreadcrumbList\",\"@id\":\"https:\/\/biotechlerncenter.interpharma.ch\/themen\/genetisch-veraenderte-tiere-2\/2-was-zeichnet-ein-tier-aus-damit-es-zum-modellorganismus-erkoren-wird\/#breadcrumb\",\"itemListElement\":[{\"@type\":\"ListItem\",\"position\":1,\"name\":\"Start\",\"item\":\"https:\/\/biotechlerncenter.interpharma.ch\/fr\/\"},{\"@type\":\"ListItem\",\"position\":2,\"name\":\"Sujets\",\"item\":\"https:\/\/biotechlerncenter.interpharma.ch\/fr\/sujets\/\"},{\"@type\":\"ListItem\",\"position\":3,\"name\":\"Animaux g\u00e9n\u00e9tiquement modifi\u00e9s\",\"item\":\"https:\/\/biotechlerncenter.interpharma.ch\/fr\/sujets\/animaux-genetiquement-modifies\/\"},{\"@type\":\"ListItem\",\"position\":4,\"name\":\"2. Qu&#8217;est-ce qui distingue un animal pour \u00eatre choisi comme organisme mod\u00e8le?\"}]},{\"@type\":\"WebSite\",\"@id\":\"https:\/\/biotechlerncenter.interpharma.ch\/#website\",\"url\":\"https:\/\/biotechlerncenter.interpharma.ch\/\",\"name\":\"biotechlerncenter\",\"description\":\"\",\"potentialAction\":[{\"@type\":\"SearchAction\",\"target\":{\"@type\":\"EntryPoint\",\"urlTemplate\":\"https:\/\/biotechlerncenter.interpharma.ch\/?s={search_term_string}\"},\"query-input\":{\"@type\":\"PropertyValueSpecification\",\"valueRequired\":true,\"valueName\":\"search_term_string\"}}],\"inLanguage\":\"fr-FR\"}]}<\/script>\n<!-- \/ Yoast SEO Premium plugin. -->","yoast_head_json":{"title":"2. Qu'est-ce qui distingue un animal pour \u00eatre choisi comme organisme mod\u00e8le? - biotechlerncenter","robots":{"index":"index","follow":"follow","max-snippet":"max-snippet:-1","max-image-preview":"max-image-preview:large","max-video-preview":"max-video-preview:-1"},"canonical":"https:\/\/biotechlerncenter.interpharma.ch\/themen\/genetisch-veraenderte-tiere-2\/2-was-zeichnet-ein-tier-aus-damit-es-zum-modellorganismus-erkoren-wird\/","og_locale":"fr_FR","og_type":"article","og_title":"2. Qu'est-ce qui distingue un animal pour \u00eatre choisi comme organisme mod\u00e8le?","og_description":"Qu&rsquo;est-ce qui distingue un animal pour \u00eatre choisi comme organisme mod\u00e8le? Il doit pouvoir bien vivre en laboratoire et se reproduire. Il doit pouvoir le faire dans un cadre restreint et ne doit pas \u00eatre trop exigeant en ce qui concerne la nourriture et les influences ext\u00e9rieures. La recherche doit avoir fait sur cet animal [&hellip;]","og_url":"https:\/\/biotechlerncenter.interpharma.ch\/themen\/genetisch-veraenderte-tiere-2\/2-was-zeichnet-ein-tier-aus-damit-es-zum-modellorganismus-erkoren-wird\/","og_site_name":"biotechlerncenter","article_modified_time":"2026-03-13T18:06:18+00:00","og_image":[{"url":"http:\/\/biotechlerncenter.interpharma.ch\/wp-content\/uploads\/sites\/4\/2020\/01\/drosophila_900.jpg","type":"","width":"","height":""}],"twitter_card":"summary_large_image","twitter_misc":{"Dur\u00e9e de lecture estim\u00e9e":"6 minutes"},"schema":{"@context":"https:\/\/schema.org","@graph":[{"@type":"WebPage","@id":"https:\/\/biotechlerncenter.interpharma.ch\/themen\/genetisch-veraenderte-tiere-2\/2-was-zeichnet-ein-tier-aus-damit-es-zum-modellorganismus-erkoren-wird\/","url":"https:\/\/biotechlerncenter.interpharma.ch\/themen\/genetisch-veraenderte-tiere-2\/2-was-zeichnet-ein-tier-aus-damit-es-zum-modellorganismus-erkoren-wird\/","name":"2. Qu'est-ce qui distingue un animal pour \u00eatre choisi comme organisme mod\u00e8le? - biotechlerncenter","isPartOf":{"@id":"https:\/\/biotechlerncenter.interpharma.ch\/#website"},"primaryImageOfPage":{"@id":"https:\/\/biotechlerncenter.interpharma.ch\/themen\/genetisch-veraenderte-tiere-2\/2-was-zeichnet-ein-tier-aus-damit-es-zum-modellorganismus-erkoren-wird\/#primaryimage"},"image":{"@id":"https:\/\/biotechlerncenter.interpharma.ch\/themen\/genetisch-veraenderte-tiere-2\/2-was-zeichnet-ein-tier-aus-damit-es-zum-modellorganismus-erkoren-wird\/#primaryimage"},"thumbnailUrl":"http:\/\/biotechlerncenter.interpharma.ch\/wp-content\/uploads\/sites\/4\/2020\/01\/drosophila_900.jpg","datePublished":"2026-03-12T16:26:52+00:00","dateModified":"2026-03-13T18:06:18+00:00","breadcrumb":{"@id":"https:\/\/biotechlerncenter.interpharma.ch\/themen\/genetisch-veraenderte-tiere-2\/2-was-zeichnet-ein-tier-aus-damit-es-zum-modellorganismus-erkoren-wird\/#breadcrumb"},"inLanguage":"fr-FR","potentialAction":[{"@type":"ReadAction","target":["https:\/\/biotechlerncenter.interpharma.ch\/themen\/genetisch-veraenderte-tiere-2\/2-was-zeichnet-ein-tier-aus-damit-es-zum-modellorganismus-erkoren-wird\/"]}]},{"@type":"ImageObject","inLanguage":"fr-FR","@id":"https:\/\/biotechlerncenter.interpharma.ch\/themen\/genetisch-veraenderte-tiere-2\/2-was-zeichnet-ein-tier-aus-damit-es-zum-modellorganismus-erkoren-wird\/#primaryimage","url":"http:\/\/biotechlerncenter.interpharma.ch\/wp-content\/uploads\/sites\/4\/2020\/01\/drosophila_900.jpg","contentUrl":"http:\/\/biotechlerncenter.interpharma.ch\/wp-content\/uploads\/sites\/4\/2020\/01\/drosophila_900.jpg"},{"@type":"BreadcrumbList","@id":"https:\/\/biotechlerncenter.interpharma.ch\/themen\/genetisch-veraenderte-tiere-2\/2-was-zeichnet-ein-tier-aus-damit-es-zum-modellorganismus-erkoren-wird\/#breadcrumb","itemListElement":[{"@type":"ListItem","position":1,"name":"Start","item":"https:\/\/biotechlerncenter.interpharma.ch\/fr\/"},{"@type":"ListItem","position":2,"name":"Sujets","item":"https:\/\/biotechlerncenter.interpharma.ch\/fr\/sujets\/"},{"@type":"ListItem","position":3,"name":"Animaux g\u00e9n\u00e9tiquement modifi\u00e9s","item":"https:\/\/biotechlerncenter.interpharma.ch\/fr\/sujets\/animaux-genetiquement-modifies\/"},{"@type":"ListItem","position":4,"name":"2. Qu&#8217;est-ce qui distingue un animal pour \u00eatre choisi comme organisme mod\u00e8le?"}]},{"@type":"WebSite","@id":"https:\/\/biotechlerncenter.interpharma.ch\/#website","url":"https:\/\/biotechlerncenter.interpharma.ch\/","name":"biotechlerncenter","description":"","potentialAction":[{"@type":"SearchAction","target":{"@type":"EntryPoint","urlTemplate":"https:\/\/biotechlerncenter.interpharma.ch\/?s={search_term_string}"},"query-input":{"@type":"PropertyValueSpecification","valueRequired":true,"valueName":"search_term_string"}}],"inLanguage":"fr-FR"}]}},"_links":{"self":[{"href":"https:\/\/biotechlerncenter.interpharma.ch\/fr\/wp-json\/wp\/v2\/pages\/1126","targetHints":{"allow":["GET"]}}],"collection":[{"href":"https:\/\/biotechlerncenter.interpharma.ch\/fr\/wp-json\/wp\/v2\/pages"}],"about":[{"href":"https:\/\/biotechlerncenter.interpharma.ch\/fr\/wp-json\/wp\/v2\/types\/page"}],"author":[{"embeddable":true,"href":"https:\/\/biotechlerncenter.interpharma.ch\/fr\/wp-json\/wp\/v2\/users\/1"}],"replies":[{"embeddable":true,"href":"https:\/\/biotechlerncenter.interpharma.ch\/fr\/wp-json\/wp\/v2\/comments?post=1126"}],"version-history":[{"count":3,"href":"https:\/\/biotechlerncenter.interpharma.ch\/fr\/wp-json\/wp\/v2\/pages\/1126\/revisions"}],"predecessor-version":[{"id":3305,"href":"https:\/\/biotechlerncenter.interpharma.ch\/fr\/wp-json\/wp\/v2\/pages\/1126\/revisions\/3305"}],"up":[{"embeddable":true,"href":"https:\/\/biotechlerncenter.interpharma.ch\/fr\/wp-json\/wp\/v2\/pages\/512"}],"wp:attachment":[{"href":"https:\/\/biotechlerncenter.interpharma.ch\/fr\/wp-json\/wp\/v2\/media?parent=1126"}],"curies":[{"name":"wp","href":"https:\/\/api.w.org\/{rel}","templated":true}]}}