{"id":1098,"date":"2026-03-12T17:26:50","date_gmt":"2026-03-12T16:26:50","guid":{"rendered":"https:\/\/biotechlerncenter.iph-multisite.berta-bewegt.ch\/?page_id=1098"},"modified":"2026-03-12T17:26:50","modified_gmt":"2026-03-12T16:26:50","slug":"9-il-faut-peser-les-interets","status":"publish","type":"page","link":"https:\/\/biotechlerncenter.interpharma.ch\/fr\/sujets\/experimentation-animale\/9-il-faut-peser-les-interets\/","title":{"rendered":"9. Il faut peser les int\u00e9r\u00eats"},"content":{"rendered":"\n<p>Le fait qu&rsquo;une exp\u00e9rience soit ou non autoris\u00e9e d\u00e9pend aussi d&rsquo;une pes\u00e9e des int\u00e9r\u00eats, \u00e0 laquelle la loi sur la protection des animaux impose de proc\u00e9der. Ce faisant, on examine attentivement la valeur des nouvelles connaissances que l&rsquo;on esp\u00e8re acqu\u00e9rir gr\u00e2ce \u00e0 cette exp\u00e9rience et on la met en parall\u00e8le avec les douleurs, les maux ou les dommages qui sont inflig\u00e9s aux animaux dans le cadre de cette m\u00eame exp\u00e9rience. Cela fonctionne comme avec une balance: les experts doivent \u00e9tablir ce qui p\u00e8se le plus. La souffrance occasionn\u00e9e selon toute vraisemblance aux animaux peut \u00eatre \u00e9valu\u00e9e sur la base de l&rsquo;exp\u00e9rience ant\u00e9rieure et des directives existantes. Mais la t\u00e2che n&rsquo;est pas simple. Car penser que l&rsquo;on voit les douleurs ressenties par un animal est une opinion courante, mais erron\u00e9e. Chez les chiens et les singes, il est relativement simple de discerner la douleur lorsque l&rsquo;on a suffisamment d&rsquo;exp\u00e9rience. Chez une souris, en revanche, la chose est beaucoup plus difficile.<\/p>\n\n\n\n<p>Il est toutefois encore plus difficile d&rsquo;\u00e9valuer le gain en connaissances que l&rsquo;on peut en attendre. Car, en particulier dans la recherche fondamentale, on per\u00e7oit seulement des ann\u00e9es plus tard si le r\u00e9sultat avait de l&rsquo;importance ou s&rsquo;il n&rsquo;\u00e9tait qu&rsquo;accessoire. Pour juger du gain en connaissances, les commissions s&rsquo;appuient souvent sur des organismes scientifiques, comme Le Fonds national suisse.<\/p>\n\n\n\n<p>Une autorisation n&rsquo;est accord\u00e9e qu&rsquo;\u00e0 partir du moment o\u00f9:<\/p>\n\n\n\n<ul class=\"wp-block-list\"><li>l&rsquo;entreprise ou l&rsquo;institution faisant la demande satisfait aux exigences l\u00e9gales en mati\u00e8re d&rsquo;installations, de personnel, etc.;<\/li><li>l&rsquo;exp\u00e9rience envisag\u00e9e est solidement fond\u00e9e et le gain en connaissances auquel on peut s&rsquo;attendre se situe dans un rapport acceptable avec les contraintes que subiront les animaux;<\/li><li>des dispositions suffisantes sont prises pour maintenir \u00e0 un niveau aussi r\u00e9duit que possible les contraintes auxquelles seront soumis les animaux.<\/li><\/ul>\n","protected":false},"excerpt":{"rendered":"<p>Le fait qu&rsquo;une exp\u00e9rience soit ou non autoris\u00e9e d\u00e9pend aussi d&rsquo;une pes\u00e9e des int\u00e9r\u00eats, \u00e0 laquelle la loi sur la protection des animaux impose de proc\u00e9der. Ce faisant, on examine attentivement la valeur des nouvelles connaissances que l&rsquo;on esp\u00e8re acqu\u00e9rir gr\u00e2ce \u00e0 cette exp\u00e9rience et on la met en parall\u00e8le avec les douleurs, les maux [&hellip;]<\/p>\n","protected":false},"author":1,"featured_media":0,"parent":1122,"menu_order":8,"comment_status":"closed","ping_status":"closed","template":"page-templates\/unterthema.php","meta":{"_acf_changed":false,"inline_featured_image":false,"footnotes":""},"class_list":["post-1098","page","type-page","status-publish","hentry"],"acf":[],"yoast_head":"<!-- This site is optimized with the Yoast SEO Premium plugin v27.2 (Yoast SEO v27.2) - https:\/\/yoast.com\/product\/yoast-seo-premium-wordpress\/ -->\n<title>9. Il faut peser les int\u00e9r\u00eats - biotechlerncenter<\/title>\n<meta name=\"robots\" content=\"index, follow, max-snippet:-1, max-image-preview:large, max-video-preview:-1\" \/>\n<link rel=\"canonical\" href=\"https:\/\/biotechlerncenter.interpharma.ch\/fr\/sujets\/experimentation-animale\/9-il-faut-peser-les-interets\/\" \/>\n<meta property=\"og:locale\" content=\"fr_FR\" \/>\n<meta property=\"og:type\" content=\"article\" \/>\n<meta property=\"og:title\" content=\"9. Il faut peser les int\u00e9r\u00eats\" \/>\n<meta property=\"og:description\" content=\"Le fait qu&rsquo;une exp\u00e9rience soit ou non autoris\u00e9e d\u00e9pend aussi d&rsquo;une pes\u00e9e des int\u00e9r\u00eats, \u00e0 laquelle la loi sur la protection des animaux impose de proc\u00e9der. Ce faisant, on examine attentivement la valeur des nouvelles connaissances que l&rsquo;on esp\u00e8re acqu\u00e9rir gr\u00e2ce \u00e0 cette exp\u00e9rience et on la met en parall\u00e8le avec les douleurs, les maux [&hellip;]\" \/>\n<meta property=\"og:url\" content=\"https:\/\/biotechlerncenter.interpharma.ch\/fr\/sujets\/experimentation-animale\/9-il-faut-peser-les-interets\/\" \/>\n<meta property=\"og:site_name\" content=\"biotechlerncenter\" \/>\n<meta name=\"twitter:card\" content=\"summary_large_image\" \/>\n<meta name=\"twitter:label1\" content=\"Dur\u00e9e de lecture estim\u00e9e\" \/>\n\t<meta name=\"twitter:data1\" content=\"2 minutes\" \/>\n<script type=\"application\/ld+json\" class=\"yoast-schema-graph\">{\"@context\":\"https:\/\/schema.org\",\"@graph\":[{\"@type\":\"WebPage\",\"@id\":\"https:\/\/biotechlerncenter.interpharma.ch\/fr\/sujets\/experimentation-animale\/9-il-faut-peser-les-interets\/\",\"url\":\"https:\/\/biotechlerncenter.interpharma.ch\/fr\/sujets\/experimentation-animale\/9-il-faut-peser-les-interets\/\",\"name\":\"9. Il faut peser les int\u00e9r\u00eats - biotechlerncenter\",\"isPartOf\":{\"@id\":\"https:\/\/biotechlerncenter.interpharma.ch\/#website\"},\"datePublished\":\"2026-03-12T16:26:50+00:00\",\"breadcrumb\":{\"@id\":\"https:\/\/biotechlerncenter.interpharma.ch\/fr\/sujets\/experimentation-animale\/9-il-faut-peser-les-interets\/#breadcrumb\"},\"inLanguage\":\"fr-FR\",\"potentialAction\":[{\"@type\":\"ReadAction\",\"target\":[\"https:\/\/biotechlerncenter.interpharma.ch\/fr\/sujets\/experimentation-animale\/9-il-faut-peser-les-interets\/\"]}]},{\"@type\":\"BreadcrumbList\",\"@id\":\"https:\/\/biotechlerncenter.interpharma.ch\/fr\/sujets\/experimentation-animale\/9-il-faut-peser-les-interets\/#breadcrumb\",\"itemListElement\":[{\"@type\":\"ListItem\",\"position\":1,\"name\":\"Start\",\"item\":\"https:\/\/biotechlerncenter.interpharma.ch\/fr\/\"},{\"@type\":\"ListItem\",\"position\":2,\"name\":\"Sujets\",\"item\":\"https:\/\/biotechlerncenter.interpharma.ch\/fr\/sujets\/\"},{\"@type\":\"ListItem\",\"position\":3,\"name\":\"Exp\u00e9rimentation animale\",\"item\":\"https:\/\/biotechlerncenter.interpharma.ch\/fr\/sujets\/experimentation-animale\/\"},{\"@type\":\"ListItem\",\"position\":4,\"name\":\"9. Il faut peser les int\u00e9r\u00eats\"}]},{\"@type\":\"WebSite\",\"@id\":\"https:\/\/biotechlerncenter.interpharma.ch\/#website\",\"url\":\"https:\/\/biotechlerncenter.interpharma.ch\/\",\"name\":\"biotechlerncenter\",\"description\":\"\",\"potentialAction\":[{\"@type\":\"SearchAction\",\"target\":{\"@type\":\"EntryPoint\",\"urlTemplate\":\"https:\/\/biotechlerncenter.interpharma.ch\/?s={search_term_string}\"},\"query-input\":{\"@type\":\"PropertyValueSpecification\",\"valueRequired\":true,\"valueName\":\"search_term_string\"}}],\"inLanguage\":\"fr-FR\"}]}<\/script>\n<!-- \/ Yoast SEO Premium plugin. -->","yoast_head_json":{"title":"9. Il faut peser les int\u00e9r\u00eats - biotechlerncenter","robots":{"index":"index","follow":"follow","max-snippet":"max-snippet:-1","max-image-preview":"max-image-preview:large","max-video-preview":"max-video-preview:-1"},"canonical":"https:\/\/biotechlerncenter.interpharma.ch\/fr\/sujets\/experimentation-animale\/9-il-faut-peser-les-interets\/","og_locale":"fr_FR","og_type":"article","og_title":"9. Il faut peser les int\u00e9r\u00eats","og_description":"Le fait qu&rsquo;une exp\u00e9rience soit ou non autoris\u00e9e d\u00e9pend aussi d&rsquo;une pes\u00e9e des int\u00e9r\u00eats, \u00e0 laquelle la loi sur la protection des animaux impose de proc\u00e9der. Ce faisant, on examine attentivement la valeur des nouvelles connaissances que l&rsquo;on esp\u00e8re acqu\u00e9rir gr\u00e2ce \u00e0 cette exp\u00e9rience et on la met en parall\u00e8le avec les douleurs, les maux [&hellip;]","og_url":"https:\/\/biotechlerncenter.interpharma.ch\/fr\/sujets\/experimentation-animale\/9-il-faut-peser-les-interets\/","og_site_name":"biotechlerncenter","twitter_card":"summary_large_image","twitter_misc":{"Dur\u00e9e de lecture estim\u00e9e":"2 minutes"},"schema":{"@context":"https:\/\/schema.org","@graph":[{"@type":"WebPage","@id":"https:\/\/biotechlerncenter.interpharma.ch\/fr\/sujets\/experimentation-animale\/9-il-faut-peser-les-interets\/","url":"https:\/\/biotechlerncenter.interpharma.ch\/fr\/sujets\/experimentation-animale\/9-il-faut-peser-les-interets\/","name":"9. Il faut peser les int\u00e9r\u00eats - biotechlerncenter","isPartOf":{"@id":"https:\/\/biotechlerncenter.interpharma.ch\/#website"},"datePublished":"2026-03-12T16:26:50+00:00","breadcrumb":{"@id":"https:\/\/biotechlerncenter.interpharma.ch\/fr\/sujets\/experimentation-animale\/9-il-faut-peser-les-interets\/#breadcrumb"},"inLanguage":"fr-FR","potentialAction":[{"@type":"ReadAction","target":["https:\/\/biotechlerncenter.interpharma.ch\/fr\/sujets\/experimentation-animale\/9-il-faut-peser-les-interets\/"]}]},{"@type":"BreadcrumbList","@id":"https:\/\/biotechlerncenter.interpharma.ch\/fr\/sujets\/experimentation-animale\/9-il-faut-peser-les-interets\/#breadcrumb","itemListElement":[{"@type":"ListItem","position":1,"name":"Start","item":"https:\/\/biotechlerncenter.interpharma.ch\/fr\/"},{"@type":"ListItem","position":2,"name":"Sujets","item":"https:\/\/biotechlerncenter.interpharma.ch\/fr\/sujets\/"},{"@type":"ListItem","position":3,"name":"Exp\u00e9rimentation animale","item":"https:\/\/biotechlerncenter.interpharma.ch\/fr\/sujets\/experimentation-animale\/"},{"@type":"ListItem","position":4,"name":"9. Il faut peser les int\u00e9r\u00eats"}]},{"@type":"WebSite","@id":"https:\/\/biotechlerncenter.interpharma.ch\/#website","url":"https:\/\/biotechlerncenter.interpharma.ch\/","name":"biotechlerncenter","description":"","potentialAction":[{"@type":"SearchAction","target":{"@type":"EntryPoint","urlTemplate":"https:\/\/biotechlerncenter.interpharma.ch\/?s={search_term_string}"},"query-input":{"@type":"PropertyValueSpecification","valueRequired":true,"valueName":"search_term_string"}}],"inLanguage":"fr-FR"}]}},"_links":{"self":[{"href":"https:\/\/biotechlerncenter.interpharma.ch\/fr\/wp-json\/wp\/v2\/pages\/1098","targetHints":{"allow":["GET"]}}],"collection":[{"href":"https:\/\/biotechlerncenter.interpharma.ch\/fr\/wp-json\/wp\/v2\/pages"}],"about":[{"href":"https:\/\/biotechlerncenter.interpharma.ch\/fr\/wp-json\/wp\/v2\/types\/page"}],"author":[{"embeddable":true,"href":"https:\/\/biotechlerncenter.interpharma.ch\/fr\/wp-json\/wp\/v2\/users\/1"}],"replies":[{"embeddable":true,"href":"https:\/\/biotechlerncenter.interpharma.ch\/fr\/wp-json\/wp\/v2\/comments?post=1098"}],"version-history":[{"count":1,"href":"https:\/\/biotechlerncenter.interpharma.ch\/fr\/wp-json\/wp\/v2\/pages\/1098\/revisions"}],"predecessor-version":[{"id":1099,"href":"https:\/\/biotechlerncenter.interpharma.ch\/fr\/wp-json\/wp\/v2\/pages\/1098\/revisions\/1099"}],"up":[{"embeddable":true,"href":"https:\/\/biotechlerncenter.interpharma.ch\/fr\/wp-json\/wp\/v2\/pages\/1122"}],"wp:attachment":[{"href":"https:\/\/biotechlerncenter.interpharma.ch\/fr\/wp-json\/wp\/v2\/media?parent=1098"}],"curies":[{"name":"wp","href":"https:\/\/api.w.org\/{rel}","templated":true}]}}