{"id":1094,"date":"2026-03-12T17:26:50","date_gmt":"2026-03-12T16:26:50","guid":{"rendered":"https:\/\/biotechlerncenter.iph-multisite.berta-bewegt.ch\/?page_id=1094"},"modified":"2026-03-12T17:26:50","modified_gmt":"2026-03-12T16:26:50","slug":"8-classification-des-experiences-sur-animaux","status":"publish","type":"page","link":"https:\/\/biotechlerncenter.interpharma.ch\/fr\/sujets\/experimentation-animale\/8-classification-des-experiences-sur-animaux\/","title":{"rendered":"8. Classification des exp\u00e9riences sur animaux"},"content":{"rendered":"\n<p>Les exp\u00e9riences sur animaux sont class\u00e9es en fonction du degr\u00e9 de gravit\u00e9 (contraintes subies par l&rsquo;animal lors de l&rsquo;exp\u00e9rience) pour les animaux:<\/p>\n\n\n\n<h2 class=\"wp-block-heading\"><strong>Pas de contrainte, degr\u00e9 de gravit\u00e9 0<\/strong><\/h2>\n\n\n\n<p>Interventions et manipulations qui n&rsquo;occasionnent aux animaux aucune douleur, aucun mal ou dommage, qui ne provoquent pas de grande anxi\u00e9t\u00e9 et qui ne perturbent pas notablement leur \u00e9tat g\u00e9n\u00e9ral. Ces exp\u00e9riences sur animaux ne n\u00e9cessitent aucune autorisation, mais doivent \u00eatre notifi\u00e9es. Exemples: prises de sang dans un but diagnostic, injection d&rsquo;un m\u00e9dicament sous la peau, observations sur le comportement.<\/p>\n\n\n\n<h2 class=\"wp-block-heading\"><strong>Contrainte l\u00e9g\u00e8re, degr\u00e9 de gravit\u00e9 1<\/strong><\/h2>\n\n\n\n<p>Interventions et manipulations qui occasionnent aux animaux une contrainte l\u00e9g\u00e8re de br\u00e8ve dur\u00e9e (douleurs ou dommages). Exemples : injection d&rsquo;un m\u00e9dicament sous la contrainte, castration d&rsquo;animaux m\u00e2les sous anesth\u00e9sie.<\/p>\n\n\n\n<h2 class=\"wp-block-heading\"><strong>Contrainte moyenne, degr\u00e9 de gravit\u00e9 2<\/strong><\/h2>\n\n\n\n<p>Interventions et manipulations qui occasionnent aux animaux une contrainte moyenne de br\u00e8ve dur\u00e9e ou un stress l\u00e9ger, de dur\u00e9e moyenne \u00e0 prolong\u00e9e (douleurs, maux, dommages, grande anxi\u00e9t\u00e9 ou trouble important de l&rsquo;\u00e9tat g\u00e9n\u00e9ral). Exemples: traitement op\u00e9ratoire d&rsquo;une fracture osseuse provoqu\u00e9e artificiellement \u00e0 une patte, castration d&rsquo;animaux femelles.<\/p>\n\n\n\n<h2 class=\"wp-block-heading\"><strong>Contrainte s\u00e9v\u00e8re, degr\u00e9 de gravit\u00e9 3<\/strong><\/h2>\n\n\n\n<p>Interventions et manipulations qui occasionnent aux animaux une contrainte s\u00e9v\u00e8re \u00e0 tr\u00e8s s\u00e9v\u00e8re ou une contrainte l\u00e9g\u00e8re de dur\u00e9e moyenne \u00e0 longue. Exemples : maladies infectieuses conduisant \u00e0 la mort, sans euthanasie pr\u00e9alable.<\/p>\n\n\n\n<p>Les exp\u00e9riences de degr\u00e9 de gravit\u00e9 3 sont celles qui occasionnent aux animaux les contraintes les plus s\u00e9v\u00e8res; 4\u00bd pour cent des animaux d&rsquo;exp\u00e9rience font partie de cette cat\u00e9gorie. Dans 86 pour cent des cas, il s&rsquo;agissait de souris et de rats (selon la statistique des exp\u00e9riences sur animaux de l&rsquo;Office v\u00e9t\u00e9rinaire f\u00e9d\u00e9ral). Mais, m\u00eame lorsqu&rsquo;une exp\u00e9rience sur animaux doit \u00eatre class\u00e9e dans cette cat\u00e9gorie dans le formulaire de demande, cela ne signifie pas pour autant que les responsables de l&rsquo;exp\u00e9rience laissent tout simplement souffrir les animaux. Dans ce cas \u00e9galement, on administre des antalgiques, comme on le fait \u00e0 l&rsquo;h\u00f4pital pour l&rsquo;\u00eatre humain. Chaque exp\u00e9rience doit faire l&rsquo;objet d&rsquo;une demande d&rsquo;autorisation, \u00eatre soigneusement motiv\u00e9e et \u00eatre approuv\u00e9e. Une commission d&rsquo;\u00e9thique externe, dans laquelle figurent \u00e9galement des repr\u00e9sentants d&rsquo;organisations de protection des animaux, contr\u00f4le les demandes, et l&rsquo;autorit\u00e9 cantonale comp\u00e9tente d\u00e9livre ou refuse l&rsquo;autorisation. Les d\u00e9fenseurs des animaux souhaiteraient que soit r\u00e9duit le nombre de ces exp\u00e9riences de degr\u00e9 de gravit\u00e9 3. Ils r\u00e9clament en particulier que soient exclus de ce type d&rsquo;exp\u00e9riences les grands singes anthropo\u00efdes &#8211; autrement dit les bonobos, les chimpanz\u00e9s, les gorilles et les orangs-outans.<\/p>\n","protected":false},"excerpt":{"rendered":"<p>Les exp\u00e9riences sur animaux sont class\u00e9es en fonction du degr\u00e9 de gravit\u00e9 (contraintes subies par l&rsquo;animal lors de l&rsquo;exp\u00e9rience) pour les animaux: Pas de contrainte, degr\u00e9 de gravit\u00e9 0 Interventions et manipulations qui n&rsquo;occasionnent aux animaux aucune douleur, aucun mal ou dommage, qui ne provoquent pas de grande anxi\u00e9t\u00e9 et qui ne perturbent pas notablement [&hellip;]<\/p>\n","protected":false},"author":1,"featured_media":0,"parent":1122,"menu_order":7,"comment_status":"closed","ping_status":"closed","template":"page-templates\/unterthema.php","meta":{"_acf_changed":false,"inline_featured_image":false,"footnotes":""},"class_list":["post-1094","page","type-page","status-publish","hentry"],"acf":[],"yoast_head":"<!-- This site is optimized with the Yoast SEO Premium plugin v27.2 (Yoast SEO v27.2) - https:\/\/yoast.com\/product\/yoast-seo-premium-wordpress\/ -->\n<title>8. Classification des exp\u00e9riences sur animaux - biotechlerncenter<\/title>\n<meta name=\"robots\" content=\"index, follow, max-snippet:-1, max-image-preview:large, max-video-preview:-1\" \/>\n<link rel=\"canonical\" href=\"https:\/\/biotechlerncenter.interpharma.ch\/themen\/tierversuche-das-grosse-dilemma\/8-einteilung-der-tierversuche\/\" \/>\n<meta property=\"og:locale\" content=\"fr_FR\" \/>\n<meta property=\"og:type\" content=\"article\" \/>\n<meta property=\"og:title\" content=\"8. Classification des exp\u00e9riences sur animaux\" \/>\n<meta property=\"og:description\" content=\"Les exp\u00e9riences sur animaux sont class\u00e9es en fonction du degr\u00e9 de gravit\u00e9 (contraintes subies par l&rsquo;animal lors de l&rsquo;exp\u00e9rience) pour les animaux: Pas de contrainte, degr\u00e9 de gravit\u00e9 0 Interventions et manipulations qui n&rsquo;occasionnent aux animaux aucune douleur, aucun mal ou dommage, qui ne provoquent pas de grande anxi\u00e9t\u00e9 et qui ne perturbent pas notablement [&hellip;]\" \/>\n<meta property=\"og:url\" content=\"https:\/\/biotechlerncenter.interpharma.ch\/themen\/tierversuche-das-grosse-dilemma\/8-einteilung-der-tierversuche\/\" \/>\n<meta property=\"og:site_name\" content=\"biotechlerncenter\" \/>\n<meta name=\"twitter:card\" content=\"summary_large_image\" \/>\n<meta name=\"twitter:label1\" content=\"Dur\u00e9e de lecture estim\u00e9e\" \/>\n\t<meta name=\"twitter:data1\" content=\"2 minutes\" \/>\n<script type=\"application\/ld+json\" class=\"yoast-schema-graph\">{\"@context\":\"https:\/\/schema.org\",\"@graph\":[{\"@type\":\"WebPage\",\"@id\":\"https:\/\/biotechlerncenter.interpharma.ch\/themen\/tierversuche-das-grosse-dilemma\/8-einteilung-der-tierversuche\/\",\"url\":\"https:\/\/biotechlerncenter.interpharma.ch\/themen\/tierversuche-das-grosse-dilemma\/8-einteilung-der-tierversuche\/\",\"name\":\"8. Classification des exp\u00e9riences sur animaux - biotechlerncenter\",\"isPartOf\":{\"@id\":\"https:\/\/biotechlerncenter.interpharma.ch\/#website\"},\"datePublished\":\"2026-03-12T16:26:50+00:00\",\"breadcrumb\":{\"@id\":\"https:\/\/biotechlerncenter.interpharma.ch\/themen\/tierversuche-das-grosse-dilemma\/8-einteilung-der-tierversuche\/#breadcrumb\"},\"inLanguage\":\"fr-FR\",\"potentialAction\":[{\"@type\":\"ReadAction\",\"target\":[\"https:\/\/biotechlerncenter.interpharma.ch\/themen\/tierversuche-das-grosse-dilemma\/8-einteilung-der-tierversuche\/\"]}]},{\"@type\":\"BreadcrumbList\",\"@id\":\"https:\/\/biotechlerncenter.interpharma.ch\/themen\/tierversuche-das-grosse-dilemma\/8-einteilung-der-tierversuche\/#breadcrumb\",\"itemListElement\":[{\"@type\":\"ListItem\",\"position\":1,\"name\":\"Start\",\"item\":\"https:\/\/biotechlerncenter.interpharma.ch\/fr\/\"},{\"@type\":\"ListItem\",\"position\":2,\"name\":\"Sujets\",\"item\":\"https:\/\/biotechlerncenter.interpharma.ch\/fr\/sujets\/\"},{\"@type\":\"ListItem\",\"position\":3,\"name\":\"Exp\u00e9rimentation animale\",\"item\":\"https:\/\/biotechlerncenter.interpharma.ch\/fr\/sujets\/experimentation-animale\/\"},{\"@type\":\"ListItem\",\"position\":4,\"name\":\"8. Classification des exp\u00e9riences sur animaux\"}]},{\"@type\":\"WebSite\",\"@id\":\"https:\/\/biotechlerncenter.interpharma.ch\/#website\",\"url\":\"https:\/\/biotechlerncenter.interpharma.ch\/\",\"name\":\"biotechlerncenter\",\"description\":\"\",\"potentialAction\":[{\"@type\":\"SearchAction\",\"target\":{\"@type\":\"EntryPoint\",\"urlTemplate\":\"https:\/\/biotechlerncenter.interpharma.ch\/?s={search_term_string}\"},\"query-input\":{\"@type\":\"PropertyValueSpecification\",\"valueRequired\":true,\"valueName\":\"search_term_string\"}}],\"inLanguage\":\"fr-FR\"}]}<\/script>\n<!-- \/ Yoast SEO Premium plugin. -->","yoast_head_json":{"title":"8. Classification des exp\u00e9riences sur animaux - biotechlerncenter","robots":{"index":"index","follow":"follow","max-snippet":"max-snippet:-1","max-image-preview":"max-image-preview:large","max-video-preview":"max-video-preview:-1"},"canonical":"https:\/\/biotechlerncenter.interpharma.ch\/themen\/tierversuche-das-grosse-dilemma\/8-einteilung-der-tierversuche\/","og_locale":"fr_FR","og_type":"article","og_title":"8. Classification des exp\u00e9riences sur animaux","og_description":"Les exp\u00e9riences sur animaux sont class\u00e9es en fonction du degr\u00e9 de gravit\u00e9 (contraintes subies par l&rsquo;animal lors de l&rsquo;exp\u00e9rience) pour les animaux: Pas de contrainte, degr\u00e9 de gravit\u00e9 0 Interventions et manipulations qui n&rsquo;occasionnent aux animaux aucune douleur, aucun mal ou dommage, qui ne provoquent pas de grande anxi\u00e9t\u00e9 et qui ne perturbent pas notablement [&hellip;]","og_url":"https:\/\/biotechlerncenter.interpharma.ch\/themen\/tierversuche-das-grosse-dilemma\/8-einteilung-der-tierversuche\/","og_site_name":"biotechlerncenter","twitter_card":"summary_large_image","twitter_misc":{"Dur\u00e9e de lecture estim\u00e9e":"2 minutes"},"schema":{"@context":"https:\/\/schema.org","@graph":[{"@type":"WebPage","@id":"https:\/\/biotechlerncenter.interpharma.ch\/themen\/tierversuche-das-grosse-dilemma\/8-einteilung-der-tierversuche\/","url":"https:\/\/biotechlerncenter.interpharma.ch\/themen\/tierversuche-das-grosse-dilemma\/8-einteilung-der-tierversuche\/","name":"8. Classification des exp\u00e9riences sur animaux - biotechlerncenter","isPartOf":{"@id":"https:\/\/biotechlerncenter.interpharma.ch\/#website"},"datePublished":"2026-03-12T16:26:50+00:00","breadcrumb":{"@id":"https:\/\/biotechlerncenter.interpharma.ch\/themen\/tierversuche-das-grosse-dilemma\/8-einteilung-der-tierversuche\/#breadcrumb"},"inLanguage":"fr-FR","potentialAction":[{"@type":"ReadAction","target":["https:\/\/biotechlerncenter.interpharma.ch\/themen\/tierversuche-das-grosse-dilemma\/8-einteilung-der-tierversuche\/"]}]},{"@type":"BreadcrumbList","@id":"https:\/\/biotechlerncenter.interpharma.ch\/themen\/tierversuche-das-grosse-dilemma\/8-einteilung-der-tierversuche\/#breadcrumb","itemListElement":[{"@type":"ListItem","position":1,"name":"Start","item":"https:\/\/biotechlerncenter.interpharma.ch\/fr\/"},{"@type":"ListItem","position":2,"name":"Sujets","item":"https:\/\/biotechlerncenter.interpharma.ch\/fr\/sujets\/"},{"@type":"ListItem","position":3,"name":"Exp\u00e9rimentation animale","item":"https:\/\/biotechlerncenter.interpharma.ch\/fr\/sujets\/experimentation-animale\/"},{"@type":"ListItem","position":4,"name":"8. Classification des exp\u00e9riences sur animaux"}]},{"@type":"WebSite","@id":"https:\/\/biotechlerncenter.interpharma.ch\/#website","url":"https:\/\/biotechlerncenter.interpharma.ch\/","name":"biotechlerncenter","description":"","potentialAction":[{"@type":"SearchAction","target":{"@type":"EntryPoint","urlTemplate":"https:\/\/biotechlerncenter.interpharma.ch\/?s={search_term_string}"},"query-input":{"@type":"PropertyValueSpecification","valueRequired":true,"valueName":"search_term_string"}}],"inLanguage":"fr-FR"}]}},"_links":{"self":[{"href":"https:\/\/biotechlerncenter.interpharma.ch\/fr\/wp-json\/wp\/v2\/pages\/1094","targetHints":{"allow":["GET"]}}],"collection":[{"href":"https:\/\/biotechlerncenter.interpharma.ch\/fr\/wp-json\/wp\/v2\/pages"}],"about":[{"href":"https:\/\/biotechlerncenter.interpharma.ch\/fr\/wp-json\/wp\/v2\/types\/page"}],"author":[{"embeddable":true,"href":"https:\/\/biotechlerncenter.interpharma.ch\/fr\/wp-json\/wp\/v2\/users\/1"}],"replies":[{"embeddable":true,"href":"https:\/\/biotechlerncenter.interpharma.ch\/fr\/wp-json\/wp\/v2\/comments?post=1094"}],"version-history":[{"count":1,"href":"https:\/\/biotechlerncenter.interpharma.ch\/fr\/wp-json\/wp\/v2\/pages\/1094\/revisions"}],"predecessor-version":[{"id":1095,"href":"https:\/\/biotechlerncenter.interpharma.ch\/fr\/wp-json\/wp\/v2\/pages\/1094\/revisions\/1095"}],"up":[{"embeddable":true,"href":"https:\/\/biotechlerncenter.interpharma.ch\/fr\/wp-json\/wp\/v2\/pages\/1122"}],"wp:attachment":[{"href":"https:\/\/biotechlerncenter.interpharma.ch\/fr\/wp-json\/wp\/v2\/media?parent=1094"}],"curies":[{"name":"wp","href":"https:\/\/api.w.org\/{rel}","templated":true}]}}