{"id":1082,"date":"2026-03-12T17:26:49","date_gmt":"2026-03-12T16:26:49","guid":{"rendered":"https:\/\/biotechlerncenter.iph-multisite.berta-bewegt.ch\/?page_id=1082"},"modified":"2026-03-12T17:26:49","modified_gmt":"2026-03-12T16:26:49","slug":"4-remplacer-reduire-et-raffiner-lexperimentation-animale-le-principe-des-3r","status":"publish","type":"page","link":"https:\/\/biotechlerncenter.interpharma.ch\/fr\/sujets\/experimentation-animale\/4-remplacer-reduire-et-raffiner-lexperimentation-animale-le-principe-des-3r\/","title":{"rendered":"5. Replace: remplacer une exp\u00e9rience sur les animaux par une autre m\u00e9thode"},"content":{"rendered":"\n<p>Le principe \u00abreplace\u00bb (remplacement) exige des chercheurs et des autorit\u00e9s qui d\u00e9livrent l&rsquo;autorisation de r\u00e9fl\u00e9chir \u00e0 l&rsquo;utilit\u00e9 de l&rsquo;exp\u00e9rience. Les chercheurs doivent se demander si l&rsquo;exp\u00e9rience est vraiment n\u00e9cessaire et s&rsquo;il n&rsquo;est pas possible de la remplacer par une autre m\u00e9thode. Une m\u00e9thode qui se passe d&rsquo;animaux. Ce n&rsquo;est pas une t\u00e2che ais\u00e9e car la pratique montre qu&rsquo;une m\u00e9thode 3R peut rarement, \u00e0 elle seule, remplacer directement l&rsquo;exp\u00e9rimentation animale. Mais il se peut qu&rsquo;une ou plusieurs m\u00e9thodes 3R combin\u00e9es fournissent assez d&rsquo;informations pour pouvoir se passer d&rsquo;une exp\u00e9rience sur animaux.<\/p>\n\n\n\n<p>Les cellules (cellules sanguines, cellules musculaires, cellules de la peau, etc.) se sont d\u00e9j\u00e0 av\u00e9r\u00e9es tr\u00e8s utiles \u00e0 cet \u00e9gard. Ainsi, il est aujourd&rsquo;hui possible, \u00e0 l&rsquo;aide de cellules, de fabriquer une sorte de peau artificielle. On peut alors tester sur cette peau artificielle l&rsquo;effet et la toxicit\u00e9 \u00e9ventuelle de substances. Cet aspect est int\u00e9ressant par exemple pour l&rsquo;industrie des cosm\u00e9tiques. Elle peut, gr\u00e2ce \u00e0 ce syst\u00e8me, tester si un produit irrite la peau &#8211; et ce sans devoir recourir \u00e0 l&rsquo;exp\u00e9rimentation animale.<\/p>\n\n\n\n<p>Mais les exp\u00e9riences sur les cellules ont leurs limites. Les cellules ne sont jamais qu&rsquo;une partie d&rsquo;un tout et ne peuvent donc fournir que des r\u00e9sultats limit\u00e9s. Elles ne permettent pas d&rsquo;\u00e9tudier des ph\u00e9nom\u00e8nes complexes qui ont lieu dans l&rsquo;organisme intact. Ou pour parler de mani\u00e8re simplifi\u00e9e: les cellules ne connaissent ni la peur, ni la diarrh\u00e9e. De tels ph\u00e9nom\u00e8nes ne peuvent souvent \u00eatre \u00e9tudi\u00e9s dans toute leur ampleur que sur l&rsquo;organisme vivant.<\/p>\n\n\n\n<div class=\"wp-block-group has-my-grey-background-color has-background\"><div class=\"wp-block-group__inner-container is-layout-flow wp-block-group-is-layout-flow\">\n<h2 class=\"wp-block-heading\"><strong>Replace, un exemple<\/strong><\/h2>\n\n\n\n<p><strong>Des cellules sanguines sauvent 500 000 lapins par an<\/strong><br>Le 21 mars 2006 a \u00e9t\u00e9 une date importante pour de nombreux lapins de laboratoire: un comit\u00e9 scientifique de l&rsquo;UE a recommand\u00e9 cinq m\u00e9thodes de substitution pour le test pyrog\u00e8ne. Le test pyrog\u00e8ne sert au contr\u00f4le de qualit\u00e9, pour d\u00e9tecter les impuret\u00e9s dans les produits m\u00e9dicaux. Maintenant, ce test peut \u00eatre effectu\u00e9 \u00e0 l&rsquo;aide de cellules. On n&rsquo;a plus besoin de lapins. Selon les estimations d&rsquo;experts, ces nouvelles m\u00e9thodes sauvent la vie de 200 000 lapins par an dans l&rsquo;UE et d&rsquo;un demi-million de lapins dans le monde entier.<\/p>\n\n\n\n<p>Les pyrog\u00e8nes sont des substances qui peuvent d\u00e9clencher chez l&rsquo;homme de la fi\u00e8vre ou des \u00e9tats de choc mortels. Avant qu&rsquo;un m\u00e9dicament soit mis sur le march\u00e9, il doit donc \u00eatre soumis \u00e0 un test pour d\u00e9tecter la pr\u00e9sence \u00e9ventuelle de ces substances ind\u00e9sirables. Pendant plus de 50 ans, on a recherch\u00e9 les pyrog\u00e8nes sur le lapin: on injectait au lapin la substance \u00e0 tester et on surveillait sa temp\u00e9rature. Une augmentation de la temp\u00e9rature permettait de conclure \u00e0 la pr\u00e9sence de pyrog\u00e8nes.<\/p>\n\n\n\n<p>Les cinq m\u00e9thodes de substitution recommand\u00e9es en 2006 permettent de remplacer compl\u00e8tement les exp\u00e9riences sur les lapins. Elles pr\u00e9sentent plusieurs avantages: elles sont plus rapides, moins on\u00e9reuses et plus sensibles. Tous les syst\u00e8mes utilisent des cellules sanguines humaines.<\/p>\n<\/div><\/div>\n","protected":false},"excerpt":{"rendered":"<p>Le principe \u00abreplace\u00bb (remplacement) exige des chercheurs et des autorit\u00e9s qui d\u00e9livrent l&rsquo;autorisation de r\u00e9fl\u00e9chir \u00e0 l&rsquo;utilit\u00e9 de l&rsquo;exp\u00e9rience. Les chercheurs doivent se demander si l&rsquo;exp\u00e9rience est vraiment n\u00e9cessaire et s&rsquo;il n&rsquo;est pas possible de la remplacer par une autre m\u00e9thode. Une m\u00e9thode qui se passe d&rsquo;animaux. Ce n&rsquo;est pas une t\u00e2che ais\u00e9e car la [&hellip;]<\/p>\n","protected":false},"author":1,"featured_media":0,"parent":1122,"menu_order":4,"comment_status":"closed","ping_status":"closed","template":"page-templates\/unterthema.php","meta":{"_acf_changed":false,"inline_featured_image":false,"footnotes":""},"class_list":["post-1082","page","type-page","status-publish","hentry"],"acf":[],"yoast_head":"<!-- This site is optimized with the Yoast SEO Premium plugin v27.2 (Yoast SEO v27.2) - https:\/\/yoast.com\/product\/yoast-seo-premium-wordpress\/ -->\n<title>5. Replace: remplacer une exp\u00e9rience sur les animaux par une autre m\u00e9thode - biotechlerncenter<\/title>\n<meta name=\"robots\" content=\"index, follow, max-snippet:-1, max-image-preview:large, max-video-preview:-1\" \/>\n<link rel=\"canonical\" href=\"https:\/\/biotechlerncenter.interpharma.ch\/themen\/tierversuche-das-grosse-dilemma\/5-replace-einen-tierversuch-durch-eine-andere-methode-ersetzen\/\" \/>\n<meta property=\"og:locale\" content=\"fr_FR\" \/>\n<meta property=\"og:type\" content=\"article\" \/>\n<meta property=\"og:title\" content=\"5. Replace: remplacer une exp\u00e9rience sur les animaux par une autre m\u00e9thode\" \/>\n<meta property=\"og:description\" content=\"Le principe \u00abreplace\u00bb (remplacement) exige des chercheurs et des autorit\u00e9s qui d\u00e9livrent l&rsquo;autorisation de r\u00e9fl\u00e9chir \u00e0 l&rsquo;utilit\u00e9 de l&rsquo;exp\u00e9rience. Les chercheurs doivent se demander si l&rsquo;exp\u00e9rience est vraiment n\u00e9cessaire et s&rsquo;il n&rsquo;est pas possible de la remplacer par une autre m\u00e9thode. Une m\u00e9thode qui se passe d&rsquo;animaux. Ce n&rsquo;est pas une t\u00e2che ais\u00e9e car la [&hellip;]\" \/>\n<meta property=\"og:url\" content=\"https:\/\/biotechlerncenter.interpharma.ch\/themen\/tierversuche-das-grosse-dilemma\/5-replace-einen-tierversuch-durch-eine-andere-methode-ersetzen\/\" \/>\n<meta property=\"og:site_name\" content=\"biotechlerncenter\" \/>\n<meta name=\"twitter:card\" content=\"summary_large_image\" \/>\n<meta name=\"twitter:label1\" content=\"Dur\u00e9e de lecture estim\u00e9e\" \/>\n\t<meta name=\"twitter:data1\" content=\"3 minutes\" \/>\n<script type=\"application\/ld+json\" class=\"yoast-schema-graph\">{\"@context\":\"https:\/\/schema.org\",\"@graph\":[{\"@type\":\"WebPage\",\"@id\":\"https:\/\/biotechlerncenter.interpharma.ch\/themen\/tierversuche-das-grosse-dilemma\/5-replace-einen-tierversuch-durch-eine-andere-methode-ersetzen\/\",\"url\":\"https:\/\/biotechlerncenter.interpharma.ch\/themen\/tierversuche-das-grosse-dilemma\/5-replace-einen-tierversuch-durch-eine-andere-methode-ersetzen\/\",\"name\":\"5. Replace: remplacer une exp\u00e9rience sur les animaux par une autre m\u00e9thode - biotechlerncenter\",\"isPartOf\":{\"@id\":\"https:\/\/biotechlerncenter.interpharma.ch\/#website\"},\"datePublished\":\"2026-03-12T16:26:49+00:00\",\"breadcrumb\":{\"@id\":\"https:\/\/biotechlerncenter.interpharma.ch\/themen\/tierversuche-das-grosse-dilemma\/5-replace-einen-tierversuch-durch-eine-andere-methode-ersetzen\/#breadcrumb\"},\"inLanguage\":\"fr-FR\",\"potentialAction\":[{\"@type\":\"ReadAction\",\"target\":[\"https:\/\/biotechlerncenter.interpharma.ch\/themen\/tierversuche-das-grosse-dilemma\/5-replace-einen-tierversuch-durch-eine-andere-methode-ersetzen\/\"]}]},{\"@type\":\"BreadcrumbList\",\"@id\":\"https:\/\/biotechlerncenter.interpharma.ch\/themen\/tierversuche-das-grosse-dilemma\/5-replace-einen-tierversuch-durch-eine-andere-methode-ersetzen\/#breadcrumb\",\"itemListElement\":[{\"@type\":\"ListItem\",\"position\":1,\"name\":\"Start\",\"item\":\"https:\/\/biotechlerncenter.interpharma.ch\/fr\/\"},{\"@type\":\"ListItem\",\"position\":2,\"name\":\"Sujets\",\"item\":\"https:\/\/biotechlerncenter.interpharma.ch\/fr\/sujets\/\"},{\"@type\":\"ListItem\",\"position\":3,\"name\":\"Exp\u00e9rimentation animale\",\"item\":\"https:\/\/biotechlerncenter.interpharma.ch\/fr\/sujets\/experimentation-animale\/\"},{\"@type\":\"ListItem\",\"position\":4,\"name\":\"5. Replace: remplacer une exp\u00e9rience sur les animaux par une autre m\u00e9thode\"}]},{\"@type\":\"WebSite\",\"@id\":\"https:\/\/biotechlerncenter.interpharma.ch\/#website\",\"url\":\"https:\/\/biotechlerncenter.interpharma.ch\/\",\"name\":\"biotechlerncenter\",\"description\":\"\",\"potentialAction\":[{\"@type\":\"SearchAction\",\"target\":{\"@type\":\"EntryPoint\",\"urlTemplate\":\"https:\/\/biotechlerncenter.interpharma.ch\/?s={search_term_string}\"},\"query-input\":{\"@type\":\"PropertyValueSpecification\",\"valueRequired\":true,\"valueName\":\"search_term_string\"}}],\"inLanguage\":\"fr-FR\"}]}<\/script>\n<!-- \/ Yoast SEO Premium plugin. -->","yoast_head_json":{"title":"5. Replace: remplacer une exp\u00e9rience sur les animaux par une autre m\u00e9thode - biotechlerncenter","robots":{"index":"index","follow":"follow","max-snippet":"max-snippet:-1","max-image-preview":"max-image-preview:large","max-video-preview":"max-video-preview:-1"},"canonical":"https:\/\/biotechlerncenter.interpharma.ch\/themen\/tierversuche-das-grosse-dilemma\/5-replace-einen-tierversuch-durch-eine-andere-methode-ersetzen\/","og_locale":"fr_FR","og_type":"article","og_title":"5. Replace: remplacer une exp\u00e9rience sur les animaux par une autre m\u00e9thode","og_description":"Le principe \u00abreplace\u00bb (remplacement) exige des chercheurs et des autorit\u00e9s qui d\u00e9livrent l&rsquo;autorisation de r\u00e9fl\u00e9chir \u00e0 l&rsquo;utilit\u00e9 de l&rsquo;exp\u00e9rience. Les chercheurs doivent se demander si l&rsquo;exp\u00e9rience est vraiment n\u00e9cessaire et s&rsquo;il n&rsquo;est pas possible de la remplacer par une autre m\u00e9thode. Une m\u00e9thode qui se passe d&rsquo;animaux. Ce n&rsquo;est pas une t\u00e2che ais\u00e9e car la [&hellip;]","og_url":"https:\/\/biotechlerncenter.interpharma.ch\/themen\/tierversuche-das-grosse-dilemma\/5-replace-einen-tierversuch-durch-eine-andere-methode-ersetzen\/","og_site_name":"biotechlerncenter","twitter_card":"summary_large_image","twitter_misc":{"Dur\u00e9e de lecture estim\u00e9e":"3 minutes"},"schema":{"@context":"https:\/\/schema.org","@graph":[{"@type":"WebPage","@id":"https:\/\/biotechlerncenter.interpharma.ch\/themen\/tierversuche-das-grosse-dilemma\/5-replace-einen-tierversuch-durch-eine-andere-methode-ersetzen\/","url":"https:\/\/biotechlerncenter.interpharma.ch\/themen\/tierversuche-das-grosse-dilemma\/5-replace-einen-tierversuch-durch-eine-andere-methode-ersetzen\/","name":"5. Replace: remplacer une exp\u00e9rience sur les animaux par une autre m\u00e9thode - biotechlerncenter","isPartOf":{"@id":"https:\/\/biotechlerncenter.interpharma.ch\/#website"},"datePublished":"2026-03-12T16:26:49+00:00","breadcrumb":{"@id":"https:\/\/biotechlerncenter.interpharma.ch\/themen\/tierversuche-das-grosse-dilemma\/5-replace-einen-tierversuch-durch-eine-andere-methode-ersetzen\/#breadcrumb"},"inLanguage":"fr-FR","potentialAction":[{"@type":"ReadAction","target":["https:\/\/biotechlerncenter.interpharma.ch\/themen\/tierversuche-das-grosse-dilemma\/5-replace-einen-tierversuch-durch-eine-andere-methode-ersetzen\/"]}]},{"@type":"BreadcrumbList","@id":"https:\/\/biotechlerncenter.interpharma.ch\/themen\/tierversuche-das-grosse-dilemma\/5-replace-einen-tierversuch-durch-eine-andere-methode-ersetzen\/#breadcrumb","itemListElement":[{"@type":"ListItem","position":1,"name":"Start","item":"https:\/\/biotechlerncenter.interpharma.ch\/fr\/"},{"@type":"ListItem","position":2,"name":"Sujets","item":"https:\/\/biotechlerncenter.interpharma.ch\/fr\/sujets\/"},{"@type":"ListItem","position":3,"name":"Exp\u00e9rimentation animale","item":"https:\/\/biotechlerncenter.interpharma.ch\/fr\/sujets\/experimentation-animale\/"},{"@type":"ListItem","position":4,"name":"5. Replace: remplacer une exp\u00e9rience sur les animaux par une autre m\u00e9thode"}]},{"@type":"WebSite","@id":"https:\/\/biotechlerncenter.interpharma.ch\/#website","url":"https:\/\/biotechlerncenter.interpharma.ch\/","name":"biotechlerncenter","description":"","potentialAction":[{"@type":"SearchAction","target":{"@type":"EntryPoint","urlTemplate":"https:\/\/biotechlerncenter.interpharma.ch\/?s={search_term_string}"},"query-input":{"@type":"PropertyValueSpecification","valueRequired":true,"valueName":"search_term_string"}}],"inLanguage":"fr-FR"}]}},"_links":{"self":[{"href":"https:\/\/biotechlerncenter.interpharma.ch\/fr\/wp-json\/wp\/v2\/pages\/1082","targetHints":{"allow":["GET"]}}],"collection":[{"href":"https:\/\/biotechlerncenter.interpharma.ch\/fr\/wp-json\/wp\/v2\/pages"}],"about":[{"href":"https:\/\/biotechlerncenter.interpharma.ch\/fr\/wp-json\/wp\/v2\/types\/page"}],"author":[{"embeddable":true,"href":"https:\/\/biotechlerncenter.interpharma.ch\/fr\/wp-json\/wp\/v2\/users\/1"}],"replies":[{"embeddable":true,"href":"https:\/\/biotechlerncenter.interpharma.ch\/fr\/wp-json\/wp\/v2\/comments?post=1082"}],"version-history":[{"count":1,"href":"https:\/\/biotechlerncenter.interpharma.ch\/fr\/wp-json\/wp\/v2\/pages\/1082\/revisions"}],"predecessor-version":[{"id":1083,"href":"https:\/\/biotechlerncenter.interpharma.ch\/fr\/wp-json\/wp\/v2\/pages\/1082\/revisions\/1083"}],"up":[{"embeddable":true,"href":"https:\/\/biotechlerncenter.interpharma.ch\/fr\/wp-json\/wp\/v2\/pages\/1122"}],"wp:attachment":[{"href":"https:\/\/biotechlerncenter.interpharma.ch\/fr\/wp-json\/wp\/v2\/media?parent=1082"}],"curies":[{"name":"wp","href":"https:\/\/api.w.org\/{rel}","templated":true}]}}