{"id":1066,"date":"2026-03-12T17:26:48","date_gmt":"2026-03-12T16:26:48","guid":{"rendered":"https:\/\/biotechlerncenter.iph-multisite.berta-bewegt.ch\/?page_id=1066"},"modified":"2026-03-13T18:59:12","modified_gmt":"2026-03-13T17:59:12","slug":"1-experimentation-animale-le-dilemme","status":"publish","type":"page","link":"https:\/\/biotechlerncenter.interpharma.ch\/fr\/sujets\/experimentation-animale\/1-experimentation-animale-le-dilemme\/","title":{"rendered":"1. Exp\u00e9rimentation animale: le dilemme"},"content":{"rendered":"\n<p>L&rsquo;\u00eatre humain a une attitude ambigu\u00eb vis-\u00e0-vis des animaux: d&rsquo;une part, il cultive des relations \u00e9troites avec eux, en particulier avec les animaux de compagnie &#8211; les animaux, les chats ou les chevaux, par exemple. Les chiens aident les aveugles et sont souvent qualifi\u00e9s de meilleur ami de l&rsquo;homme, les chats remplissent de vie un foyer solitaire et, comme on le sait, le bonheur se trouve \u00e0 dos de cheval. L&rsquo;\u00eatre humain consid\u00e8re souvent ses animaux familiers comme ses amis et comme faisant partie de la famille.<\/p>\n\n\n\n<p>D&rsquo;autre part. les animaux sont aussi des animaux dits \u00abde rente\u00bb. 3,56 millions de porcs, de ch\u00e8vres, de moutons, de bovins et de chevaux ainsi que 50 millions de volailles sont abattus chaque ann\u00e9e en Suisse. On les utilise aussi pour mener des exp\u00e9riences sur animaux; en Suisse, on en compte chaque ann\u00e9e environ 500&rsquo;000 &#8211; le plus souvent des souris et des rats. Le fait que les \u00eatres humains que nous sommes abattent des animaux pour consommer leur viande fait partie de notre culture. Mais certains \u00e9thiciens &#8211; parmi eux, l&rsquo;Am\u00e9ricain Peter Singer &#8211; rejettent fondamentalement cet aspect parce que nous ne sommes pas imp\u00e9rativement tributaires de la viande animale et que nous pourrions tout aussi bien nous nourrir avec des plantes et des compl\u00e9ments alimentaires.<\/p>\n\n\n\n<p>Tout le monde ne peut pas non plus se d\u00e9clarer d&rsquo;accord avec les exp\u00e9riences sur animaux. Pourquoi proc\u00e8de-t-on en r\u00e9alit\u00e9 \u00e0 ce type d&rsquo;exp\u00e9riences?<br>Voici quelques r\u00e9ponses:<\/p>\n\n\n\n<h2 class=\"wp-block-heading\"><strong>Partisans de l&rsquo;exp\u00e9rimentation animale<\/strong><\/h2>\n\n\n\n<ul class=\"wp-block-list\"><li>Pour apprendre \u00e0 mieux comprendre les processus qui se passent dans notre corps et qui sont identiques chez les animaux. Cela rev\u00eat surtout de l&rsquo;importance pour les chercheurs en recherche fondamentale, qui travaillent dans les universit\u00e9s suisses.<\/li><li>Pour d\u00e9couvrir les causes des maladies et des possibilit\u00e9s de traitement. On parle dans ce cas de recherche appliqu\u00e9e, autrement dit d&rsquo;une recherche qui est men\u00e9e dans les entreprises biotechnologiques et pharmaceutiques, mais \u00e9galement dans les universit\u00e9s.<\/li><li>Pour garantir l&rsquo;efficacit\u00e9 et la s\u00e9curit\u00e9 d&#8217;emploi de m\u00e9dicaments et de denr\u00e9es alimentaires. La loi impose que la s\u00e9curit\u00e9 d&#8217;emploi des m\u00e9dicaments soit test\u00e9e chez l&rsquo;animal avant qu&rsquo;ils ne soient homologu\u00e9s, afin de r\u00e9duire le risque pour l&rsquo;\u00eatre humain.<\/li><li>Parce que, pour r\u00e9soudre de nombreux probl\u00e8mes, il n&rsquo;existe aucune alternative \u00e0 l&rsquo;exp\u00e9rimentation animale. Chaque fois que cela est possible, les chercheurs cherchent une solution de remplacement aux exp\u00e9riences sur animaux. Mais cela n&rsquo;est pas toujours possible.<\/li><li>Pour apprendre \u00e0 mieux comprendre les processus qui se passent chez l&rsquo;animal et tester chez l&rsquo;animal des m\u00e9dicaments pour les animaux.<\/li><\/ul>\n\n\n\n<p>Voici maintenant quelques arguments contre l&rsquo;exp\u00e9rimentation animale:<\/p>\n\n\n\n<h2 class=\"wp-block-heading\"><strong>Adversaires de l&rsquo;exp\u00e9rimentation animale<\/strong><\/h2>\n\n\n\n<ul class=\"wp-block-list\"><li>Les mod\u00e8les animaux des maladies n&rsquo;ont qu&rsquo;une valeur informative limit\u00e9e pour l&rsquo;\u00eatre humain. L&rsquo;homme et la souris sont certes similaires, mais ils ne sont pas identiques.<\/li><li>Il n&rsquo;est souvent pas possible de d\u00e9tenir les animaux dans les animaleries et dans le cadre des essais eux-m\u00eames dans des conditions sp\u00e9cifiques de l&rsquo;esp\u00e8ce. Les animaux d\u00e9veloppent alors stress et troubles du comportement.<\/li><li>Pour obtenir un \u00e0 deux animaux transg\u00e9niques, il faut disposer de cent animaux de laboratoire, qui sont ensuite \u00ab\u00e9limin\u00e9s\u00bb.<\/li><li>La manie du secret: en raison des int\u00e9r\u00eats li\u00e9s \u00e0 la recherche, les exp\u00e9riences sur animaux sont soumises \u00e0 la pratique du secret.<\/li><\/ul>\n\n\n\n<div class=\"wp-block-group has-my-grey-background-color has-background\"><div class=\"wp-block-group__inner-container is-layout-flow wp-block-group-is-layout-flow\">\n<h2 class=\"wp-block-heading\"><strong>Qu&rsquo;est-ce qu&rsquo;une exp\u00e9rience sur animaux?<\/strong><\/h2>\n\n\n\n<p class=\"has-text-color has-very-dark-gray-color\">Selon l&rsquo;Ordonnance sur la protection des animaux, toutes les exp\u00e9riences comportant un animal ne sont pas consid\u00e9r\u00e9es comme une exp\u00e9rience sur animaux. Le champ d&rsquo;application de cette ordonnance s&rsquo;\u00e9tend \u00e0 tous les vert\u00e9br\u00e9s, aux d\u00e9capodes et aux c\u00e9phalopodes. Une exp\u00e9rience avec un ver de terre ou une mouche du vinaigre n&rsquo;est donc pas une exp\u00e9rience sur animaux.<\/p>\n<\/div><\/div>\n\n\n\n<figure class=\"wp-block-image size-large\"><img decoding=\"async\" src=\"http:\/\/biotechlerncenter.interpharma.ch\/wp-content\/uploads\/sites\/4\/2020\/01\/ein_grossteil_der_tierversuche_wird_mit_maeusen_und_ratten_durchgefuehrt.jpg\" alt=\"\" class=\"wp-image-3256\"\/><figcaption>Ein Grossteil der Tierversuche wird mit M\u00e4usen und Ratten durchgef\u00fchrt.<br>\u00a9 istockphoto<\/figcaption><\/figure>\n","protected":false},"excerpt":{"rendered":"<p>L&rsquo;\u00eatre humain a une attitude ambigu\u00eb vis-\u00e0-vis des animaux: d&rsquo;une part, il cultive des relations \u00e9troites avec eux, en particulier avec les animaux de compagnie &#8211; les animaux, les chats ou les chevaux, par exemple. Les chiens aident les aveugles et sont souvent qualifi\u00e9s de meilleur ami de l&rsquo;homme, les chats remplissent de vie un [&hellip;]<\/p>\n","protected":false},"author":1,"featured_media":0,"parent":1122,"menu_order":0,"comment_status":"closed","ping_status":"closed","template":"page-templates\/unterthema.php","meta":{"_acf_changed":false,"inline_featured_image":false,"footnotes":""},"class_list":["post-1066","page","type-page","status-publish","hentry"],"acf":[],"yoast_head":"<!-- This site is optimized with the Yoast SEO Premium plugin v27.2 (Yoast SEO v27.2) - https:\/\/yoast.com\/product\/yoast-seo-premium-wordpress\/ -->\n<title>1. Exp\u00e9rimentation animale: le dilemme - biotechlerncenter<\/title>\n<meta name=\"robots\" content=\"index, follow, max-snippet:-1, max-image-preview:large, max-video-preview:-1\" \/>\n<link rel=\"canonical\" href=\"https:\/\/biotechlerncenter.interpharma.ch\/fr\/sujets\/experimentation-animale\/1-experimentation-animale-le-dilemme\/\" \/>\n<meta property=\"og:locale\" content=\"fr_FR\" \/>\n<meta property=\"og:type\" content=\"article\" \/>\n<meta property=\"og:title\" content=\"1. Exp\u00e9rimentation animale: le dilemme\" \/>\n<meta property=\"og:description\" content=\"L&rsquo;\u00eatre humain a une attitude ambigu\u00eb vis-\u00e0-vis des animaux: d&rsquo;une part, il cultive des relations \u00e9troites avec eux, en particulier avec les animaux de compagnie &#8211; les animaux, les chats ou les chevaux, par exemple. Les chiens aident les aveugles et sont souvent qualifi\u00e9s de meilleur ami de l&rsquo;homme, les chats remplissent de vie un [&hellip;]\" \/>\n<meta property=\"og:url\" content=\"https:\/\/biotechlerncenter.interpharma.ch\/fr\/sujets\/experimentation-animale\/1-experimentation-animale-le-dilemme\/\" \/>\n<meta property=\"og:site_name\" content=\"biotechlerncenter\" \/>\n<meta property=\"article:modified_time\" content=\"2026-03-13T17:59:12+00:00\" \/>\n<meta property=\"og:image\" content=\"http:\/\/biotechlerncenter.interpharma.ch\/wp-content\/uploads\/sites\/4\/2020\/01\/ein_grossteil_der_tierversuche_wird_mit_maeusen_und_ratten_durchgefuehrt.jpg\" \/>\n<meta name=\"twitter:card\" content=\"summary_large_image\" \/>\n<meta name=\"twitter:label1\" content=\"Dur\u00e9e de lecture estim\u00e9e\" \/>\n\t<meta name=\"twitter:data1\" content=\"4 minutes\" \/>\n<script type=\"application\/ld+json\" class=\"yoast-schema-graph\">{\"@context\":\"https:\/\/schema.org\",\"@graph\":[{\"@type\":\"WebPage\",\"@id\":\"https:\/\/biotechlerncenter.interpharma.ch\/fr\/sujets\/experimentation-animale\/1-experimentation-animale-le-dilemme\/\",\"url\":\"https:\/\/biotechlerncenter.interpharma.ch\/fr\/sujets\/experimentation-animale\/1-experimentation-animale-le-dilemme\/\",\"name\":\"1. Exp\u00e9rimentation animale: le dilemme - biotechlerncenter\",\"isPartOf\":{\"@id\":\"https:\/\/biotechlerncenter.interpharma.ch\/#website\"},\"primaryImageOfPage\":{\"@id\":\"https:\/\/biotechlerncenter.interpharma.ch\/fr\/sujets\/experimentation-animale\/1-experimentation-animale-le-dilemme\/#primaryimage\"},\"image\":{\"@id\":\"https:\/\/biotechlerncenter.interpharma.ch\/fr\/sujets\/experimentation-animale\/1-experimentation-animale-le-dilemme\/#primaryimage\"},\"thumbnailUrl\":\"http:\/\/biotechlerncenter.interpharma.ch\/wp-content\/uploads\/sites\/4\/2020\/01\/ein_grossteil_der_tierversuche_wird_mit_maeusen_und_ratten_durchgefuehrt.jpg\",\"datePublished\":\"2026-03-12T16:26:48+00:00\",\"dateModified\":\"2026-03-13T17:59:12+00:00\",\"breadcrumb\":{\"@id\":\"https:\/\/biotechlerncenter.interpharma.ch\/fr\/sujets\/experimentation-animale\/1-experimentation-animale-le-dilemme\/#breadcrumb\"},\"inLanguage\":\"fr-FR\",\"potentialAction\":[{\"@type\":\"ReadAction\",\"target\":[\"https:\/\/biotechlerncenter.interpharma.ch\/fr\/sujets\/experimentation-animale\/1-experimentation-animale-le-dilemme\/\"]}]},{\"@type\":\"ImageObject\",\"inLanguage\":\"fr-FR\",\"@id\":\"https:\/\/biotechlerncenter.interpharma.ch\/fr\/sujets\/experimentation-animale\/1-experimentation-animale-le-dilemme\/#primaryimage\",\"url\":\"http:\/\/biotechlerncenter.interpharma.ch\/wp-content\/uploads\/sites\/4\/2020\/01\/ein_grossteil_der_tierversuche_wird_mit_maeusen_und_ratten_durchgefuehrt.jpg\",\"contentUrl\":\"http:\/\/biotechlerncenter.interpharma.ch\/wp-content\/uploads\/sites\/4\/2020\/01\/ein_grossteil_der_tierversuche_wird_mit_maeusen_und_ratten_durchgefuehrt.jpg\"},{\"@type\":\"BreadcrumbList\",\"@id\":\"https:\/\/biotechlerncenter.interpharma.ch\/fr\/sujets\/experimentation-animale\/1-experimentation-animale-le-dilemme\/#breadcrumb\",\"itemListElement\":[{\"@type\":\"ListItem\",\"position\":1,\"name\":\"Start\",\"item\":\"https:\/\/biotechlerncenter.interpharma.ch\/fr\/\"},{\"@type\":\"ListItem\",\"position\":2,\"name\":\"Sujets\",\"item\":\"https:\/\/biotechlerncenter.interpharma.ch\/fr\/sujets\/\"},{\"@type\":\"ListItem\",\"position\":3,\"name\":\"Exp\u00e9rimentation animale\",\"item\":\"https:\/\/biotechlerncenter.interpharma.ch\/fr\/sujets\/experimentation-animale\/\"},{\"@type\":\"ListItem\",\"position\":4,\"name\":\"1. Exp\u00e9rimentation animale: le dilemme\"}]},{\"@type\":\"WebSite\",\"@id\":\"https:\/\/biotechlerncenter.interpharma.ch\/#website\",\"url\":\"https:\/\/biotechlerncenter.interpharma.ch\/\",\"name\":\"biotechlerncenter\",\"description\":\"\",\"potentialAction\":[{\"@type\":\"SearchAction\",\"target\":{\"@type\":\"EntryPoint\",\"urlTemplate\":\"https:\/\/biotechlerncenter.interpharma.ch\/?s={search_term_string}\"},\"query-input\":{\"@type\":\"PropertyValueSpecification\",\"valueRequired\":true,\"valueName\":\"search_term_string\"}}],\"inLanguage\":\"fr-FR\"}]}<\/script>\n<!-- \/ Yoast SEO Premium plugin. -->","yoast_head_json":{"title":"1. Exp\u00e9rimentation animale: le dilemme - biotechlerncenter","robots":{"index":"index","follow":"follow","max-snippet":"max-snippet:-1","max-image-preview":"max-image-preview:large","max-video-preview":"max-video-preview:-1"},"canonical":"https:\/\/biotechlerncenter.interpharma.ch\/fr\/sujets\/experimentation-animale\/1-experimentation-animale-le-dilemme\/","og_locale":"fr_FR","og_type":"article","og_title":"1. Exp\u00e9rimentation animale: le dilemme","og_description":"L&rsquo;\u00eatre humain a une attitude ambigu\u00eb vis-\u00e0-vis des animaux: d&rsquo;une part, il cultive des relations \u00e9troites avec eux, en particulier avec les animaux de compagnie &#8211; les animaux, les chats ou les chevaux, par exemple. Les chiens aident les aveugles et sont souvent qualifi\u00e9s de meilleur ami de l&rsquo;homme, les chats remplissent de vie un [&hellip;]","og_url":"https:\/\/biotechlerncenter.interpharma.ch\/fr\/sujets\/experimentation-animale\/1-experimentation-animale-le-dilemme\/","og_site_name":"biotechlerncenter","article_modified_time":"2026-03-13T17:59:12+00:00","og_image":[{"url":"http:\/\/biotechlerncenter.interpharma.ch\/wp-content\/uploads\/sites\/4\/2020\/01\/ein_grossteil_der_tierversuche_wird_mit_maeusen_und_ratten_durchgefuehrt.jpg","type":"","width":"","height":""}],"twitter_card":"summary_large_image","twitter_misc":{"Dur\u00e9e de lecture estim\u00e9e":"4 minutes"},"schema":{"@context":"https:\/\/schema.org","@graph":[{"@type":"WebPage","@id":"https:\/\/biotechlerncenter.interpharma.ch\/fr\/sujets\/experimentation-animale\/1-experimentation-animale-le-dilemme\/","url":"https:\/\/biotechlerncenter.interpharma.ch\/fr\/sujets\/experimentation-animale\/1-experimentation-animale-le-dilemme\/","name":"1. Exp\u00e9rimentation animale: le dilemme - biotechlerncenter","isPartOf":{"@id":"https:\/\/biotechlerncenter.interpharma.ch\/#website"},"primaryImageOfPage":{"@id":"https:\/\/biotechlerncenter.interpharma.ch\/fr\/sujets\/experimentation-animale\/1-experimentation-animale-le-dilemme\/#primaryimage"},"image":{"@id":"https:\/\/biotechlerncenter.interpharma.ch\/fr\/sujets\/experimentation-animale\/1-experimentation-animale-le-dilemme\/#primaryimage"},"thumbnailUrl":"http:\/\/biotechlerncenter.interpharma.ch\/wp-content\/uploads\/sites\/4\/2020\/01\/ein_grossteil_der_tierversuche_wird_mit_maeusen_und_ratten_durchgefuehrt.jpg","datePublished":"2026-03-12T16:26:48+00:00","dateModified":"2026-03-13T17:59:12+00:00","breadcrumb":{"@id":"https:\/\/biotechlerncenter.interpharma.ch\/fr\/sujets\/experimentation-animale\/1-experimentation-animale-le-dilemme\/#breadcrumb"},"inLanguage":"fr-FR","potentialAction":[{"@type":"ReadAction","target":["https:\/\/biotechlerncenter.interpharma.ch\/fr\/sujets\/experimentation-animale\/1-experimentation-animale-le-dilemme\/"]}]},{"@type":"ImageObject","inLanguage":"fr-FR","@id":"https:\/\/biotechlerncenter.interpharma.ch\/fr\/sujets\/experimentation-animale\/1-experimentation-animale-le-dilemme\/#primaryimage","url":"http:\/\/biotechlerncenter.interpharma.ch\/wp-content\/uploads\/sites\/4\/2020\/01\/ein_grossteil_der_tierversuche_wird_mit_maeusen_und_ratten_durchgefuehrt.jpg","contentUrl":"http:\/\/biotechlerncenter.interpharma.ch\/wp-content\/uploads\/sites\/4\/2020\/01\/ein_grossteil_der_tierversuche_wird_mit_maeusen_und_ratten_durchgefuehrt.jpg"},{"@type":"BreadcrumbList","@id":"https:\/\/biotechlerncenter.interpharma.ch\/fr\/sujets\/experimentation-animale\/1-experimentation-animale-le-dilemme\/#breadcrumb","itemListElement":[{"@type":"ListItem","position":1,"name":"Start","item":"https:\/\/biotechlerncenter.interpharma.ch\/fr\/"},{"@type":"ListItem","position":2,"name":"Sujets","item":"https:\/\/biotechlerncenter.interpharma.ch\/fr\/sujets\/"},{"@type":"ListItem","position":3,"name":"Exp\u00e9rimentation animale","item":"https:\/\/biotechlerncenter.interpharma.ch\/fr\/sujets\/experimentation-animale\/"},{"@type":"ListItem","position":4,"name":"1. Exp\u00e9rimentation animale: le dilemme"}]},{"@type":"WebSite","@id":"https:\/\/biotechlerncenter.interpharma.ch\/#website","url":"https:\/\/biotechlerncenter.interpharma.ch\/","name":"biotechlerncenter","description":"","potentialAction":[{"@type":"SearchAction","target":{"@type":"EntryPoint","urlTemplate":"https:\/\/biotechlerncenter.interpharma.ch\/?s={search_term_string}"},"query-input":{"@type":"PropertyValueSpecification","valueRequired":true,"valueName":"search_term_string"}}],"inLanguage":"fr-FR"}]}},"_links":{"self":[{"href":"https:\/\/biotechlerncenter.interpharma.ch\/fr\/wp-json\/wp\/v2\/pages\/1066","targetHints":{"allow":["GET"]}}],"collection":[{"href":"https:\/\/biotechlerncenter.interpharma.ch\/fr\/wp-json\/wp\/v2\/pages"}],"about":[{"href":"https:\/\/biotechlerncenter.interpharma.ch\/fr\/wp-json\/wp\/v2\/types\/page"}],"author":[{"embeddable":true,"href":"https:\/\/biotechlerncenter.interpharma.ch\/fr\/wp-json\/wp\/v2\/users\/1"}],"replies":[{"embeddable":true,"href":"https:\/\/biotechlerncenter.interpharma.ch\/fr\/wp-json\/wp\/v2\/comments?post=1066"}],"version-history":[{"count":3,"href":"https:\/\/biotechlerncenter.interpharma.ch\/fr\/wp-json\/wp\/v2\/pages\/1066\/revisions"}],"predecessor-version":[{"id":3291,"href":"https:\/\/biotechlerncenter.interpharma.ch\/fr\/wp-json\/wp\/v2\/pages\/1066\/revisions\/3291"}],"up":[{"embeddable":true,"href":"https:\/\/biotechlerncenter.interpharma.ch\/fr\/wp-json\/wp\/v2\/pages\/1122"}],"wp:attachment":[{"href":"https:\/\/biotechlerncenter.interpharma.ch\/fr\/wp-json\/wp\/v2\/media?parent=1066"}],"curies":[{"name":"wp","href":"https:\/\/api.w.org\/{rel}","templated":true}]}}