{"id":1038,"date":"2026-03-12T17:26:46","date_gmt":"2026-03-12T16:26:46","guid":{"rendered":"https:\/\/biotechlerncenter.iph-multisite.berta-bewegt.ch\/?page_id=1038"},"modified":"2026-03-13T18:50:41","modified_gmt":"2026-03-13T17:50:41","slug":"3-les-cellules-souches-adultes-sont-responsables-du-renouvellement-et-de-la-reparation","status":"publish","type":"page","link":"https:\/\/biotechlerncenter.interpharma.ch\/fr\/sujets\/cellules-souches\/3-les-cellules-souches-adultes-sont-responsables-du-renouvellement-et-de-la-reparation\/","title":{"rendered":"3. Les cellules souches adultes sont responsables du renouvellement et de la r\u00e9paration"},"content":{"rendered":"\n<p>La deuxi\u00e8me sorte de cellules souches, les cellules souches adultes, se diff\u00e9rencient de fa\u00e7on d\u00e9terminante des cellules souches embryonnaires. Elles se trouvent dans plusieurs&nbsp; tissus diff\u00e9rents de l&rsquo;individu adulte, toutefois en quantit\u00e9 minime. Elles sont responsables du renouvellement et de la gu\u00e9rison. Un exemple concret avec la peau: la couche sup\u00e9rieure de la peau se renouvelle toutes les deux semaines. Les anciennes cellules meurent et seront remplac\u00e9es par de nouvelles cellules issues des couches inf\u00e9rieures. Les cellules souches cutan\u00e9es situ\u00e9es un peu plus profond\u00e9ment dans la peau en sont responsables. Les cellules se divisent et assurent le ravitaillement. En se divisant, elles vont non seulement rester en vie mais \u00e9galement former de nouvelles cellules sp\u00e9cialis\u00e9es.<\/p>\n\n\n\n<p>Les chercheurs ont \u00e9galement trouv\u00e9 des cellules souches adultes dans d&rsquo;autres tissus: cerveau, moelle \u00e9pini\u00e8re, sang, muscles, peau, foie. Les cellules souches adultes sont pluripotentes, elles peuvent d\u00e9velopper tous les types de cellules \u00e0 l&rsquo;int\u00e9rieur de ce tissu seulement. Une cellule souche sanguine situ\u00e9e dans la moelle \u00e9pini\u00e8re peut former des globules rouges, des globules blancs, des plaquettes sanguines, etc. et non&nbsp; des cellules nerveuses. Certaines cellules souches adultes peuvent rester inactives durant une longue p\u00e9riode ; elles se diviseront seulement au moment o\u00f9 elles sont indispensables comme par exemple lors d&rsquo;une blessure. Il est plus facile \u00e9thiquement de conserver les cellules souches adultes \u00e0 des fins exp\u00e9rimentales que les cellules souches embryonnaires. Seul l&rsquo;accord de la personne mettant \u00e0 disposition ses propres cellules souches est n\u00e9cessaire.<\/p>\n\n\n\n<p>D&rsquo;importants progr\u00e8s ont \u00e9t\u00e9 r\u00e9alis\u00e9s ces derni\u00e8res ann\u00e9es dans la recherche sur les cellules souches adultes. Les chercheurs tentent de d\u00e9couvrir le meilleur moyen de cultiver ces cellules pour qu&rsquo;elles puissent produire des cellules sp\u00e9cialis\u00e9es capables de traiter des maladies. C&rsquo;est ainsi que les cellules produisant de la dopamine dans le cerveau de patients atteints de la maladie de Parkinson peuvent aider \u00e0 fabriquer la substance manquante; il en est de m\u00eame pour les cellules produisant l&rsquo;insuline chez les diab\u00e9tiques ainsi que pour les cellules du muscle cardiaque (myocarde) transplant\u00e9es chez les patients victimes d&rsquo;un infarctus du myocarde. Cette derni\u00e8re technique a d\u00e9j\u00e0 connu ses premi\u00e8res exp\u00e9riences.<\/p>\n\n\n\n<p>Les questions les plus importantes concernant les cellules souches adultes sont de nos jours les suivantes: combien de sortes y a-t-il et dans quels tissus se trouvent-elles? Comment se forment-elles? Pourquoi demeurent-elles indiff\u00e9renci\u00e9es alors que toutes les cellules environnantes sont sp\u00e9cialis\u00e9es? Par quels signaux sont-elles amen\u00e9es \u00e0 se diviser?<\/p>\n\n\n\n<figure class=\"wp-block-image size-large\"><img decoding=\"async\" src=\"http:\/\/biotechlerncenter.interpharma.ch\/wp-content\/uploads\/sites\/4\/2020\/01\/istock_baby_nabelschnur_900.jpg\" alt=\"\" class=\"wp-image-3293\"\/><figcaption>Le sang du cordon ombilical est une bonne source de cellules souches adultes.<br>\u00a9 istockphoto<\/figcaption><\/figure>\n\n\n\n<p>Les scientifiques r\u00e9ussissent de mieux en mieux \u00e0 identifier les cellules souches adultes dans l&rsquo;organisme, \u00e0 les isoler \u00e0 partir de diff\u00e9rents tissus et m\u00eame, dans certains cas, \u00e0 les cultiver. Les cellules souches adultes sont par contre plus difficiles \u00e0 cultiver que les cellules souches embryonnaires. Les deux types de cellules se diff\u00e9rencient non seulement par leur culture mais \u00e9galement par leur potentiel m\u00e9dical. Si le potentiel des cellules souches embryonnaires est g\u00e9n\u00e9ralement qualifi\u00e9 de plus important, bien des choses s&rsquo;av\u00e8rent encore difficiles \u00e0 mettre en pratique. Il en est autrement des cellules souches adultes: depuis plus de 30 ans &#8211; en Suisse, seulement depuis avril 1969 &#8211; on recourt aux cellules souches h\u00e9matopo\u00ef\u00e9tiques. Des cellules souches h\u00e9matopo\u00ef\u00e9tiques vont \u00eatre transplant\u00e9es dans la moelle \u00e9pini\u00e8re d&rsquo;un patient ayant \u00e9t\u00e9 trait\u00e9 pour un cancer du sang (leuc\u00e9mie) ; elles vont ainsi r\u00e9tablir une h\u00e9matopo\u00ef\u00e8se normale (illustration 8.1). 20&rsquo;000 transplantations de cellules souches h\u00e9matopo\u00ef\u00e9tiques ont lieu chaque ann\u00e9e \u00e0 l&rsquo;\u00e9chelle mondiale. Ces cellules \u00e9taient autrefois extraites de la moelle \u00e9pini\u00e8re d&rsquo;un donneur puis inject\u00e9es dans le circuit sanguin du patient. Elles sont aujourd&rsquo;hui en majeure partie directement pr\u00e9lev\u00e9es du sang. M\u00eame le sang du cordon ombilical pr\u00e9lev\u00e9 apr\u00e8s la naissance d&rsquo;un enfant est une bonne source de cellules souches adultes.<\/p>\n\n\n\n<figure class=\"wp-block-image size-large\"><img decoding=\"async\" src=\"https:\/\/biotechlerncenter.interpharma.ch\/wp-content\/uploads\/sites\/4\/2020\/02\/grafik8.1_fr.jpg\" alt=\"\" class=\"wp-image-4080\"\/><figcaption>Illustration 8.1: Transplantation de cellules souches dans le traitement de la leuc\u00e9mie et des lymphomes<br>\u00a9 Interpharma<\/figcaption><\/figure>\n","protected":false},"excerpt":{"rendered":"<p>La deuxi\u00e8me sorte de cellules souches, les cellules souches adultes, se diff\u00e9rencient de fa\u00e7on d\u00e9terminante des cellules souches embryonnaires. Elles se trouvent dans plusieurs&nbsp; tissus diff\u00e9rents de l&rsquo;individu adulte, toutefois en quantit\u00e9 minime. Elles sont responsables du renouvellement et de la gu\u00e9rison. Un exemple concret avec la peau: la couche sup\u00e9rieure de la peau se [&hellip;]<\/p>\n","protected":false},"author":1,"featured_media":0,"parent":1062,"menu_order":2,"comment_status":"closed","ping_status":"closed","template":"page-templates\/unterthema.php","meta":{"_acf_changed":false,"inline_featured_image":false,"footnotes":""},"class_list":["post-1038","page","type-page","status-publish","hentry"],"acf":[],"yoast_head":"<!-- This site is optimized with the Yoast SEO Premium plugin v27.2 (Yoast SEO v27.2) - https:\/\/yoast.com\/product\/yoast-seo-premium-wordpress\/ -->\n<title>3. Les cellules souches adultes sont responsables du renouvellement et de la r\u00e9paration - biotechlerncenter<\/title>\n<meta name=\"robots\" content=\"index, follow, max-snippet:-1, max-image-preview:large, max-video-preview:-1\" \/>\n<link rel=\"canonical\" href=\"https:\/\/biotechlerncenter.interpharma.ch\/themen\/das-grosse-potenzial-der-stammzellen\/3-adulte-stammzellen-zustaendig-fuer-erneuerung-und-reparatur\/\" \/>\n<meta property=\"og:locale\" content=\"fr_FR\" \/>\n<meta property=\"og:type\" content=\"article\" \/>\n<meta property=\"og:title\" content=\"3. Les cellules souches adultes sont responsables du renouvellement et de la r\u00e9paration\" \/>\n<meta property=\"og:description\" content=\"La deuxi\u00e8me sorte de cellules souches, les cellules souches adultes, se diff\u00e9rencient de fa\u00e7on d\u00e9terminante des cellules souches embryonnaires. Elles se trouvent dans plusieurs&nbsp; tissus diff\u00e9rents de l&rsquo;individu adulte, toutefois en quantit\u00e9 minime. Elles sont responsables du renouvellement et de la gu\u00e9rison. Un exemple concret avec la peau: la couche sup\u00e9rieure de la peau se [&hellip;]\" \/>\n<meta property=\"og:url\" content=\"https:\/\/biotechlerncenter.interpharma.ch\/themen\/das-grosse-potenzial-der-stammzellen\/3-adulte-stammzellen-zustaendig-fuer-erneuerung-und-reparatur\/\" \/>\n<meta property=\"og:site_name\" content=\"biotechlerncenter\" \/>\n<meta property=\"article:modified_time\" content=\"2026-03-13T17:50:41+00:00\" \/>\n<meta property=\"og:image\" content=\"http:\/\/biotechlerncenter.interpharma.ch\/wp-content\/uploads\/sites\/4\/2020\/01\/istock_baby_nabelschnur_900.jpg\" \/>\n<meta name=\"twitter:card\" content=\"summary_large_image\" \/>\n<meta name=\"twitter:label1\" content=\"Dur\u00e9e de lecture estim\u00e9e\" \/>\n\t<meta name=\"twitter:data1\" content=\"4 minutes\" \/>\n<script type=\"application\/ld+json\" class=\"yoast-schema-graph\">{\"@context\":\"https:\/\/schema.org\",\"@graph\":[{\"@type\":\"WebPage\",\"@id\":\"https:\/\/biotechlerncenter.interpharma.ch\/themen\/das-grosse-potenzial-der-stammzellen\/3-adulte-stammzellen-zustaendig-fuer-erneuerung-und-reparatur\/\",\"url\":\"https:\/\/biotechlerncenter.interpharma.ch\/themen\/das-grosse-potenzial-der-stammzellen\/3-adulte-stammzellen-zustaendig-fuer-erneuerung-und-reparatur\/\",\"name\":\"3. Les cellules souches adultes sont responsables du renouvellement et de la r\u00e9paration - biotechlerncenter\",\"isPartOf\":{\"@id\":\"https:\/\/biotechlerncenter.interpharma.ch\/#website\"},\"primaryImageOfPage\":{\"@id\":\"https:\/\/biotechlerncenter.interpharma.ch\/themen\/das-grosse-potenzial-der-stammzellen\/3-adulte-stammzellen-zustaendig-fuer-erneuerung-und-reparatur\/#primaryimage\"},\"image\":{\"@id\":\"https:\/\/biotechlerncenter.interpharma.ch\/themen\/das-grosse-potenzial-der-stammzellen\/3-adulte-stammzellen-zustaendig-fuer-erneuerung-und-reparatur\/#primaryimage\"},\"thumbnailUrl\":\"http:\/\/biotechlerncenter.interpharma.ch\/wp-content\/uploads\/sites\/4\/2020\/01\/istock_baby_nabelschnur_900.jpg\",\"datePublished\":\"2026-03-12T16:26:46+00:00\",\"dateModified\":\"2026-03-13T17:50:41+00:00\",\"breadcrumb\":{\"@id\":\"https:\/\/biotechlerncenter.interpharma.ch\/themen\/das-grosse-potenzial-der-stammzellen\/3-adulte-stammzellen-zustaendig-fuer-erneuerung-und-reparatur\/#breadcrumb\"},\"inLanguage\":\"fr-FR\",\"potentialAction\":[{\"@type\":\"ReadAction\",\"target\":[\"https:\/\/biotechlerncenter.interpharma.ch\/themen\/das-grosse-potenzial-der-stammzellen\/3-adulte-stammzellen-zustaendig-fuer-erneuerung-und-reparatur\/\"]}]},{\"@type\":\"ImageObject\",\"inLanguage\":\"fr-FR\",\"@id\":\"https:\/\/biotechlerncenter.interpharma.ch\/themen\/das-grosse-potenzial-der-stammzellen\/3-adulte-stammzellen-zustaendig-fuer-erneuerung-und-reparatur\/#primaryimage\",\"url\":\"http:\/\/biotechlerncenter.interpharma.ch\/wp-content\/uploads\/sites\/4\/2020\/01\/istock_baby_nabelschnur_900.jpg\",\"contentUrl\":\"http:\/\/biotechlerncenter.interpharma.ch\/wp-content\/uploads\/sites\/4\/2020\/01\/istock_baby_nabelschnur_900.jpg\"},{\"@type\":\"BreadcrumbList\",\"@id\":\"https:\/\/biotechlerncenter.interpharma.ch\/themen\/das-grosse-potenzial-der-stammzellen\/3-adulte-stammzellen-zustaendig-fuer-erneuerung-und-reparatur\/#breadcrumb\",\"itemListElement\":[{\"@type\":\"ListItem\",\"position\":1,\"name\":\"Start\",\"item\":\"https:\/\/biotechlerncenter.interpharma.ch\/fr\/\"},{\"@type\":\"ListItem\",\"position\":2,\"name\":\"Sujets\",\"item\":\"https:\/\/biotechlerncenter.interpharma.ch\/fr\/sujets\/\"},{\"@type\":\"ListItem\",\"position\":3,\"name\":\"Cellules souches\",\"item\":\"https:\/\/biotechlerncenter.interpharma.ch\/fr\/sujets\/cellules-souches\/\"},{\"@type\":\"ListItem\",\"position\":4,\"name\":\"3. Les cellules souches adultes sont responsables du renouvellement et de la r\u00e9paration\"}]},{\"@type\":\"WebSite\",\"@id\":\"https:\/\/biotechlerncenter.interpharma.ch\/#website\",\"url\":\"https:\/\/biotechlerncenter.interpharma.ch\/\",\"name\":\"biotechlerncenter\",\"description\":\"\",\"potentialAction\":[{\"@type\":\"SearchAction\",\"target\":{\"@type\":\"EntryPoint\",\"urlTemplate\":\"https:\/\/biotechlerncenter.interpharma.ch\/?s={search_term_string}\"},\"query-input\":{\"@type\":\"PropertyValueSpecification\",\"valueRequired\":true,\"valueName\":\"search_term_string\"}}],\"inLanguage\":\"fr-FR\"}]}<\/script>\n<!-- \/ Yoast SEO Premium plugin. -->","yoast_head_json":{"title":"3. Les cellules souches adultes sont responsables du renouvellement et de la r\u00e9paration - biotechlerncenter","robots":{"index":"index","follow":"follow","max-snippet":"max-snippet:-1","max-image-preview":"max-image-preview:large","max-video-preview":"max-video-preview:-1"},"canonical":"https:\/\/biotechlerncenter.interpharma.ch\/themen\/das-grosse-potenzial-der-stammzellen\/3-adulte-stammzellen-zustaendig-fuer-erneuerung-und-reparatur\/","og_locale":"fr_FR","og_type":"article","og_title":"3. Les cellules souches adultes sont responsables du renouvellement et de la r\u00e9paration","og_description":"La deuxi\u00e8me sorte de cellules souches, les cellules souches adultes, se diff\u00e9rencient de fa\u00e7on d\u00e9terminante des cellules souches embryonnaires. Elles se trouvent dans plusieurs&nbsp; tissus diff\u00e9rents de l&rsquo;individu adulte, toutefois en quantit\u00e9 minime. Elles sont responsables du renouvellement et de la gu\u00e9rison. Un exemple concret avec la peau: la couche sup\u00e9rieure de la peau se [&hellip;]","og_url":"https:\/\/biotechlerncenter.interpharma.ch\/themen\/das-grosse-potenzial-der-stammzellen\/3-adulte-stammzellen-zustaendig-fuer-erneuerung-und-reparatur\/","og_site_name":"biotechlerncenter","article_modified_time":"2026-03-13T17:50:41+00:00","og_image":[{"url":"http:\/\/biotechlerncenter.interpharma.ch\/wp-content\/uploads\/sites\/4\/2020\/01\/istock_baby_nabelschnur_900.jpg","type":"","width":"","height":""}],"twitter_card":"summary_large_image","twitter_misc":{"Dur\u00e9e de lecture estim\u00e9e":"4 minutes"},"schema":{"@context":"https:\/\/schema.org","@graph":[{"@type":"WebPage","@id":"https:\/\/biotechlerncenter.interpharma.ch\/themen\/das-grosse-potenzial-der-stammzellen\/3-adulte-stammzellen-zustaendig-fuer-erneuerung-und-reparatur\/","url":"https:\/\/biotechlerncenter.interpharma.ch\/themen\/das-grosse-potenzial-der-stammzellen\/3-adulte-stammzellen-zustaendig-fuer-erneuerung-und-reparatur\/","name":"3. Les cellules souches adultes sont responsables du renouvellement et de la r\u00e9paration - biotechlerncenter","isPartOf":{"@id":"https:\/\/biotechlerncenter.interpharma.ch\/#website"},"primaryImageOfPage":{"@id":"https:\/\/biotechlerncenter.interpharma.ch\/themen\/das-grosse-potenzial-der-stammzellen\/3-adulte-stammzellen-zustaendig-fuer-erneuerung-und-reparatur\/#primaryimage"},"image":{"@id":"https:\/\/biotechlerncenter.interpharma.ch\/themen\/das-grosse-potenzial-der-stammzellen\/3-adulte-stammzellen-zustaendig-fuer-erneuerung-und-reparatur\/#primaryimage"},"thumbnailUrl":"http:\/\/biotechlerncenter.interpharma.ch\/wp-content\/uploads\/sites\/4\/2020\/01\/istock_baby_nabelschnur_900.jpg","datePublished":"2026-03-12T16:26:46+00:00","dateModified":"2026-03-13T17:50:41+00:00","breadcrumb":{"@id":"https:\/\/biotechlerncenter.interpharma.ch\/themen\/das-grosse-potenzial-der-stammzellen\/3-adulte-stammzellen-zustaendig-fuer-erneuerung-und-reparatur\/#breadcrumb"},"inLanguage":"fr-FR","potentialAction":[{"@type":"ReadAction","target":["https:\/\/biotechlerncenter.interpharma.ch\/themen\/das-grosse-potenzial-der-stammzellen\/3-adulte-stammzellen-zustaendig-fuer-erneuerung-und-reparatur\/"]}]},{"@type":"ImageObject","inLanguage":"fr-FR","@id":"https:\/\/biotechlerncenter.interpharma.ch\/themen\/das-grosse-potenzial-der-stammzellen\/3-adulte-stammzellen-zustaendig-fuer-erneuerung-und-reparatur\/#primaryimage","url":"http:\/\/biotechlerncenter.interpharma.ch\/wp-content\/uploads\/sites\/4\/2020\/01\/istock_baby_nabelschnur_900.jpg","contentUrl":"http:\/\/biotechlerncenter.interpharma.ch\/wp-content\/uploads\/sites\/4\/2020\/01\/istock_baby_nabelschnur_900.jpg"},{"@type":"BreadcrumbList","@id":"https:\/\/biotechlerncenter.interpharma.ch\/themen\/das-grosse-potenzial-der-stammzellen\/3-adulte-stammzellen-zustaendig-fuer-erneuerung-und-reparatur\/#breadcrumb","itemListElement":[{"@type":"ListItem","position":1,"name":"Start","item":"https:\/\/biotechlerncenter.interpharma.ch\/fr\/"},{"@type":"ListItem","position":2,"name":"Sujets","item":"https:\/\/biotechlerncenter.interpharma.ch\/fr\/sujets\/"},{"@type":"ListItem","position":3,"name":"Cellules souches","item":"https:\/\/biotechlerncenter.interpharma.ch\/fr\/sujets\/cellules-souches\/"},{"@type":"ListItem","position":4,"name":"3. Les cellules souches adultes sont responsables du renouvellement et de la r\u00e9paration"}]},{"@type":"WebSite","@id":"https:\/\/biotechlerncenter.interpharma.ch\/#website","url":"https:\/\/biotechlerncenter.interpharma.ch\/","name":"biotechlerncenter","description":"","potentialAction":[{"@type":"SearchAction","target":{"@type":"EntryPoint","urlTemplate":"https:\/\/biotechlerncenter.interpharma.ch\/?s={search_term_string}"},"query-input":{"@type":"PropertyValueSpecification","valueRequired":true,"valueName":"search_term_string"}}],"inLanguage":"fr-FR"}]}},"_links":{"self":[{"href":"https:\/\/biotechlerncenter.interpharma.ch\/fr\/wp-json\/wp\/v2\/pages\/1038","targetHints":{"allow":["GET"]}}],"collection":[{"href":"https:\/\/biotechlerncenter.interpharma.ch\/fr\/wp-json\/wp\/v2\/pages"}],"about":[{"href":"https:\/\/biotechlerncenter.interpharma.ch\/fr\/wp-json\/wp\/v2\/types\/page"}],"author":[{"embeddable":true,"href":"https:\/\/biotechlerncenter.interpharma.ch\/fr\/wp-json\/wp\/v2\/users\/1"}],"replies":[{"embeddable":true,"href":"https:\/\/biotechlerncenter.interpharma.ch\/fr\/wp-json\/wp\/v2\/comments?post=1038"}],"version-history":[{"count":3,"href":"https:\/\/biotechlerncenter.interpharma.ch\/fr\/wp-json\/wp\/v2\/pages\/1038\/revisions"}],"predecessor-version":[{"id":3277,"href":"https:\/\/biotechlerncenter.interpharma.ch\/fr\/wp-json\/wp\/v2\/pages\/1038\/revisions\/3277"}],"up":[{"embeddable":true,"href":"https:\/\/biotechlerncenter.interpharma.ch\/fr\/wp-json\/wp\/v2\/pages\/1062"}],"wp:attachment":[{"href":"https:\/\/biotechlerncenter.interpharma.ch\/fr\/wp-json\/wp\/v2\/media?parent=1038"}],"curies":[{"name":"wp","href":"https:\/\/api.w.org\/{rel}","templated":true}]}}