{"id":1034,"date":"2026-03-12T17:26:45","date_gmt":"2026-03-12T16:26:45","guid":{"rendered":"https:\/\/biotechlerncenter.iph-multisite.berta-bewegt.ch\/?page_id=1034"},"modified":"2026-03-13T18:50:04","modified_gmt":"2026-03-13T17:50:04","slug":"2-cellules-souches-embryonnaires-notre-origine-a-tous","status":"publish","type":"page","link":"https:\/\/biotechlerncenter.interpharma.ch\/fr\/sujets\/cellules-souches\/2-cellules-souches-embryonnaires-notre-origine-a-tous\/","title":{"rendered":"2. Cellules souches embryonnaires: notre origine \u00e0 tous"},"content":{"rendered":"\n<p>Les scientifiques diff\u00e9rencient deux sortes de cellules souches: embryonnaires et adultes. Les cellules souches embryonnaires proviennent d&#8217;embryons comme leur nom l&rsquo;indique. Nous sommes tous issus d&rsquo;une telle cellule souche, l&rsquo;ovule f\u00e9cond\u00e9. De la division de cette cellule r\u00e9sulte un individu adulte. A l&rsquo;issue du stade \u00abhuit cellules\u00bb, chacune de ces cellules a la capacit\u00e9 de devenir un individu complet. Les cellules provenant d&rsquo;une phase ult\u00e9rieure perdent cette capacit\u00e9. C&rsquo;est pourquoi, les cellules de la phase ant\u00e9rieure seront appel\u00e9es totipotentes, du latin \u00abaptes \u00e0 tout\u00bb.<\/p>\n\n\n\n<p>Cinq ou six jours apr\u00e8s la f\u00e9condation, l&#8217;embryon est au stade de blastocyte. Celui-ci va&nbsp; prendre la forme d&rsquo;une boule creuse et se composer de 200 cellules environ. A l&rsquo;int\u00e9rieur de cette boule se trouvent environ trente cellules \u00e0 partir desquelles plus de 200 cellules de l&rsquo;organisme humain peuvent se d\u00e9velopper sans pour autant former un organisme complet.<\/p>\n\n\n\n<p>Ce petit amas de cellules est la source des cellules souches. On qualifie ces cellules de pluripotentes, \u00abaptes \u00e0 beaucoup\u00bb.<\/p>\n\n\n\n<p>Pour r\u00e9colter ces cellules souches, il faut d\u00e9truire l&#8217;embryon pour ensuite en pr\u00e9lever les cellules. Les cellules seront ensuite cultiv\u00e9es en laboratoire, t\u00e2che fort compliqu\u00e9e. Pendant plus de 20 ans, les chercheurs tent\u00e8rent de trouver le moyen de cultiver les cellules souches humaines dans un milieu ad\u00e9quat et avec des substances nutritives correctes. Si les plaques de culture ne sont pas parfaites, les cellules souches commencent \u00e0 se diff\u00e9rencier de fa\u00e7on incontr\u00f4l\u00e9e, ce qui signifie qu&rsquo;elles vont perdre leur pluri-potentialit\u00e9 et vont se transformer en cellules sp\u00e9cialis\u00e9es, en cellules h\u00e9patiques par exemple. James Thompson de l&rsquo;Universit\u00e9 de Wisconsin fut le premier \u00e0 isoler et \u00e0 cultiver les cellules souches humaines.<\/p>\n\n\n\n<p>Les chercheurs connaissent aujourd&rsquo;hui le choix des substances n\u00e9cessaires \u00e0 la survie des cellules souches humaines. Ils peuvent les cultiver au stade indiff\u00e9renci\u00e9 mais \u00e9galement les stimuler \u00e0 se diff\u00e9rencier en tissus fondamentaux embryonnaires, l&rsquo;endoderme, le m\u00e9soderme et l&rsquo;ectoderme.<\/p>\n\n\n\n<p>Le but des chercheurs est de faire en sorte que le proc\u00e9d\u00e9 de la diff\u00e9renciation ne se fasse plus de fa\u00e7on incontr\u00f4l\u00e9e mais sous contr\u00f4le. Ils aimeraient trouver le moyen permettant la formation d&rsquo;un nouvel organe, un nouveau coeur par exemple \u00e0 partir des cellules souches en culture. Lorsque les cellules souches sont stimul\u00e9es par des facteurs de croissance d\u00e9termin\u00e9s, celles-ci peuvent se diff\u00e9rencier en divers types cellulaires: cellules cutan\u00e9es, cellules c\u00e9r\u00e9brales (neurones et cellules glia), cellule cartilagineuse (chondrocytes), ost\u00e9oblastes (cellules formant l&rsquo;os), h\u00e9patocytes (cellules h\u00e9patiques), cellules musculaires, cellules de la musculature du squelette et cellules musculaires cardiaques (myocytes).<\/p>\n\n\n\n<figure class=\"wp-block-image size-large\"><img decoding=\"async\" src=\"http:\/\/biotechlerncenter.interpharma.ch\/wp-content\/uploads\/sites\/4\/2020\/01\/istock_stammzelle-in-flasche_900.jpg\" alt=\"\" class=\"wp-image-3302\"\/><figcaption>Stammzellen in der Kulturschale.<br>\u00a9 istockphoto<\/figcaption><\/figure>\n\n\n\n<div class=\"wp-block-group has-my-grey-background-color has-background\"><div class=\"wp-block-group__inner-container is-layout-flow wp-block-group-is-layout-flow\">\n<h2 class=\"wp-block-heading\"><strong>Premiers essais th\u00e9rapeutiques avec des cellules souches embryonnaires<\/strong><\/h2>\n\n\n\n<p>Des cellules souches embryonnaires humaines seront test\u00e9es sur l&rsquo;\u00eatre humain en 2007 d\u00e9j\u00e0. Aux Etats-Unis, l&rsquo;entreprise biotechnologique Geron a annonc\u00e9 que l&rsquo;an prochain, auront lieu les premi\u00e8res exp\u00e9riences&nbsp; sur des patients atteints de traumatisme au niveau de la moelle \u00e9pini\u00e8re. Les chercheurs travaillant pour Geron vont diff\u00e9rencier les cellules souches embryonnaires en cellules nerveuses pour ensuite les implanter sur des patients parapl\u00e9giques. Les cellules souches vont permettre aux cellules nerveuses de&nbsp; retrouver leur enveloppe protectrice, la my\u00e9line sans laquelle la transmission de stimuli ne peut avoir lieu. Cette technique a d\u00e9j\u00e0 fait ses preuves sur les animaux. Toutefois, plusieurs questions restent encore ouvertes car \u00e0 partir des cellules souches embryonnaires peuvent \u00e9galement se former des tumeurs. De telles exp\u00e9riences n&rsquo;auront pas lieu en Suisse dans les ann\u00e9es \u00e0 venir.<\/p>\n<\/div><\/div>\n\n\n\n<div class=\"wp-block-group has-my-grey-background-color has-background\"><div class=\"wp-block-group__inner-container is-layout-flow wp-block-group-is-layout-flow\">\n<h2 class=\"wp-block-heading\"><strong>Recherche controvers\u00e9e<\/strong><\/h2>\n\n\n\n<p>La recherche sur les cellules souches embryonnaires est fortement contest\u00e9e au niveau \u00e9thique puisqu&rsquo;il faut d\u00e9truire des embryons pour obtenir des cellules souches. D&rsquo;o\u00f9 viennent ces embryons? En Suisse, les chercheurs travaillent sur des embryons dits surnum\u00e9raires: lors de fertilisation m\u00e9dicalement assist\u00e9e (fertilisation in vitro), un embryon devient surnum\u00e9raire s&rsquo;il n&rsquo;est pas implant\u00e9 dans le corps de la femme. A ce moment-l\u00e0, l&#8217;embryon n&rsquo;est form\u00e9 que de quelques cellules et est presque aussi petit que le point sur le i. Depuis l&rsquo;acceptation de la loi f\u00e9d\u00e9rale relative \u00e0 la recherche sur les cellules souches embryonnaires en 2004, ces embryons peuvent \u00eatre utilis\u00e9s dans la recherche si le couple le souhaite. Les chercheurs n&rsquo;ont malgr\u00e9 tout pas carte blanche dans la manipulation des embryons, ils doivent respecter des r\u00e8gles pr\u00e9cises. Un projet de recherche conforme doit \u00eatre accord\u00e9 par l&rsquo;Office f\u00e9d\u00e9ral de la sant\u00e9 et la commission d&rsquo;\u00e9thique comp\u00e9tente doit \u00e9galement donner son accord. L&#8217;embryon ne doit pas \u00eatre mis en vente: la loi interdit tout commerce avec le patrimoine g\u00e9n\u00e9tique humain ainsi qu&rsquo;avec tout produit issu d&#8217;embryons.<\/p>\n\n\n\n<ul class=\"wp-block-list\"><li>A-t-on le droit de d\u00e9truire des embryons pour la recherche si le couple donne son accord?<\/li><li>Quels droits a l&#8217;embryon surnum\u00e9raire? A-t-il les m\u00eames droits qu&rsquo;un enfant mis au monde?<\/li><li>Quand d\u00e9bute la vie? Lors de la f\u00e9condation? Lors de la nidation dans l&rsquo;ut\u00e9rus? D\u00e8s l&rsquo;apparition du sens de la douleur? Au d\u00e9but du d\u00e9veloppement du cerveau? A la naissance?<\/li><\/ul>\n\n\n\n<p>Une votation eut lieu en 2004 \u00e0 ce sujet dans le cadre de la loi f\u00e9d\u00e9rale relative \u00e0 la recherche sur les cellules souches embryonnaires. 66% de la population suisse ont vot\u00e9 pour une stricte r\u00e9gulation de la recherche sur les cellules souches.<\/p>\n<\/div><\/div>\n\n\n\n<p><\/p>\n","protected":false},"excerpt":{"rendered":"<p>Les scientifiques diff\u00e9rencient deux sortes de cellules souches: embryonnaires et adultes. Les cellules souches embryonnaires proviennent d&#8217;embryons comme leur nom l&rsquo;indique. Nous sommes tous issus d&rsquo;une telle cellule souche, l&rsquo;ovule f\u00e9cond\u00e9. De la division de cette cellule r\u00e9sulte un individu adulte. A l&rsquo;issue du stade \u00abhuit cellules\u00bb, chacune de ces cellules a la capacit\u00e9 de [&hellip;]<\/p>\n","protected":false},"author":1,"featured_media":0,"parent":1062,"menu_order":1,"comment_status":"closed","ping_status":"closed","template":"page-templates\/unterthema.php","meta":{"_acf_changed":false,"inline_featured_image":false,"footnotes":""},"class_list":["post-1034","page","type-page","status-publish","hentry"],"acf":[],"yoast_head":"<!-- This site is optimized with the Yoast SEO Premium plugin v27.2 (Yoast SEO v27.2) - https:\/\/yoast.com\/product\/yoast-seo-premium-wordpress\/ -->\n<title>2. Cellules souches embryonnaires: notre origine \u00e0 tous - biotechlerncenter<\/title>\n<meta name=\"robots\" content=\"index, follow, max-snippet:-1, max-image-preview:large, max-video-preview:-1\" \/>\n<link rel=\"canonical\" href=\"https:\/\/biotechlerncenter.interpharma.ch\/themen\/das-grosse-potenzial-der-stammzellen\/2-embryonale-stammzellen-unser-aller-ursprung\/\" \/>\n<meta property=\"og:locale\" content=\"fr_FR\" \/>\n<meta property=\"og:type\" content=\"article\" \/>\n<meta property=\"og:title\" content=\"2. Cellules souches embryonnaires: notre origine \u00e0 tous\" \/>\n<meta property=\"og:description\" content=\"Les scientifiques diff\u00e9rencient deux sortes de cellules souches: embryonnaires et adultes. Les cellules souches embryonnaires proviennent d&#8217;embryons comme leur nom l&rsquo;indique. Nous sommes tous issus d&rsquo;une telle cellule souche, l&rsquo;ovule f\u00e9cond\u00e9. De la division de cette cellule r\u00e9sulte un individu adulte. A l&rsquo;issue du stade \u00abhuit cellules\u00bb, chacune de ces cellules a la capacit\u00e9 de [&hellip;]\" \/>\n<meta property=\"og:url\" content=\"https:\/\/biotechlerncenter.interpharma.ch\/themen\/das-grosse-potenzial-der-stammzellen\/2-embryonale-stammzellen-unser-aller-ursprung\/\" \/>\n<meta property=\"og:site_name\" content=\"biotechlerncenter\" \/>\n<meta property=\"article:modified_time\" content=\"2026-03-13T17:50:04+00:00\" \/>\n<meta property=\"og:image\" content=\"http:\/\/biotechlerncenter.interpharma.ch\/wp-content\/uploads\/sites\/4\/2020\/01\/istock_stammzelle-in-flasche_900.jpg\" \/>\n<meta name=\"twitter:card\" content=\"summary_large_image\" \/>\n<meta name=\"twitter:label1\" content=\"Dur\u00e9e de lecture estim\u00e9e\" \/>\n\t<meta name=\"twitter:data1\" content=\"5 minutes\" \/>\n<script type=\"application\/ld+json\" class=\"yoast-schema-graph\">{\"@context\":\"https:\/\/schema.org\",\"@graph\":[{\"@type\":\"WebPage\",\"@id\":\"https:\/\/biotechlerncenter.interpharma.ch\/themen\/das-grosse-potenzial-der-stammzellen\/2-embryonale-stammzellen-unser-aller-ursprung\/\",\"url\":\"https:\/\/biotechlerncenter.interpharma.ch\/themen\/das-grosse-potenzial-der-stammzellen\/2-embryonale-stammzellen-unser-aller-ursprung\/\",\"name\":\"2. Cellules souches embryonnaires: notre origine \u00e0 tous - biotechlerncenter\",\"isPartOf\":{\"@id\":\"https:\/\/biotechlerncenter.interpharma.ch\/#website\"},\"primaryImageOfPage\":{\"@id\":\"https:\/\/biotechlerncenter.interpharma.ch\/themen\/das-grosse-potenzial-der-stammzellen\/2-embryonale-stammzellen-unser-aller-ursprung\/#primaryimage\"},\"image\":{\"@id\":\"https:\/\/biotechlerncenter.interpharma.ch\/themen\/das-grosse-potenzial-der-stammzellen\/2-embryonale-stammzellen-unser-aller-ursprung\/#primaryimage\"},\"thumbnailUrl\":\"http:\/\/biotechlerncenter.interpharma.ch\/wp-content\/uploads\/sites\/4\/2020\/01\/istock_stammzelle-in-flasche_900.jpg\",\"datePublished\":\"2026-03-12T16:26:45+00:00\",\"dateModified\":\"2026-03-13T17:50:04+00:00\",\"breadcrumb\":{\"@id\":\"https:\/\/biotechlerncenter.interpharma.ch\/themen\/das-grosse-potenzial-der-stammzellen\/2-embryonale-stammzellen-unser-aller-ursprung\/#breadcrumb\"},\"inLanguage\":\"fr-FR\",\"potentialAction\":[{\"@type\":\"ReadAction\",\"target\":[\"https:\/\/biotechlerncenter.interpharma.ch\/themen\/das-grosse-potenzial-der-stammzellen\/2-embryonale-stammzellen-unser-aller-ursprung\/\"]}]},{\"@type\":\"ImageObject\",\"inLanguage\":\"fr-FR\",\"@id\":\"https:\/\/biotechlerncenter.interpharma.ch\/themen\/das-grosse-potenzial-der-stammzellen\/2-embryonale-stammzellen-unser-aller-ursprung\/#primaryimage\",\"url\":\"http:\/\/biotechlerncenter.interpharma.ch\/wp-content\/uploads\/sites\/4\/2020\/01\/istock_stammzelle-in-flasche_900.jpg\",\"contentUrl\":\"http:\/\/biotechlerncenter.interpharma.ch\/wp-content\/uploads\/sites\/4\/2020\/01\/istock_stammzelle-in-flasche_900.jpg\"},{\"@type\":\"BreadcrumbList\",\"@id\":\"https:\/\/biotechlerncenter.interpharma.ch\/themen\/das-grosse-potenzial-der-stammzellen\/2-embryonale-stammzellen-unser-aller-ursprung\/#breadcrumb\",\"itemListElement\":[{\"@type\":\"ListItem\",\"position\":1,\"name\":\"Start\",\"item\":\"https:\/\/biotechlerncenter.interpharma.ch\/fr\/\"},{\"@type\":\"ListItem\",\"position\":2,\"name\":\"Sujets\",\"item\":\"https:\/\/biotechlerncenter.interpharma.ch\/fr\/sujets\/\"},{\"@type\":\"ListItem\",\"position\":3,\"name\":\"Cellules souches\",\"item\":\"https:\/\/biotechlerncenter.interpharma.ch\/fr\/sujets\/cellules-souches\/\"},{\"@type\":\"ListItem\",\"position\":4,\"name\":\"2. Cellules souches embryonnaires: notre origine \u00e0 tous\"}]},{\"@type\":\"WebSite\",\"@id\":\"https:\/\/biotechlerncenter.interpharma.ch\/#website\",\"url\":\"https:\/\/biotechlerncenter.interpharma.ch\/\",\"name\":\"biotechlerncenter\",\"description\":\"\",\"potentialAction\":[{\"@type\":\"SearchAction\",\"target\":{\"@type\":\"EntryPoint\",\"urlTemplate\":\"https:\/\/biotechlerncenter.interpharma.ch\/?s={search_term_string}\"},\"query-input\":{\"@type\":\"PropertyValueSpecification\",\"valueRequired\":true,\"valueName\":\"search_term_string\"}}],\"inLanguage\":\"fr-FR\"}]}<\/script>\n<!-- \/ Yoast SEO Premium plugin. -->","yoast_head_json":{"title":"2. Cellules souches embryonnaires: notre origine \u00e0 tous - biotechlerncenter","robots":{"index":"index","follow":"follow","max-snippet":"max-snippet:-1","max-image-preview":"max-image-preview:large","max-video-preview":"max-video-preview:-1"},"canonical":"https:\/\/biotechlerncenter.interpharma.ch\/themen\/das-grosse-potenzial-der-stammzellen\/2-embryonale-stammzellen-unser-aller-ursprung\/","og_locale":"fr_FR","og_type":"article","og_title":"2. Cellules souches embryonnaires: notre origine \u00e0 tous","og_description":"Les scientifiques diff\u00e9rencient deux sortes de cellules souches: embryonnaires et adultes. Les cellules souches embryonnaires proviennent d&#8217;embryons comme leur nom l&rsquo;indique. Nous sommes tous issus d&rsquo;une telle cellule souche, l&rsquo;ovule f\u00e9cond\u00e9. De la division de cette cellule r\u00e9sulte un individu adulte. A l&rsquo;issue du stade \u00abhuit cellules\u00bb, chacune de ces cellules a la capacit\u00e9 de [&hellip;]","og_url":"https:\/\/biotechlerncenter.interpharma.ch\/themen\/das-grosse-potenzial-der-stammzellen\/2-embryonale-stammzellen-unser-aller-ursprung\/","og_site_name":"biotechlerncenter","article_modified_time":"2026-03-13T17:50:04+00:00","og_image":[{"url":"http:\/\/biotechlerncenter.interpharma.ch\/wp-content\/uploads\/sites\/4\/2020\/01\/istock_stammzelle-in-flasche_900.jpg","type":"","width":"","height":""}],"twitter_card":"summary_large_image","twitter_misc":{"Dur\u00e9e de lecture estim\u00e9e":"5 minutes"},"schema":{"@context":"https:\/\/schema.org","@graph":[{"@type":"WebPage","@id":"https:\/\/biotechlerncenter.interpharma.ch\/themen\/das-grosse-potenzial-der-stammzellen\/2-embryonale-stammzellen-unser-aller-ursprung\/","url":"https:\/\/biotechlerncenter.interpharma.ch\/themen\/das-grosse-potenzial-der-stammzellen\/2-embryonale-stammzellen-unser-aller-ursprung\/","name":"2. Cellules souches embryonnaires: notre origine \u00e0 tous - biotechlerncenter","isPartOf":{"@id":"https:\/\/biotechlerncenter.interpharma.ch\/#website"},"primaryImageOfPage":{"@id":"https:\/\/biotechlerncenter.interpharma.ch\/themen\/das-grosse-potenzial-der-stammzellen\/2-embryonale-stammzellen-unser-aller-ursprung\/#primaryimage"},"image":{"@id":"https:\/\/biotechlerncenter.interpharma.ch\/themen\/das-grosse-potenzial-der-stammzellen\/2-embryonale-stammzellen-unser-aller-ursprung\/#primaryimage"},"thumbnailUrl":"http:\/\/biotechlerncenter.interpharma.ch\/wp-content\/uploads\/sites\/4\/2020\/01\/istock_stammzelle-in-flasche_900.jpg","datePublished":"2026-03-12T16:26:45+00:00","dateModified":"2026-03-13T17:50:04+00:00","breadcrumb":{"@id":"https:\/\/biotechlerncenter.interpharma.ch\/themen\/das-grosse-potenzial-der-stammzellen\/2-embryonale-stammzellen-unser-aller-ursprung\/#breadcrumb"},"inLanguage":"fr-FR","potentialAction":[{"@type":"ReadAction","target":["https:\/\/biotechlerncenter.interpharma.ch\/themen\/das-grosse-potenzial-der-stammzellen\/2-embryonale-stammzellen-unser-aller-ursprung\/"]}]},{"@type":"ImageObject","inLanguage":"fr-FR","@id":"https:\/\/biotechlerncenter.interpharma.ch\/themen\/das-grosse-potenzial-der-stammzellen\/2-embryonale-stammzellen-unser-aller-ursprung\/#primaryimage","url":"http:\/\/biotechlerncenter.interpharma.ch\/wp-content\/uploads\/sites\/4\/2020\/01\/istock_stammzelle-in-flasche_900.jpg","contentUrl":"http:\/\/biotechlerncenter.interpharma.ch\/wp-content\/uploads\/sites\/4\/2020\/01\/istock_stammzelle-in-flasche_900.jpg"},{"@type":"BreadcrumbList","@id":"https:\/\/biotechlerncenter.interpharma.ch\/themen\/das-grosse-potenzial-der-stammzellen\/2-embryonale-stammzellen-unser-aller-ursprung\/#breadcrumb","itemListElement":[{"@type":"ListItem","position":1,"name":"Start","item":"https:\/\/biotechlerncenter.interpharma.ch\/fr\/"},{"@type":"ListItem","position":2,"name":"Sujets","item":"https:\/\/biotechlerncenter.interpharma.ch\/fr\/sujets\/"},{"@type":"ListItem","position":3,"name":"Cellules souches","item":"https:\/\/biotechlerncenter.interpharma.ch\/fr\/sujets\/cellules-souches\/"},{"@type":"ListItem","position":4,"name":"2. Cellules souches embryonnaires: notre origine \u00e0 tous"}]},{"@type":"WebSite","@id":"https:\/\/biotechlerncenter.interpharma.ch\/#website","url":"https:\/\/biotechlerncenter.interpharma.ch\/","name":"biotechlerncenter","description":"","potentialAction":[{"@type":"SearchAction","target":{"@type":"EntryPoint","urlTemplate":"https:\/\/biotechlerncenter.interpharma.ch\/?s={search_term_string}"},"query-input":{"@type":"PropertyValueSpecification","valueRequired":true,"valueName":"search_term_string"}}],"inLanguage":"fr-FR"}]}},"_links":{"self":[{"href":"https:\/\/biotechlerncenter.interpharma.ch\/fr\/wp-json\/wp\/v2\/pages\/1034","targetHints":{"allow":["GET"]}}],"collection":[{"href":"https:\/\/biotechlerncenter.interpharma.ch\/fr\/wp-json\/wp\/v2\/pages"}],"about":[{"href":"https:\/\/biotechlerncenter.interpharma.ch\/fr\/wp-json\/wp\/v2\/types\/page"}],"author":[{"embeddable":true,"href":"https:\/\/biotechlerncenter.interpharma.ch\/fr\/wp-json\/wp\/v2\/users\/1"}],"replies":[{"embeddable":true,"href":"https:\/\/biotechlerncenter.interpharma.ch\/fr\/wp-json\/wp\/v2\/comments?post=1034"}],"version-history":[{"count":3,"href":"https:\/\/biotechlerncenter.interpharma.ch\/fr\/wp-json\/wp\/v2\/pages\/1034\/revisions"}],"predecessor-version":[{"id":3274,"href":"https:\/\/biotechlerncenter.interpharma.ch\/fr\/wp-json\/wp\/v2\/pages\/1034\/revisions\/3274"}],"up":[{"embeddable":true,"href":"https:\/\/biotechlerncenter.interpharma.ch\/fr\/wp-json\/wp\/v2\/pages\/1062"}],"wp:attachment":[{"href":"https:\/\/biotechlerncenter.interpharma.ch\/fr\/wp-json\/wp\/v2\/media?parent=1034"}],"curies":[{"name":"wp","href":"https:\/\/api.w.org\/{rel}","templated":true}]}}