{"id":1010,"date":"2026-03-12T17:26:44","date_gmt":"2026-03-12T16:26:44","guid":{"rendered":"https:\/\/biotechlerncenter.iph-multisite.berta-bewegt.ch\/?page_id=1010"},"modified":"2026-03-12T17:26:44","modified_gmt":"2026-03-12T16:26:44","slug":"7-aspects-ethiques-peut-on-breveter-les-genes","status":"publish","type":"page","link":"https:\/\/biotechlerncenter.interpharma.ch\/fr\/sujets\/brevets\/7-aspects-ethiques-peut-on-breveter-les-genes\/","title":{"rendered":"7. Aspects \u00e9thiques: peut-on breveter les g\u00e8nes?"},"content":{"rendered":"\n<p>S&rsquo;agit-il d&rsquo;une invention lorsqu&rsquo;un segment du mat\u00e9riel g\u00e9n\u00e9tique est d\u00e9crypt\u00e9 et que la s\u00e9quence g\u00e9nique fait ensuite l&rsquo;objet d&rsquo;un d\u00e9p\u00f4t de brevet? Que peut-on faire pour que les r\u00e9sultats de la recherche g\u00e9nique puissent \u00eatre utilis\u00e9s au b\u00e9n\u00e9fice de la communaut\u00e9? Une plante g\u00e9n\u00e9tiquement modifi\u00e9e doit-elle pouvoir \u00eatre brevet\u00e9e? Le Tiers Monde subit-il un dommage du fait qu&rsquo;il ne peut se permettre d&rsquo;acqu\u00e9rir les produits prot\u00e9g\u00e9s par un brevet?<\/p>\n\n\n\n<p>Les g\u00e8nes sont quelque chose de particulier: ils sont plus qu&rsquo;une substance chimique. La question se pose donc de savoir si des g\u00e8nes entiers peuvent \u00eatre brevet\u00e9s. La l\u00e9gislation part du principe que les possibilit\u00e9s de la recherche et du d\u00e9veloppement ne peuvent \u00eatre \u00e9puis\u00e9es que si les inventions b\u00e9n\u00e9ficient d&rsquo;une protection appropri\u00e9e. Personne n&rsquo;est pr\u00eat \u00e0 investir dans la recherche et le d\u00e9veloppement d\u00e8s lors que des resquilleurs peuvent venir ensuite s&rsquo;enrichir. Cette remarque vaut aussi pour la biotechnologie et le g\u00e9nie g\u00e9n\u00e9tique. Pour les petites et moyennes entreprises de biotechnologie, en particulier, la protection de l&rsquo;inventeur rev\u00eat une importance centrale. Au d\u00e9but de leur activit\u00e9, elles ne disposent pratiquement que d&rsquo;un capital: la propri\u00e9t\u00e9 intellectuelle &#8211; autrement dit des brevets sur des inventions.<\/p>\n\n\n\n<p>D&rsquo;un autre c\u00f4t\u00e9, on avance aussi l&rsquo;argument selon lequel les g\u00e8nes appartiennent \u00e0 la communaut\u00e9 et ne doivent pas \u00eatre brevet\u00e9s. Seuls les pays riches &#8211; tel est le reproche exprim\u00e9 &#8211; profitent du brevetage.<\/p>\n","protected":false},"excerpt":{"rendered":"<p>S&rsquo;agit-il d&rsquo;une invention lorsqu&rsquo;un segment du mat\u00e9riel g\u00e9n\u00e9tique est d\u00e9crypt\u00e9 et que la s\u00e9quence g\u00e9nique fait ensuite l&rsquo;objet d&rsquo;un d\u00e9p\u00f4t de brevet? Que peut-on faire pour que les r\u00e9sultats de la recherche g\u00e9nique puissent \u00eatre utilis\u00e9s au b\u00e9n\u00e9fice de la communaut\u00e9? Une plante g\u00e9n\u00e9tiquement modifi\u00e9e doit-elle pouvoir \u00eatre brevet\u00e9e? Le Tiers Monde subit-il un dommage [&hellip;]<\/p>\n","protected":false},"author":1,"featured_media":0,"parent":1026,"menu_order":6,"comment_status":"closed","ping_status":"closed","template":"page-templates\/unterthema.php","meta":{"_acf_changed":false,"inline_featured_image":false,"footnotes":""},"class_list":["post-1010","page","type-page","status-publish","hentry"],"acf":[],"yoast_head":"<!-- This site is optimized with the Yoast SEO Premium plugin v27.2 (Yoast SEO v27.2) - https:\/\/yoast.com\/product\/yoast-seo-premium-wordpress\/ -->\n<title>7. Aspects \u00e9thiques: peut-on breveter les g\u00e8nes? - biotechlerncenter<\/title>\n<meta name=\"robots\" content=\"index, follow, max-snippet:-1, max-image-preview:large, max-video-preview:-1\" \/>\n<link rel=\"canonical\" href=\"https:\/\/biotechlerncenter.interpharma.ch\/fr\/sujets\/brevets\/7-aspects-ethiques-peut-on-breveter-les-genes\/\" \/>\n<meta property=\"og:locale\" content=\"fr_FR\" \/>\n<meta property=\"og:type\" content=\"article\" \/>\n<meta property=\"og:title\" content=\"7. Aspects \u00e9thiques: peut-on breveter les g\u00e8nes?\" \/>\n<meta property=\"og:description\" content=\"S&rsquo;agit-il d&rsquo;une invention lorsqu&rsquo;un segment du mat\u00e9riel g\u00e9n\u00e9tique est d\u00e9crypt\u00e9 et que la s\u00e9quence g\u00e9nique fait ensuite l&rsquo;objet d&rsquo;un d\u00e9p\u00f4t de brevet? Que peut-on faire pour que les r\u00e9sultats de la recherche g\u00e9nique puissent \u00eatre utilis\u00e9s au b\u00e9n\u00e9fice de la communaut\u00e9? Une plante g\u00e9n\u00e9tiquement modifi\u00e9e doit-elle pouvoir \u00eatre brevet\u00e9e? Le Tiers Monde subit-il un dommage [&hellip;]\" \/>\n<meta property=\"og:url\" content=\"https:\/\/biotechlerncenter.interpharma.ch\/fr\/sujets\/brevets\/7-aspects-ethiques-peut-on-breveter-les-genes\/\" \/>\n<meta property=\"og:site_name\" content=\"biotechlerncenter\" \/>\n<meta name=\"twitter:card\" content=\"summary_large_image\" \/>\n<meta name=\"twitter:label1\" content=\"Dur\u00e9e de lecture estim\u00e9e\" \/>\n\t<meta name=\"twitter:data1\" content=\"1 minute\" \/>\n<script type=\"application\/ld+json\" class=\"yoast-schema-graph\">{\"@context\":\"https:\/\/schema.org\",\"@graph\":[{\"@type\":\"WebPage\",\"@id\":\"https:\/\/biotechlerncenter.interpharma.ch\/fr\/sujets\/brevets\/7-aspects-ethiques-peut-on-breveter-les-genes\/\",\"url\":\"https:\/\/biotechlerncenter.interpharma.ch\/fr\/sujets\/brevets\/7-aspects-ethiques-peut-on-breveter-les-genes\/\",\"name\":\"7. Aspects \u00e9thiques: peut-on breveter les g\u00e8nes? - biotechlerncenter\",\"isPartOf\":{\"@id\":\"https:\/\/biotechlerncenter.interpharma.ch\/#website\"},\"datePublished\":\"2026-03-12T16:26:44+00:00\",\"breadcrumb\":{\"@id\":\"https:\/\/biotechlerncenter.interpharma.ch\/fr\/sujets\/brevets\/7-aspects-ethiques-peut-on-breveter-les-genes\/#breadcrumb\"},\"inLanguage\":\"fr-FR\",\"potentialAction\":[{\"@type\":\"ReadAction\",\"target\":[\"https:\/\/biotechlerncenter.interpharma.ch\/fr\/sujets\/brevets\/7-aspects-ethiques-peut-on-breveter-les-genes\/\"]}]},{\"@type\":\"BreadcrumbList\",\"@id\":\"https:\/\/biotechlerncenter.interpharma.ch\/fr\/sujets\/brevets\/7-aspects-ethiques-peut-on-breveter-les-genes\/#breadcrumb\",\"itemListElement\":[{\"@type\":\"ListItem\",\"position\":1,\"name\":\"Start\",\"item\":\"https:\/\/biotechlerncenter.interpharma.ch\/fr\/\"},{\"@type\":\"ListItem\",\"position\":2,\"name\":\"Sujets\",\"item\":\"https:\/\/biotechlerncenter.interpharma.ch\/fr\/sujets\/\"},{\"@type\":\"ListItem\",\"position\":3,\"name\":\"Brevets\",\"item\":\"https:\/\/biotechlerncenter.interpharma.ch\/fr\/sujets\/brevets\/\"},{\"@type\":\"ListItem\",\"position\":4,\"name\":\"7. Aspects \u00e9thiques: peut-on breveter les g\u00e8nes?\"}]},{\"@type\":\"WebSite\",\"@id\":\"https:\/\/biotechlerncenter.interpharma.ch\/#website\",\"url\":\"https:\/\/biotechlerncenter.interpharma.ch\/\",\"name\":\"biotechlerncenter\",\"description\":\"\",\"potentialAction\":[{\"@type\":\"SearchAction\",\"target\":{\"@type\":\"EntryPoint\",\"urlTemplate\":\"https:\/\/biotechlerncenter.interpharma.ch\/?s={search_term_string}\"},\"query-input\":{\"@type\":\"PropertyValueSpecification\",\"valueRequired\":true,\"valueName\":\"search_term_string\"}}],\"inLanguage\":\"fr-FR\"}]}<\/script>\n<!-- \/ Yoast SEO Premium plugin. -->","yoast_head_json":{"title":"7. Aspects \u00e9thiques: peut-on breveter les g\u00e8nes? - biotechlerncenter","robots":{"index":"index","follow":"follow","max-snippet":"max-snippet:-1","max-image-preview":"max-image-preview:large","max-video-preview":"max-video-preview:-1"},"canonical":"https:\/\/biotechlerncenter.interpharma.ch\/fr\/sujets\/brevets\/7-aspects-ethiques-peut-on-breveter-les-genes\/","og_locale":"fr_FR","og_type":"article","og_title":"7. Aspects \u00e9thiques: peut-on breveter les g\u00e8nes?","og_description":"S&rsquo;agit-il d&rsquo;une invention lorsqu&rsquo;un segment du mat\u00e9riel g\u00e9n\u00e9tique est d\u00e9crypt\u00e9 et que la s\u00e9quence g\u00e9nique fait ensuite l&rsquo;objet d&rsquo;un d\u00e9p\u00f4t de brevet? Que peut-on faire pour que les r\u00e9sultats de la recherche g\u00e9nique puissent \u00eatre utilis\u00e9s au b\u00e9n\u00e9fice de la communaut\u00e9? Une plante g\u00e9n\u00e9tiquement modifi\u00e9e doit-elle pouvoir \u00eatre brevet\u00e9e? Le Tiers Monde subit-il un dommage [&hellip;]","og_url":"https:\/\/biotechlerncenter.interpharma.ch\/fr\/sujets\/brevets\/7-aspects-ethiques-peut-on-breveter-les-genes\/","og_site_name":"biotechlerncenter","twitter_card":"summary_large_image","twitter_misc":{"Dur\u00e9e de lecture estim\u00e9e":"1 minute"},"schema":{"@context":"https:\/\/schema.org","@graph":[{"@type":"WebPage","@id":"https:\/\/biotechlerncenter.interpharma.ch\/fr\/sujets\/brevets\/7-aspects-ethiques-peut-on-breveter-les-genes\/","url":"https:\/\/biotechlerncenter.interpharma.ch\/fr\/sujets\/brevets\/7-aspects-ethiques-peut-on-breveter-les-genes\/","name":"7. Aspects \u00e9thiques: peut-on breveter les g\u00e8nes? - biotechlerncenter","isPartOf":{"@id":"https:\/\/biotechlerncenter.interpharma.ch\/#website"},"datePublished":"2026-03-12T16:26:44+00:00","breadcrumb":{"@id":"https:\/\/biotechlerncenter.interpharma.ch\/fr\/sujets\/brevets\/7-aspects-ethiques-peut-on-breveter-les-genes\/#breadcrumb"},"inLanguage":"fr-FR","potentialAction":[{"@type":"ReadAction","target":["https:\/\/biotechlerncenter.interpharma.ch\/fr\/sujets\/brevets\/7-aspects-ethiques-peut-on-breveter-les-genes\/"]}]},{"@type":"BreadcrumbList","@id":"https:\/\/biotechlerncenter.interpharma.ch\/fr\/sujets\/brevets\/7-aspects-ethiques-peut-on-breveter-les-genes\/#breadcrumb","itemListElement":[{"@type":"ListItem","position":1,"name":"Start","item":"https:\/\/biotechlerncenter.interpharma.ch\/fr\/"},{"@type":"ListItem","position":2,"name":"Sujets","item":"https:\/\/biotechlerncenter.interpharma.ch\/fr\/sujets\/"},{"@type":"ListItem","position":3,"name":"Brevets","item":"https:\/\/biotechlerncenter.interpharma.ch\/fr\/sujets\/brevets\/"},{"@type":"ListItem","position":4,"name":"7. Aspects \u00e9thiques: peut-on breveter les g\u00e8nes?"}]},{"@type":"WebSite","@id":"https:\/\/biotechlerncenter.interpharma.ch\/#website","url":"https:\/\/biotechlerncenter.interpharma.ch\/","name":"biotechlerncenter","description":"","potentialAction":[{"@type":"SearchAction","target":{"@type":"EntryPoint","urlTemplate":"https:\/\/biotechlerncenter.interpharma.ch\/?s={search_term_string}"},"query-input":{"@type":"PropertyValueSpecification","valueRequired":true,"valueName":"search_term_string"}}],"inLanguage":"fr-FR"}]}},"_links":{"self":[{"href":"https:\/\/biotechlerncenter.interpharma.ch\/fr\/wp-json\/wp\/v2\/pages\/1010","targetHints":{"allow":["GET"]}}],"collection":[{"href":"https:\/\/biotechlerncenter.interpharma.ch\/fr\/wp-json\/wp\/v2\/pages"}],"about":[{"href":"https:\/\/biotechlerncenter.interpharma.ch\/fr\/wp-json\/wp\/v2\/types\/page"}],"author":[{"embeddable":true,"href":"https:\/\/biotechlerncenter.interpharma.ch\/fr\/wp-json\/wp\/v2\/users\/1"}],"replies":[{"embeddable":true,"href":"https:\/\/biotechlerncenter.interpharma.ch\/fr\/wp-json\/wp\/v2\/comments?post=1010"}],"version-history":[{"count":1,"href":"https:\/\/biotechlerncenter.interpharma.ch\/fr\/wp-json\/wp\/v2\/pages\/1010\/revisions"}],"predecessor-version":[{"id":1011,"href":"https:\/\/biotechlerncenter.interpharma.ch\/fr\/wp-json\/wp\/v2\/pages\/1010\/revisions\/1011"}],"up":[{"embeddable":true,"href":"https:\/\/biotechlerncenter.interpharma.ch\/fr\/wp-json\/wp\/v2\/pages\/1026"}],"wp:attachment":[{"href":"https:\/\/biotechlerncenter.interpharma.ch\/fr\/wp-json\/wp\/v2\/media?parent=1010"}],"curies":[{"name":"wp","href":"https:\/\/api.w.org\/{rel}","templated":true}]}}