{"id":1006,"date":"2026-03-12T17:26:43","date_gmt":"2026-03-12T16:26:43","guid":{"rendered":"https:\/\/biotechlerncenter.iph-multisite.berta-bewegt.ch\/?page_id=1006"},"modified":"2026-03-12T17:26:43","modified_gmt":"2026-03-12T16:26:43","slug":"6-le-probleme-des-brevets-biotechnologiques","status":"publish","type":"page","link":"https:\/\/biotechlerncenter.interpharma.ch\/fr\/sujets\/brevets\/6-le-probleme-des-brevets-biotechnologiques\/","title":{"rendered":"6. Le probl\u00e8me des brevets biotechnologiques"},"content":{"rendered":"\n<p>A l&rsquo;origine, le droit des brevets avait \u00e9t\u00e9 con\u00e7u pour des inventions concernant la mati\u00e8re non vivante. Dans la Venise du XV<sup>e<\/sup>&nbsp;si\u00e8cle et aux d\u00e9buts de l&rsquo;industrialisation, ce sont avant tout des proc\u00e9d\u00e9s et des produits d&rsquo;entreprises artisanales ainsi que des machines qui faisaient l&rsquo;objet d&rsquo;un d\u00e9p\u00f4t de brevet. Mais, d\u00e8s 1873, un brevet pour de la levure purifi\u00e9e fur d\u00e9livr\u00e9 \u00e0 Louis Pasteur, le microbiologiste fran\u00e7ais et inventeur de la pasteurisation. Et, en 1931, une fleur du nom de \u00abBlack Dawn\u00bb &#8211; dont la floraison \u00e9tait particuli\u00e8rement longue &#8211; fut brevet\u00e9e aux Etats-Unis. Depuis l&rsquo;invention du g\u00e9nie g\u00e9n\u00e9tique, dans les ann\u00e9es 70, et son utilisation par des entreprises de biotechnologie, le nombre des brevets biotechnologiques a fortement augment\u00e9.<\/p>\n\n\n\n<p>Ces brevets, qui portent sur des inventions biotechnologiques, concernent du mat\u00e9riel biologique &#8211; tel que des s\u00e9quences d&rsquo;ADN, des g\u00e8nes ou des prot\u00e9ines. Les brevets biotechnologiques peuvent \u00e9galement englober des cellules v\u00e9g\u00e9tales, animales ou humaines, des tissus, des organes ou des animaux et des plantes g\u00e9n\u00e9tiquement modifi\u00e9s ainsi que des semences g\u00e9n\u00e9tiquement modifi\u00e9es.<\/p>\n","protected":false},"excerpt":{"rendered":"<p>A l&rsquo;origine, le droit des brevets avait \u00e9t\u00e9 con\u00e7u pour des inventions concernant la mati\u00e8re non vivante. Dans la Venise du XVe&nbsp;si\u00e8cle et aux d\u00e9buts de l&rsquo;industrialisation, ce sont avant tout des proc\u00e9d\u00e9s et des produits d&rsquo;entreprises artisanales ainsi que des machines qui faisaient l&rsquo;objet d&rsquo;un d\u00e9p\u00f4t de brevet. Mais, d\u00e8s 1873, un brevet pour [&hellip;]<\/p>\n","protected":false},"author":1,"featured_media":0,"parent":1026,"menu_order":5,"comment_status":"closed","ping_status":"closed","template":"page-templates\/unterthema.php","meta":{"_acf_changed":false,"inline_featured_image":false,"footnotes":""},"class_list":["post-1006","page","type-page","status-publish","hentry"],"acf":[],"yoast_head":"<!-- This site is optimized with the Yoast SEO Premium plugin v27.2 (Yoast SEO v27.2) - https:\/\/yoast.com\/product\/yoast-seo-premium-wordpress\/ -->\n<title>6. Le probl\u00e8me des brevets biotechnologiques - biotechlerncenter<\/title>\n<meta name=\"robots\" content=\"index, follow, max-snippet:-1, max-image-preview:large, max-video-preview:-1\" \/>\n<link rel=\"canonical\" href=\"https:\/\/biotechlerncenter.interpharma.ch\/themen\/patente-schuetzen-erfindungen\/6-streitpunkt-biotechpatente\/\" \/>\n<meta property=\"og:locale\" content=\"fr_FR\" \/>\n<meta property=\"og:type\" content=\"article\" \/>\n<meta property=\"og:title\" content=\"6. Le probl\u00e8me des brevets biotechnologiques\" \/>\n<meta property=\"og:description\" content=\"A l&rsquo;origine, le droit des brevets avait \u00e9t\u00e9 con\u00e7u pour des inventions concernant la mati\u00e8re non vivante. Dans la Venise du XVe&nbsp;si\u00e8cle et aux d\u00e9buts de l&rsquo;industrialisation, ce sont avant tout des proc\u00e9d\u00e9s et des produits d&rsquo;entreprises artisanales ainsi que des machines qui faisaient l&rsquo;objet d&rsquo;un d\u00e9p\u00f4t de brevet. Mais, d\u00e8s 1873, un brevet pour [&hellip;]\" \/>\n<meta property=\"og:url\" content=\"https:\/\/biotechlerncenter.interpharma.ch\/themen\/patente-schuetzen-erfindungen\/6-streitpunkt-biotechpatente\/\" \/>\n<meta property=\"og:site_name\" content=\"biotechlerncenter\" \/>\n<meta name=\"twitter:card\" content=\"summary_large_image\" \/>\n<meta name=\"twitter:label1\" content=\"Dur\u00e9e de lecture estim\u00e9e\" \/>\n\t<meta name=\"twitter:data1\" content=\"1 minute\" \/>\n<script type=\"application\/ld+json\" class=\"yoast-schema-graph\">{\"@context\":\"https:\/\/schema.org\",\"@graph\":[{\"@type\":\"WebPage\",\"@id\":\"https:\/\/biotechlerncenter.interpharma.ch\/themen\/patente-schuetzen-erfindungen\/6-streitpunkt-biotechpatente\/\",\"url\":\"https:\/\/biotechlerncenter.interpharma.ch\/themen\/patente-schuetzen-erfindungen\/6-streitpunkt-biotechpatente\/\",\"name\":\"6. Le probl\u00e8me des brevets biotechnologiques - biotechlerncenter\",\"isPartOf\":{\"@id\":\"https:\/\/biotechlerncenter.interpharma.ch\/#website\"},\"datePublished\":\"2026-03-12T16:26:43+00:00\",\"breadcrumb\":{\"@id\":\"https:\/\/biotechlerncenter.interpharma.ch\/themen\/patente-schuetzen-erfindungen\/6-streitpunkt-biotechpatente\/#breadcrumb\"},\"inLanguage\":\"fr-FR\",\"potentialAction\":[{\"@type\":\"ReadAction\",\"target\":[\"https:\/\/biotechlerncenter.interpharma.ch\/themen\/patente-schuetzen-erfindungen\/6-streitpunkt-biotechpatente\/\"]}]},{\"@type\":\"BreadcrumbList\",\"@id\":\"https:\/\/biotechlerncenter.interpharma.ch\/themen\/patente-schuetzen-erfindungen\/6-streitpunkt-biotechpatente\/#breadcrumb\",\"itemListElement\":[{\"@type\":\"ListItem\",\"position\":1,\"name\":\"Start\",\"item\":\"https:\/\/biotechlerncenter.interpharma.ch\/fr\/\"},{\"@type\":\"ListItem\",\"position\":2,\"name\":\"Sujets\",\"item\":\"https:\/\/biotechlerncenter.interpharma.ch\/fr\/sujets\/\"},{\"@type\":\"ListItem\",\"position\":3,\"name\":\"Brevets\",\"item\":\"https:\/\/biotechlerncenter.interpharma.ch\/fr\/sujets\/brevets\/\"},{\"@type\":\"ListItem\",\"position\":4,\"name\":\"6. Le probl\u00e8me des brevets biotechnologiques\"}]},{\"@type\":\"WebSite\",\"@id\":\"https:\/\/biotechlerncenter.interpharma.ch\/#website\",\"url\":\"https:\/\/biotechlerncenter.interpharma.ch\/\",\"name\":\"biotechlerncenter\",\"description\":\"\",\"potentialAction\":[{\"@type\":\"SearchAction\",\"target\":{\"@type\":\"EntryPoint\",\"urlTemplate\":\"https:\/\/biotechlerncenter.interpharma.ch\/?s={search_term_string}\"},\"query-input\":{\"@type\":\"PropertyValueSpecification\",\"valueRequired\":true,\"valueName\":\"search_term_string\"}}],\"inLanguage\":\"fr-FR\"}]}<\/script>\n<!-- \/ Yoast SEO Premium plugin. -->","yoast_head_json":{"title":"6. Le probl\u00e8me des brevets biotechnologiques - biotechlerncenter","robots":{"index":"index","follow":"follow","max-snippet":"max-snippet:-1","max-image-preview":"max-image-preview:large","max-video-preview":"max-video-preview:-1"},"canonical":"https:\/\/biotechlerncenter.interpharma.ch\/themen\/patente-schuetzen-erfindungen\/6-streitpunkt-biotechpatente\/","og_locale":"fr_FR","og_type":"article","og_title":"6. Le probl\u00e8me des brevets biotechnologiques","og_description":"A l&rsquo;origine, le droit des brevets avait \u00e9t\u00e9 con\u00e7u pour des inventions concernant la mati\u00e8re non vivante. Dans la Venise du XVe&nbsp;si\u00e8cle et aux d\u00e9buts de l&rsquo;industrialisation, ce sont avant tout des proc\u00e9d\u00e9s et des produits d&rsquo;entreprises artisanales ainsi que des machines qui faisaient l&rsquo;objet d&rsquo;un d\u00e9p\u00f4t de brevet. Mais, d\u00e8s 1873, un brevet pour [&hellip;]","og_url":"https:\/\/biotechlerncenter.interpharma.ch\/themen\/patente-schuetzen-erfindungen\/6-streitpunkt-biotechpatente\/","og_site_name":"biotechlerncenter","twitter_card":"summary_large_image","twitter_misc":{"Dur\u00e9e de lecture estim\u00e9e":"1 minute"},"schema":{"@context":"https:\/\/schema.org","@graph":[{"@type":"WebPage","@id":"https:\/\/biotechlerncenter.interpharma.ch\/themen\/patente-schuetzen-erfindungen\/6-streitpunkt-biotechpatente\/","url":"https:\/\/biotechlerncenter.interpharma.ch\/themen\/patente-schuetzen-erfindungen\/6-streitpunkt-biotechpatente\/","name":"6. Le probl\u00e8me des brevets biotechnologiques - biotechlerncenter","isPartOf":{"@id":"https:\/\/biotechlerncenter.interpharma.ch\/#website"},"datePublished":"2026-03-12T16:26:43+00:00","breadcrumb":{"@id":"https:\/\/biotechlerncenter.interpharma.ch\/themen\/patente-schuetzen-erfindungen\/6-streitpunkt-biotechpatente\/#breadcrumb"},"inLanguage":"fr-FR","potentialAction":[{"@type":"ReadAction","target":["https:\/\/biotechlerncenter.interpharma.ch\/themen\/patente-schuetzen-erfindungen\/6-streitpunkt-biotechpatente\/"]}]},{"@type":"BreadcrumbList","@id":"https:\/\/biotechlerncenter.interpharma.ch\/themen\/patente-schuetzen-erfindungen\/6-streitpunkt-biotechpatente\/#breadcrumb","itemListElement":[{"@type":"ListItem","position":1,"name":"Start","item":"https:\/\/biotechlerncenter.interpharma.ch\/fr\/"},{"@type":"ListItem","position":2,"name":"Sujets","item":"https:\/\/biotechlerncenter.interpharma.ch\/fr\/sujets\/"},{"@type":"ListItem","position":3,"name":"Brevets","item":"https:\/\/biotechlerncenter.interpharma.ch\/fr\/sujets\/brevets\/"},{"@type":"ListItem","position":4,"name":"6. Le probl\u00e8me des brevets biotechnologiques"}]},{"@type":"WebSite","@id":"https:\/\/biotechlerncenter.interpharma.ch\/#website","url":"https:\/\/biotechlerncenter.interpharma.ch\/","name":"biotechlerncenter","description":"","potentialAction":[{"@type":"SearchAction","target":{"@type":"EntryPoint","urlTemplate":"https:\/\/biotechlerncenter.interpharma.ch\/?s={search_term_string}"},"query-input":{"@type":"PropertyValueSpecification","valueRequired":true,"valueName":"search_term_string"}}],"inLanguage":"fr-FR"}]}},"_links":{"self":[{"href":"https:\/\/biotechlerncenter.interpharma.ch\/fr\/wp-json\/wp\/v2\/pages\/1006","targetHints":{"allow":["GET"]}}],"collection":[{"href":"https:\/\/biotechlerncenter.interpharma.ch\/fr\/wp-json\/wp\/v2\/pages"}],"about":[{"href":"https:\/\/biotechlerncenter.interpharma.ch\/fr\/wp-json\/wp\/v2\/types\/page"}],"author":[{"embeddable":true,"href":"https:\/\/biotechlerncenter.interpharma.ch\/fr\/wp-json\/wp\/v2\/users\/1"}],"replies":[{"embeddable":true,"href":"https:\/\/biotechlerncenter.interpharma.ch\/fr\/wp-json\/wp\/v2\/comments?post=1006"}],"version-history":[{"count":1,"href":"https:\/\/biotechlerncenter.interpharma.ch\/fr\/wp-json\/wp\/v2\/pages\/1006\/revisions"}],"predecessor-version":[{"id":1007,"href":"https:\/\/biotechlerncenter.interpharma.ch\/fr\/wp-json\/wp\/v2\/pages\/1006\/revisions\/1007"}],"up":[{"embeddable":true,"href":"https:\/\/biotechlerncenter.interpharma.ch\/fr\/wp-json\/wp\/v2\/pages\/1026"}],"wp:attachment":[{"href":"https:\/\/biotechlerncenter.interpharma.ch\/fr\/wp-json\/wp\/v2\/media?parent=1006"}],"curies":[{"name":"wp","href":"https:\/\/api.w.org\/{rel}","templated":true}]}}